{"id":4388,"date":"2024-01-02T08:46:45","date_gmt":"2024-01-02T08:46:45","guid":{"rendered":"https:\/\/unkrautmarkt.com\/narco1\/?post_type=product&#038;p=4388"},"modified":"2025-06-10T06:27:38","modified_gmt":"2025-06-10T06:27:38","slug":"beignet-aux-pommes","status":"publish","type":"product","link":"https:\/\/poudresdenarco.com\/sv\/produkt\/appelkaka\/","title":{"rendered":"\u00c4ppelkaka"},"content":{"rendered":"<h2><strong><span style=\"vertical-align: inherit;\"><span style=\"vertical-align: inherit;\">Buy Apple Fritters Online<\/span><\/span><\/strong><\/h2>\n<p><span style=\"vertical-align: inherit;\"><span style=\"vertical-align: inherit;\">Delicious fried doughnuts stuffed with apples and cinnamon and topped with a simple glaze made with only three ingredients are called apple fritters. In less than thirty minutes, you could have these delicious apple fritters in your hands. Be sure to keep a few for yourself, because if you blink, they might disappear. My sweet daughter&rsquo;s favorite treat is these. She is obsessed with them!<\/span><\/span><\/p>\n<p><span style=\"vertical-align: inherit;\"><span style=\"vertical-align: inherit;\">We just can&rsquo;t get enough of apple recipes. But really, who doesn&rsquo;t? After all, they&rsquo;re constantly producing an increasing number of mouthwatering apples. Some of our favorites are apple cookies, apple cake, apple strudel, and this recipe.<\/span><\/span><\/p>\n<p><span style=\"vertical-align: inherit;\"><span style=\"vertical-align: inherit;\">These would be delicious with a steaming cup of coffee, wouldn&rsquo;t they? These delicious apple fritters are really simple to make. It will only take you thirty minutes to get them all. Your friends and family will love them. Although they can be stored for up to two days in a brown paper bag lightly covered with paper towels, they are best eaten soon after baking.<\/span><\/span><\/p>\n<h3><strong><span style=\"vertical-align: inherit;\"><span style=\"vertical-align: inherit;\">WHY THIS RECIPE IS SUITABLE!<\/span><\/span><\/strong><\/h3>\n<p><span style=\"vertical-align: inherit;\"><span style=\"vertical-align: inherit;\">Warm, sweet apple fritters that beat the ones at your local bakery.<\/span><\/span><\/p>\n<p><span style=\"vertical-align: inherit;\"><span style=\"vertical-align: inherit;\">All-natural ingredients only, no artificial colors or preservatives.<\/span><\/span><\/p>\n<p><span style=\"vertical-align: inherit;\"><span style=\"vertical-align: inherit;\">Fry and mix quickly and easily.<\/span><\/span><\/p>\n<p><span style=\"vertical-align: inherit;\"><span style=\"vertical-align: inherit;\">You can cook the donuts in a heavy pot, a Dutch oven or a deep fryer.<\/span><\/span><\/p>","protected":false},"excerpt":{"rendered":"<p>Buy Apple Fritters Online Delicious fried doughnuts stuffed with apples and cinnamon and topped with a simple glaze made with only three ingredients are called apple fritters. In less than thirty minutes, you could have these delicious apple fritters in your hands. Be sure to keep a few for yourself, because if you blink, they&hellip;<\/p>","protected":false},"featured_media":4504,"comment_status":"open","ping_status":"closed","template":"","meta":{"_joinchat":[]},"product_cat":[473],"product_tag":[],"class_list":{"0":"post-4388","1":"product","2":"type-product","3":"status-publish","4":"has-post-thumbnail","6":"product_cat-herbe","8":"first","9":"instock","10":"shipping-taxable","11":"purchasable","12":"product-type-variable","13":"col-xs-6 col-sm-4","14":"col-md-3 col-lg-3","15":"un-4-cols"},"yoast_head":"<!-- This site is optimized with the Yoast SEO plugin v23.8 - https:\/\/yoast.com\/wordpress\/plugins\/seo\/ -->\n<title>Achetez des beignets aux pommes en ligne - Beignets aux pommes \u00e0 vendre<\/title>\n<meta name=\"description\" content=\"Sur notre boutique en ligne PoudresDenarco, nous avons des beignets de pomme \u00e0 vendre. Vous pouvez facilement acheter en ligne des beignets de pomme de qualit\u00e9 sup\u00e9rieure disponibles aux meilleurs prix. Commandez maintenant !\" \/>\n<meta name=\"robots\" content=\"index, follow, max-snippet:-1, max-image-preview:large, max-video-preview:-1\" \/>\n<link rel=\"canonical\" href=\"https:\/\/poudresdenarco.com\/sv\/produkt\/appelkaka\/\" \/>\n<meta property=\"og:locale\" content=\"sv_SE\" \/>\n<meta property=\"og:type\" content=\"article\" \/>\n<meta property=\"og:title\" content=\"Achetez des beignets aux pommes en ligne - Beignets aux pommes \u00e0 vendre\" \/>\n<meta property=\"og:description\" content=\"Sur notre boutique en ligne PoudresDenarco, nous avons des beignets de pomme \u00e0 vendre. Vous pouvez facilement acheter en ligne des beignets de pomme de qualit\u00e9 sup\u00e9rieure disponibles aux meilleurs prix. Commandez maintenant !\" \/>\n<meta property=\"og:url\" content=\"https:\/\/poudresdenarco.com\/sv\/produkt\/appelkaka\/\" \/>\n<meta property=\"og:site_name\" content=\"Poudresde Narco\" \/>\n<meta property=\"article:modified_time\" content=\"2025-06-10T06:27:38+00:00\" \/>\n<meta property=\"og:image\" content=\"https:\/\/poudresdenarco.com\/wp-content\/uploads\/2024\/01\/APPLE-FRITTER.jpg\" \/>\n\t<meta property=\"og:image:width\" content=\"600\" \/>\n\t<meta property=\"og:image:height\" content=\"600\" \/>\n\t<meta property=\"og:image:type\" content=\"image\/jpeg\" \/>\n<meta name=\"twitter:card\" content=\"summary_large_image\" \/>\n<meta name=\"twitter:label1\" content=\"Ber\u00e4knad l\u00e4stid\" \/>\n\t<meta name=\"twitter:data1\" content=\"2 minuter\" \/>\n<script type=\"application\/ld+json\" class=\"yoast-schema-graph\">{\"@context\":\"https:\/\/schema.org\",\"@graph\":[{\"@type\":\"WebPage\",\"@id\":\"https:\/\/poudresdenarco.com\/produit\/beignet-aux-pommes\/\",\"url\":\"https:\/\/poudresdenarco.com\/produit\/beignet-aux-pommes\/\",\"name\":\"Achetez des beignets aux pommes en ligne - Beignets aux pommes \u00e0 vendre\",\"isPartOf\":{\"@id\":\"https:\/\/poudresdenarco.com\/#website\"},\"primaryImageOfPage\":{\"@id\":\"https:\/\/poudresdenarco.com\/produit\/beignet-aux-pommes\/#primaryimage\"},\"image\":{\"@id\":\"https:\/\/poudresdenarco.com\/produit\/beignet-aux-pommes\/#primaryimage\"},\"thumbnailUrl\":\"https:\/\/poudresdenarco.com\/wp-content\/uploads\/2024\/01\/APPLE-FRITTER.jpg\",\"datePublished\":\"2024-01-02T08:46:45+00:00\",\"dateModified\":\"2025-06-10T06:27:38+00:00\",\"description\":\"Sur notre boutique en ligne PoudresDenarco, nous avons des beignets de pomme \u00e0 vendre. Vous pouvez facilement acheter en ligne des beignets de pomme de qualit\u00e9 sup\u00e9rieure disponibles aux meilleurs prix. Commandez maintenant !\",\"breadcrumb\":{\"@id\":\"https:\/\/poudresdenarco.com\/produit\/beignet-aux-pommes\/#breadcrumb\"},\"inLanguage\":\"sv-SE\",\"potentialAction\":[{\"@type\":\"ReadAction\",\"target\":[\"https:\/\/poudresdenarco.com\/produit\/beignet-aux-pommes\/\"]}]},{\"@type\":\"ImageObject\",\"inLanguage\":\"sv-SE\",\"@id\":\"https:\/\/poudresdenarco.com\/produit\/beignet-aux-pommes\/#primaryimage\",\"url\":\"https:\/\/poudresdenarco.com\/wp-content\/uploads\/2024\/01\/APPLE-FRITTER.jpg\",\"contentUrl\":\"https:\/\/poudresdenarco.com\/wp-content\/uploads\/2024\/01\/APPLE-FRITTER.jpg\",\"width\":600,\"height\":600,\"caption\":\"Achetez APPLE-FRITTER en ligne\"},{\"@type\":\"BreadcrumbList\",\"@id\":\"https:\/\/poudresdenarco.com\/produit\/beignet-aux-pommes\/#breadcrumb\",\"itemListElement\":[{\"@type\":\"ListItem\",\"position\":1,\"name\":\"Home\",\"item\":\"https:\/\/poudresdenarco.com\/\"},{\"@type\":\"ListItem\",\"position\":2,\"name\":\"Boutique\",\"item\":\"https:\/\/poudresdenarco.com\/boutique\/\"},{\"@type\":\"ListItem\",\"position\":3,\"name\":\"Beignet aux pommes\"}]},{\"@type\":\"WebSite\",\"@id\":\"https:\/\/poudresdenarco.com\/#website\",\"url\":\"https:\/\/poudresdenarco.com\/\",\"name\":\"Poudresde Narco\",\"description\":\"Acheter de la coca\u00efne et de l&#039;h\u00e9ro\u00efne en ligne\",\"potentialAction\":[{\"@type\":\"SearchAction\",\"target\":{\"@type\":\"EntryPoint\",\"urlTemplate\":\"https:\/\/poudresdenarco.com\/?s={search_term_string}\"},\"query-input\":{\"@type\":\"PropertyValueSpecification\",\"valueRequired\":true,\"valueName\":\"search_term_string\"}}],\"inLanguage\":\"sv-SE\"}]}<\/script>\n<!-- \/ Yoast SEO plugin. -->","yoast_head_json":{"title":"Achetez des beignets aux pommes en ligne - Beignets aux pommes \u00e0 vendre","description":"Sur notre boutique en ligne PoudresDenarco, nous avons des beignets de pomme \u00e0 vendre. Vous pouvez facilement acheter en ligne des beignets de pomme de qualit\u00e9 sup\u00e9rieure disponibles aux meilleurs prix. Commandez maintenant !","robots":{"index":"index","follow":"follow","max-snippet":"max-snippet:-1","max-image-preview":"max-image-preview:large","max-video-preview":"max-video-preview:-1"},"canonical":"https:\/\/poudresdenarco.com\/sv\/produkt\/appelkaka\/","og_locale":"sv_SE","og_type":"article","og_title":"Achetez des beignets aux pommes en ligne - Beignets aux pommes \u00e0 vendre","og_description":"Sur notre boutique en ligne PoudresDenarco, nous avons des beignets de pomme \u00e0 vendre. Vous pouvez facilement acheter en ligne des beignets de pomme de qualit\u00e9 sup\u00e9rieure disponibles aux meilleurs prix. Commandez maintenant !","og_url":"https:\/\/poudresdenarco.com\/sv\/produkt\/appelkaka\/","og_site_name":"Poudresde Narco","article_modified_time":"2025-06-10T06:27:38+00:00","og_image":[{"width":600,"height":600,"url":"https:\/\/poudresdenarco.com\/wp-content\/uploads\/2024\/01\/APPLE-FRITTER.jpg","type":"image\/jpeg"}],"twitter_card":"summary_large_image","twitter_misc":{"Ber\u00e4knad l\u00e4stid":"2 minuter"},"schema":{"@context":"https:\/\/schema.org","@graph":[{"@type":"WebPage","@id":"https:\/\/poudresdenarco.com\/produit\/beignet-aux-pommes\/","url":"https:\/\/poudresdenarco.com\/produit\/beignet-aux-pommes\/","name":"Achetez des beignets aux pommes en ligne - Beignets aux pommes \u00e0 vendre","isPartOf":{"@id":"https:\/\/poudresdenarco.com\/#website"},"primaryImageOfPage":{"@id":"https:\/\/poudresdenarco.com\/produit\/beignet-aux-pommes\/#primaryimage"},"image":{"@id":"https:\/\/poudresdenarco.com\/produit\/beignet-aux-pommes\/#primaryimage"},"thumbnailUrl":"https:\/\/poudresdenarco.com\/wp-content\/uploads\/2024\/01\/APPLE-FRITTER.jpg","datePublished":"2024-01-02T08:46:45+00:00","dateModified":"2025-06-10T06:27:38+00:00","description":"Sur notre boutique en ligne PoudresDenarco, nous avons des beignets de pomme \u00e0 vendre. Vous pouvez facilement acheter en ligne des beignets de pomme de qualit\u00e9 sup\u00e9rieure disponibles aux meilleurs prix. Commandez maintenant !","breadcrumb":{"@id":"https:\/\/poudresdenarco.com\/produit\/beignet-aux-pommes\/#breadcrumb"},"inLanguage":"sv-SE","potentialAction":[{"@type":"ReadAction","target":["https:\/\/poudresdenarco.com\/produit\/beignet-aux-pommes\/"]}]},{"@type":"ImageObject","inLanguage":"sv-SE","@id":"https:\/\/poudresdenarco.com\/produit\/beignet-aux-pommes\/#primaryimage","url":"https:\/\/poudresdenarco.com\/wp-content\/uploads\/2024\/01\/APPLE-FRITTER.jpg","contentUrl":"https:\/\/poudresdenarco.com\/wp-content\/uploads\/2024\/01\/APPLE-FRITTER.jpg","width":600,"height":600,"caption":"Achetez APPLE-FRITTER en ligne"},{"@type":"BreadcrumbList","@id":"https:\/\/poudresdenarco.com\/produit\/beignet-aux-pommes\/#breadcrumb","itemListElement":[{"@type":"ListItem","position":1,"name":"Home","item":"https:\/\/poudresdenarco.com\/"},{"@type":"ListItem","position":2,"name":"Boutique","item":"https:\/\/poudresdenarco.com\/boutique\/"},{"@type":"ListItem","position":3,"name":"Beignet aux pommes"}]},{"@type":"WebSite","@id":"https:\/\/poudresdenarco.com\/#website","url":"https:\/\/poudresdenarco.com\/","name":"Poudresde Narco","description":"Acheter de la coca\u00efne et de l&#039;h\u00e9ro\u00efne en ligne","potentialAction":[{"@type":"SearchAction","target":{"@type":"EntryPoint","urlTemplate":"https:\/\/poudresdenarco.com\/?s={search_term_string}"},"query-input":{"@type":"PropertyValueSpecification","valueRequired":true,"valueName":"search_term_string"}}],"inLanguage":"sv-SE"}]}},"_links":{"self":[{"href":"https:\/\/poudresdenarco.com\/sv\/wp-json\/wp\/v2\/product\/4388","targetHints":{"allow":["GET"]}}],"collection":[{"href":"https:\/\/poudresdenarco.com\/sv\/wp-json\/wp\/v2\/product"}],"about":[{"href":"https:\/\/poudresdenarco.com\/sv\/wp-json\/wp\/v2\/types\/product"}],"replies":[{"embeddable":true,"href":"https:\/\/poudresdenarco.com\/sv\/wp-json\/wp\/v2\/comments?post=4388"}],"wp:featuredmedia":[{"embeddable":true,"href":"https:\/\/poudresdenarco.com\/sv\/wp-json\/wp\/v2\/media\/4504"}],"wp:attachment":[{"href":"https:\/\/poudresdenarco.com\/sv\/wp-json\/wp\/v2\/media?parent=4388"}],"wp:term":[{"taxonomy":"product_cat","embeddable":true,"href":"https:\/\/poudresdenarco.com\/sv\/wp-json\/wp\/v2\/product_cat?post=4388"},{"taxonomy":"product_tag","embeddable":true,"href":"https:\/\/poudresdenarco.com\/sv\/wp-json\/wp\/v2\/product_tag?post=4388"}],"curies":[{"name":"wp","href":"https:\/\/api.w.org\/{rel}","templated":true}]}}