{"id":4390,"date":"2024-01-02T08:53:53","date_gmt":"2024-01-02T08:53:53","guid":{"rendered":"https:\/\/unkrautmarkt.com\/narco1\/?post_type=product&#038;p=4390"},"modified":"2025-06-10T05:34:43","modified_gmt":"2025-06-10T05:34:43","slug":"biscuits-et-creme","status":"publish","type":"product","link":"https:\/\/poudresdenarco.com\/sv\/produkt\/kex-och-gradde\/","title":{"rendered":"kex och gr\u00e4dde"},"content":{"rendered":"<h2><strong>K\u00d6P KEX OCH GR\u00c4DDE ONLINE - MJUKA, L\u00c4CKRA OCH KRAFTFULLA<\/strong><\/h2>\n<p>Cookies and Cream \u00e4r en m\u00e5ngsidig cannabishybrid med en gourmetblandning av smaker och dofter samt v\u00e4lbalanserade effekter som kommer att tilltala fans av s\u00f6ta, \u00f6verfl\u00f6diga stammar. Denna sida kommer att diskutera genetik, smak och tillv\u00e4xtegenskaper hos Cookies &amp; Cream, f\u00f6rutom dess effekter, f\u00f6rdelar, doseringsf\u00f6rslag och rapporterade biverkningar.<\/p>\n<h3><strong>BAS AV GENETISK GR\u00c4DDE OCH KAKOR<\/strong><\/h3>\n<p>Exotic Genetix, en k\u00e4nd cannabisuppf\u00f6dare i Washington State, krediteras f\u00f6r att skapa hybridstammen Cookies and Cream. Girl Scout Cookies och Starfighter korsades f\u00f6r att skapa en stark, v\u00e4lsmakande stam som har f\u00e5ngat hj\u00e4rtan hos m\u00e5nga cannabisfans.<\/p>\n<p>Girl Scout-kakor \u00e4r mest k\u00e4nda f\u00f6r sin jordiga men \u00e4nd\u00e5 s\u00f6ta bageriliknande smak. De har vunnit m\u00e5nga utm\u00e4rkelser, inklusive High Times Cannabis Cup. Den rena indica-sorten Starfighter har under tiden en fruktig smak och en avkopplande fysisk p\u00e5verkan.<\/p>\n<p>Med en rik arom och v\u00e4lbalanserade effekter \u00e4r Cookies &amp; Cream en popul\u00e4r stam bland ett brett spektrum av cannabisentusiaster. Det har \u00e4rvt de b\u00e4sta egenskaperna hos b\u00e5da f\u00f6r\u00e4ldrastammarna.<\/p>\n<h3><strong>DOFT, SMAK OCH EFFEKT AV GR\u00c4DDE OCH KEX<\/strong><\/h3>\n<p>Cookies and Cream, som namnet antyder, har en s\u00f6t, kr\u00e4mig smak med jordiga nyanser och inslag av hasseln\u00f6t som blandar sig v\u00e4l med vanilj. Detta beror p\u00e5 en terpenprofil som huvudsakligen best\u00e5r av myrcen, caryophyllene och limonen. Sorten luktar citron p\u00e5 grund av limonen, har en kryddig, pepprig ton fr\u00e5n caryophyllene och \u00e4r fr\u00e4mst lugnande tack vare myrcene.<\/p>\n<p>Cookies and Cream \u00e4r en ganska potent stam med en THC-koncentration som str\u00e4cker sig fr\u00e5n 20 % till 25 %. Effekten har flera f\u00f6rdelar, inklusive lugnande och upplyftande effekter. Ett v\u00e4xande intellektuellt inflytande som h\u00f6jer hum\u00f6ret och fr\u00e4mjar kreativitet dominerar de f\u00f6rsta puffarna, men n\u00e4r du forts\u00e4tter att anv\u00e4nda det tar en fysiskt lugnande k\u00e4nsla \u00f6ver. Denna stam fungerar bra i sm\u00e5 doser som en pick-me-up p\u00e5 dagtid, men i h\u00f6gre doser ger den en gl\u00e4djande h\u00f6g som g\u00f6r den till den perfekta nattluckan.<\/p>\n<h3><strong>F\u00d6RDELAR MED ATT \u00c4TA GR\u00c4DDE OCH KEX<\/strong><\/h3>\n<p>Man tror att kakor och gr\u00e4dde kan erbjuda ett antal specifika f\u00f6rdelar, s\u00e5som att minska sm\u00e4rta och stress, stimulera hunger och f\u00f6rb\u00e4ttra s\u00f6mnen. De sm\u00e4rtstillande egenskaperna hos sorten kan hj\u00e4lpa till att hantera kronisk sm\u00e4rta, medan dess lugnande effekter kan minska sp\u00e4nningar och \u00e5ngest. Cookies &amp; Cream har ocks\u00e5 f\u00f6rm\u00e5gan att \u00f6ka aptiten, s\u00e5 det \u00e4r ett bra alternativ f\u00f6r dem som har tappat aptiten p\u00e5 grund av sjukdom.<\/p>\n<h3><strong>BIVERKNINGAR OCH DOSERINGSANVISNINGAR F\u00d6R KEX OCH GR\u00c4DDE.<\/strong><\/h3>\n<p>Eftersom kakor och gr\u00e4dde \u00e4r en stark stam, b\u00f6r man vara f\u00f6rsiktig n\u00e4r man hanterar den. Nyb\u00f6rjare b\u00f6r b\u00f6rja med 1 till 2 puffar och v\u00e4nta p\u00e5 att effekterna blir m\u00e4rkbara innan de tar mer. Om du \u00f6verdriver det kan du uppleva biverkningar som muntorrhet och yrsel.<\/p>\n<h3><strong>CANNABISGR\u00c4DDE OCH KULTURKEX<\/strong><\/h3>\n<p>Cookies &amp; Cream \u00e4r en ganska enkel sort att odla och kan odlas b\u00e5de inomhus och utomhus. Det \u00e4r dock viktigt att f\u00f6rse den med tillr\u00e4ckligt med ljus, vatten och n\u00e4rings\u00e4mnen.<\/p>\n<h3><strong>TEMPERATUR OCH VETENSKAP<\/strong><\/h3>\n<p>Ett varmt och torrt klimat \u00e4r idealiskt f\u00f6r att Cookies &amp; Cream ska trivas. Vi rekommenderar en inomhustemperatur p\u00e5 20 till 27\u00b0C under dagen och 16 till 21\u00b0C p\u00e5 natten. En relativ luftfuktighet p\u00e5 40 till 50 % \u00e4r det perfekta intervallet att bibeh\u00e5lla. N\u00e4r du odlar utomhus \u00e4r en torr, solig plats idealisk f\u00f6r Cookies &amp; Cream.<\/p>\n<h3><strong>GR\u00c4DDE OCH KEX: DIN DR\u00d6M BLIR SANN<\/strong> <strong>MAGI<\/strong> <strong>BLIR VERKLIGHET<\/strong><\/h3>\n<p>En underbar variation, Cookies and Cream \u00e4r s\u00e4ker p\u00e5 att behaga b\u00e5de fans av s\u00f6ta droger och de som letar efter en lugnande men \u00e4nd\u00e5 upplyftande effekt. Denna stam tas b\u00e4st en dos \u00e5t g\u00e5ngen, oavsett om det \u00e4r f\u00f6r rekreations\u00e4ndam\u00e5l eller f\u00f6r att behandla specifika problem.<\/p>\n<p>Med tillr\u00e4ckligt med ljus, n\u00e4rings\u00e4mnen och vatten \u00e4r Cookies &amp; Cream ett robust, snabbt v\u00e4xande hybridprov som kommer att tilltala b\u00e5de inomhus- och utomhusodlare.<\/p>","protected":false},"excerpt":{"rendered":"<p>ACHETER DES BISCUITS ET DE LA CR\u00c8ME EN LIGNE &#8211; DOUX, D\u00c9LICIEUX ET PUISSANTS Cookies and Cream est un hybride de cannabis polyvalent avec un m\u00e9lange gourmand de saveurs et de parfums ainsi que des effets bien \u00e9quilibr\u00e9s qui s\u00e9duiront les amateurs de vari\u00e9t\u00e9s douces et indulgentes. Cette page discutera de la g\u00e9n\u00e9tique, de la&hellip;<\/p>","protected":false},"featured_media":4507,"comment_status":"open","ping_status":"closed","template":"","meta":{"_joinchat":[]},"product_cat":[473],"product_tag":[],"class_list":{"0":"post-4390","1":"product","2":"type-product","3":"status-publish","4":"has-post-thumbnail","6":"product_cat-herbe","8":"first","9":"instock","10":"shipping-taxable","11":"purchasable","12":"product-type-variable","13":"col-xs-6 col-sm-4","14":"col-md-3 col-lg-3","15":"un-4-cols"},"yoast_head":"<!-- This site is optimized with the Yoast SEO plugin v23.8 - https:\/\/yoast.com\/wordpress\/plugins\/seo\/ -->\n<title>Achetez des biscuits et de la cr\u00e8me en ligne - Biscuits et cr\u00e8me \u00e0 vendre<\/title>\n<meta name=\"description\" content=\"Si vous \u00eates passionn\u00e9 par les biscuits et la cr\u00e8me, notre magasin est le meilleur endroit pour acheter des biscuits et de la cr\u00e8me en ligne. Vous pouvez avoir des biscuits et de la cr\u00e8me en vente au prix le plus bas. Commandez maintenant et recevez-le sous peu !\" \/>\n<meta name=\"robots\" content=\"index, follow, max-snippet:-1, max-image-preview:large, max-video-preview:-1\" \/>\n<link rel=\"canonical\" href=\"https:\/\/poudresdenarco.com\/sv\/produkt\/kex-och-gradde\/\" \/>\n<meta property=\"og:locale\" content=\"sv_SE\" \/>\n<meta property=\"og:type\" content=\"article\" \/>\n<meta property=\"og:title\" content=\"Achetez des biscuits et de la cr\u00e8me en ligne - Biscuits et cr\u00e8me \u00e0 vendre\" \/>\n<meta property=\"og:description\" content=\"Si vous \u00eates passionn\u00e9 par les biscuits et la cr\u00e8me, notre magasin est le meilleur endroit pour acheter des biscuits et de la cr\u00e8me en ligne. Vous pouvez avoir des biscuits et de la cr\u00e8me en vente au prix le plus bas. Commandez maintenant et recevez-le sous peu !\" \/>\n<meta property=\"og:url\" content=\"https:\/\/poudresdenarco.com\/sv\/produkt\/kex-och-gradde\/\" \/>\n<meta property=\"og:site_name\" content=\"Poudresde Narco\" \/>\n<meta property=\"article:modified_time\" content=\"2025-06-10T05:34:43+00:00\" \/>\n<meta property=\"og:image\" content=\"https:\/\/poudresdenarco.com\/wp-content\/uploads\/2024\/01\/COOKIES-CREAM.jpg\" \/>\n\t<meta property=\"og:image:width\" content=\"600\" \/>\n\t<meta property=\"og:image:height\" content=\"600\" \/>\n\t<meta property=\"og:image:type\" content=\"image\/jpeg\" \/>\n<meta name=\"twitter:card\" content=\"summary_large_image\" \/>\n<meta name=\"twitter:label1\" content=\"Ber\u00e4knad l\u00e4stid\" \/>\n\t<meta name=\"twitter:data1\" content=\"4 minuter\" \/>\n<script type=\"application\/ld+json\" class=\"yoast-schema-graph\">{\"@context\":\"https:\/\/schema.org\",\"@graph\":[{\"@type\":\"WebPage\",\"@id\":\"https:\/\/poudresdenarco.com\/produit\/biscuits-et-creme\/\",\"url\":\"https:\/\/poudresdenarco.com\/produit\/biscuits-et-creme\/\",\"name\":\"Achetez des biscuits et de la cr\u00e8me en ligne - Biscuits et cr\u00e8me \u00e0 vendre\",\"isPartOf\":{\"@id\":\"https:\/\/poudresdenarco.com\/#website\"},\"primaryImageOfPage\":{\"@id\":\"https:\/\/poudresdenarco.com\/produit\/biscuits-et-creme\/#primaryimage\"},\"image\":{\"@id\":\"https:\/\/poudresdenarco.com\/produit\/biscuits-et-creme\/#primaryimage\"},\"thumbnailUrl\":\"https:\/\/poudresdenarco.com\/wp-content\/uploads\/2024\/01\/COOKIES-CREAM.jpg\",\"datePublished\":\"2024-01-02T08:53:53+00:00\",\"dateModified\":\"2025-06-10T05:34:43+00:00\",\"description\":\"Si vous \u00eates passionn\u00e9 par les biscuits et la cr\u00e8me, notre magasin est le meilleur endroit pour acheter des biscuits et de la cr\u00e8me en ligne. Vous pouvez avoir des biscuits et de la cr\u00e8me en vente au prix le plus bas. Commandez maintenant et recevez-le sous peu !\",\"breadcrumb\":{\"@id\":\"https:\/\/poudresdenarco.com\/produit\/biscuits-et-creme\/#breadcrumb\"},\"inLanguage\":\"sv-SE\",\"potentialAction\":[{\"@type\":\"ReadAction\",\"target\":[\"https:\/\/poudresdenarco.com\/produit\/biscuits-et-creme\/\"]}]},{\"@type\":\"ImageObject\",\"inLanguage\":\"sv-SE\",\"@id\":\"https:\/\/poudresdenarco.com\/produit\/biscuits-et-creme\/#primaryimage\",\"url\":\"https:\/\/poudresdenarco.com\/wp-content\/uploads\/2024\/01\/COOKIES-CREAM.jpg\",\"contentUrl\":\"https:\/\/poudresdenarco.com\/wp-content\/uploads\/2024\/01\/COOKIES-CREAM.jpg\",\"width\":600,\"height\":600,\"caption\":\"Achetez des COOKIES-CREAM en ligne\"},{\"@type\":\"BreadcrumbList\",\"@id\":\"https:\/\/poudresdenarco.com\/produit\/biscuits-et-creme\/#breadcrumb\",\"itemListElement\":[{\"@type\":\"ListItem\",\"position\":1,\"name\":\"Home\",\"item\":\"https:\/\/poudresdenarco.com\/\"},{\"@type\":\"ListItem\",\"position\":2,\"name\":\"Boutique\",\"item\":\"https:\/\/poudresdenarco.com\/boutique\/\"},{\"@type\":\"ListItem\",\"position\":3,\"name\":\"biscuits et cr\u00e8me\"}]},{\"@type\":\"WebSite\",\"@id\":\"https:\/\/poudresdenarco.com\/#website\",\"url\":\"https:\/\/poudresdenarco.com\/\",\"name\":\"Poudresde Narco\",\"description\":\"Acheter de la coca\u00efne et de l&#039;h\u00e9ro\u00efne en ligne\",\"potentialAction\":[{\"@type\":\"SearchAction\",\"target\":{\"@type\":\"EntryPoint\",\"urlTemplate\":\"https:\/\/poudresdenarco.com\/?s={search_term_string}\"},\"query-input\":{\"@type\":\"PropertyValueSpecification\",\"valueRequired\":true,\"valueName\":\"search_term_string\"}}],\"inLanguage\":\"sv-SE\"}]}<\/script>\n<!-- \/ Yoast SEO plugin. -->","yoast_head_json":{"title":"Achetez des biscuits et de la cr\u00e8me en ligne - Biscuits et cr\u00e8me \u00e0 vendre","description":"Si vous \u00eates passionn\u00e9 par les biscuits et la cr\u00e8me, notre magasin est le meilleur endroit pour acheter des biscuits et de la cr\u00e8me en ligne. Vous pouvez avoir des biscuits et de la cr\u00e8me en vente au prix le plus bas. Commandez maintenant et recevez-le sous peu !","robots":{"index":"index","follow":"follow","max-snippet":"max-snippet:-1","max-image-preview":"max-image-preview:large","max-video-preview":"max-video-preview:-1"},"canonical":"https:\/\/poudresdenarco.com\/sv\/produkt\/kex-och-gradde\/","og_locale":"sv_SE","og_type":"article","og_title":"Achetez des biscuits et de la cr\u00e8me en ligne - Biscuits et cr\u00e8me \u00e0 vendre","og_description":"Si vous \u00eates passionn\u00e9 par les biscuits et la cr\u00e8me, notre magasin est le meilleur endroit pour acheter des biscuits et de la cr\u00e8me en ligne. Vous pouvez avoir des biscuits et de la cr\u00e8me en vente au prix le plus bas. Commandez maintenant et recevez-le sous peu !","og_url":"https:\/\/poudresdenarco.com\/sv\/produkt\/kex-och-gradde\/","og_site_name":"Poudresde Narco","article_modified_time":"2025-06-10T05:34:43+00:00","og_image":[{"width":600,"height":600,"url":"https:\/\/poudresdenarco.com\/wp-content\/uploads\/2024\/01\/COOKIES-CREAM.jpg","type":"image\/jpeg"}],"twitter_card":"summary_large_image","twitter_misc":{"Ber\u00e4knad l\u00e4stid":"4 minuter"},"schema":{"@context":"https:\/\/schema.org","@graph":[{"@type":"WebPage","@id":"https:\/\/poudresdenarco.com\/produit\/biscuits-et-creme\/","url":"https:\/\/poudresdenarco.com\/produit\/biscuits-et-creme\/","name":"Achetez des biscuits et de la cr\u00e8me en ligne - Biscuits et cr\u00e8me \u00e0 vendre","isPartOf":{"@id":"https:\/\/poudresdenarco.com\/#website"},"primaryImageOfPage":{"@id":"https:\/\/poudresdenarco.com\/produit\/biscuits-et-creme\/#primaryimage"},"image":{"@id":"https:\/\/poudresdenarco.com\/produit\/biscuits-et-creme\/#primaryimage"},"thumbnailUrl":"https:\/\/poudresdenarco.com\/wp-content\/uploads\/2024\/01\/COOKIES-CREAM.jpg","datePublished":"2024-01-02T08:53:53+00:00","dateModified":"2025-06-10T05:34:43+00:00","description":"Si vous \u00eates passionn\u00e9 par les biscuits et la cr\u00e8me, notre magasin est le meilleur endroit pour acheter des biscuits et de la cr\u00e8me en ligne. Vous pouvez avoir des biscuits et de la cr\u00e8me en vente au prix le plus bas. Commandez maintenant et recevez-le sous peu !","breadcrumb":{"@id":"https:\/\/poudresdenarco.com\/produit\/biscuits-et-creme\/#breadcrumb"},"inLanguage":"sv-SE","potentialAction":[{"@type":"ReadAction","target":["https:\/\/poudresdenarco.com\/produit\/biscuits-et-creme\/"]}]},{"@type":"ImageObject","inLanguage":"sv-SE","@id":"https:\/\/poudresdenarco.com\/produit\/biscuits-et-creme\/#primaryimage","url":"https:\/\/poudresdenarco.com\/wp-content\/uploads\/2024\/01\/COOKIES-CREAM.jpg","contentUrl":"https:\/\/poudresdenarco.com\/wp-content\/uploads\/2024\/01\/COOKIES-CREAM.jpg","width":600,"height":600,"caption":"Achetez des COOKIES-CREAM en ligne"},{"@type":"BreadcrumbList","@id":"https:\/\/poudresdenarco.com\/produit\/biscuits-et-creme\/#breadcrumb","itemListElement":[{"@type":"ListItem","position":1,"name":"Home","item":"https:\/\/poudresdenarco.com\/"},{"@type":"ListItem","position":2,"name":"Boutique","item":"https:\/\/poudresdenarco.com\/boutique\/"},{"@type":"ListItem","position":3,"name":"biscuits et cr\u00e8me"}]},{"@type":"WebSite","@id":"https:\/\/poudresdenarco.com\/#website","url":"https:\/\/poudresdenarco.com\/","name":"Poudresde Narco","description":"Acheter de la coca\u00efne et de l&#039;h\u00e9ro\u00efne en ligne","potentialAction":[{"@type":"SearchAction","target":{"@type":"EntryPoint","urlTemplate":"https:\/\/poudresdenarco.com\/?s={search_term_string}"},"query-input":{"@type":"PropertyValueSpecification","valueRequired":true,"valueName":"search_term_string"}}],"inLanguage":"sv-SE"}]}},"_links":{"self":[{"href":"https:\/\/poudresdenarco.com\/sv\/wp-json\/wp\/v2\/product\/4390","targetHints":{"allow":["GET"]}}],"collection":[{"href":"https:\/\/poudresdenarco.com\/sv\/wp-json\/wp\/v2\/product"}],"about":[{"href":"https:\/\/poudresdenarco.com\/sv\/wp-json\/wp\/v2\/types\/product"}],"replies":[{"embeddable":true,"href":"https:\/\/poudresdenarco.com\/sv\/wp-json\/wp\/v2\/comments?post=4390"}],"wp:featuredmedia":[{"embeddable":true,"href":"https:\/\/poudresdenarco.com\/sv\/wp-json\/wp\/v2\/media\/4507"}],"wp:attachment":[{"href":"https:\/\/poudresdenarco.com\/sv\/wp-json\/wp\/v2\/media?parent=4390"}],"wp:term":[{"taxonomy":"product_cat","embeddable":true,"href":"https:\/\/poudresdenarco.com\/sv\/wp-json\/wp\/v2\/product_cat?post=4390"},{"taxonomy":"product_tag","embeddable":true,"href":"https:\/\/poudresdenarco.com\/sv\/wp-json\/wp\/v2\/product_tag?post=4390"}],"curies":[{"name":"wp","href":"https:\/\/api.w.org\/{rel}","templated":true}]}}