{"id":4392,"date":"2024-01-02T09:01:23","date_gmt":"2024-01-02T09:01:23","guid":{"rendered":"https:\/\/unkrautmarkt.com\/narco1\/?post_type=product&#038;p=4392"},"modified":"2025-06-09T02:28:16","modified_gmt":"2025-06-09T02:28:16","slug":"grand-papa-violet","status":"publish","type":"product","link":"https:\/\/poudresdenarco.com\/sv\/produkt\/stor-lila-pappa\/","title":{"rendered":"Farfar Violet"},"content":{"rendered":"<h2><strong>K\u00f6p Grand Daddy Purple online<\/strong><\/h2>\n<h3><strong>Om denna hybridsort<\/strong><\/h3>\n<p>Granddaddy Purple, ofta k\u00e4nd som Grand Daddy Purps, \u00e4r en indica cannabisstam med en behaglig b\u00e4rarom och druvliknande eftersmak f\u00f6r anv\u00e4ndare. Denna stam \u00e4r mycket sl\u00e5ende, med massor av vita trichomer och ljusorange h\u00e5r som omger m\u00f6rklila knoppar.<\/p>\n<p>Big Bud och Purple Urkle \u00e4r de tv\u00e5 indica-stammarna som \u00e4r dess f\u00f6r\u00e4ldrar. Enligt mytologin kan denna sort och Grape Ape vara identiska. De \u00e4r anm\u00e4rkningsv\u00e4rt lika. Men Ken Estes utvecklade det ursprungligen 2003 i Kalifornien efter att ha beslutat att kombinera tv\u00e5 sorter som redan var k\u00e4nda f\u00f6r sina effekter f\u00f6r att skapa en ny och exceptionell indica.<\/p>\n<p>Generellt \u00e4r dess THC-inneh\u00e5ll 17 %, medan vissa sorter har upp till 23 %. Grand Daddy Purple producerar en hypnotisk och otroligt lugnande kroppssurr som lyfter andan. Det \u00e4r idealiskt att anv\u00e4nda denna stam p\u00e5 natten eftersom det \u00e4r ett utm\u00e4rkt s\u00e4tt att lindra sp\u00e4nningar och fr\u00e4mja s\u00f6mn.<\/p>\n<p>Denna sort \u00f6kar aptiten och lindrar symtomen p\u00e5 restless legs syndrom, s\u00e5 att du kan f\u00e5 en god natts s\u00f6mn.<\/p>\n<p>Grand Daddy Purple blommar p\u00e5 cirka 10-11 veckor och planteras b\u00e4st inomhus. V\u00e4xter kommer att beh\u00f6va extra st\u00f6d p\u00e5 grund av sina stora knoppar, vilket kommer att belasta v\u00e4xtens struktur. Beroende p\u00e5 gr\u00f6da och kvalitet kan avkastningen per v\u00e4xt variera fr\u00e5n fyra uns till tre pund.<\/p>\n<h3><strong>Historia och genetik f\u00f6r Granddaddy Purple<\/strong><\/h3>\n<p>Generellt \u00e4r dess THC-inneh\u00e5ll 17 %, medan vissa sorter har upp till 23 %. Grand Daddy Purple producerar en hypnotisk och otroligt lugnande kroppssurr som lyfter andan. Det \u00e4r idealiskt att anv\u00e4nda denna stam p\u00e5 natten eftersom det \u00e4r ett utm\u00e4rkt s\u00e4tt att lindra sp\u00e4nningar och fr\u00e4mja s\u00f6mn.<\/p>\n<p>Denna sort \u00f6kar aptiten och lindrar symtomen p\u00e5 restless legs syndrom, s\u00e5 att du kan f\u00e5 en god natts s\u00f6mn.<\/p>\n<p>Grand Daddy Purple blommar p\u00e5 cirka 10-11 veckor och planteras b\u00e4st inomhus. V\u00e4xter kommer att beh\u00f6va extra st\u00f6d p\u00e5 grund av sina stora knoppar, vilket kommer att belasta v\u00e4xtens struktur. Beroende p\u00e5 gr\u00f6da och kvalitet kan avkastningen per v\u00e4xt variera fr\u00e5n fyra uns till tre pund.<\/p>","protected":false},"excerpt":{"rendered":"<p>Acheter Grand Daddy Purple en ligne \u00c0 propos de cette vari\u00e9t\u00e9 hybride Granddaddy Purple, souvent connue sous le nom de Grand Daddy Purps, est une vari\u00e9t\u00e9 de cannabis indica avec un agr\u00e9able ar\u00f4me de baies et un arri\u00e8re-go\u00fbt de raisin pour les utilisateurs. Cette vari\u00e9t\u00e9 est tr\u00e8s saisissante, avec beaucoup de trichomes blancs et de&hellip;<\/p>","protected":false},"featured_media":4511,"comment_status":"open","ping_status":"closed","template":"","meta":{"_joinchat":[]},"product_cat":[473],"product_tag":[],"class_list":{"0":"post-4392","1":"product","2":"type-product","3":"status-publish","4":"has-post-thumbnail","6":"product_cat-herbe","8":"first","9":"instock","10":"shipping-taxable","11":"purchasable","12":"product-type-variable","13":"col-xs-6 col-sm-4","14":"col-md-3 col-lg-3","15":"un-4-cols"},"yoast_head":"<!-- This site is optimized with the Yoast SEO plugin v23.8 - https:\/\/yoast.com\/wordpress\/plugins\/seo\/ -->\n<title>Achetez Grandpa Violet en ligne - Grandpa Violet \u00e0 vendre<\/title>\n<meta name=\"description\" content=\"Ne manquez aucune opportunit\u00e9 d&#039;acheter Grandpa Violet en ligne dans notre boutique. Nous vendons exclusivement Grandpa Violet \u00e0 des prix avantageux. Nous sommes l\u00e0 pour vous aider. Commandez maintenant !\" \/>\n<meta name=\"robots\" content=\"index, follow, max-snippet:-1, max-image-preview:large, max-video-preview:-1\" \/>\n<link rel=\"canonical\" href=\"https:\/\/poudresdenarco.com\/sv\/produkt\/stor-lila-pappa\/\" \/>\n<meta property=\"og:locale\" content=\"sv_SE\" \/>\n<meta property=\"og:type\" content=\"article\" \/>\n<meta property=\"og:title\" content=\"Achetez Grandpa Violet en ligne - Grandpa Violet \u00e0 vendre\" \/>\n<meta property=\"og:description\" content=\"Ne manquez aucune opportunit\u00e9 d&#039;acheter Grandpa Violet en ligne dans notre boutique. Nous vendons exclusivement Grandpa Violet \u00e0 des prix avantageux. Nous sommes l\u00e0 pour vous aider. Commandez maintenant !\" \/>\n<meta property=\"og:url\" content=\"https:\/\/poudresdenarco.com\/sv\/produkt\/stor-lila-pappa\/\" \/>\n<meta property=\"og:site_name\" content=\"Poudresde Narco\" \/>\n<meta property=\"article:modified_time\" content=\"2025-06-09T02:28:16+00:00\" \/>\n<meta property=\"og:image\" content=\"https:\/\/poudresdenarco.com\/wp-content\/uploads\/2024\/01\/GRAND-DADDY-PURPLE.jpg\" \/>\n\t<meta property=\"og:image:width\" content=\"600\" \/>\n\t<meta property=\"og:image:height\" content=\"600\" \/>\n\t<meta property=\"og:image:type\" content=\"image\/jpeg\" \/>\n<meta name=\"twitter:card\" content=\"summary_large_image\" \/>\n<meta name=\"twitter:label1\" content=\"Ber\u00e4knad l\u00e4stid\" \/>\n\t<meta name=\"twitter:data1\" content=\"2 minuter\" \/>\n<script type=\"application\/ld+json\" class=\"yoast-schema-graph\">{\"@context\":\"https:\/\/schema.org\",\"@graph\":[{\"@type\":\"WebPage\",\"@id\":\"https:\/\/poudresdenarco.com\/produit\/grand-papa-violet\/\",\"url\":\"https:\/\/poudresdenarco.com\/produit\/grand-papa-violet\/\",\"name\":\"Achetez Grandpa Violet en ligne - Grandpa Violet \u00e0 vendre\",\"isPartOf\":{\"@id\":\"https:\/\/poudresdenarco.com\/#website\"},\"primaryImageOfPage\":{\"@id\":\"https:\/\/poudresdenarco.com\/produit\/grand-papa-violet\/#primaryimage\"},\"image\":{\"@id\":\"https:\/\/poudresdenarco.com\/produit\/grand-papa-violet\/#primaryimage\"},\"thumbnailUrl\":\"https:\/\/poudresdenarco.com\/wp-content\/uploads\/2024\/01\/GRAND-DADDY-PURPLE.jpg\",\"datePublished\":\"2024-01-02T09:01:23+00:00\",\"dateModified\":\"2025-06-09T02:28:16+00:00\",\"description\":\"Ne manquez aucune opportunit\u00e9 d'acheter Grandpa Violet en ligne dans notre boutique. Nous vendons exclusivement Grandpa Violet \u00e0 des prix avantageux. Nous sommes l\u00e0 pour vous aider. Commandez maintenant !\",\"breadcrumb\":{\"@id\":\"https:\/\/poudresdenarco.com\/produit\/grand-papa-violet\/#breadcrumb\"},\"inLanguage\":\"sv-SE\",\"potentialAction\":[{\"@type\":\"ReadAction\",\"target\":[\"https:\/\/poudresdenarco.com\/produit\/grand-papa-violet\/\"]}]},{\"@type\":\"ImageObject\",\"inLanguage\":\"sv-SE\",\"@id\":\"https:\/\/poudresdenarco.com\/produit\/grand-papa-violet\/#primaryimage\",\"url\":\"https:\/\/poudresdenarco.com\/wp-content\/uploads\/2024\/01\/GRAND-DADDY-PURPLE.jpg\",\"contentUrl\":\"https:\/\/poudresdenarco.com\/wp-content\/uploads\/2024\/01\/GRAND-DADDY-PURPLE.jpg\",\"width\":600,\"height\":600,\"caption\":\"Acheter Grand-Papa Violet en ligne\"},{\"@type\":\"BreadcrumbList\",\"@id\":\"https:\/\/poudresdenarco.com\/produit\/grand-papa-violet\/#breadcrumb\",\"itemListElement\":[{\"@type\":\"ListItem\",\"position\":1,\"name\":\"Home\",\"item\":\"https:\/\/poudresdenarco.com\/\"},{\"@type\":\"ListItem\",\"position\":2,\"name\":\"Boutique\",\"item\":\"https:\/\/poudresdenarco.com\/boutique\/\"},{\"@type\":\"ListItem\",\"position\":3,\"name\":\"Grand-Papa Violet\"}]},{\"@type\":\"WebSite\",\"@id\":\"https:\/\/poudresdenarco.com\/#website\",\"url\":\"https:\/\/poudresdenarco.com\/\",\"name\":\"Poudresde Narco\",\"description\":\"Acheter de la coca\u00efne et de l&#039;h\u00e9ro\u00efne en ligne\",\"potentialAction\":[{\"@type\":\"SearchAction\",\"target\":{\"@type\":\"EntryPoint\",\"urlTemplate\":\"https:\/\/poudresdenarco.com\/?s={search_term_string}\"},\"query-input\":{\"@type\":\"PropertyValueSpecification\",\"valueRequired\":true,\"valueName\":\"search_term_string\"}}],\"inLanguage\":\"sv-SE\"}]}<\/script>\n<!-- \/ Yoast SEO plugin. -->","yoast_head_json":{"title":"Achetez Grandpa Violet en ligne - Grandpa Violet \u00e0 vendre","description":"Ne manquez aucune opportunit\u00e9 d'acheter Grandpa Violet en ligne dans notre boutique. Nous vendons exclusivement Grandpa Violet \u00e0 des prix avantageux. Nous sommes l\u00e0 pour vous aider. Commandez maintenant !","robots":{"index":"index","follow":"follow","max-snippet":"max-snippet:-1","max-image-preview":"max-image-preview:large","max-video-preview":"max-video-preview:-1"},"canonical":"https:\/\/poudresdenarco.com\/sv\/produkt\/stor-lila-pappa\/","og_locale":"sv_SE","og_type":"article","og_title":"Achetez Grandpa Violet en ligne - Grandpa Violet \u00e0 vendre","og_description":"Ne manquez aucune opportunit\u00e9 d'acheter Grandpa Violet en ligne dans notre boutique. Nous vendons exclusivement Grandpa Violet \u00e0 des prix avantageux. Nous sommes l\u00e0 pour vous aider. Commandez maintenant !","og_url":"https:\/\/poudresdenarco.com\/sv\/produkt\/stor-lila-pappa\/","og_site_name":"Poudresde Narco","article_modified_time":"2025-06-09T02:28:16+00:00","og_image":[{"width":600,"height":600,"url":"https:\/\/poudresdenarco.com\/wp-content\/uploads\/2024\/01\/GRAND-DADDY-PURPLE.jpg","type":"image\/jpeg"}],"twitter_card":"summary_large_image","twitter_misc":{"Ber\u00e4knad l\u00e4stid":"2 minuter"},"schema":{"@context":"https:\/\/schema.org","@graph":[{"@type":"WebPage","@id":"https:\/\/poudresdenarco.com\/produit\/grand-papa-violet\/","url":"https:\/\/poudresdenarco.com\/produit\/grand-papa-violet\/","name":"Achetez Grandpa Violet en ligne - Grandpa Violet \u00e0 vendre","isPartOf":{"@id":"https:\/\/poudresdenarco.com\/#website"},"primaryImageOfPage":{"@id":"https:\/\/poudresdenarco.com\/produit\/grand-papa-violet\/#primaryimage"},"image":{"@id":"https:\/\/poudresdenarco.com\/produit\/grand-papa-violet\/#primaryimage"},"thumbnailUrl":"https:\/\/poudresdenarco.com\/wp-content\/uploads\/2024\/01\/GRAND-DADDY-PURPLE.jpg","datePublished":"2024-01-02T09:01:23+00:00","dateModified":"2025-06-09T02:28:16+00:00","description":"Ne manquez aucune opportunit\u00e9 d'acheter Grandpa Violet en ligne dans notre boutique. Nous vendons exclusivement Grandpa Violet \u00e0 des prix avantageux. Nous sommes l\u00e0 pour vous aider. Commandez maintenant !","breadcrumb":{"@id":"https:\/\/poudresdenarco.com\/produit\/grand-papa-violet\/#breadcrumb"},"inLanguage":"sv-SE","potentialAction":[{"@type":"ReadAction","target":["https:\/\/poudresdenarco.com\/produit\/grand-papa-violet\/"]}]},{"@type":"ImageObject","inLanguage":"sv-SE","@id":"https:\/\/poudresdenarco.com\/produit\/grand-papa-violet\/#primaryimage","url":"https:\/\/poudresdenarco.com\/wp-content\/uploads\/2024\/01\/GRAND-DADDY-PURPLE.jpg","contentUrl":"https:\/\/poudresdenarco.com\/wp-content\/uploads\/2024\/01\/GRAND-DADDY-PURPLE.jpg","width":600,"height":600,"caption":"Acheter Grand-Papa Violet en ligne"},{"@type":"BreadcrumbList","@id":"https:\/\/poudresdenarco.com\/produit\/grand-papa-violet\/#breadcrumb","itemListElement":[{"@type":"ListItem","position":1,"name":"Home","item":"https:\/\/poudresdenarco.com\/"},{"@type":"ListItem","position":2,"name":"Boutique","item":"https:\/\/poudresdenarco.com\/boutique\/"},{"@type":"ListItem","position":3,"name":"Grand-Papa Violet"}]},{"@type":"WebSite","@id":"https:\/\/poudresdenarco.com\/#website","url":"https:\/\/poudresdenarco.com\/","name":"Poudresde Narco","description":"Acheter de la coca\u00efne et de l&#039;h\u00e9ro\u00efne en ligne","potentialAction":[{"@type":"SearchAction","target":{"@type":"EntryPoint","urlTemplate":"https:\/\/poudresdenarco.com\/?s={search_term_string}"},"query-input":{"@type":"PropertyValueSpecification","valueRequired":true,"valueName":"search_term_string"}}],"inLanguage":"sv-SE"}]}},"_links":{"self":[{"href":"https:\/\/poudresdenarco.com\/sv\/wp-json\/wp\/v2\/product\/4392","targetHints":{"allow":["GET"]}}],"collection":[{"href":"https:\/\/poudresdenarco.com\/sv\/wp-json\/wp\/v2\/product"}],"about":[{"href":"https:\/\/poudresdenarco.com\/sv\/wp-json\/wp\/v2\/types\/product"}],"replies":[{"embeddable":true,"href":"https:\/\/poudresdenarco.com\/sv\/wp-json\/wp\/v2\/comments?post=4392"}],"wp:featuredmedia":[{"embeddable":true,"href":"https:\/\/poudresdenarco.com\/sv\/wp-json\/wp\/v2\/media\/4511"}],"wp:attachment":[{"href":"https:\/\/poudresdenarco.com\/sv\/wp-json\/wp\/v2\/media?parent=4392"}],"wp:term":[{"taxonomy":"product_cat","embeddable":true,"href":"https:\/\/poudresdenarco.com\/sv\/wp-json\/wp\/v2\/product_cat?post=4392"},{"taxonomy":"product_tag","embeddable":true,"href":"https:\/\/poudresdenarco.com\/sv\/wp-json\/wp\/v2\/product_tag?post=4392"}],"curies":[{"name":"wp","href":"https:\/\/api.w.org\/{rel}","templated":true}]}}