{"id":4393,"date":"2024-01-02T09:06:59","date_gmt":"2024-01-02T09:06:59","guid":{"rendered":"https:\/\/unkrautmarkt.com\/narco1\/?post_type=product&#038;p=4393"},"modified":"2025-06-09T00:58:03","modified_gmt":"2025-06-09T00:58:03","slug":"jack-herer","status":"publish","type":"product","link":"https:\/\/poudresdenarco.com\/sv\/produkt\/jack-herer\/","title":{"rendered":"Jack Herer"},"content":{"rendered":"<h2><strong><span style=\"vertical-align: inherit;\"><span style=\"vertical-align: inherit;\">K\u00f6p Jack Herer online<\/span><\/span><\/strong><\/h2>\n<p><span style=\"vertical-align: inherit;\"><span style=\"vertical-align: inherit;\">Vad \u00e4r cannabisstammen k\u00e4nd som Jack Herer? Om du \u00e4r en erfaren cannabisentusiast har du s\u00e4kert h\u00f6rt talas om denna v\u00e4lk\u00e4nda stam. Men vet du dess ursprung och vad som skiljer den fr\u00e5n andra stammar?<\/span><\/span><\/p>\n<p><span style=\"vertical-align: inherit;\"><span style=\"vertical-align: inherit;\">Det h\u00e4r blogginl\u00e4gget kommer att f\u00f6rklara bakgrunden och unika egenskaper hos Jack Herer, s\u00e5som dess popularitet i Nederl\u00e4nderna, dess f\u00f6r\u00e4ldrastammar, Shiva Skunk och Critical Jack, effekten det har p\u00e5 b\u00e5de medicinska och rekreationsanv\u00e4ndare, detaljerna i dess smakprofil, sammans\u00e4ttningen av dess terpener och m\u00e4ngden THC den inneh\u00e5ller. Vi kommer att f\u00f6rklara hur det blev en st\u00f6ttepelare i holl\u00e4ndska kaf\u00e9er och hur Shiva Skunk och Critical Jack \u00e4r dess f\u00f6rf\u00e4der.<\/span><\/span><\/p>\n<p><span style=\"vertical-align: inherit;\"><span style=\"vertical-align: inherit;\">Dessutom kommer vi att utforska smakprofilen, terpensammans\u00e4ttningen, THC-niv\u00e5n och effekterna av Jack Herer-stammen p\u00e5 konsumenter som anv\u00e4nder den f\u00f6r medicinska och rekreationssyfte. m\u00f6jliga f\u00f6rdelar f\u00f6r en rad medicinska tillst\u00e5nd. Du kommer b\u00e4ttre att f\u00f6rst\u00e5 varf\u00f6r denna stam \u00e4r s\u00e5 h\u00f6gt ansedd p\u00e5 cannabismarknaden om du k\u00e4nner till egenskaperna hos denna fantastiska stam.<\/span><\/span><\/p>\n<p><span style=\"vertical-align: inherit;\"><span style=\"vertical-align: inherit;\">Luta dig nu tillbaka och f\u00f6rbered dig f\u00f6r att uppt\u00e4cka allt som finns att veta om Jack Herer cannabisstammen, fr\u00e5n dess fascinerande historia till dess m\u00e5nga moderna anv\u00e4ndningsomr\u00e5den.<\/span><\/span><\/p>\n<h3><strong><span style=\"vertical-align: inherit;\"><span style=\"vertical-align: inherit;\">Jack Hierrs resa<\/span><\/span><\/strong><\/h3>\n<p><span style=\"vertical-align: inherit;\"><span style=\"vertical-align: inherit;\">Cannabisstammen k\u00e4nd som Jack Herer, uppkallad efter den ber\u00f6mda f\u00f6rfattaren och aktivisten, har en l\u00e5ng historia som g\u00e5r tillbaka till 1990-talet. Denna sativa-dominanta hybrid utvecklades av Sensi Seeds som en hyllning till Jacks outtr\u00f6ttliga anstr\u00e4ngningar att legalisera marijuana.<\/span><\/span><\/p>\n<p><span style=\"vertical-align: inherit;\"><span style=\"vertical-align: inherit;\">Jack Herer kombinerar Shiva Skunk, Northern Lights #5 och Haze f\u00f6r att ge konsumenterna fysiskt och mentalt lugn. Landrasstammar fr\u00e5n hela v\u00e4rlden, som thail\u00e4ndska, colombianska guld, mexikanska Sativa, Afghani Indica, South Indian Indica och andra, kan hittas i dess f\u00f6rf\u00e4der.<\/span><\/span><\/p>\n<p><span style=\"vertical-align: inherit;\"><span style=\"vertical-align: inherit;\">M\u00e5nga distinkta fenotyper av Jack Herer med olika egenskaper har dykt upp med tiden. Men eftersom den alltid har varit s\u00e5 bra, f\u00f6rblir den ursprungliga Sensi Seeds-versionen en av de mest eftertraktade versionerna.<\/span><\/span><\/p>\n<p><span style=\"vertical-align: inherit;\"><span style=\"vertical-align: inherit;\">Jack Herers rykte som en av de st\u00f6rsta cannabisstammarna cementerades n\u00e4r tidskriften High Times upprepade g\u00e5nger inkluderade den i sin lista \u00f6ver de tio b\u00e4sta stammarna under \u00e5ren.<\/span><\/span><\/p>\n<p><span style=\"vertical-align: inherit;\"><span style=\"vertical-align: inherit;\">LINEAGE Haze: En popul\u00e4r sativa-stam med energetiska effekter som kommer fr\u00e5n s\u00f6dra Indien, Thailand, Colombia och Mexiko.<\/span><\/span><\/p>\n<p><span style=\"vertical-align: inherit;\"><span style=\"vertical-align: inherit;\">Northern Lights #5: En potent indica-stam som f\u00f6ds upp i Afghanistan, v\u00e4lk\u00e4nd f\u00f6r sina lugnande effekter.<\/span><\/span><\/p>\n<p><span style=\"vertical-align: inherit;\"><span style=\"vertical-align: inherit;\">Shiva Skunk: Northern Lights #5 korsad med den ursprungliga Skunk #1 producerade en indica-dominant hybrid. Det ger b\u00e5de fysisk avslappning och mental stimulans.<\/span><\/span><\/p>\n<p><span style=\"vertical-align: inherit;\"><span style=\"vertical-align: inherit;\">\u00c4n idag forts\u00e4tter cannabisentusiaster som letar efter en energigivande effekt som inte l\u00e4mnar dem f\u00f6r soffl\u00e5sta eller s\u00f6mniga att v\u00e4lja Jack Herer. P\u00e5 grund av dess allsidiga egenskaper \u00e4r den popul\u00e4r \u00f6ver hela v\u00e4rlden och kan anv\u00e4ndas f\u00f6r b\u00e5de medicinska och rekreations\u00e4ndam\u00e5l.<\/span><\/span><\/p>\n<h3><strong><span style=\"vertical-align: inherit;\"><span style=\"vertical-align: inherit;\">UPPLEV EFFEKTERNA AV JACK HERE<\/span><\/span><\/strong><\/h3>\n<p><span style=\"vertical-align: inherit;\"><span style=\"vertical-align: inherit;\">Jack Herer \u00e4r en sativa-dominant hybrid som ger en energigivande och upplyftande upplevelse. Denna stam \u00e4r perfekt f\u00f6r dem som letar efter en klarsynt och fokuserad effekt samtidigt som de njuter av avkoppling och stresslindring. Det \u00e4r inte konstigt att det \u00e4r en favorit bland anv\u00e4ndare som letar efter produktivitets- eller kreativitetsf\u00f6rb\u00e4ttringar.<\/span><\/span><\/p>\n<p><span style=\"vertical-align: inherit;\"><span style=\"vertical-align: inherit;\">De cerebrala effekterna av Jack Herer kommer snabbt och ger anv\u00e4ndarna \u00f6kad mental klarhet och fokus. De energigivande effekterna av denna stam g\u00f6r den idealisk f\u00f6r att vara alert och uppm\u00e4rksam hela dagen. Tillsammans med dessa kognitiva f\u00f6rdelar, rapporterar anv\u00e4ndare ocks\u00e5 att de k\u00e4nner sig upplyfta och euforiska efter att ha konsumerat denna stam.<\/span><\/span><\/p>","protected":false},"excerpt":{"rendered":"<p>Buy Jack Herer Online What is the cannabis strain known as Jack Herer? If you are a seasoned cannabis enthusiast, you have probably heard of this well-known strain. However, do you know its origin and what sets it apart from other strains? This blog post will explain the background and unique characteristics of Jack Herer,&hellip;<\/p>","protected":false},"featured_media":4513,"comment_status":"open","ping_status":"closed","template":"","meta":{"_joinchat":[]},"product_cat":[473],"product_tag":[],"class_list":{"0":"post-4393","1":"product","2":"type-product","3":"status-publish","4":"has-post-thumbnail","6":"product_cat-herbe","8":"first","9":"instock","10":"shipping-taxable","11":"purchasable","12":"product-type-variable","13":"col-xs-6 col-sm-4","14":"col-md-3 col-lg-3","15":"un-4-cols"},"yoast_head":"<!-- This site is optimized with the Yoast SEO plugin v23.8 - https:\/\/yoast.com\/wordpress\/plugins\/seo\/ -->\n<title>Acheter Jack Herer en ligne - Jack Herer \u00e0 vendre - Commander Jack Herer en ligne<\/title>\n<meta name=\"description\" content=\"Si vous souhaitez acheter du Jack Herer, nous sommes le bon choix pour vous. Notre personnel vous aidera \u00e0 acheter du Jack Herer en ligne \u00e0 des prix avantageux. Passez votre commande chez nous !\" \/>\n<meta name=\"robots\" content=\"index, follow, max-snippet:-1, max-image-preview:large, max-video-preview:-1\" \/>\n<link rel=\"canonical\" href=\"https:\/\/poudresdenarco.com\/sv\/produkt\/jack-herer\/\" \/>\n<meta property=\"og:locale\" content=\"sv_SE\" \/>\n<meta property=\"og:type\" content=\"article\" \/>\n<meta property=\"og:title\" content=\"Acheter Jack Herer en ligne - Jack Herer \u00e0 vendre - Commander Jack Herer en ligne\" \/>\n<meta property=\"og:description\" content=\"Si vous souhaitez acheter du Jack Herer, nous sommes le bon choix pour vous. Notre personnel vous aidera \u00e0 acheter du Jack Herer en ligne \u00e0 des prix avantageux. Passez votre commande chez nous !\" \/>\n<meta property=\"og:url\" content=\"https:\/\/poudresdenarco.com\/sv\/produkt\/jack-herer\/\" \/>\n<meta property=\"og:site_name\" content=\"Poudresde Narco\" \/>\n<meta property=\"article:modified_time\" content=\"2025-06-09T00:58:03+00:00\" \/>\n<meta property=\"og:image\" content=\"https:\/\/poudresdenarco.com\/wp-content\/uploads\/2024\/01\/JACK-HERER.jpg\" \/>\n\t<meta property=\"og:image:width\" content=\"600\" \/>\n\t<meta property=\"og:image:height\" content=\"600\" \/>\n\t<meta property=\"og:image:type\" content=\"image\/jpeg\" \/>\n<meta name=\"twitter:card\" content=\"summary_large_image\" \/>\n<meta name=\"twitter:label1\" content=\"Ber\u00e4knad l\u00e4stid\" \/>\n\t<meta name=\"twitter:data1\" content=\"3 minuter\" \/>\n<script type=\"application\/ld+json\" class=\"yoast-schema-graph\">{\"@context\":\"https:\/\/schema.org\",\"@graph\":[{\"@type\":\"WebPage\",\"@id\":\"https:\/\/poudresdenarco.com\/produit\/jack-herer\/\",\"url\":\"https:\/\/poudresdenarco.com\/produit\/jack-herer\/\",\"name\":\"Acheter Jack Herer en ligne - Jack Herer \u00e0 vendre - Commander Jack Herer en ligne\",\"isPartOf\":{\"@id\":\"https:\/\/poudresdenarco.com\/#website\"},\"primaryImageOfPage\":{\"@id\":\"https:\/\/poudresdenarco.com\/produit\/jack-herer\/#primaryimage\"},\"image\":{\"@id\":\"https:\/\/poudresdenarco.com\/produit\/jack-herer\/#primaryimage\"},\"thumbnailUrl\":\"https:\/\/poudresdenarco.com\/wp-content\/uploads\/2024\/01\/JACK-HERER.jpg\",\"datePublished\":\"2024-01-02T09:06:59+00:00\",\"dateModified\":\"2025-06-09T00:58:03+00:00\",\"description\":\"Si vous souhaitez acheter du Jack Herer, nous sommes le bon choix pour vous. Notre personnel vous aidera \u00e0 acheter du Jack Herer en ligne \u00e0 des prix avantageux. Passez votre commande chez nous !\",\"breadcrumb\":{\"@id\":\"https:\/\/poudresdenarco.com\/produit\/jack-herer\/#breadcrumb\"},\"inLanguage\":\"sv-SE\",\"potentialAction\":[{\"@type\":\"ReadAction\",\"target\":[\"https:\/\/poudresdenarco.com\/produit\/jack-herer\/\"]}]},{\"@type\":\"ImageObject\",\"inLanguage\":\"sv-SE\",\"@id\":\"https:\/\/poudresdenarco.com\/produit\/jack-herer\/#primaryimage\",\"url\":\"https:\/\/poudresdenarco.com\/wp-content\/uploads\/2024\/01\/JACK-HERER.jpg\",\"contentUrl\":\"https:\/\/poudresdenarco.com\/wp-content\/uploads\/2024\/01\/JACK-HERER.jpg\",\"width\":600,\"height\":600,\"caption\":\"Achetez JACK-HERER en ligne\"},{\"@type\":\"BreadcrumbList\",\"@id\":\"https:\/\/poudresdenarco.com\/produit\/jack-herer\/#breadcrumb\",\"itemListElement\":[{\"@type\":\"ListItem\",\"position\":1,\"name\":\"Home\",\"item\":\"https:\/\/poudresdenarco.com\/\"},{\"@type\":\"ListItem\",\"position\":2,\"name\":\"Boutique\",\"item\":\"https:\/\/poudresdenarco.com\/boutique\/\"},{\"@type\":\"ListItem\",\"position\":3,\"name\":\"Jack Herer\"}]},{\"@type\":\"WebSite\",\"@id\":\"https:\/\/poudresdenarco.com\/#website\",\"url\":\"https:\/\/poudresdenarco.com\/\",\"name\":\"Poudresde Narco\",\"description\":\"Acheter de la coca\u00efne et de l&#039;h\u00e9ro\u00efne en ligne\",\"potentialAction\":[{\"@type\":\"SearchAction\",\"target\":{\"@type\":\"EntryPoint\",\"urlTemplate\":\"https:\/\/poudresdenarco.com\/?s={search_term_string}\"},\"query-input\":{\"@type\":\"PropertyValueSpecification\",\"valueRequired\":true,\"valueName\":\"search_term_string\"}}],\"inLanguage\":\"sv-SE\"}]}<\/script>\n<!-- \/ Yoast SEO plugin. -->","yoast_head_json":{"title":"Acheter Jack Herer en ligne - Jack Herer \u00e0 vendre - Commander Jack Herer en ligne","description":"Si vous souhaitez acheter du Jack Herer, nous sommes le bon choix pour vous. Notre personnel vous aidera \u00e0 acheter du Jack Herer en ligne \u00e0 des prix avantageux. Passez votre commande chez nous !","robots":{"index":"index","follow":"follow","max-snippet":"max-snippet:-1","max-image-preview":"max-image-preview:large","max-video-preview":"max-video-preview:-1"},"canonical":"https:\/\/poudresdenarco.com\/sv\/produkt\/jack-herer\/","og_locale":"sv_SE","og_type":"article","og_title":"Acheter Jack Herer en ligne - Jack Herer \u00e0 vendre - Commander Jack Herer en ligne","og_description":"Si vous souhaitez acheter du Jack Herer, nous sommes le bon choix pour vous. Notre personnel vous aidera \u00e0 acheter du Jack Herer en ligne \u00e0 des prix avantageux. Passez votre commande chez nous !","og_url":"https:\/\/poudresdenarco.com\/sv\/produkt\/jack-herer\/","og_site_name":"Poudresde Narco","article_modified_time":"2025-06-09T00:58:03+00:00","og_image":[{"width":600,"height":600,"url":"https:\/\/poudresdenarco.com\/wp-content\/uploads\/2024\/01\/JACK-HERER.jpg","type":"image\/jpeg"}],"twitter_card":"summary_large_image","twitter_misc":{"Ber\u00e4knad l\u00e4stid":"3 minuter"},"schema":{"@context":"https:\/\/schema.org","@graph":[{"@type":"WebPage","@id":"https:\/\/poudresdenarco.com\/produit\/jack-herer\/","url":"https:\/\/poudresdenarco.com\/produit\/jack-herer\/","name":"Acheter Jack Herer en ligne - Jack Herer \u00e0 vendre - Commander Jack Herer en ligne","isPartOf":{"@id":"https:\/\/poudresdenarco.com\/#website"},"primaryImageOfPage":{"@id":"https:\/\/poudresdenarco.com\/produit\/jack-herer\/#primaryimage"},"image":{"@id":"https:\/\/poudresdenarco.com\/produit\/jack-herer\/#primaryimage"},"thumbnailUrl":"https:\/\/poudresdenarco.com\/wp-content\/uploads\/2024\/01\/JACK-HERER.jpg","datePublished":"2024-01-02T09:06:59+00:00","dateModified":"2025-06-09T00:58:03+00:00","description":"Si vous souhaitez acheter du Jack Herer, nous sommes le bon choix pour vous. Notre personnel vous aidera \u00e0 acheter du Jack Herer en ligne \u00e0 des prix avantageux. Passez votre commande chez nous !","breadcrumb":{"@id":"https:\/\/poudresdenarco.com\/produit\/jack-herer\/#breadcrumb"},"inLanguage":"sv-SE","potentialAction":[{"@type":"ReadAction","target":["https:\/\/poudresdenarco.com\/produit\/jack-herer\/"]}]},{"@type":"ImageObject","inLanguage":"sv-SE","@id":"https:\/\/poudresdenarco.com\/produit\/jack-herer\/#primaryimage","url":"https:\/\/poudresdenarco.com\/wp-content\/uploads\/2024\/01\/JACK-HERER.jpg","contentUrl":"https:\/\/poudresdenarco.com\/wp-content\/uploads\/2024\/01\/JACK-HERER.jpg","width":600,"height":600,"caption":"Achetez JACK-HERER en ligne"},{"@type":"BreadcrumbList","@id":"https:\/\/poudresdenarco.com\/produit\/jack-herer\/#breadcrumb","itemListElement":[{"@type":"ListItem","position":1,"name":"Home","item":"https:\/\/poudresdenarco.com\/"},{"@type":"ListItem","position":2,"name":"Boutique","item":"https:\/\/poudresdenarco.com\/boutique\/"},{"@type":"ListItem","position":3,"name":"Jack Herer"}]},{"@type":"WebSite","@id":"https:\/\/poudresdenarco.com\/#website","url":"https:\/\/poudresdenarco.com\/","name":"Poudresde Narco","description":"Acheter de la coca\u00efne et de l&#039;h\u00e9ro\u00efne en ligne","potentialAction":[{"@type":"SearchAction","target":{"@type":"EntryPoint","urlTemplate":"https:\/\/poudresdenarco.com\/?s={search_term_string}"},"query-input":{"@type":"PropertyValueSpecification","valueRequired":true,"valueName":"search_term_string"}}],"inLanguage":"sv-SE"}]}},"_links":{"self":[{"href":"https:\/\/poudresdenarco.com\/sv\/wp-json\/wp\/v2\/product\/4393","targetHints":{"allow":["GET"]}}],"collection":[{"href":"https:\/\/poudresdenarco.com\/sv\/wp-json\/wp\/v2\/product"}],"about":[{"href":"https:\/\/poudresdenarco.com\/sv\/wp-json\/wp\/v2\/types\/product"}],"replies":[{"embeddable":true,"href":"https:\/\/poudresdenarco.com\/sv\/wp-json\/wp\/v2\/comments?post=4393"}],"wp:featuredmedia":[{"embeddable":true,"href":"https:\/\/poudresdenarco.com\/sv\/wp-json\/wp\/v2\/media\/4513"}],"wp:attachment":[{"href":"https:\/\/poudresdenarco.com\/sv\/wp-json\/wp\/v2\/media?parent=4393"}],"wp:term":[{"taxonomy":"product_cat","embeddable":true,"href":"https:\/\/poudresdenarco.com\/sv\/wp-json\/wp\/v2\/product_cat?post=4393"},{"taxonomy":"product_tag","embeddable":true,"href":"https:\/\/poudresdenarco.com\/sv\/wp-json\/wp\/v2\/product_tag?post=4393"}],"curies":[{"name":"wp","href":"https:\/\/api.w.org\/{rel}","templated":true}]}}