{"id":4456,"date":"2024-01-02T10:49:48","date_gmt":"2024-01-02T10:49:48","guid":{"rendered":"https:\/\/unkrautmarkt.com\/narco1\/?post_type=product&#038;p=4456"},"modified":"2025-06-02T20:15:55","modified_gmt":"2025-06-02T20:15:55","slug":"amnesie-hash","status":"publish","type":"product","link":"https:\/\/poudresdenarco.com\/sv\/produkt\/amnesi-hash\/","title":{"rendered":"Haschamnesi"},"content":{"rendered":"<h2><strong><span style=\"vertical-align: inherit;\"><span style=\"vertical-align: inherit;\">K\u00d6P AMNESIA HASH ONLINE<\/span><\/span><\/strong><\/h2>\n<h3><strong><span style=\"vertical-align: inherit;\"><span style=\"vertical-align: inherit;\">EN V\u00c4RLDSK\u00c4ND PSYKEDELISK KRAFT: AMNESIA HASH<\/span><\/span><\/strong><\/h3>\n<p><span style=\"vertical-align: inherit;\"><span style=\"vertical-align: inherit;\">Med en antydan av djup bergsindika \u00e4r Amnesia Hazes signatur l\u00e5nga och mogna psykedeliska sativa h\u00e4rstamning \u00e5terh\u00e5llsam. Expert blandad fr\u00e5n tv\u00e5 lantraser och en hybrid, \u00e4r denna stam ett THC kraftpaket med en effekt som kommer att tvinga \u00e4ven den mest rutinerade cannabisk\u00e4nnaren att erk\u00e4nna det.<\/span><\/span><\/p>\n<p><span style=\"vertical-align: inherit;\"><span style=\"vertical-align: inherit;\">N\u00e4r de torkas noggrant blir Amnesia Hazes tjocka blomklasar stela vid ber\u00f6ring. De fasta nuggets har blivit s\u00e5 v\u00e4l kristalliserade att de verkar ha varit f\u00f6rsiktigt belagda i en skimrande, ljusbrytande karamell smaksatt med exotisk kardemumma, lime, mejram och mandarin.<\/span><\/span><\/p>\n<p><span style=\"vertical-align: inherit;\"><span style=\"vertical-align: inherit;\">Amnesia Haze \u00e4r h\u00f6gt ansedd f\u00f6r hash och andra extraktioner p\u00e5 grund av dess \u00f6verdrivna trikomproduktion. Kaskaderna av rent, honungsf\u00e4rgat harts, med 22 % THC, \u00e4r en klibbig syn att se och en aldrig tidigare sk\u00e5dad doftande uppt\u00e4ckt n\u00e4r de v\u00e4rms upp och krossas med tjugo ton.<\/span><\/span><\/p>\n<h3><strong><span style=\"vertical-align: inherit;\"><span style=\"vertical-align: inherit;\">P\u00c5VERKAN AV AMNESIAMISTER<\/span><\/span><\/strong><\/h3>\n<p><span style=\"vertical-align: inherit;\"><span style=\"vertical-align: inherit;\">Effekterna \u00e4r kraftfulla \u00e4ven om de \u00e4r sv\u00e5ra att bed\u00f6ma. En viktig faktor \u00e4r anv\u00e4ndarupplevelsen. Med denna kraftfulla stam kan en marijuana-nyb\u00f6rjare uppleva sin f\u00f6rsta gr\u00f6na utflykt. Jag kan l\u00e4tt missbruka den eftersom den \u00e4r s\u00e5 l\u00e4cker och silkeslen.<\/span><\/span><\/p>\n<p><span style=\"vertical-align: inherit;\"><span style=\"vertical-align: inherit;\">En erfaren sativa-\u00e4lskare kommer att f\u00e4ngslas av det exceptionella fokus och kreativa stimulans som denna n\u00e4stan hallucinogena stam erbjuder. Den stora naturen, med dess livliga omgivningar och livliga luft, lockar. Naturligtvis rekommenderas det starkt att bara krypa upp i soffan med lite musik och tillbringa en v\u00e4l tillbringad eftermiddag med v\u00e4nner och njuta av en mental utflykt. eller v\u00e5ga dr\u00f6mma stort och dj\u00e4rvt.<\/span><\/span><\/p>\n<p><span style=\"vertical-align: inherit;\"><span style=\"vertical-align: inherit;\">Ibland kan det vara chim\u00e4rt och ta femton minuter att helt aktivera dess neurokemiska effekter. Du kan komma p\u00e5 att du bl\u00e5ser p\u00e5 en cigarett och undrar vad allt ov\u00e4sen handlar om. Sen i n\u00e4sta \u00f6gonblick undrar du hur fan du kom hit, som en person med minnesf\u00f6rlust. Skrattar av f\u00f6rv\u00e5ning och skakar p\u00e5 huvudet som ett s\u00e5ll.<\/span><\/span><\/p>\n<p><span style=\"vertical-align: inherit;\"><span style=\"vertical-align: inherit;\">Amnesia Haze har en euforisk citrussmak och \u00e4r ganska l\u00e5g i CBD. Detta g\u00f6r den till en anv\u00e4ndbar stam f\u00f6r terapeutiska \u00e4ndam\u00e5l. Den psykotropa effekten av smiley h\u00e4nvisar till terapier f\u00f6r \u00e5ngest f\u00f6rknippad med sm\u00e4rta, f\u00f6rtvivlan och PTSD.<\/span><\/span><\/p>\n<h3><strong><span style=\"vertical-align: inherit;\"><span style=\"vertical-align: inherit;\">Hur man framkallar minnesf\u00f6rlust<\/span><\/span><\/strong><\/h3>\n<p><span style=\"vertical-align: inherit;\"><span style=\"vertical-align: inherit;\">Utomhus: En naturlig affinitet f\u00f6r l\u00e5nga, varma dagar kommer fr\u00e5n hennes sativa-dominerande h\u00e4rkomst. Amnesia Haze lever b\u00e4st upp till l\u00f6ftet om tropisk sativa-genetik ju n\u00e4rmare ekvatorn du kommer. Du f\u00e5r exceptionella resultat i s\u00f6dra Spanien, norra Australien, Nordafrika och till och med norra Kalifornien.<\/span><\/span><\/p>\n<p><span style=\"vertical-align: inherit;\"><span style=\"vertical-align: inherit;\">Monstru\u00f6sa v\u00e4xter med l\u00e5nga spjut av tjocka blomklasar, som kan ta tolv till fjorton veckor att mogna helt, garanteras n\u00e4r fr\u00f6n planteras under en hel s\u00e4song. En v\u00e4lsk\u00f6tt Amnesia Haze-v\u00e4xt, n\u00e4r den startas med premium 100 % organisk jord berikad med s\u00e4songsbetonade ekologiska kosttillskott, kommer att producera ett \u00f6verfl\u00f6d av doftande knoppar.<\/span><\/span><\/p>\n<p><span style=\"vertical-align: inherit;\"><span style=\"vertical-align: inherit;\">Inomhus, direkt ur kloningsgarderoben, uttrycker Amnesia Haze stora sativa-drag och tenderar att str\u00e4cka sig betydligt, s\u00e4rskilt under 12-timmars ljusf\u00f6rh\u00e5llanden.<\/span><\/span><\/p>\n<p><span style=\"vertical-align: inherit;\"><span style=\"vertical-align: inherit;\">Amnesia Haze f\u00f6redrar att bli v\u00e4lmatad, men den kan snabbt hamna i den giftiga zonen, precis som m\u00e5nga andra sativa. D\u00e4rf\u00f6r \u00e4r det l\u00e4mpligt att vara f\u00f6rsiktig n\u00e4r man m\u00e4ter n\u00e4rings\u00e4mnen.<\/span><\/span><\/p>\n<p><span style=\"vertical-align: inherit;\"><span style=\"vertical-align: inherit;\">N\u00e4r blommorna \u00e4r i s\u00e4song \u00e4r det verkligen ett spel om t\u00e5lamod. Det kan ta tolv veckor f\u00f6r de l\u00e5nga knopparna med tunna blad att \u00f6ppna sig helt. Vissa sv\u00e5ra slag kan ta tjugo!<\/span><\/span><\/p>\n<p><span style=\"vertical-align: inherit;\"><span style=\"vertical-align: inherit;\">V\u00e4xterna v\u00e4xer l\u00e5ngsamt, men n\u00e4r de g\u00f6r det producerar de en tillfredsst\u00e4llande t\u00e4t och vackert kristalliserad produkt som v\u00e4ger 600g\/m\u00b2 under 600W belysning. biotillg\u00e4nglighet. Det \u00e4r allt som finns! Kolla in v\u00e5r fullst\u00e4ndiga guide om hur du anv\u00e4nder v\u00e5r CBD-hash h\u00e4r.<\/span><\/span><\/p>","protected":false},"excerpt":{"rendered":"<p>BUY AMNESIA HASH ONLINE A WORLD FAMOUS PSYCHEDELIC POWER: AMNESIA HASH With a hint of deep mountain indica, Amnesia Haze\u2019s signature long and mature psychedelic sativa lineage is restrained. Expertly blended from two landraces and a hybrid, this strain is a THC powerhouse with an effect that will force even the most seasoned cannabis connoisseur&hellip;<\/p>","protected":false},"featured_media":4523,"comment_status":"open","ping_status":"closed","template":"","meta":{"_joinchat":[]},"product_cat":[474],"product_tag":[],"class_list":{"0":"post-4456","1":"product","2":"type-product","3":"status-publish","4":"has-post-thumbnail","6":"product_cat-haschisch","8":"first","9":"instock","10":"shipping-taxable","11":"purchasable","12":"product-type-variable","13":"col-xs-6 col-sm-4","14":"col-md-3 col-lg-3","15":"un-4-cols"},"yoast_head":"<!-- This site is optimized with the Yoast SEO plugin v23.8 - https:\/\/yoast.com\/wordpress\/plugins\/seo\/ -->\n<title>Acheter du haschisch Amnesia en ligne - Vente de haschisch Amnesia<\/title>\n<meta name=\"description\" content=\"O\u00f9 acheter Amnesia Hash en ligne au meilleur prix ? Trouvez du Hash Amnesia de haute qualit\u00e9 \u00e0 vendre dans notre boutique en ligne s\u00e9curis\u00e9e, r\u00e9pondant \u00e0 vos besoins de recherche. Commandez maintenant !\" \/>\n<meta name=\"robots\" content=\"index, follow, max-snippet:-1, max-image-preview:large, max-video-preview:-1\" \/>\n<link rel=\"canonical\" href=\"https:\/\/poudresdenarco.com\/sv\/produkt\/amnesi-hash\/\" \/>\n<meta property=\"og:locale\" content=\"sv_SE\" \/>\n<meta property=\"og:type\" content=\"article\" \/>\n<meta property=\"og:title\" content=\"Acheter du haschisch Amnesia en ligne - Vente de haschisch Amnesia\" \/>\n<meta property=\"og:description\" content=\"O\u00f9 acheter Amnesia Hash en ligne au meilleur prix ? Trouvez du Hash Amnesia de haute qualit\u00e9 \u00e0 vendre dans notre boutique en ligne s\u00e9curis\u00e9e, r\u00e9pondant \u00e0 vos besoins de recherche. Commandez maintenant !\" \/>\n<meta property=\"og:url\" content=\"https:\/\/poudresdenarco.com\/sv\/produkt\/amnesi-hash\/\" \/>\n<meta property=\"og:site_name\" content=\"Poudresde Narco\" \/>\n<meta property=\"article:modified_time\" content=\"2025-06-02T20:15:55+00:00\" \/>\n<meta property=\"og:image\" content=\"https:\/\/poudresdenarco.com\/wp-content\/uploads\/2024\/01\/AMNESIA-HASH.jpg\" \/>\n\t<meta property=\"og:image:width\" content=\"600\" \/>\n\t<meta property=\"og:image:height\" content=\"600\" \/>\n\t<meta property=\"og:image:type\" content=\"image\/jpeg\" \/>\n<meta name=\"twitter:card\" content=\"summary_large_image\" \/>\n<meta name=\"twitter:label1\" content=\"Ber\u00e4knad l\u00e4stid\" \/>\n\t<meta name=\"twitter:data1\" content=\"3 minuter\" \/>\n<script type=\"application\/ld+json\" class=\"yoast-schema-graph\">{\"@context\":\"https:\/\/schema.org\",\"@graph\":[{\"@type\":\"WebPage\",\"@id\":\"https:\/\/poudresdenarco.com\/produit\/amnesie-hash\/\",\"url\":\"https:\/\/poudresdenarco.com\/produit\/amnesie-hash\/\",\"name\":\"Acheter du haschisch Amnesia en ligne - Vente de haschisch Amnesia\",\"isPartOf\":{\"@id\":\"https:\/\/poudresdenarco.com\/#website\"},\"primaryImageOfPage\":{\"@id\":\"https:\/\/poudresdenarco.com\/produit\/amnesie-hash\/#primaryimage\"},\"image\":{\"@id\":\"https:\/\/poudresdenarco.com\/produit\/amnesie-hash\/#primaryimage\"},\"thumbnailUrl\":\"https:\/\/poudresdenarco.com\/wp-content\/uploads\/2024\/01\/AMNESIA-HASH.jpg\",\"datePublished\":\"2024-01-02T10:49:48+00:00\",\"dateModified\":\"2025-06-02T20:15:55+00:00\",\"description\":\"O\u00f9 acheter Amnesia Hash en ligne au meilleur prix ? Trouvez du Hash Amnesia de haute qualit\u00e9 \u00e0 vendre dans notre boutique en ligne s\u00e9curis\u00e9e, r\u00e9pondant \u00e0 vos besoins de recherche. Commandez maintenant !\",\"breadcrumb\":{\"@id\":\"https:\/\/poudresdenarco.com\/produit\/amnesie-hash\/#breadcrumb\"},\"inLanguage\":\"sv-SE\",\"potentialAction\":[{\"@type\":\"ReadAction\",\"target\":[\"https:\/\/poudresdenarco.com\/produit\/amnesie-hash\/\"]}]},{\"@type\":\"ImageObject\",\"inLanguage\":\"sv-SE\",\"@id\":\"https:\/\/poudresdenarco.com\/produit\/amnesie-hash\/#primaryimage\",\"url\":\"https:\/\/poudresdenarco.com\/wp-content\/uploads\/2024\/01\/AMNESIA-HASH.jpg\",\"contentUrl\":\"https:\/\/poudresdenarco.com\/wp-content\/uploads\/2024\/01\/AMNESIA-HASH.jpg\",\"width\":600,\"height\":600,\"caption\":\"Achetez AMNESIA-HASH en ligne\"},{\"@type\":\"BreadcrumbList\",\"@id\":\"https:\/\/poudresdenarco.com\/produit\/amnesie-hash\/#breadcrumb\",\"itemListElement\":[{\"@type\":\"ListItem\",\"position\":1,\"name\":\"Home\",\"item\":\"https:\/\/poudresdenarco.com\/\"},{\"@type\":\"ListItem\",\"position\":2,\"name\":\"Boutique\",\"item\":\"https:\/\/poudresdenarco.com\/boutique\/\"},{\"@type\":\"ListItem\",\"position\":3,\"name\":\"Amn\u00e9sie Hash\"}]},{\"@type\":\"WebSite\",\"@id\":\"https:\/\/poudresdenarco.com\/#website\",\"url\":\"https:\/\/poudresdenarco.com\/\",\"name\":\"Poudresde Narco\",\"description\":\"Acheter de la coca\u00efne et de l&#039;h\u00e9ro\u00efne en ligne\",\"potentialAction\":[{\"@type\":\"SearchAction\",\"target\":{\"@type\":\"EntryPoint\",\"urlTemplate\":\"https:\/\/poudresdenarco.com\/?s={search_term_string}\"},\"query-input\":{\"@type\":\"PropertyValueSpecification\",\"valueRequired\":true,\"valueName\":\"search_term_string\"}}],\"inLanguage\":\"sv-SE\"}]}<\/script>\n<!-- \/ Yoast SEO plugin. -->","yoast_head_json":{"title":"Acheter du haschisch Amnesia en ligne - Vente de haschisch Amnesia","description":"O\u00f9 acheter Amnesia Hash en ligne au meilleur prix ? Trouvez du Hash Amnesia de haute qualit\u00e9 \u00e0 vendre dans notre boutique en ligne s\u00e9curis\u00e9e, r\u00e9pondant \u00e0 vos besoins de recherche. Commandez maintenant !","robots":{"index":"index","follow":"follow","max-snippet":"max-snippet:-1","max-image-preview":"max-image-preview:large","max-video-preview":"max-video-preview:-1"},"canonical":"https:\/\/poudresdenarco.com\/sv\/produkt\/amnesi-hash\/","og_locale":"sv_SE","og_type":"article","og_title":"Acheter du haschisch Amnesia en ligne - Vente de haschisch Amnesia","og_description":"O\u00f9 acheter Amnesia Hash en ligne au meilleur prix ? Trouvez du Hash Amnesia de haute qualit\u00e9 \u00e0 vendre dans notre boutique en ligne s\u00e9curis\u00e9e, r\u00e9pondant \u00e0 vos besoins de recherche. Commandez maintenant !","og_url":"https:\/\/poudresdenarco.com\/sv\/produkt\/amnesi-hash\/","og_site_name":"Poudresde Narco","article_modified_time":"2025-06-02T20:15:55+00:00","og_image":[{"width":600,"height":600,"url":"https:\/\/poudresdenarco.com\/wp-content\/uploads\/2024\/01\/AMNESIA-HASH.jpg","type":"image\/jpeg"}],"twitter_card":"summary_large_image","twitter_misc":{"Ber\u00e4knad l\u00e4stid":"3 minuter"},"schema":{"@context":"https:\/\/schema.org","@graph":[{"@type":"WebPage","@id":"https:\/\/poudresdenarco.com\/produit\/amnesie-hash\/","url":"https:\/\/poudresdenarco.com\/produit\/amnesie-hash\/","name":"Acheter du haschisch Amnesia en ligne - Vente de haschisch Amnesia","isPartOf":{"@id":"https:\/\/poudresdenarco.com\/#website"},"primaryImageOfPage":{"@id":"https:\/\/poudresdenarco.com\/produit\/amnesie-hash\/#primaryimage"},"image":{"@id":"https:\/\/poudresdenarco.com\/produit\/amnesie-hash\/#primaryimage"},"thumbnailUrl":"https:\/\/poudresdenarco.com\/wp-content\/uploads\/2024\/01\/AMNESIA-HASH.jpg","datePublished":"2024-01-02T10:49:48+00:00","dateModified":"2025-06-02T20:15:55+00:00","description":"O\u00f9 acheter Amnesia Hash en ligne au meilleur prix ? Trouvez du Hash Amnesia de haute qualit\u00e9 \u00e0 vendre dans notre boutique en ligne s\u00e9curis\u00e9e, r\u00e9pondant \u00e0 vos besoins de recherche. Commandez maintenant !","breadcrumb":{"@id":"https:\/\/poudresdenarco.com\/produit\/amnesie-hash\/#breadcrumb"},"inLanguage":"sv-SE","potentialAction":[{"@type":"ReadAction","target":["https:\/\/poudresdenarco.com\/produit\/amnesie-hash\/"]}]},{"@type":"ImageObject","inLanguage":"sv-SE","@id":"https:\/\/poudresdenarco.com\/produit\/amnesie-hash\/#primaryimage","url":"https:\/\/poudresdenarco.com\/wp-content\/uploads\/2024\/01\/AMNESIA-HASH.jpg","contentUrl":"https:\/\/poudresdenarco.com\/wp-content\/uploads\/2024\/01\/AMNESIA-HASH.jpg","width":600,"height":600,"caption":"Achetez AMNESIA-HASH en ligne"},{"@type":"BreadcrumbList","@id":"https:\/\/poudresdenarco.com\/produit\/amnesie-hash\/#breadcrumb","itemListElement":[{"@type":"ListItem","position":1,"name":"Home","item":"https:\/\/poudresdenarco.com\/"},{"@type":"ListItem","position":2,"name":"Boutique","item":"https:\/\/poudresdenarco.com\/boutique\/"},{"@type":"ListItem","position":3,"name":"Amn\u00e9sie Hash"}]},{"@type":"WebSite","@id":"https:\/\/poudresdenarco.com\/#website","url":"https:\/\/poudresdenarco.com\/","name":"Poudresde Narco","description":"Acheter de la coca\u00efne et de l&#039;h\u00e9ro\u00efne en ligne","potentialAction":[{"@type":"SearchAction","target":{"@type":"EntryPoint","urlTemplate":"https:\/\/poudresdenarco.com\/?s={search_term_string}"},"query-input":{"@type":"PropertyValueSpecification","valueRequired":true,"valueName":"search_term_string"}}],"inLanguage":"sv-SE"}]}},"_links":{"self":[{"href":"https:\/\/poudresdenarco.com\/sv\/wp-json\/wp\/v2\/product\/4456","targetHints":{"allow":["GET"]}}],"collection":[{"href":"https:\/\/poudresdenarco.com\/sv\/wp-json\/wp\/v2\/product"}],"about":[{"href":"https:\/\/poudresdenarco.com\/sv\/wp-json\/wp\/v2\/types\/product"}],"replies":[{"embeddable":true,"href":"https:\/\/poudresdenarco.com\/sv\/wp-json\/wp\/v2\/comments?post=4456"}],"wp:featuredmedia":[{"embeddable":true,"href":"https:\/\/poudresdenarco.com\/sv\/wp-json\/wp\/v2\/media\/4523"}],"wp:attachment":[{"href":"https:\/\/poudresdenarco.com\/sv\/wp-json\/wp\/v2\/media?parent=4456"}],"wp:term":[{"taxonomy":"product_cat","embeddable":true,"href":"https:\/\/poudresdenarco.com\/sv\/wp-json\/wp\/v2\/product_cat?post=4456"},{"taxonomy":"product_tag","embeddable":true,"href":"https:\/\/poudresdenarco.com\/sv\/wp-json\/wp\/v2\/product_tag?post=4456"}],"curies":[{"name":"wp","href":"https:\/\/api.w.org\/{rel}","templated":true}]}}