{"id":4457,"date":"2024-01-02T10:54:03","date_gmt":"2024-01-02T10:54:03","guid":{"rendered":"https:\/\/unkrautmarkt.com\/narco1\/?post_type=product&#038;p=4457"},"modified":"2025-06-08T23:15:41","modified_gmt":"2025-06-08T23:15:41","slug":"amnesie-jelly-hash","status":"publish","type":"product","link":"https:\/\/poudresdenarco.com\/sv\/produkt\/amnesi-gele-hasch\/","title":{"rendered":"Amnesi gel\u00e9 hasch"},"content":{"rendered":"<h2><strong><span style=\"vertical-align: inherit;\"><span style=\"vertical-align: inherit;\">K\u00f6p Amnesia Jelly Hash Online<\/span><\/span><\/strong><\/h2>\n<h3><strong><span style=\"vertical-align: inherit;\"><span style=\"vertical-align: inherit;\">V\u00c5R H\u00d6GSTA KVALITET CBD-HASH<\/span><\/span><\/strong><\/h3>\n<ul>\n<li><span style=\"vertical-align: inherit;\"><span style=\"vertical-align: inherit;\">Mycket starka tallterpener.<\/span><\/span><\/li>\n<li><span style=\"vertical-align: inherit;\"><span style=\"vertical-align: inherit;\">Sativa terpener.<\/span><\/span><\/li>\n<li><span style=\"vertical-align: inherit;\"><span style=\"vertical-align: inherit;\">Mycket h\u00f6gt CBD-inneh\u00e5ll<\/span><\/span><\/li>\n<li><span style=\"vertical-align: inherit;\"><span style=\"vertical-align: inherit;\">Ekologiskt, GMO-fritt, bek\u00e4mpningsmedelsfritt<\/span><\/span><\/li>\n<li><span style=\"vertical-align: inherit;\"><span style=\"vertical-align: inherit;\">L\u00e4cker smak<\/span><\/span><\/li>\n<li><span style=\"vertical-align: inherit;\"><span style=\"vertical-align: inherit;\">100% hampa framst\u00e4lld<\/span><\/span><\/li>\n<\/ul>\n<p><span style=\"vertical-align: inherit;\"><span style=\"vertical-align: inherit;\">Inomhus, direkt ur kloningsgarderoben, uttrycker Amnesia Haze stora sativa-drag och tenderar att str\u00e4cka sig betydligt, s\u00e4rskilt under 12-timmars ljusf\u00f6rh\u00e5llanden.<\/span><\/span><\/p>\n<p><span style=\"vertical-align: inherit;\"><span style=\"vertical-align: inherit;\">Amnesia Haze f\u00f6redrar att bli v\u00e4lmatad, men den kan snabbt hamna i den giftiga zonen, precis som m\u00e5nga andra sativa. D\u00e4rf\u00f6r \u00e4r det l\u00e4mpligt att vara f\u00f6rsiktig n\u00e4r man m\u00e4ter n\u00e4rings\u00e4mnen.<\/span><\/span><\/p>\n<p><span style=\"vertical-align: inherit;\"><span style=\"vertical-align: inherit;\">N\u00e4r blommorna \u00e4r i s\u00e4song \u00e4r det verkligen ett spel av t\u00e5lamod. Det kan ta tolv veckor f\u00f6r de l\u00e5nga knopparna med tunna blad att \u00f6ppna sig helt. Vissa kr\u00e4vande egenskaper kan ta tjugo!<\/span><\/span><\/p>\n<p><span style=\"vertical-align: inherit;\"><span style=\"vertical-align: inherit;\">V\u00e4xterna v\u00e4xer l\u00e5ngsamt, men n\u00e4r de g\u00f6r det producerar de en tillfredsst\u00e4llande t\u00e4t och vackert kristalliserad produkt som v\u00e4ger 600g\/m\u00b2 under 600W belysning. biotillg\u00e4nglighet. Det \u00e4r allt som finns! Kolla in v\u00e5r fullst\u00e4ndiga guide om hur du anv\u00e4nder v\u00e5r CBD-hash h\u00e4r.<\/span><\/span><\/p>","protected":false},"excerpt":{"rendered":"<p>Buy Amnesia Jelly Hash Online OUR HIGHEST QUALITY CBD HASH Very strong pine terpenes. Sativa terpenes. Very high CBD content Organic, GMO-free, pesticide-free Delicious flavor 100% hemp derived Indoors, right out of the cloning closet, Amnesia Haze expresses major sativa traits and tends to stretch significantly, especially under 12-hour lighting conditions. Amnesia Haze prefers to&hellip;<\/p>","protected":false},"featured_media":4529,"comment_status":"open","ping_status":"closed","template":"","meta":{"_joinchat":[]},"product_cat":[474],"product_tag":[],"class_list":{"0":"post-4457","1":"product","2":"type-product","3":"status-publish","4":"has-post-thumbnail","6":"product_cat-haschisch","8":"first","9":"instock","10":"shipping-taxable","11":"purchasable","12":"product-type-variable","13":"col-xs-6 col-sm-4","14":"col-md-3 col-lg-3","15":"un-4-cols"},"yoast_head":"<!-- This site is optimized with the Yoast SEO plugin v23.8 - https:\/\/yoast.com\/wordpress\/plugins\/seo\/ -->\n<title>Amnesia Jelly Hash \u00e0 vendre - Acheter Amnesia Jelly Hash en ligne<\/title>\n<meta name=\"description\" content=\"Achetez Amnesia Jelly Hash en vente dans l&#039;une des meilleures boutiques en ligne PoudresDenarco. Nous vous aiderons \u00e0 acheter Amnesia Jelly Hash en ligne de haute qualit\u00e9. Ne tardez pas \u00e0 passer votre commande et profitez des derni\u00e8res r\u00e9ductions !\" \/>\n<meta name=\"robots\" content=\"index, follow, max-snippet:-1, max-image-preview:large, max-video-preview:-1\" \/>\n<link rel=\"canonical\" href=\"https:\/\/poudresdenarco.com\/sv\/produkt\/amnesi-gele-hasch\/\" \/>\n<meta property=\"og:locale\" content=\"sv_SE\" \/>\n<meta property=\"og:type\" content=\"article\" \/>\n<meta property=\"og:title\" content=\"Amnesia Jelly Hash \u00e0 vendre - Acheter Amnesia Jelly Hash en ligne\" \/>\n<meta property=\"og:description\" content=\"Achetez Amnesia Jelly Hash en vente dans l&#039;une des meilleures boutiques en ligne PoudresDenarco. Nous vous aiderons \u00e0 acheter Amnesia Jelly Hash en ligne de haute qualit\u00e9. Ne tardez pas \u00e0 passer votre commande et profitez des derni\u00e8res r\u00e9ductions !\" \/>\n<meta property=\"og:url\" content=\"https:\/\/poudresdenarco.com\/sv\/produkt\/amnesi-gele-hasch\/\" \/>\n<meta property=\"og:site_name\" content=\"Poudresde Narco\" \/>\n<meta property=\"article:modified_time\" content=\"2025-06-08T23:15:41+00:00\" \/>\n<meta property=\"og:image\" content=\"https:\/\/poudresdenarco.com\/wp-content\/uploads\/2024\/01\/AMNESIA-JELLY-HASH-1.jpg\" \/>\n\t<meta property=\"og:image:width\" content=\"600\" \/>\n\t<meta property=\"og:image:height\" content=\"600\" \/>\n\t<meta property=\"og:image:type\" content=\"image\/jpeg\" \/>\n<meta name=\"twitter:card\" content=\"summary_large_image\" \/>\n<meta name=\"twitter:label1\" content=\"Ber\u00e4knad l\u00e4stid\" \/>\n\t<meta name=\"twitter:data1\" content=\"1 minut\" \/>\n<script type=\"application\/ld+json\" class=\"yoast-schema-graph\">{\"@context\":\"https:\/\/schema.org\",\"@graph\":[{\"@type\":\"WebPage\",\"@id\":\"https:\/\/poudresdenarco.com\/produit\/amnesie-jelly-hash\/\",\"url\":\"https:\/\/poudresdenarco.com\/produit\/amnesie-jelly-hash\/\",\"name\":\"Amnesia Jelly Hash \u00e0 vendre - Acheter Amnesia Jelly Hash en ligne\",\"isPartOf\":{\"@id\":\"https:\/\/poudresdenarco.com\/#website\"},\"primaryImageOfPage\":{\"@id\":\"https:\/\/poudresdenarco.com\/produit\/amnesie-jelly-hash\/#primaryimage\"},\"image\":{\"@id\":\"https:\/\/poudresdenarco.com\/produit\/amnesie-jelly-hash\/#primaryimage\"},\"thumbnailUrl\":\"https:\/\/poudresdenarco.com\/wp-content\/uploads\/2024\/01\/AMNESIA-JELLY-HASH-1.jpg\",\"datePublished\":\"2024-01-02T10:54:03+00:00\",\"dateModified\":\"2025-06-08T23:15:41+00:00\",\"description\":\"Achetez Amnesia Jelly Hash en vente dans l'une des meilleures boutiques en ligne PoudresDenarco. Nous vous aiderons \u00e0 acheter Amnesia Jelly Hash en ligne de haute qualit\u00e9. Ne tardez pas \u00e0 passer votre commande et profitez des derni\u00e8res r\u00e9ductions !\",\"breadcrumb\":{\"@id\":\"https:\/\/poudresdenarco.com\/produit\/amnesie-jelly-hash\/#breadcrumb\"},\"inLanguage\":\"sv-SE\",\"potentialAction\":[{\"@type\":\"ReadAction\",\"target\":[\"https:\/\/poudresdenarco.com\/produit\/amnesie-jelly-hash\/\"]}]},{\"@type\":\"ImageObject\",\"inLanguage\":\"sv-SE\",\"@id\":\"https:\/\/poudresdenarco.com\/produit\/amnesie-jelly-hash\/#primaryimage\",\"url\":\"https:\/\/poudresdenarco.com\/wp-content\/uploads\/2024\/01\/AMNESIA-JELLY-HASH-1.jpg\",\"contentUrl\":\"https:\/\/poudresdenarco.com\/wp-content\/uploads\/2024\/01\/AMNESIA-JELLY-HASH-1.jpg\",\"width\":600,\"height\":600,\"caption\":\"Achetez AMNESIA-JELLY-HASH en ligne\"},{\"@type\":\"BreadcrumbList\",\"@id\":\"https:\/\/poudresdenarco.com\/produit\/amnesie-jelly-hash\/#breadcrumb\",\"itemListElement\":[{\"@type\":\"ListItem\",\"position\":1,\"name\":\"Home\",\"item\":\"https:\/\/poudresdenarco.com\/\"},{\"@type\":\"ListItem\",\"position\":2,\"name\":\"Boutique\",\"item\":\"https:\/\/poudresdenarco.com\/boutique\/\"},{\"@type\":\"ListItem\",\"position\":3,\"name\":\"Amn\u00e9sie Jelly Hash\"}]},{\"@type\":\"WebSite\",\"@id\":\"https:\/\/poudresdenarco.com\/#website\",\"url\":\"https:\/\/poudresdenarco.com\/\",\"name\":\"Poudresde Narco\",\"description\":\"Acheter de la coca\u00efne et de l&#039;h\u00e9ro\u00efne en ligne\",\"potentialAction\":[{\"@type\":\"SearchAction\",\"target\":{\"@type\":\"EntryPoint\",\"urlTemplate\":\"https:\/\/poudresdenarco.com\/?s={search_term_string}\"},\"query-input\":{\"@type\":\"PropertyValueSpecification\",\"valueRequired\":true,\"valueName\":\"search_term_string\"}}],\"inLanguage\":\"sv-SE\"}]}<\/script>\n<!-- \/ Yoast SEO plugin. -->","yoast_head_json":{"title":"Amnesia Jelly Hash \u00e0 vendre - Acheter Amnesia Jelly Hash en ligne","description":"Achetez Amnesia Jelly Hash en vente dans l'une des meilleures boutiques en ligne PoudresDenarco. Nous vous aiderons \u00e0 acheter Amnesia Jelly Hash en ligne de haute qualit\u00e9. Ne tardez pas \u00e0 passer votre commande et profitez des derni\u00e8res r\u00e9ductions !","robots":{"index":"index","follow":"follow","max-snippet":"max-snippet:-1","max-image-preview":"max-image-preview:large","max-video-preview":"max-video-preview:-1"},"canonical":"https:\/\/poudresdenarco.com\/sv\/produkt\/amnesi-gele-hasch\/","og_locale":"sv_SE","og_type":"article","og_title":"Amnesia Jelly Hash \u00e0 vendre - Acheter Amnesia Jelly Hash en ligne","og_description":"Achetez Amnesia Jelly Hash en vente dans l'une des meilleures boutiques en ligne PoudresDenarco. Nous vous aiderons \u00e0 acheter Amnesia Jelly Hash en ligne de haute qualit\u00e9. Ne tardez pas \u00e0 passer votre commande et profitez des derni\u00e8res r\u00e9ductions !","og_url":"https:\/\/poudresdenarco.com\/sv\/produkt\/amnesi-gele-hasch\/","og_site_name":"Poudresde Narco","article_modified_time":"2025-06-08T23:15:41+00:00","og_image":[{"width":600,"height":600,"url":"https:\/\/poudresdenarco.com\/wp-content\/uploads\/2024\/01\/AMNESIA-JELLY-HASH-1.jpg","type":"image\/jpeg"}],"twitter_card":"summary_large_image","twitter_misc":{"Ber\u00e4knad l\u00e4stid":"1 minut"},"schema":{"@context":"https:\/\/schema.org","@graph":[{"@type":"WebPage","@id":"https:\/\/poudresdenarco.com\/produit\/amnesie-jelly-hash\/","url":"https:\/\/poudresdenarco.com\/produit\/amnesie-jelly-hash\/","name":"Amnesia Jelly Hash \u00e0 vendre - Acheter Amnesia Jelly Hash en ligne","isPartOf":{"@id":"https:\/\/poudresdenarco.com\/#website"},"primaryImageOfPage":{"@id":"https:\/\/poudresdenarco.com\/produit\/amnesie-jelly-hash\/#primaryimage"},"image":{"@id":"https:\/\/poudresdenarco.com\/produit\/amnesie-jelly-hash\/#primaryimage"},"thumbnailUrl":"https:\/\/poudresdenarco.com\/wp-content\/uploads\/2024\/01\/AMNESIA-JELLY-HASH-1.jpg","datePublished":"2024-01-02T10:54:03+00:00","dateModified":"2025-06-08T23:15:41+00:00","description":"Achetez Amnesia Jelly Hash en vente dans l'une des meilleures boutiques en ligne PoudresDenarco. Nous vous aiderons \u00e0 acheter Amnesia Jelly Hash en ligne de haute qualit\u00e9. Ne tardez pas \u00e0 passer votre commande et profitez des derni\u00e8res r\u00e9ductions !","breadcrumb":{"@id":"https:\/\/poudresdenarco.com\/produit\/amnesie-jelly-hash\/#breadcrumb"},"inLanguage":"sv-SE","potentialAction":[{"@type":"ReadAction","target":["https:\/\/poudresdenarco.com\/produit\/amnesie-jelly-hash\/"]}]},{"@type":"ImageObject","inLanguage":"sv-SE","@id":"https:\/\/poudresdenarco.com\/produit\/amnesie-jelly-hash\/#primaryimage","url":"https:\/\/poudresdenarco.com\/wp-content\/uploads\/2024\/01\/AMNESIA-JELLY-HASH-1.jpg","contentUrl":"https:\/\/poudresdenarco.com\/wp-content\/uploads\/2024\/01\/AMNESIA-JELLY-HASH-1.jpg","width":600,"height":600,"caption":"Achetez AMNESIA-JELLY-HASH en ligne"},{"@type":"BreadcrumbList","@id":"https:\/\/poudresdenarco.com\/produit\/amnesie-jelly-hash\/#breadcrumb","itemListElement":[{"@type":"ListItem","position":1,"name":"Home","item":"https:\/\/poudresdenarco.com\/"},{"@type":"ListItem","position":2,"name":"Boutique","item":"https:\/\/poudresdenarco.com\/boutique\/"},{"@type":"ListItem","position":3,"name":"Amn\u00e9sie Jelly Hash"}]},{"@type":"WebSite","@id":"https:\/\/poudresdenarco.com\/#website","url":"https:\/\/poudresdenarco.com\/","name":"Poudresde Narco","description":"Acheter de la coca\u00efne et de l&#039;h\u00e9ro\u00efne en ligne","potentialAction":[{"@type":"SearchAction","target":{"@type":"EntryPoint","urlTemplate":"https:\/\/poudresdenarco.com\/?s={search_term_string}"},"query-input":{"@type":"PropertyValueSpecification","valueRequired":true,"valueName":"search_term_string"}}],"inLanguage":"sv-SE"}]}},"_links":{"self":[{"href":"https:\/\/poudresdenarco.com\/sv\/wp-json\/wp\/v2\/product\/4457","targetHints":{"allow":["GET"]}}],"collection":[{"href":"https:\/\/poudresdenarco.com\/sv\/wp-json\/wp\/v2\/product"}],"about":[{"href":"https:\/\/poudresdenarco.com\/sv\/wp-json\/wp\/v2\/types\/product"}],"replies":[{"embeddable":true,"href":"https:\/\/poudresdenarco.com\/sv\/wp-json\/wp\/v2\/comments?post=4457"}],"wp:featuredmedia":[{"embeddable":true,"href":"https:\/\/poudresdenarco.com\/sv\/wp-json\/wp\/v2\/media\/4529"}],"wp:attachment":[{"href":"https:\/\/poudresdenarco.com\/sv\/wp-json\/wp\/v2\/media?parent=4457"}],"wp:term":[{"taxonomy":"product_cat","embeddable":true,"href":"https:\/\/poudresdenarco.com\/sv\/wp-json\/wp\/v2\/product_cat?post=4457"},{"taxonomy":"product_tag","embeddable":true,"href":"https:\/\/poudresdenarco.com\/sv\/wp-json\/wp\/v2\/product_tag?post=4457"}],"curies":[{"name":"wp","href":"https:\/\/api.w.org\/{rel}","templated":true}]}}