{"id":4459,"date":"2024-01-02T10:58:31","date_gmt":"2024-01-02T10:58:31","guid":{"rendered":"https:\/\/unkrautmarkt.com\/narco1\/?post_type=product&#038;p=4459"},"modified":"2025-04-05T23:33:57","modified_gmt":"2025-04-05T23:33:57","slug":"fendi-et-hachage","status":"publish","type":"product","link":"https:\/\/poudresdenarco.com\/sv\/produkt\/fendi-och-huggning\/","title":{"rendered":"Fendi AND Hachage"},"content":{"rendered":"<h2><strong><span style=\"vertical-align: inherit;\"><span style=\"vertical-align: inherit;\">K\u00f6p Fendi OG Hash online<\/span><\/span><\/strong><\/h2>\n<p><span style=\"vertical-align: inherit;\"><span style=\"vertical-align: inherit;\">Best\u00e4ll Fendi Hashing Online i Europa Fendi Hash i Europa till salu Var i Europa kan jag f\u00e5 Fendi Hash online? Skaffa Fendi Hash online i Storbritannien. Letar du efter h\u00f6gkvalitativ hash som enkelt kan levereras direkt till din d\u00f6rr? Bes\u00f6k bara Buy My Weed Online. V\u00e4lj bland ett brett urval av afghansk och marockansk hash av AAAAA- och AAAA-klass genom att bl\u00e4ddra i v\u00e5rt apotek. Det \u00e4r nu enklare \u00e4n n\u00e5gonsin att k\u00f6pa hash online. H\u00e4r \u00e4r din guide till denna unika typ av cannabisprodukt om du \u00e4r ny p\u00e5 att k\u00f6pa cannabis online och de olika typerna av marijuanaprodukter som \u00e4r tillg\u00e4ngliga f\u00f6r dig. L\u00e4r dig vad hash \u00e4r och hur du anv\u00e4nder det i din dagliga cannabiskur.<\/span><\/span><\/p>\n<p><span style=\"vertical-align: inherit;\"><span style=\"vertical-align: inherit;\">Det \u00e4r viktigt att f\u00f6rst\u00e5 vad hash faktiskt \u00e4r, hur det relaterar till cannabis och hur det skiljer sig fr\u00e5n andra marijuanaprodukter innan du g\u00f6r ett onlinek\u00f6p. Hash, som \u00e4r en f\u00f6rkortning f\u00f6r \"hasch\", \u00e4r ett cannabiskoncentrat som produceras genom destillering av hartset fr\u00e5n en marijuanav\u00e4xt. Detta uppn\u00e5s genom att sk\u00e4ra trikomerna, eller hartsk\u00f6rtlarna, fr\u00e5n blommorna p\u00e5 en cannabisv\u00e4xt. De f\u00f6reningar som tros ge marijuanaprodukter deras distinkta egenskaper och egenskaper, terpener och cannabinoider, finns i de h\u00f6gsta koncentrationerna i dessa trikomer. Hash har en anm\u00e4rkningsv\u00e4rd f\u00f6rm\u00e5ga att ge cannabisanv\u00e4ndare kraftfulla euforiska och terapeutiska effekter p\u00e5 grund av dess h\u00f6ga koncentration av terpener och cannabinoider. Fendi ET Hachage<\/span><\/span><\/p>\n<p><span style=\"vertical-align: inherit;\"><span style=\"vertical-align: inherit;\">Hash har alltid varit en klassiker och \u00e4r fortfarande en av de mest popul\u00e4ra typerna. Det finns f\u00f6r n\u00e4rvarande hundratals cannabiskoncentrat tillg\u00e4ngliga. Hash, som k\u00e4nnetecknas av sitt solida, svarta, tegelliknande utseende, v\u00e4ljs ofta ut av cannabisentusiaster som letar efter en starkare produkt \u00e4n blommor.<\/span><\/span><\/p>\n<p><span style=\"vertical-align: inherit;\"><span style=\"vertical-align: inherit;\">Hash \u00e4r ett mycket kraftfullt och m\u00e5ngsidigt \u00e4mne som kan anv\u00e4ndas p\u00e5 m\u00e5nga unika, njutbara och kreativa s\u00e4tt. Men att r\u00f6ka det i en sk\u00e5l eller joint f\u00f6rblir den traditionella metoden.<\/span><\/span><\/p>\n<p><span style=\"vertical-align: inherit;\"><span style=\"vertical-align: inherit;\">Best\u00e4ll Fendi Hash Online i Europa Fendi Hash i Europa till salu Var i Europa kan jag f\u00e5 Fendi Hash online? Fendi Hash K\u00f6p online p\u00e5 svenska<\/span><\/span><\/p>\n<p><span style=\"vertical-align: inherit;\"><span style=\"vertical-align: inherit;\">Vi rekommenderar starkt att kombinera din hash med n\u00e5gra torra \u00f6rter om du planerar att r\u00f6ka den i en joint. Eftersom enbart hasch inte brinner s\u00e4rskilt effektivt och det \u00e4r osannolikt att du f\u00e5r de \u00f6nskade resultaten, beh\u00f6ver du mer av det.<\/span><\/span><\/p>\n<p><span style=\"vertical-align: inherit;\"><span style=\"vertical-align: inherit;\">Att r\u00f6ka det i en joint \u00e4r enkelt. Rulla f\u00f6rst en lite mindre full fog, f\u00f6rbered sedan lite hash att smula s\u00f6nder och njuta av. Cannabisen kommer att brinna j\u00e4mnt och hashens THC-rika effekter b\u00f6rjar tr\u00e4da i kraft strax efter. K\u00f6p Fendi ET Hachage Online\u00a0<\/span><\/span><\/p>\n<p><span style=\"vertical-align: inherit;\"><span style=\"vertical-align: inherit;\">P\u00e5 samma s\u00e4tt kan du r\u00f6ka hash i en sk\u00e5l genom att helt enkelt str\u00f6 den \u00f6ver tobak eller knoppar som redan h\u00e4llts i sk\u00e5len. T\u00e4nd din sk\u00e5l, ta en sm\u00e4ll och b\u00f6rja helt enkelt njuta av de f\u00f6rb\u00e4ttrade f\u00f6rdelarna med hasch och cannabis tillsammans.<\/span><\/span><\/p>","protected":false},"excerpt":{"rendered":"<p>Buy Fendi OG Hash online Order Fendi Hashing Online in Europe Fendi Hash in Europe for Sale Where in Europe can I get Fendi Hash online? Get Fendi Hash online in the UK. Are you looking to find high-quality hash that can be easily delivered straight to your door? Just visit Buy My Weed Online.&hellip;<\/p>","protected":false},"featured_media":4530,"comment_status":"open","ping_status":"closed","template":"","meta":{"_joinchat":[]},"product_cat":[474],"product_tag":[],"class_list":{"0":"post-4459","1":"product","2":"type-product","3":"status-publish","4":"has-post-thumbnail","6":"product_cat-haschisch","8":"first","9":"instock","10":"shipping-taxable","11":"purchasable","12":"product-type-variable","13":"col-xs-6 col-sm-4","14":"col-md-3 col-lg-3","15":"un-4-cols"},"yoast_head":"<!-- This site is optimized with the Yoast SEO plugin v23.8 - https:\/\/yoast.com\/wordpress\/plugins\/seo\/ -->\n<title>Acheter Fendi et Hash en ligne - Fendi et Hash \u00e0 vendre | PD<\/title>\n<meta name=\"description\" content=\"D\u00e9couvrez les produits Fendi et Hash de premier ordre en vente dans notre boutique en ligne - achetez Fendi et Hash de mani\u00e8re pratique et s\u00e9curis\u00e9e pour alimenter vos recherches. Explorez et commandez Fendi et Hash en ligne, faisant progresser vos efforts scientifiques en toute simplicit\u00e9. Commandez maintenant !\" \/>\n<meta name=\"robots\" content=\"index, follow, max-snippet:-1, max-image-preview:large, max-video-preview:-1\" \/>\n<link rel=\"canonical\" href=\"https:\/\/poudresdenarco.com\/sv\/produkt\/fendi-och-huggning\/\" \/>\n<meta property=\"og:locale\" content=\"sv_SE\" \/>\n<meta property=\"og:type\" content=\"article\" \/>\n<meta property=\"og:title\" content=\"Acheter Fendi et Hash en ligne - Fendi et Hash \u00e0 vendre | PD\" \/>\n<meta property=\"og:description\" content=\"D\u00e9couvrez les produits Fendi et Hash de premier ordre en vente dans notre boutique en ligne - achetez Fendi et Hash de mani\u00e8re pratique et s\u00e9curis\u00e9e pour alimenter vos recherches. Explorez et commandez Fendi et Hash en ligne, faisant progresser vos efforts scientifiques en toute simplicit\u00e9. Commandez maintenant !\" \/>\n<meta property=\"og:url\" content=\"https:\/\/poudresdenarco.com\/sv\/produkt\/fendi-och-huggning\/\" \/>\n<meta property=\"og:site_name\" content=\"Poudresde Narco\" \/>\n<meta property=\"article:modified_time\" content=\"2025-04-05T23:33:57+00:00\" \/>\n<meta property=\"og:image\" content=\"https:\/\/poudresdenarco.com\/wp-content\/uploads\/2024\/01\/FENDI-OG-HASH.jpg\" \/>\n\t<meta property=\"og:image:width\" content=\"600\" \/>\n\t<meta property=\"og:image:height\" content=\"600\" \/>\n\t<meta property=\"og:image:type\" content=\"image\/jpeg\" \/>\n<meta name=\"twitter:card\" content=\"summary_large_image\" \/>\n<meta name=\"twitter:label1\" content=\"Ber\u00e4knad l\u00e4stid\" \/>\n\t<meta name=\"twitter:data1\" content=\"3 minuter\" \/>\n<script type=\"application\/ld+json\" class=\"yoast-schema-graph\">{\"@context\":\"https:\/\/schema.org\",\"@graph\":[{\"@type\":\"WebPage\",\"@id\":\"https:\/\/poudresdenarco.com\/produit\/fendi-et-hachage\/\",\"url\":\"https:\/\/poudresdenarco.com\/produit\/fendi-et-hachage\/\",\"name\":\"Acheter Fendi et Hash en ligne - Fendi et Hash \u00e0 vendre | PD\",\"isPartOf\":{\"@id\":\"https:\/\/poudresdenarco.com\/#website\"},\"primaryImageOfPage\":{\"@id\":\"https:\/\/poudresdenarco.com\/produit\/fendi-et-hachage\/#primaryimage\"},\"image\":{\"@id\":\"https:\/\/poudresdenarco.com\/produit\/fendi-et-hachage\/#primaryimage\"},\"thumbnailUrl\":\"https:\/\/poudresdenarco.com\/wp-content\/uploads\/2024\/01\/FENDI-OG-HASH.jpg\",\"datePublished\":\"2024-01-02T10:58:31+00:00\",\"dateModified\":\"2025-04-05T23:33:57+00:00\",\"description\":\"D\u00e9couvrez les produits Fendi et Hash de premier ordre en vente dans notre boutique en ligne - achetez Fendi et Hash de mani\u00e8re pratique et s\u00e9curis\u00e9e pour alimenter vos recherches. Explorez et commandez Fendi et Hash en ligne, faisant progresser vos efforts scientifiques en toute simplicit\u00e9. Commandez maintenant !\",\"breadcrumb\":{\"@id\":\"https:\/\/poudresdenarco.com\/produit\/fendi-et-hachage\/#breadcrumb\"},\"inLanguage\":\"sv-SE\",\"potentialAction\":[{\"@type\":\"ReadAction\",\"target\":[\"https:\/\/poudresdenarco.com\/produit\/fendi-et-hachage\/\"]}]},{\"@type\":\"ImageObject\",\"inLanguage\":\"sv-SE\",\"@id\":\"https:\/\/poudresdenarco.com\/produit\/fendi-et-hachage\/#primaryimage\",\"url\":\"https:\/\/poudresdenarco.com\/wp-content\/uploads\/2024\/01\/FENDI-OG-HASH.jpg\",\"contentUrl\":\"https:\/\/poudresdenarco.com\/wp-content\/uploads\/2024\/01\/FENDI-OG-HASH.jpg\",\"width\":600,\"height\":600,\"caption\":\"Achetez FENDI-AND-HASH en ligne\"},{\"@type\":\"BreadcrumbList\",\"@id\":\"https:\/\/poudresdenarco.com\/produit\/fendi-et-hachage\/#breadcrumb\",\"itemListElement\":[{\"@type\":\"ListItem\",\"position\":1,\"name\":\"Home\",\"item\":\"https:\/\/poudresdenarco.com\/\"},{\"@type\":\"ListItem\",\"position\":2,\"name\":\"Boutique\",\"item\":\"https:\/\/poudresdenarco.com\/boutique\/\"},{\"@type\":\"ListItem\",\"position\":3,\"name\":\"Fendi ET Hachage\"}]},{\"@type\":\"WebSite\",\"@id\":\"https:\/\/poudresdenarco.com\/#website\",\"url\":\"https:\/\/poudresdenarco.com\/\",\"name\":\"Poudresde Narco\",\"description\":\"Acheter de la coca\u00efne et de l&#039;h\u00e9ro\u00efne en ligne\",\"potentialAction\":[{\"@type\":\"SearchAction\",\"target\":{\"@type\":\"EntryPoint\",\"urlTemplate\":\"https:\/\/poudresdenarco.com\/?s={search_term_string}\"},\"query-input\":{\"@type\":\"PropertyValueSpecification\",\"valueRequired\":true,\"valueName\":\"search_term_string\"}}],\"inLanguage\":\"sv-SE\"}]}<\/script>\n<!-- \/ Yoast SEO plugin. -->","yoast_head_json":{"title":"Acheter Fendi et Hash en ligne - Fendi et Hash \u00e0 vendre | PD","description":"D\u00e9couvrez les produits Fendi et Hash de premier ordre en vente dans notre boutique en ligne - achetez Fendi et Hash de mani\u00e8re pratique et s\u00e9curis\u00e9e pour alimenter vos recherches. Explorez et commandez Fendi et Hash en ligne, faisant progresser vos efforts scientifiques en toute simplicit\u00e9. Commandez maintenant !","robots":{"index":"index","follow":"follow","max-snippet":"max-snippet:-1","max-image-preview":"max-image-preview:large","max-video-preview":"max-video-preview:-1"},"canonical":"https:\/\/poudresdenarco.com\/sv\/produkt\/fendi-och-huggning\/","og_locale":"sv_SE","og_type":"article","og_title":"Acheter Fendi et Hash en ligne - Fendi et Hash \u00e0 vendre | PD","og_description":"D\u00e9couvrez les produits Fendi et Hash de premier ordre en vente dans notre boutique en ligne - achetez Fendi et Hash de mani\u00e8re pratique et s\u00e9curis\u00e9e pour alimenter vos recherches. Explorez et commandez Fendi et Hash en ligne, faisant progresser vos efforts scientifiques en toute simplicit\u00e9. Commandez maintenant !","og_url":"https:\/\/poudresdenarco.com\/sv\/produkt\/fendi-och-huggning\/","og_site_name":"Poudresde Narco","article_modified_time":"2025-04-05T23:33:57+00:00","og_image":[{"width":600,"height":600,"url":"https:\/\/poudresdenarco.com\/wp-content\/uploads\/2024\/01\/FENDI-OG-HASH.jpg","type":"image\/jpeg"}],"twitter_card":"summary_large_image","twitter_misc":{"Ber\u00e4knad l\u00e4stid":"3 minuter"},"schema":{"@context":"https:\/\/schema.org","@graph":[{"@type":"WebPage","@id":"https:\/\/poudresdenarco.com\/produit\/fendi-et-hachage\/","url":"https:\/\/poudresdenarco.com\/produit\/fendi-et-hachage\/","name":"Acheter Fendi et Hash en ligne - Fendi et Hash \u00e0 vendre | PD","isPartOf":{"@id":"https:\/\/poudresdenarco.com\/#website"},"primaryImageOfPage":{"@id":"https:\/\/poudresdenarco.com\/produit\/fendi-et-hachage\/#primaryimage"},"image":{"@id":"https:\/\/poudresdenarco.com\/produit\/fendi-et-hachage\/#primaryimage"},"thumbnailUrl":"https:\/\/poudresdenarco.com\/wp-content\/uploads\/2024\/01\/FENDI-OG-HASH.jpg","datePublished":"2024-01-02T10:58:31+00:00","dateModified":"2025-04-05T23:33:57+00:00","description":"D\u00e9couvrez les produits Fendi et Hash de premier ordre en vente dans notre boutique en ligne - achetez Fendi et Hash de mani\u00e8re pratique et s\u00e9curis\u00e9e pour alimenter vos recherches. Explorez et commandez Fendi et Hash en ligne, faisant progresser vos efforts scientifiques en toute simplicit\u00e9. Commandez maintenant !","breadcrumb":{"@id":"https:\/\/poudresdenarco.com\/produit\/fendi-et-hachage\/#breadcrumb"},"inLanguage":"sv-SE","potentialAction":[{"@type":"ReadAction","target":["https:\/\/poudresdenarco.com\/produit\/fendi-et-hachage\/"]}]},{"@type":"ImageObject","inLanguage":"sv-SE","@id":"https:\/\/poudresdenarco.com\/produit\/fendi-et-hachage\/#primaryimage","url":"https:\/\/poudresdenarco.com\/wp-content\/uploads\/2024\/01\/FENDI-OG-HASH.jpg","contentUrl":"https:\/\/poudresdenarco.com\/wp-content\/uploads\/2024\/01\/FENDI-OG-HASH.jpg","width":600,"height":600,"caption":"Achetez FENDI-AND-HASH en ligne"},{"@type":"BreadcrumbList","@id":"https:\/\/poudresdenarco.com\/produit\/fendi-et-hachage\/#breadcrumb","itemListElement":[{"@type":"ListItem","position":1,"name":"Home","item":"https:\/\/poudresdenarco.com\/"},{"@type":"ListItem","position":2,"name":"Boutique","item":"https:\/\/poudresdenarco.com\/boutique\/"},{"@type":"ListItem","position":3,"name":"Fendi ET Hachage"}]},{"@type":"WebSite","@id":"https:\/\/poudresdenarco.com\/#website","url":"https:\/\/poudresdenarco.com\/","name":"Poudresde Narco","description":"Acheter de la coca\u00efne et de l&#039;h\u00e9ro\u00efne en ligne","potentialAction":[{"@type":"SearchAction","target":{"@type":"EntryPoint","urlTemplate":"https:\/\/poudresdenarco.com\/?s={search_term_string}"},"query-input":{"@type":"PropertyValueSpecification","valueRequired":true,"valueName":"search_term_string"}}],"inLanguage":"sv-SE"}]}},"_links":{"self":[{"href":"https:\/\/poudresdenarco.com\/sv\/wp-json\/wp\/v2\/product\/4459","targetHints":{"allow":["GET"]}}],"collection":[{"href":"https:\/\/poudresdenarco.com\/sv\/wp-json\/wp\/v2\/product"}],"about":[{"href":"https:\/\/poudresdenarco.com\/sv\/wp-json\/wp\/v2\/types\/product"}],"replies":[{"embeddable":true,"href":"https:\/\/poudresdenarco.com\/sv\/wp-json\/wp\/v2\/comments?post=4459"}],"wp:featuredmedia":[{"embeddable":true,"href":"https:\/\/poudresdenarco.com\/sv\/wp-json\/wp\/v2\/media\/4530"}],"wp:attachment":[{"href":"https:\/\/poudresdenarco.com\/sv\/wp-json\/wp\/v2\/media?parent=4459"}],"wp:term":[{"taxonomy":"product_cat","embeddable":true,"href":"https:\/\/poudresdenarco.com\/sv\/wp-json\/wp\/v2\/product_cat?post=4459"},{"taxonomy":"product_tag","embeddable":true,"href":"https:\/\/poudresdenarco.com\/sv\/wp-json\/wp\/v2\/product_tag?post=4459"}],"curies":[{"name":"wp","href":"https:\/\/api.w.org\/{rel}","templated":true}]}}