{"id":4484,"date":"2024-01-02T11:23:10","date_gmt":"2024-01-02T11:23:10","guid":{"rendered":"https:\/\/unkrautmarkt.com\/narco1\/?post_type=product&#038;p=4484"},"modified":"2024-11-10T11:54:37","modified_gmt":"2024-11-10T11:54:37","slug":"zero-zero-pollen","status":"publish","type":"product","link":"https:\/\/poudresdenarco.com\/sv\/produkt\/noll-noll-pollen\/","title":{"rendered":"Noll Noll Pollen"},"content":{"rendered":"<h2><strong>K\u00f6p Zero Zero Pollen online<\/strong><\/h2>\n<p><strong>PRODUKTEN<\/strong> : Double Zero kommer fr\u00e5n den f\u00f6rsta siktningen av v\u00e4xterna och \u00e4r en premiumhasch. Detta m\u00f6jligg\u00f6r ett h\u00f6gt CBD-inneh\u00e5ll och ger en mycket behaglig munk\u00e4nsla. N\u00e4r den v\u00e4rms upp f\u00f6rsiktigt med en t\u00e4ndare kommer den l\u00e4tt att smulas s\u00f6nder, vilket g\u00f6r den enkel att inf\u00f6rliva i din blandning. Den \u00e4r perfekt f\u00f6r att varva ner och varva ner efter en l\u00e5ng dag p\u00e5 jobbet.<\/p>\n<h3><strong>VARUM\u00c4RKE<\/strong><\/h3>\n<p>Den exceptionella designen p\u00e5 den nyligen lanserade Hash-Gang-kollektionen, tillsammans med den \u00f6verl\u00e4gsna kvaliteten p\u00e5 inneh\u00e5llet i p\u00e5sen, kommer att \u00f6vertyga dig. F\u00f6r att tillfredsst\u00e4lla \u00e4ven de mest kr\u00e4vande konsumenterna identifierar v\u00e5r pollen- och extraktionsspecialist de b\u00e4sta formerna av hasch och hartser. <a href=\"https:\/\/poudresdenarco.com\/sv\/produkt\/noll-noll-pollen\/\">K\u00f6p Zero Zero Pollen online<\/a><\/p>\n<h3><strong>Haschg\u00e4ng<\/strong><\/h3>\n<p>Vi litar p\u00e5 hasch!<\/p>\n<p>Noll Noll<\/p>\n<p>Zero Zero \u00e4r en av de mest k\u00e4nda haschvarianterna i Europa, p\u00e5 grund av dess konsistens och smak. Den \u00e4r fin och mild och p\u00e5minner om hemlagad Kiev eller isad hasch.<\/p>\n<p>Den \u00e4r m\u00f6rkare och oljigare \u00e4n den typiska marockanska haschen, med hj\u00e4lp av mycket fint pollen och \u00e4kta cannabisterpener har den skapat en mycket popul\u00e4r och prisv\u00e4rd stam. Den har en h\u00e4rlig kr\u00e4mig smak och \u00e4r trevlig och smidig.<\/p>\n<h3><strong>Fakta i \u00e4rendet:<\/strong><\/h3>\n<ul>\n<li>% CBD totalt -10 %<\/li>\n<li>THC &lt; 0,01 %<\/li>\n<li>Europeiska<\/li>\n<li>Icke psykoaktiv<\/li>\n<li>EU-lagstiftning<\/li>\n<\/ul>","protected":false},"excerpt":{"rendered":"<p>Acheter Zero Zero Pollen en ligne LE PRODUIT : Double Zero est issu du premier tamisage des plantes et est un Haschisch premium. Cela permet une teneur \u00e9lev\u00e9e en CBD et laisse une sensation en bouche tr\u00e8s agr\u00e9able. Lorsqu&rsquo;il est chauff\u00e9 doucement avec un briquet, il s&rsquo;effritera facilement, ce qui le rendra simple \u00e0 incorporer&hellip;<\/p>","protected":false},"featured_media":4540,"comment_status":"open","ping_status":"closed","template":"","meta":{"_joinchat":[]},"product_cat":[474],"product_tag":[],"class_list":{"0":"post-4484","1":"product","2":"type-product","3":"status-publish","4":"has-post-thumbnail","6":"product_cat-haschisch","8":"first","9":"instock","10":"shipping-taxable","11":"purchasable","12":"product-type-variable","13":"col-xs-6 col-sm-4","14":"col-md-3 col-lg-3","15":"un-4-cols"},"yoast_head":"<!-- This site is optimized with the Yoast SEO plugin v23.8 - https:\/\/yoast.com\/wordpress\/plugins\/seo\/ -->\n<title>Achetez Zero Zero Pollen en ligne - Zero Zero Pollen \u00e0 vendre<\/title>\n<meta name=\"description\" content=\"Vous souhaitez approfondir vos recherches ? Achetez Zero Zero Pollen de mani\u00e8re pratique et s\u00e9curis\u00e9e en ligne, avec un processus de commande simple pour Zero Pollen \u00e0 vendre. Explorez les possibilit\u00e9s et achetez Zero Zero Pollen en ligne pour vos efforts de recherche d\u00e8s aujourd&#039;hui.\" \/>\n<meta name=\"robots\" content=\"index, follow, max-snippet:-1, max-image-preview:large, max-video-preview:-1\" \/>\n<link rel=\"canonical\" href=\"https:\/\/poudresdenarco.com\/sv\/produkt\/noll-noll-pollen\/\" \/>\n<meta property=\"og:locale\" content=\"sv_SE\" \/>\n<meta property=\"og:type\" content=\"article\" \/>\n<meta property=\"og:title\" content=\"Achetez Zero Zero Pollen en ligne - Zero Zero Pollen \u00e0 vendre\" \/>\n<meta property=\"og:description\" content=\"Vous souhaitez approfondir vos recherches ? Achetez Zero Zero Pollen de mani\u00e8re pratique et s\u00e9curis\u00e9e en ligne, avec un processus de commande simple pour Zero Pollen \u00e0 vendre. Explorez les possibilit\u00e9s et achetez Zero Zero Pollen en ligne pour vos efforts de recherche d\u00e8s aujourd&#039;hui.\" \/>\n<meta property=\"og:url\" content=\"https:\/\/poudresdenarco.com\/sv\/produkt\/noll-noll-pollen\/\" \/>\n<meta property=\"og:site_name\" content=\"Poudresde Narco\" \/>\n<meta property=\"article:modified_time\" content=\"2024-11-10T11:54:37+00:00\" \/>\n<meta property=\"og:image\" content=\"https:\/\/poudresdenarco.com\/wp-content\/uploads\/2024\/01\/ZERO-ZERO-POLLEN.jpg\" \/>\n\t<meta property=\"og:image:width\" content=\"600\" \/>\n\t<meta property=\"og:image:height\" content=\"600\" \/>\n\t<meta property=\"og:image:type\" content=\"image\/jpeg\" \/>\n<meta name=\"twitter:card\" content=\"summary_large_image\" \/>\n<meta name=\"twitter:label1\" content=\"Ber\u00e4knad l\u00e4stid\" \/>\n\t<meta name=\"twitter:data1\" content=\"2 minuter\" \/>\n<script type=\"application\/ld+json\" class=\"yoast-schema-graph\">{\"@context\":\"https:\/\/schema.org\",\"@graph\":[{\"@type\":\"WebPage\",\"@id\":\"https:\/\/poudresdenarco.com\/produit\/zero-zero-pollen\/\",\"url\":\"https:\/\/poudresdenarco.com\/produit\/zero-zero-pollen\/\",\"name\":\"Achetez Zero Zero Pollen en ligne - Zero Zero Pollen \u00e0 vendre\",\"isPartOf\":{\"@id\":\"https:\/\/poudresdenarco.com\/#website\"},\"primaryImageOfPage\":{\"@id\":\"https:\/\/poudresdenarco.com\/produit\/zero-zero-pollen\/#primaryimage\"},\"image\":{\"@id\":\"https:\/\/poudresdenarco.com\/produit\/zero-zero-pollen\/#primaryimage\"},\"thumbnailUrl\":\"https:\/\/poudresdenarco.com\/wp-content\/uploads\/2024\/01\/ZERO-ZERO-POLLEN.jpg\",\"datePublished\":\"2024-01-02T11:23:10+00:00\",\"dateModified\":\"2024-11-10T11:54:37+00:00\",\"description\":\"Vous souhaitez approfondir vos recherches ? Achetez Zero Zero Pollen de mani\u00e8re pratique et s\u00e9curis\u00e9e en ligne, avec un processus de commande simple pour Zero Pollen \u00e0 vendre. Explorez les possibilit\u00e9s et achetez Zero Zero Pollen en ligne pour vos efforts de recherche d\u00e8s aujourd'hui.\",\"breadcrumb\":{\"@id\":\"https:\/\/poudresdenarco.com\/produit\/zero-zero-pollen\/#breadcrumb\"},\"inLanguage\":\"sv-SE\",\"potentialAction\":[{\"@type\":\"ReadAction\",\"target\":[\"https:\/\/poudresdenarco.com\/produit\/zero-zero-pollen\/\"]}]},{\"@type\":\"ImageObject\",\"inLanguage\":\"sv-SE\",\"@id\":\"https:\/\/poudresdenarco.com\/produit\/zero-zero-pollen\/#primaryimage\",\"url\":\"https:\/\/poudresdenarco.com\/wp-content\/uploads\/2024\/01\/ZERO-ZERO-POLLEN.jpg\",\"contentUrl\":\"https:\/\/poudresdenarco.com\/wp-content\/uploads\/2024\/01\/ZERO-ZERO-POLLEN.jpg\",\"width\":600,\"height\":600,\"caption\":\"ZERO-ZERO-POLLEN\"},{\"@type\":\"BreadcrumbList\",\"@id\":\"https:\/\/poudresdenarco.com\/produit\/zero-zero-pollen\/#breadcrumb\",\"itemListElement\":[{\"@type\":\"ListItem\",\"position\":1,\"name\":\"Home\",\"item\":\"https:\/\/poudresdenarco.com\/\"},{\"@type\":\"ListItem\",\"position\":2,\"name\":\"Boutique\",\"item\":\"https:\/\/poudresdenarco.com\/boutique\/\"},{\"@type\":\"ListItem\",\"position\":3,\"name\":\"Z\u00e9ro Z\u00e9ro Pollen\"}]},{\"@type\":\"WebSite\",\"@id\":\"https:\/\/poudresdenarco.com\/#website\",\"url\":\"https:\/\/poudresdenarco.com\/\",\"name\":\"Poudresde Narco\",\"description\":\"Acheter de la coca\u00efne et de l&#039;h\u00e9ro\u00efne en ligne\",\"potentialAction\":[{\"@type\":\"SearchAction\",\"target\":{\"@type\":\"EntryPoint\",\"urlTemplate\":\"https:\/\/poudresdenarco.com\/?s={search_term_string}\"},\"query-input\":{\"@type\":\"PropertyValueSpecification\",\"valueRequired\":true,\"valueName\":\"search_term_string\"}}],\"inLanguage\":\"sv-SE\"}]}<\/script>\n<!-- \/ Yoast SEO plugin. -->","yoast_head_json":{"title":"Achetez Zero Zero Pollen en ligne - Zero Zero Pollen \u00e0 vendre","description":"Vous souhaitez approfondir vos recherches ? Achetez Zero Zero Pollen de mani\u00e8re pratique et s\u00e9curis\u00e9e en ligne, avec un processus de commande simple pour Zero Pollen \u00e0 vendre. Explorez les possibilit\u00e9s et achetez Zero Zero Pollen en ligne pour vos efforts de recherche d\u00e8s aujourd'hui.","robots":{"index":"index","follow":"follow","max-snippet":"max-snippet:-1","max-image-preview":"max-image-preview:large","max-video-preview":"max-video-preview:-1"},"canonical":"https:\/\/poudresdenarco.com\/sv\/produkt\/noll-noll-pollen\/","og_locale":"sv_SE","og_type":"article","og_title":"Achetez Zero Zero Pollen en ligne - Zero Zero Pollen \u00e0 vendre","og_description":"Vous souhaitez approfondir vos recherches ? Achetez Zero Zero Pollen de mani\u00e8re pratique et s\u00e9curis\u00e9e en ligne, avec un processus de commande simple pour Zero Pollen \u00e0 vendre. Explorez les possibilit\u00e9s et achetez Zero Zero Pollen en ligne pour vos efforts de recherche d\u00e8s aujourd'hui.","og_url":"https:\/\/poudresdenarco.com\/sv\/produkt\/noll-noll-pollen\/","og_site_name":"Poudresde Narco","article_modified_time":"2024-11-10T11:54:37+00:00","og_image":[{"width":600,"height":600,"url":"https:\/\/poudresdenarco.com\/wp-content\/uploads\/2024\/01\/ZERO-ZERO-POLLEN.jpg","type":"image\/jpeg"}],"twitter_card":"summary_large_image","twitter_misc":{"Ber\u00e4knad l\u00e4stid":"2 minuter"},"schema":{"@context":"https:\/\/schema.org","@graph":[{"@type":"WebPage","@id":"https:\/\/poudresdenarco.com\/produit\/zero-zero-pollen\/","url":"https:\/\/poudresdenarco.com\/produit\/zero-zero-pollen\/","name":"Achetez Zero Zero Pollen en ligne - Zero Zero Pollen \u00e0 vendre","isPartOf":{"@id":"https:\/\/poudresdenarco.com\/#website"},"primaryImageOfPage":{"@id":"https:\/\/poudresdenarco.com\/produit\/zero-zero-pollen\/#primaryimage"},"image":{"@id":"https:\/\/poudresdenarco.com\/produit\/zero-zero-pollen\/#primaryimage"},"thumbnailUrl":"https:\/\/poudresdenarco.com\/wp-content\/uploads\/2024\/01\/ZERO-ZERO-POLLEN.jpg","datePublished":"2024-01-02T11:23:10+00:00","dateModified":"2024-11-10T11:54:37+00:00","description":"Vous souhaitez approfondir vos recherches ? Achetez Zero Zero Pollen de mani\u00e8re pratique et s\u00e9curis\u00e9e en ligne, avec un processus de commande simple pour Zero Pollen \u00e0 vendre. Explorez les possibilit\u00e9s et achetez Zero Zero Pollen en ligne pour vos efforts de recherche d\u00e8s aujourd'hui.","breadcrumb":{"@id":"https:\/\/poudresdenarco.com\/produit\/zero-zero-pollen\/#breadcrumb"},"inLanguage":"sv-SE","potentialAction":[{"@type":"ReadAction","target":["https:\/\/poudresdenarco.com\/produit\/zero-zero-pollen\/"]}]},{"@type":"ImageObject","inLanguage":"sv-SE","@id":"https:\/\/poudresdenarco.com\/produit\/zero-zero-pollen\/#primaryimage","url":"https:\/\/poudresdenarco.com\/wp-content\/uploads\/2024\/01\/ZERO-ZERO-POLLEN.jpg","contentUrl":"https:\/\/poudresdenarco.com\/wp-content\/uploads\/2024\/01\/ZERO-ZERO-POLLEN.jpg","width":600,"height":600,"caption":"ZERO-ZERO-POLLEN"},{"@type":"BreadcrumbList","@id":"https:\/\/poudresdenarco.com\/produit\/zero-zero-pollen\/#breadcrumb","itemListElement":[{"@type":"ListItem","position":1,"name":"Home","item":"https:\/\/poudresdenarco.com\/"},{"@type":"ListItem","position":2,"name":"Boutique","item":"https:\/\/poudresdenarco.com\/boutique\/"},{"@type":"ListItem","position":3,"name":"Z\u00e9ro Z\u00e9ro Pollen"}]},{"@type":"WebSite","@id":"https:\/\/poudresdenarco.com\/#website","url":"https:\/\/poudresdenarco.com\/","name":"Poudresde Narco","description":"Acheter de la coca\u00efne et de l&#039;h\u00e9ro\u00efne en ligne","potentialAction":[{"@type":"SearchAction","target":{"@type":"EntryPoint","urlTemplate":"https:\/\/poudresdenarco.com\/?s={search_term_string}"},"query-input":{"@type":"PropertyValueSpecification","valueRequired":true,"valueName":"search_term_string"}}],"inLanguage":"sv-SE"}]}},"_links":{"self":[{"href":"https:\/\/poudresdenarco.com\/sv\/wp-json\/wp\/v2\/product\/4484","targetHints":{"allow":["GET"]}}],"collection":[{"href":"https:\/\/poudresdenarco.com\/sv\/wp-json\/wp\/v2\/product"}],"about":[{"href":"https:\/\/poudresdenarco.com\/sv\/wp-json\/wp\/v2\/types\/product"}],"replies":[{"embeddable":true,"href":"https:\/\/poudresdenarco.com\/sv\/wp-json\/wp\/v2\/comments?post=4484"}],"wp:featuredmedia":[{"embeddable":true,"href":"https:\/\/poudresdenarco.com\/sv\/wp-json\/wp\/v2\/media\/4540"}],"wp:attachment":[{"href":"https:\/\/poudresdenarco.com\/sv\/wp-json\/wp\/v2\/media?parent=4484"}],"wp:term":[{"taxonomy":"product_cat","embeddable":true,"href":"https:\/\/poudresdenarco.com\/sv\/wp-json\/wp\/v2\/product_cat?post=4484"},{"taxonomy":"product_tag","embeddable":true,"href":"https:\/\/poudresdenarco.com\/sv\/wp-json\/wp\/v2\/product_tag?post=4484"}],"curies":[{"name":"wp","href":"https:\/\/api.w.org\/{rel}","templated":true}]}}