{"id":4754,"date":"2024-10-16T11:01:47","date_gmt":"2024-10-16T11:01:47","guid":{"rendered":"https:\/\/poudresdenarco.com\/?post_type=product&#038;p=4754"},"modified":"2024-12-23T10:09:24","modified_gmt":"2024-12-23T10:09:24","slug":"2-fa","status":"publish","type":"product","link":"https:\/\/poudresdenarco.com\/sv\/produkt\/2-fa\/","title":{"rendered":"2-FA"},"content":{"rendered":"<h2>K\u00f6p 2-FA hydroklorid online<\/h2>\n<p>V\u00e4lkommen till poudresdenarco, din p\u00e5litliga k\u00e4lla f\u00f6r att k\u00f6pa hydroklorid. <a href=\"https:\/\/poudresdenarco.com\/sv\/produkt\/2-fa\/\">2-FA<\/a> online. Som \u00e4gare av poudresdenarco \u00e4r vi stolta \u00f6ver att erbjuda forskare produkter av h\u00f6gsta kvalitet och exceptionell kundservice. I den h\u00e4r artikeln kommer vi att dela de \u00f6vertygande sk\u00e4len till varf\u00f6r du ska v\u00e4lja poudresdenarco f\u00f6r att k\u00f6pa 2-FA hydroklorid, samt f\u00f6rs\u00e4kran om att vi erbjuder v\u00e4rldsomsp\u00e4nnande frakt f\u00f6r att m\u00f6ta behoven hos forskare \u00f6ver hela v\u00e4rlden.<\/p>\n<h3>Produkter av h\u00f6gsta kvalitet :<\/h3>\n<p>Vid <a href=\"https:\/\/poudresdenarco.com\/sv\/\">poudresdenarco<\/a>Som tillverkare av forskningskemikalier l\u00e4gger vi h\u00f6gsta prioritet p\u00e5 kvaliteten p\u00e5 v\u00e5ra produkter. V\u00e5r 2-FA-hydroklorid genomg\u00e5r rigor\u00f6sa kvalitetskontroll\u00e5tg\u00e4rder f\u00f6r att s\u00e4kerst\u00e4lla renhet, konsistens och korrekt dosering. Vi arbetar med v\u00e4lrenommerade tillverkare och leverant\u00f6rer f\u00f6r att endast f\u00e5 kemikalier av h\u00f6gsta kvalitet, s\u00e5 att forskare kan genomf\u00f6ra sina experiment med tillf\u00f6rsikt. N\u00e4r du k\u00f6per 2-FA-hydroklorid fr\u00e5n poudresdenarco kan du vara s\u00e4ker p\u00e5 att du f\u00e5r en produkt av h\u00f6gsta kvalitet.<a href=\"https:\/\/poudresdenarco.com\/sv\/produkt\/1p-lsd\/\">.<\/a><\/p>\n<h3>Omfattande urval av forskningskemikalier :<\/h3>\n<p>poudresdenarco erbjuder ett brett urval av forskningskemikalier f\u00f6r att m\u00f6ta forskarnas olika behov. V\u00e5r onlinebutik erbjuder ett brett utbud av h\u00f6gkvalitativa \u00e4mnen, inklusive <a href=\"https:\/\/en.wikipedia.org\/wiki\/Multi-factor_authentication\">2-FA<\/a>. Oavsett om du studerar l\u00e4kemedel, kemi eller andra vetenskapliga omr\u00e5den, str\u00e4var vi efter att vara din enda kontaktpunkt f\u00f6r alla dina behov av forskningskemikalier. Utforska v\u00e5r samling och uppt\u00e4ck sp\u00e4nnande m\u00f6jligheter f\u00f6r din forskning.<\/p>\n<h4><strong>K\u00f6p 2-FA med h\u00f6g renhet f\u00f6r forskning - Narco Powders<\/strong><\/h4>\n<p>Poudres de Narco \u00e4r din p\u00e5litliga leverant\u00f6r av <strong>2-FA forskningskvalitet<\/strong>utformad exklusivt f\u00f6r <strong>laboratorie- och vetenskapliga till\u00e4mpningar<\/strong>. V\u00e5r 2-FA tillverkas enligt rigor\u00f6sa standarder f\u00f6r renhet och kvalitet, vilket s\u00e4kerst\u00e4ller tillf\u00f6rlitliga resultat f\u00f6r yrkesverksamma inom kemi och farmakologi.<\/p>\n<h3>Varf\u00f6r v\u00e4lja 2-FA de Poudres de Narco?<\/h3>\n<p>Som <strong>leverant\u00f6r av 2-FA f\u00f6r forskning<\/strong>Poudres de Narco har \u00e5tagit sig att tillhandah\u00e5lla en produkt som uppfyller de h\u00f6gsta kvalitets- och s\u00e4kerhetsstandarderna:<\/p>\n<ul>\n<li><strong>Certifierad renhet<\/strong> Varje sats av 2-FA testas noggrant f\u00f6r att garantera maximal renhet, vilket \u00e4r avg\u00f6rande f\u00f6r vetenskapliga experiment.<\/li>\n<li><strong>Konstant kvalitet<\/strong> V\u00e5r 2-FA \u00e4r tillverkad f\u00f6r att ge stabila, exakta resultat som uppfyller laboratoriets krav.<\/li>\n<li><strong>S\u00e4ker onlinebest\u00e4llning<\/strong> : Vi g\u00f6r det enklare att<strong>ink\u00f6p av 2-FA f\u00f6r vetenskapliga till\u00e4mpningar<\/strong>med en s\u00e4ker och kompatibel best\u00e4llningsplattform.<\/li>\n<\/ul>\n<h3>Till\u00e4mpningar och s\u00e4kerhetsinstruktioner<\/h3>\n<p>Le <strong>2-FA<\/strong> de Poudres de Narco anv\u00e4nds i en rad olika laboratorieforskningssammanhang. F\u00f6r att s\u00e4kerst\u00e4lla s\u00e4ker och korrekt anv\u00e4ndning tillhandah\u00e5ller vi hanterings- och f\u00f6rvaringsprotokoll:<\/p>\n<ul>\n<li><strong>S\u00e4ker f\u00f6rvaring<\/strong> F\u00f6rvara 2-FA svalt, torrt och skyddat fr\u00e5n direkt ljus.<\/li>\n<li><strong>Hantering<\/strong> Anv\u00e4nd personlig skyddsutrustning (PPE) och arbeta i en v\u00e4l ventilerad milj\u00f6.<\/li>\n<li><strong>Anv\u00e4ndningen \u00e4r strikt reserverad f\u00f6r forskning<\/strong> Den h\u00e4r produkten \u00e4r avsedd f\u00f6r forskare som arbetar i kontrollerade milj\u00f6er.<\/li>\n<\/ul>\n<h3>Best\u00e4ll 2-FA av h\u00f6g kvalitet f\u00f6r dina forskningsstudier<\/h3>\n<p>Poudres de Narco \u00e4r det perfekta valet f\u00f6r en <strong>tillg\u00e5ng till h\u00f6gkvalitativ 2-FA<\/strong> f\u00f6r forskning. <strong>Kontakta oss<\/strong> f\u00f6r en offert eller f\u00f6r mer information om v\u00e5ra produkter och tj\u00e4nster f\u00f6r vetenskapliga till\u00e4mpningar.<\/p>\n<p>&nbsp;<\/p>","protected":false},"excerpt":{"rendered":"<p>Acheter du chlorhydrate de 2-FA en ligne Bienvenue chez poudresdenarco, votre source fiable pour acheter du chlorhydrate de 2-FA en ligne. En tant que propri\u00e9taire de poudresdenarco, nous sommes fiers d&rsquo;offrir aux chercheurs des produits de la plus haute qualit\u00e9 et un service client exceptionnel. Dans cet article, nous partagerons les raisons convaincantes pour lesquelles&hellip;<\/p>","protected":false},"featured_media":6151,"comment_status":"open","ping_status":"closed","template":"","meta":{"_joinchat":[]},"product_cat":[558,751],"product_tag":[],"class_list":{"0":"post-4754","1":"product","2":"type-product","3":"status-publish","4":"has-post-thumbnail","6":"product_cat-chimiques-de-recherche","7":"product_cat-stimulants","9":"first","10":"instock","11":"shipping-taxable","12":"purchasable","13":"product-type-variable","14":"col-xs-6 col-sm-4","15":"col-md-3 col-lg-3","16":"un-4-cols"},"yoast_head":"<!-- This site is optimized with the Yoast SEO plugin v23.8 - https:\/\/yoast.com\/wordpress\/plugins\/seo\/ -->\n<title>Acheter 2-FA de Qualit\u00e9 pour la Recherche | Poudres de Narco<\/title>\n<meta name=\"description\" content=\"Fournisseur de 2-FA pour applications scientifiques. Puret\u00e9 garantie pour la recherche en laboratoire chez Poudres de Narco.\" \/>\n<meta name=\"robots\" content=\"index, follow, max-snippet:-1, max-image-preview:large, max-video-preview:-1\" \/>\n<link rel=\"canonical\" href=\"https:\/\/poudresdenarco.com\/sv\/produkt\/2-fa\/\" \/>\n<meta property=\"og:locale\" content=\"sv_SE\" \/>\n<meta property=\"og:type\" content=\"article\" \/>\n<meta property=\"og:title\" content=\"Acheter 2-FA de Qualit\u00e9 pour la Recherche | Poudres de Narco\" \/>\n<meta property=\"og:description\" content=\"Fournisseur de 2-FA pour applications scientifiques. Puret\u00e9 garantie pour la recherche en laboratoire chez Poudres de Narco.\" \/>\n<meta property=\"og:url\" content=\"https:\/\/poudresdenarco.com\/sv\/produkt\/2-fa\/\" \/>\n<meta property=\"og:site_name\" content=\"Poudresde Narco\" \/>\n<meta property=\"article:modified_time\" content=\"2024-12-23T10:09:24+00:00\" \/>\n<meta property=\"og:image\" content=\"https:\/\/poudresdenarco.com\/wp-content\/uploads\/2024\/10\/2-FA.gif\" \/>\n\t<meta property=\"og:image:width\" content=\"600\" \/>\n\t<meta property=\"og:image:height\" content=\"600\" \/>\n\t<meta property=\"og:image:type\" content=\"image\/gif\" \/>\n<meta name=\"twitter:card\" content=\"summary_large_image\" \/>\n<meta name=\"twitter:label1\" content=\"Ber\u00e4knad l\u00e4stid\" \/>\n\t<meta name=\"twitter:data1\" content=\"3 minuter\" \/>\n<script type=\"application\/ld+json\" class=\"yoast-schema-graph\">{\"@context\":\"https:\/\/schema.org\",\"@graph\":[{\"@type\":\"WebPage\",\"@id\":\"https:\/\/poudresdenarco.com\/produit\/2-fa\/\",\"url\":\"https:\/\/poudresdenarco.com\/produit\/2-fa\/\",\"name\":\"Acheter 2-FA de Qualit\u00e9 pour la Recherche | Poudres de Narco\",\"isPartOf\":{\"@id\":\"https:\/\/poudresdenarco.com\/#website\"},\"primaryImageOfPage\":{\"@id\":\"https:\/\/poudresdenarco.com\/produit\/2-fa\/#primaryimage\"},\"image\":{\"@id\":\"https:\/\/poudresdenarco.com\/produit\/2-fa\/#primaryimage\"},\"thumbnailUrl\":\"https:\/\/poudresdenarco.com\/wp-content\/uploads\/2024\/10\/2-FA.gif\",\"datePublished\":\"2024-10-16T11:01:47+00:00\",\"dateModified\":\"2024-12-23T10:09:24+00:00\",\"description\":\"Fournisseur de 2-FA pour applications scientifiques. Puret\u00e9 garantie pour la recherche en laboratoire chez Poudres de Narco.\",\"breadcrumb\":{\"@id\":\"https:\/\/poudresdenarco.com\/produit\/2-fa\/#breadcrumb\"},\"inLanguage\":\"sv-SE\",\"potentialAction\":[{\"@type\":\"ReadAction\",\"target\":[\"https:\/\/poudresdenarco.com\/produit\/2-fa\/\"]}]},{\"@type\":\"ImageObject\",\"inLanguage\":\"sv-SE\",\"@id\":\"https:\/\/poudresdenarco.com\/produit\/2-fa\/#primaryimage\",\"url\":\"https:\/\/poudresdenarco.com\/wp-content\/uploads\/2024\/10\/2-FA.gif\",\"contentUrl\":\"https:\/\/poudresdenarco.com\/wp-content\/uploads\/2024\/10\/2-FA.gif\",\"width\":600,\"height\":600,\"caption\":\"2-FA\"},{\"@type\":\"BreadcrumbList\",\"@id\":\"https:\/\/poudresdenarco.com\/produit\/2-fa\/#breadcrumb\",\"itemListElement\":[{\"@type\":\"ListItem\",\"position\":1,\"name\":\"Home\",\"item\":\"https:\/\/poudresdenarco.com\/\"},{\"@type\":\"ListItem\",\"position\":2,\"name\":\"Boutique\",\"item\":\"https:\/\/poudresdenarco.com\/boutique\/\"},{\"@type\":\"ListItem\",\"position\":3,\"name\":\"2-FA\"}]},{\"@type\":\"WebSite\",\"@id\":\"https:\/\/poudresdenarco.com\/#website\",\"url\":\"https:\/\/poudresdenarco.com\/\",\"name\":\"Poudresde Narco\",\"description\":\"Acheter de la coca\u00efne et de l&#039;h\u00e9ro\u00efne en ligne\",\"potentialAction\":[{\"@type\":\"SearchAction\",\"target\":{\"@type\":\"EntryPoint\",\"urlTemplate\":\"https:\/\/poudresdenarco.com\/?s={search_term_string}\"},\"query-input\":{\"@type\":\"PropertyValueSpecification\",\"valueRequired\":true,\"valueName\":\"search_term_string\"}}],\"inLanguage\":\"sv-SE\"}]}<\/script>\n<!-- \/ Yoast SEO plugin. -->","yoast_head_json":{"title":"Acheter 2-FA de Qualit\u00e9 pour la Recherche | Poudres de Narco","description":"Fournisseur de 2-FA pour applications scientifiques. Puret\u00e9 garantie pour la recherche en laboratoire chez Poudres de Narco.","robots":{"index":"index","follow":"follow","max-snippet":"max-snippet:-1","max-image-preview":"max-image-preview:large","max-video-preview":"max-video-preview:-1"},"canonical":"https:\/\/poudresdenarco.com\/sv\/produkt\/2-fa\/","og_locale":"sv_SE","og_type":"article","og_title":"Acheter 2-FA de Qualit\u00e9 pour la Recherche | Poudres de Narco","og_description":"Fournisseur de 2-FA pour applications scientifiques. Puret\u00e9 garantie pour la recherche en laboratoire chez Poudres de Narco.","og_url":"https:\/\/poudresdenarco.com\/sv\/produkt\/2-fa\/","og_site_name":"Poudresde Narco","article_modified_time":"2024-12-23T10:09:24+00:00","og_image":[{"width":600,"height":600,"url":"https:\/\/poudresdenarco.com\/wp-content\/uploads\/2024\/10\/2-FA.gif","type":"image\/gif"}],"twitter_card":"summary_large_image","twitter_misc":{"Ber\u00e4knad l\u00e4stid":"3 minuter"},"schema":{"@context":"https:\/\/schema.org","@graph":[{"@type":"WebPage","@id":"https:\/\/poudresdenarco.com\/produit\/2-fa\/","url":"https:\/\/poudresdenarco.com\/produit\/2-fa\/","name":"Acheter 2-FA de Qualit\u00e9 pour la Recherche | Poudres de Narco","isPartOf":{"@id":"https:\/\/poudresdenarco.com\/#website"},"primaryImageOfPage":{"@id":"https:\/\/poudresdenarco.com\/produit\/2-fa\/#primaryimage"},"image":{"@id":"https:\/\/poudresdenarco.com\/produit\/2-fa\/#primaryimage"},"thumbnailUrl":"https:\/\/poudresdenarco.com\/wp-content\/uploads\/2024\/10\/2-FA.gif","datePublished":"2024-10-16T11:01:47+00:00","dateModified":"2024-12-23T10:09:24+00:00","description":"Fournisseur de 2-FA pour applications scientifiques. Puret\u00e9 garantie pour la recherche en laboratoire chez Poudres de Narco.","breadcrumb":{"@id":"https:\/\/poudresdenarco.com\/produit\/2-fa\/#breadcrumb"},"inLanguage":"sv-SE","potentialAction":[{"@type":"ReadAction","target":["https:\/\/poudresdenarco.com\/produit\/2-fa\/"]}]},{"@type":"ImageObject","inLanguage":"sv-SE","@id":"https:\/\/poudresdenarco.com\/produit\/2-fa\/#primaryimage","url":"https:\/\/poudresdenarco.com\/wp-content\/uploads\/2024\/10\/2-FA.gif","contentUrl":"https:\/\/poudresdenarco.com\/wp-content\/uploads\/2024\/10\/2-FA.gif","width":600,"height":600,"caption":"2-FA"},{"@type":"BreadcrumbList","@id":"https:\/\/poudresdenarco.com\/produit\/2-fa\/#breadcrumb","itemListElement":[{"@type":"ListItem","position":1,"name":"Home","item":"https:\/\/poudresdenarco.com\/"},{"@type":"ListItem","position":2,"name":"Boutique","item":"https:\/\/poudresdenarco.com\/boutique\/"},{"@type":"ListItem","position":3,"name":"2-FA"}]},{"@type":"WebSite","@id":"https:\/\/poudresdenarco.com\/#website","url":"https:\/\/poudresdenarco.com\/","name":"Poudresde Narco","description":"Acheter de la coca\u00efne et de l&#039;h\u00e9ro\u00efne en ligne","potentialAction":[{"@type":"SearchAction","target":{"@type":"EntryPoint","urlTemplate":"https:\/\/poudresdenarco.com\/?s={search_term_string}"},"query-input":{"@type":"PropertyValueSpecification","valueRequired":true,"valueName":"search_term_string"}}],"inLanguage":"sv-SE"}]}},"_links":{"self":[{"href":"https:\/\/poudresdenarco.com\/sv\/wp-json\/wp\/v2\/product\/4754","targetHints":{"allow":["GET"]}}],"collection":[{"href":"https:\/\/poudresdenarco.com\/sv\/wp-json\/wp\/v2\/product"}],"about":[{"href":"https:\/\/poudresdenarco.com\/sv\/wp-json\/wp\/v2\/types\/product"}],"replies":[{"embeddable":true,"href":"https:\/\/poudresdenarco.com\/sv\/wp-json\/wp\/v2\/comments?post=4754"}],"wp:featuredmedia":[{"embeddable":true,"href":"https:\/\/poudresdenarco.com\/sv\/wp-json\/wp\/v2\/media\/6151"}],"wp:attachment":[{"href":"https:\/\/poudresdenarco.com\/sv\/wp-json\/wp\/v2\/media?parent=4754"}],"wp:term":[{"taxonomy":"product_cat","embeddable":true,"href":"https:\/\/poudresdenarco.com\/sv\/wp-json\/wp\/v2\/product_cat?post=4754"},{"taxonomy":"product_tag","embeddable":true,"href":"https:\/\/poudresdenarco.com\/sv\/wp-json\/wp\/v2\/product_tag?post=4754"}],"curies":[{"name":"wp","href":"https:\/\/api.w.org\/{rel}","templated":true}]}}