{"id":4755,"date":"2024-10-16T11:03:16","date_gmt":"2024-10-16T11:03:16","guid":{"rendered":"https:\/\/poudresdenarco.com\/?post_type=product&#038;p=4755"},"modified":"2024-12-23T10:05:08","modified_gmt":"2024-12-23T10:05:08","slug":"2-fma","status":"publish","type":"product","link":"https:\/\/poudresdenarco.com\/sv\/produkt\/2-fma\/","title":{"rendered":"2-FMA"},"content":{"rendered":"<h2>K\u00f6p 2-FMA hydroklorid online<\/h2>\n<p>H\u00e4lsningar fr\u00e5n poudresdenarco, din p\u00e5litliga online-\u00e5terf\u00f6rs\u00e4ljare av <a href=\"https:\/\/poudresdenarco.com\/sv\/produkt\/2-fma\/\">2-FMA<\/a>. Som \u00e4gare av poudresdenarco \u00e4r vi mycket stolta \u00f6ver att f\u00f6rse forskare med de b\u00e4sta leveranserna och st\u00f6det. I den h\u00e4r artikeln kommer vi att diskutera de starka argumenten f\u00f6r varf\u00f6r du ska k\u00f6pa 2-FA hydroklorid fr\u00e5n poudresdenarco och garantera att vi erbjuder internationell leverans f\u00f6r att m\u00f6ta behoven hos akademiker \u00f6ver hela v\u00e4rlden.<\/p>\n<h3>Produkter av h\u00f6gsta kvalitet:<\/h3>\n<p>Kvaliteten p\u00e5 v\u00e5ra forskningskemikalier \u00e4r v\u00e5r h\u00f6gsta prioritet p\u00e5 <a href=\"https:\/\/poudresdenarco.com\/sv\/\">poudresdenarco<\/a>. Strikta kvalitetskontrollf\u00f6rfaranden anv\u00e4nds p\u00e5 v\u00e5r 2-FMA-hydroklorid f\u00f6r att s\u00e4kerst\u00e4lla dess renhet, konsistens och korrekt dosering. Vi f\u00e5r endast kemikalier av h\u00f6gsta kvalitet genom v\u00e5ra partnerskap med p\u00e5litliga tillverkare och leverant\u00f6rer, vilket ger forskare f\u00f6rtroende f\u00f6r att utf\u00f6ra sina tester. K\u00f6p 2-FA hydroklorid fr\u00e5n<\/p>\n<h3>Du kan vara s\u00e4ker p\u00e5 att poudresdenarco kommer att skicka dig en h\u00f6gkvalitativ produkt.<\/h3>\n<h3>Komplett urval av forskningskemikalier:<\/h3>\n<p>F\u00f6r att m\u00f6ta forskarnas olika behov erbjuder poudresdenarco ett brett sortiment av forskningskemikalier. Vi erbjuder ett brett urval av toppmoderna produkter i v\u00e5r onlinebutik, bland annat <a href=\"https:\/\/en.wikipedia.org\/wiki\/2-Fluoromethamphetamine\">2-FMA<\/a>. Vi vill vara din one-stop-shop f\u00f6r alla dina behov av forskningskemikalier, oavsett om du studerar kemi, l\u00e4kemedel eller andra vetenskapliga \u00e4mnen. Utforska v\u00e5r samling f\u00f6r att hitta fascinerande studiem\u00f6jligheter.<\/p>\n<p><strong>K\u00f6p 2-FMA med h\u00f6g renhet f\u00f6r forskning - Narco Powders<\/strong><\/p>\n<p>Poudres de Narco-erbjudanden <strong>H\u00f6gkvalitativ 2-FMA<\/strong>reserverad f\u00f6r <strong>till\u00e4mpningar f\u00f6r laboratorieforskning<\/strong>. V\u00e5r 2-FMA \u00e4r utformad f\u00f6r att uppfylla kraven fr\u00e5n forskare inom kemi och farmakologi och erbjuder konsekvent renhet och kvalitet, vilket garanterar tillf\u00f6rlitliga resultat i en m\u00e4ngd olika vetenskapliga studiesammanhang.<\/p>\n<h3>Varf\u00f6r v\u00e4lja 2-FMA fr\u00e5n Poudres de Narco?<\/h3>\n<p>Som <strong>leverant\u00f6r av 2-FMA f\u00f6r forskning<\/strong>Poudres de Narco har \u00e5tagit sig att erbjuda en kvalitetsprodukt som uppfyller de h\u00f6gsta standarderna f\u00f6r vetenskaplig forskning:<\/p>\n<ul>\n<li><strong>Certifierad renhet<\/strong> Varje batch av 2-FMA testas f\u00f6r att s\u00e4kerst\u00e4lla optimal renhet, vilket \u00e4r avg\u00f6rande f\u00f6r korrekta forskningsresultat.<\/li>\n<li><strong>P\u00e5litlig kvalitet<\/strong> V\u00e5r 2-FMA \u00e4r utformad f\u00f6r att ge konsekvent prestanda i laboratoriet.<\/li>\n<li><strong>S\u00e4ker best\u00e4llning<\/strong> : Vi g\u00f6r det enklare att<strong>ink\u00f6p av 2-FMA f\u00f6r vetenskapliga till\u00e4mpningar<\/strong> med en s\u00e4ker plattform som uppfyller sekretessstandarder.<\/li>\n<\/ul>\n<h3>Till\u00e4mpningar och s\u00e4kerhetsinstruktioner<\/h3>\n<p>Le <strong>2-FMA<\/strong> de Poudres de Narco anv\u00e4nds i en rad olika vetenskapliga studier och laboratorieapplikationer. F\u00f6r att s\u00e4kerst\u00e4lla s\u00e4ker och korrekt anv\u00e4ndning tillhandah\u00e5ller vi strikta riktlinjer f\u00f6r hantering:<\/p>\n<ul>\n<li><strong>S\u00e4ker f\u00f6rvaring<\/strong> F\u00f6rvara 2-FMA p\u00e5 en sval, torr och ljusskyddad plats.<\/li>\n<li><strong>Hantering<\/strong> Anv\u00e4nd personlig skyddsutrustning (PPE) och arbeta i v\u00e4l ventilerade utrymmen.<\/li>\n<li><strong>Endast f\u00f6r forsknings\u00e4ndam\u00e5l<\/strong> Denna produkt \u00e4r avsedd f\u00f6r yrkesverksamma som arbetar i en kontrollerad forskningsmilj\u00f6.<\/li>\n<\/ul>\n<h3>Best\u00e4ll 2-FMA av h\u00f6g kvalitet f\u00f6r dina vetenskapliga studier<\/h3>\n<p>Med Poudres de Narco kan du r\u00e4kna med en tillf\u00f6rlitlig leverans av <strong>2-FMA med h\u00f6g renhet<\/strong> f\u00f6r forskning. <strong>Kontakta oss<\/strong> f\u00f6r en offert eller f\u00f6r mer information om v\u00e5ra produkter f\u00f6r laboratorieapplikationer.<\/p>\n<p>&nbsp;<\/p>","protected":false},"excerpt":{"rendered":"<p>Achats en ligne de chlorhydrate de 2-FMA Salutations de poudresdenarco, votre d\u00e9taillant en ligne fiable de chlorhydrate de 2-FMA. En tant que propri\u00e9taires de poudresdenarco, nous sommes tr\u00e8s fiers de fournir aux chercheurs les meilleures fournitures et le meilleur soutien. Dans cet article, nous discuterons des arguments solides pour lesquels vous devriez acheter du chlorhydrate&hellip;<\/p>","protected":false},"featured_media":6152,"comment_status":"open","ping_status":"closed","template":"","meta":{"_joinchat":[]},"product_cat":[558,751],"product_tag":[],"class_list":{"0":"post-4755","1":"product","2":"type-product","3":"status-publish","4":"has-post-thumbnail","6":"product_cat-chimiques-de-recherche","7":"product_cat-stimulants","9":"first","10":"instock","11":"shipping-taxable","12":"purchasable","13":"product-type-variable","14":"col-xs-6 col-sm-4","15":"col-md-3 col-lg-3","16":"un-4-cols"},"yoast_head":"<!-- This site is optimized with the Yoast SEO plugin v23.8 - https:\/\/yoast.com\/wordpress\/plugins\/seo\/ -->\n<title>Acheter 2-FMA de Qualit\u00e9 pour la Recherche | Poudres de Narco<\/title>\n<meta name=\"description\" content=\"Fournisseur de 2-FMA pour la recherche scientifique. Puret\u00e9 garantie pour applications en laboratoire chez Poudres de Narco.\" \/>\n<meta name=\"robots\" content=\"index, follow, max-snippet:-1, max-image-preview:large, max-video-preview:-1\" \/>\n<link rel=\"canonical\" href=\"https:\/\/poudresdenarco.com\/sv\/produkt\/2-fma\/\" \/>\n<meta property=\"og:locale\" content=\"sv_SE\" \/>\n<meta property=\"og:type\" content=\"article\" \/>\n<meta property=\"og:title\" content=\"Acheter 2-FMA de Qualit\u00e9 pour la Recherche | Poudres de Narco\" \/>\n<meta property=\"og:description\" content=\"Fournisseur de 2-FMA pour la recherche scientifique. Puret\u00e9 garantie pour applications en laboratoire chez Poudres de Narco.\" \/>\n<meta property=\"og:url\" content=\"https:\/\/poudresdenarco.com\/sv\/produkt\/2-fma\/\" \/>\n<meta property=\"og:site_name\" content=\"Poudresde Narco\" \/>\n<meta property=\"article:modified_time\" content=\"2024-12-23T10:05:08+00:00\" \/>\n<meta property=\"og:image\" content=\"https:\/\/poudresdenarco.com\/wp-content\/uploads\/2024\/10\/2-FMA.gif\" \/>\n\t<meta property=\"og:image:width\" content=\"600\" \/>\n\t<meta property=\"og:image:height\" content=\"600\" \/>\n\t<meta property=\"og:image:type\" content=\"image\/gif\" \/>\n<meta name=\"twitter:card\" content=\"summary_large_image\" \/>\n<meta name=\"twitter:label1\" content=\"Ber\u00e4knad l\u00e4stid\" \/>\n\t<meta name=\"twitter:data1\" content=\"3 minuter\" \/>\n<script type=\"application\/ld+json\" class=\"yoast-schema-graph\">{\"@context\":\"https:\/\/schema.org\",\"@graph\":[{\"@type\":\"WebPage\",\"@id\":\"https:\/\/poudresdenarco.com\/produit\/2-fma\/\",\"url\":\"https:\/\/poudresdenarco.com\/produit\/2-fma\/\",\"name\":\"Acheter 2-FMA de Qualit\u00e9 pour la Recherche | Poudres de Narco\",\"isPartOf\":{\"@id\":\"https:\/\/poudresdenarco.com\/#website\"},\"primaryImageOfPage\":{\"@id\":\"https:\/\/poudresdenarco.com\/produit\/2-fma\/#primaryimage\"},\"image\":{\"@id\":\"https:\/\/poudresdenarco.com\/produit\/2-fma\/#primaryimage\"},\"thumbnailUrl\":\"https:\/\/poudresdenarco.com\/wp-content\/uploads\/2024\/10\/2-FMA.gif\",\"datePublished\":\"2024-10-16T11:03:16+00:00\",\"dateModified\":\"2024-12-23T10:05:08+00:00\",\"description\":\"Fournisseur de 2-FMA pour la recherche scientifique. Puret\u00e9 garantie pour applications en laboratoire chez Poudres de Narco.\",\"breadcrumb\":{\"@id\":\"https:\/\/poudresdenarco.com\/produit\/2-fma\/#breadcrumb\"},\"inLanguage\":\"sv-SE\",\"potentialAction\":[{\"@type\":\"ReadAction\",\"target\":[\"https:\/\/poudresdenarco.com\/produit\/2-fma\/\"]}]},{\"@type\":\"ImageObject\",\"inLanguage\":\"sv-SE\",\"@id\":\"https:\/\/poudresdenarco.com\/produit\/2-fma\/#primaryimage\",\"url\":\"https:\/\/poudresdenarco.com\/wp-content\/uploads\/2024\/10\/2-FMA.gif\",\"contentUrl\":\"https:\/\/poudresdenarco.com\/wp-content\/uploads\/2024\/10\/2-FMA.gif\",\"width\":600,\"height\":600,\"caption\":\"2-FMA\"},{\"@type\":\"BreadcrumbList\",\"@id\":\"https:\/\/poudresdenarco.com\/produit\/2-fma\/#breadcrumb\",\"itemListElement\":[{\"@type\":\"ListItem\",\"position\":1,\"name\":\"Home\",\"item\":\"https:\/\/poudresdenarco.com\/\"},{\"@type\":\"ListItem\",\"position\":2,\"name\":\"Boutique\",\"item\":\"https:\/\/poudresdenarco.com\/boutique\/\"},{\"@type\":\"ListItem\",\"position\":3,\"name\":\"2-FMA\"}]},{\"@type\":\"WebSite\",\"@id\":\"https:\/\/poudresdenarco.com\/#website\",\"url\":\"https:\/\/poudresdenarco.com\/\",\"name\":\"Poudresde Narco\",\"description\":\"Acheter de la coca\u00efne et de l&#039;h\u00e9ro\u00efne en ligne\",\"potentialAction\":[{\"@type\":\"SearchAction\",\"target\":{\"@type\":\"EntryPoint\",\"urlTemplate\":\"https:\/\/poudresdenarco.com\/?s={search_term_string}\"},\"query-input\":{\"@type\":\"PropertyValueSpecification\",\"valueRequired\":true,\"valueName\":\"search_term_string\"}}],\"inLanguage\":\"sv-SE\"}]}<\/script>\n<!-- \/ Yoast SEO plugin. -->","yoast_head_json":{"title":"Acheter 2-FMA de Qualit\u00e9 pour la Recherche | Poudres de Narco","description":"Fournisseur de 2-FMA pour la recherche scientifique. Puret\u00e9 garantie pour applications en laboratoire chez Poudres de Narco.","robots":{"index":"index","follow":"follow","max-snippet":"max-snippet:-1","max-image-preview":"max-image-preview:large","max-video-preview":"max-video-preview:-1"},"canonical":"https:\/\/poudresdenarco.com\/sv\/produkt\/2-fma\/","og_locale":"sv_SE","og_type":"article","og_title":"Acheter 2-FMA de Qualit\u00e9 pour la Recherche | Poudres de Narco","og_description":"Fournisseur de 2-FMA pour la recherche scientifique. Puret\u00e9 garantie pour applications en laboratoire chez Poudres de Narco.","og_url":"https:\/\/poudresdenarco.com\/sv\/produkt\/2-fma\/","og_site_name":"Poudresde Narco","article_modified_time":"2024-12-23T10:05:08+00:00","og_image":[{"width":600,"height":600,"url":"https:\/\/poudresdenarco.com\/wp-content\/uploads\/2024\/10\/2-FMA.gif","type":"image\/gif"}],"twitter_card":"summary_large_image","twitter_misc":{"Ber\u00e4knad l\u00e4stid":"3 minuter"},"schema":{"@context":"https:\/\/schema.org","@graph":[{"@type":"WebPage","@id":"https:\/\/poudresdenarco.com\/produit\/2-fma\/","url":"https:\/\/poudresdenarco.com\/produit\/2-fma\/","name":"Acheter 2-FMA de Qualit\u00e9 pour la Recherche | Poudres de Narco","isPartOf":{"@id":"https:\/\/poudresdenarco.com\/#website"},"primaryImageOfPage":{"@id":"https:\/\/poudresdenarco.com\/produit\/2-fma\/#primaryimage"},"image":{"@id":"https:\/\/poudresdenarco.com\/produit\/2-fma\/#primaryimage"},"thumbnailUrl":"https:\/\/poudresdenarco.com\/wp-content\/uploads\/2024\/10\/2-FMA.gif","datePublished":"2024-10-16T11:03:16+00:00","dateModified":"2024-12-23T10:05:08+00:00","description":"Fournisseur de 2-FMA pour la recherche scientifique. Puret\u00e9 garantie pour applications en laboratoire chez Poudres de Narco.","breadcrumb":{"@id":"https:\/\/poudresdenarco.com\/produit\/2-fma\/#breadcrumb"},"inLanguage":"sv-SE","potentialAction":[{"@type":"ReadAction","target":["https:\/\/poudresdenarco.com\/produit\/2-fma\/"]}]},{"@type":"ImageObject","inLanguage":"sv-SE","@id":"https:\/\/poudresdenarco.com\/produit\/2-fma\/#primaryimage","url":"https:\/\/poudresdenarco.com\/wp-content\/uploads\/2024\/10\/2-FMA.gif","contentUrl":"https:\/\/poudresdenarco.com\/wp-content\/uploads\/2024\/10\/2-FMA.gif","width":600,"height":600,"caption":"2-FMA"},{"@type":"BreadcrumbList","@id":"https:\/\/poudresdenarco.com\/produit\/2-fma\/#breadcrumb","itemListElement":[{"@type":"ListItem","position":1,"name":"Home","item":"https:\/\/poudresdenarco.com\/"},{"@type":"ListItem","position":2,"name":"Boutique","item":"https:\/\/poudresdenarco.com\/boutique\/"},{"@type":"ListItem","position":3,"name":"2-FMA"}]},{"@type":"WebSite","@id":"https:\/\/poudresdenarco.com\/#website","url":"https:\/\/poudresdenarco.com\/","name":"Poudresde Narco","description":"Acheter de la coca\u00efne et de l&#039;h\u00e9ro\u00efne en ligne","potentialAction":[{"@type":"SearchAction","target":{"@type":"EntryPoint","urlTemplate":"https:\/\/poudresdenarco.com\/?s={search_term_string}"},"query-input":{"@type":"PropertyValueSpecification","valueRequired":true,"valueName":"search_term_string"}}],"inLanguage":"sv-SE"}]}},"_links":{"self":[{"href":"https:\/\/poudresdenarco.com\/sv\/wp-json\/wp\/v2\/product\/4755","targetHints":{"allow":["GET"]}}],"collection":[{"href":"https:\/\/poudresdenarco.com\/sv\/wp-json\/wp\/v2\/product"}],"about":[{"href":"https:\/\/poudresdenarco.com\/sv\/wp-json\/wp\/v2\/types\/product"}],"replies":[{"embeddable":true,"href":"https:\/\/poudresdenarco.com\/sv\/wp-json\/wp\/v2\/comments?post=4755"}],"wp:featuredmedia":[{"embeddable":true,"href":"https:\/\/poudresdenarco.com\/sv\/wp-json\/wp\/v2\/media\/6152"}],"wp:attachment":[{"href":"https:\/\/poudresdenarco.com\/sv\/wp-json\/wp\/v2\/media?parent=4755"}],"wp:term":[{"taxonomy":"product_cat","embeddable":true,"href":"https:\/\/poudresdenarco.com\/sv\/wp-json\/wp\/v2\/product_cat?post=4755"},{"taxonomy":"product_tag","embeddable":true,"href":"https:\/\/poudresdenarco.com\/sv\/wp-json\/wp\/v2\/product_tag?post=4755"}],"curies":[{"name":"wp","href":"https:\/\/api.w.org\/{rel}","templated":true}]}}