{"id":4756,"date":"2024-10-16T10:51:24","date_gmt":"2024-10-16T10:51:24","guid":{"rendered":"https:\/\/poudresdenarco.com\/?post_type=product&#038;p=4756"},"modified":"2024-11-02T16:24:29","modified_gmt":"2024-11-02T16:24:29","slug":"5-meo-dmt","status":"publish","type":"product","link":"https:\/\/poudresdenarco.com\/sv\/produkt\/5-meo-dmt\/","title":{"rendered":"5-MEO-DMT"},"content":{"rendered":"<h2>Acheter 5-MEO-DMT en ligne<\/h2>\n<p>Le <a href=\"https:\/\/poudresdenarco.com\/sv\/produkt\/5-meo-dmt\/\">5-MeO-DMT<\/a> (5-m\u00e9thoxy-N,N-dim\u00e9thyltryptamine) est un psych\u00e9d\u00e9lique et enth\u00e9og\u00e8ne puissant et relativement obscur de la classe des tryptamines Acheter 5-MeO-DMT<a href=\"https:\/\/k2spices.com\/de\/produkt\/diablo-pulver-kaufen\/\">.<\/a><\/p>\n<p>On le trouve dans une grande vari\u00e9t\u00e9 d&rsquo;esp\u00e8ces de plantes, ainsi que dans le venin d&rsquo;une seule esp\u00e8ce de crapaud psychoactif (Bufo Alvaris).<\/p>\n<p>Comme ses proches parents, le DMT et la bufot\u00e9nine (5-HO-DMT), il est utilis\u00e9 comme enth\u00e9og\u00e8ne par les chamans sud-am\u00e9ricains depuis des milliers d&rsquo;ann\u00e9es.<\/p>\n<p>\u00c0 l&rsquo;\u00e9poque moderne, cependant, il est principalement acquis sous sa forme de poudre synth\u00e9tique gr\u00e2ce \u00e0 l&rsquo;utilisation de vendeurs de produits chimiques de recherche en ligne.<\/p>\n<p>Lorsqu&rsquo;il est pris comme m\u00e9dicament sous sa forme purifi\u00e9e ou synth\u00e9tique, le 5-MeO-DMT est vaporis\u00e9, insuffl\u00e9 ou inject\u00e9 et est actif \u00e0 une dose aussi faible que 2 mg. Le 5-MeO-DMT est actif par voie orale lorsqu&rsquo;il est pris avec un IMAO, mais selon de nombreux rapports, cette combinaison a souvent tendance \u00e0 \u00eatre extr\u00eamement d\u00e9sagr\u00e9able et a une forte charge corporelle. <a href=\"https:\/\/poudresdenarco.com\/sv\/\">Poudresdenarco<\/a><\/p>\n<h2><strong>Acheter du 5-MeO-DMT de Haute Puret\u00e9 pour la Recherche &#8211; Poudres de Narco<\/strong><\/h2>\n<p><strong>Narkotiska pulver<\/strong> \u00e4r din p\u00e5litliga k\u00e4lla f\u00f6r <strong>5-MeO-DMT de qualit\u00e9 recherche<\/strong>utformad exklusivt f\u00f6r <strong>vetenskapliga laboratorietill\u00e4mpningar<\/strong>. Notre 5-MeO-DMT est produit selon des standards stricts de puret\u00e9 et de qualit\u00e9, assurant des r\u00e9sultats fiables pour les chercheurs en chimie et pharmacologie.<\/p>\n<h3>Pourquoi Acheter du 5-MeO-DMT chez Poudres de Narco ?<\/h3>\n<p>Som <strong>fournisseur de 5-MeO-DMT fiable<\/strong>, <strong>Narkotiska pulver<\/strong> garantit la puret\u00e9 et la s\u00e9curit\u00e9 de chaque lot, r\u00e9pondant aux normes des laboratoires certifi\u00e9s :<\/p>\n<ul>\n<li><strong>5-MeO-DMT de Haute Puret\u00e9 pour Laboratoires<\/strong> : Varje parti testas noggrant f\u00f6r att s\u00e4kerst\u00e4lla optimal renhet, vilket \u00e4r avg\u00f6rande f\u00f6r <strong>vetenskapliga till\u00e4mpningar<\/strong>.<\/li>\n<li><strong>Konsekvent och tillf\u00f6rlitlig kvalitet<\/strong> : Notre 5-MeO-DMT est formul\u00e9 pour des performances stables, adapt\u00e9es aux <strong>\u00e9tudes de laboratoire<\/strong>.<\/li>\n<li><strong>S\u00e4ker onlinebest\u00e4llning<\/strong> : <strong>Narkotiska pulver<\/strong> g\u00f6r det l\u00e4ttare att<strong>achat de 5-MeO-DMT en ligne<\/strong>, avec un processus s\u00e9curis\u00e9 et conforme aux exigences des professionnels.<\/li>\n<\/ul>\n<h3>Till\u00e4mpningar och s\u00e4kerhetsinstruktioner<\/h3>\n<p>Le <strong>5-MeO-DMT pour recherche<\/strong> fr\u00e5n <strong>Narkotiska pulver<\/strong> \u00e4r avsedd f\u00f6r <strong>analytiska till\u00e4mpningar och vetenskapliga studier<\/strong>. Pour un usage s\u00fbr et conforme, nous fournissons des consignes de manipulation :<\/p>\n<ul>\n<li><strong>S\u00e4ker f\u00f6rvaring<\/strong> : Conservez le 5-MeO-DMT dans un endroit frais, sec, et \u00e0 l\u2019abri de la lumi\u00e8re.<\/li>\n<li><strong>Hantering med f\u00f6rsiktighets\u00e5tg\u00e4rder<\/strong> : Portez des \u00e9quipements de protection individuelle (EPI) et travaillez dans un environnement bien ventil\u00e9.<\/li>\n<li><strong>Anv\u00e4ndningen \u00e4r strikt reserverad f\u00f6r forskning<\/strong> : Ce produit est destin\u00e9 aux laboratoires certifi\u00e9s et aux chercheurs autoris\u00e9s.<\/li>\n<\/ul>\n<h3>Commandez du 5-MeO-DMT de Haute Puret\u00e9 pour vos \u00c9tudes Scientifiques<\/h3>\n<p>Med <strong>Narkotiska pulver<\/strong>, profitez d\u2019un <strong>approvisionnement fiable en 5-MeO-DMT pour applications de laboratoire<\/strong>. <strong>Kontakta oss<\/strong> pour un devis ou pour en savoir plus sur notre gamme de produits scientifiques.<\/p>","protected":false},"excerpt":{"rendered":"<p>Acheter 5-MEO-DMT en ligne Le 5-MeO-DMT (5-m\u00e9thoxy-N,N-dim\u00e9thyltryptamine) est un psych\u00e9d\u00e9lique et enth\u00e9og\u00e8ne puissant et relativement obscur de la classe des tryptamines Acheter 5-MeO-DMT. On le trouve dans une grande vari\u00e9t\u00e9 d&rsquo;esp\u00e8ces de plantes, ainsi que dans le venin d&rsquo;une seule esp\u00e8ce de crapaud psychoactif (Bufo Alvaris). Comme ses proches parents, le DMT et la bufot\u00e9nine&hellip;<\/p>","protected":false},"featured_media":6146,"comment_status":"open","ping_status":"closed","template":"","meta":{"_joinchat":[]},"product_cat":[558],"product_tag":[],"class_list":{"0":"post-4756","1":"product","2":"type-product","3":"status-publish","4":"has-post-thumbnail","6":"product_cat-chimiques-de-recherche","8":"first","9":"instock","10":"shipping-taxable","11":"purchasable","12":"product-type-variable","13":"col-xs-6 col-sm-4","14":"col-md-3 col-lg-3","15":"un-4-cols"},"yoast_head":"<!-- This site is optimized with the Yoast SEO plugin v23.8 - https:\/\/yoast.com\/wordpress\/plugins\/seo\/ -->\n<title>Acheter 5-MeO-DMT | Poudres de Narco&quot;<\/title>\n<meta name=\"description\" content=\"Fournisseur de 5-MeO-DMT pour applications scientifiques en laboratoire. Puret\u00e9 et s\u00e9curit\u00e9 garanties pour recherches chez Poudres de Narco.\" \/>\n<meta name=\"robots\" content=\"index, follow, max-snippet:-1, max-image-preview:large, max-video-preview:-1\" \/>\n<link rel=\"canonical\" href=\"https:\/\/poudresdenarco.com\/sv\/produkt\/5-meo-dmt\/\" \/>\n<meta property=\"og:locale\" content=\"sv_SE\" \/>\n<meta property=\"og:type\" content=\"article\" \/>\n<meta property=\"og:title\" content=\"Acheter 5-MeO-DMT | Poudres de Narco&quot;\" \/>\n<meta property=\"og:description\" content=\"Fournisseur de 5-MeO-DMT pour applications scientifiques en laboratoire. Puret\u00e9 et s\u00e9curit\u00e9 garanties pour recherches chez Poudres de Narco.\" \/>\n<meta property=\"og:url\" content=\"https:\/\/poudresdenarco.com\/sv\/produkt\/5-meo-dmt\/\" \/>\n<meta property=\"og:site_name\" content=\"Poudresde Narco\" \/>\n<meta property=\"article:modified_time\" content=\"2024-11-02T16:24:29+00:00\" \/>\n<meta property=\"og:image\" content=\"https:\/\/poudresdenarco.com\/wp-content\/uploads\/2024\/10\/5-MEO-DMT.gif\" \/>\n\t<meta property=\"og:image:width\" content=\"600\" \/>\n\t<meta property=\"og:image:height\" content=\"600\" \/>\n\t<meta property=\"og:image:type\" content=\"image\/gif\" \/>\n<meta name=\"twitter:card\" content=\"summary_large_image\" \/>\n<meta name=\"twitter:label1\" content=\"Ber\u00e4knad l\u00e4stid\" \/>\n\t<meta name=\"twitter:data1\" content=\"3 minuter\" \/>\n<script type=\"application\/ld+json\" class=\"yoast-schema-graph\">{\"@context\":\"https:\/\/schema.org\",\"@graph\":[{\"@type\":\"WebPage\",\"@id\":\"https:\/\/poudresdenarco.com\/produit\/5-meo-dmt\/\",\"url\":\"https:\/\/poudresdenarco.com\/produit\/5-meo-dmt\/\",\"name\":\"Acheter 5-MeO-DMT | Poudres de Narco\\\"\",\"isPartOf\":{\"@id\":\"https:\/\/poudresdenarco.com\/#website\"},\"primaryImageOfPage\":{\"@id\":\"https:\/\/poudresdenarco.com\/produit\/5-meo-dmt\/#primaryimage\"},\"image\":{\"@id\":\"https:\/\/poudresdenarco.com\/produit\/5-meo-dmt\/#primaryimage\"},\"thumbnailUrl\":\"https:\/\/poudresdenarco.com\/wp-content\/uploads\/2024\/10\/5-MEO-DMT.gif\",\"datePublished\":\"2024-10-16T10:51:24+00:00\",\"dateModified\":\"2024-11-02T16:24:29+00:00\",\"description\":\"Fournisseur de 5-MeO-DMT pour applications scientifiques en laboratoire. Puret\u00e9 et s\u00e9curit\u00e9 garanties pour recherches chez Poudres de Narco.\",\"breadcrumb\":{\"@id\":\"https:\/\/poudresdenarco.com\/produit\/5-meo-dmt\/#breadcrumb\"},\"inLanguage\":\"sv-SE\",\"potentialAction\":[{\"@type\":\"ReadAction\",\"target\":[\"https:\/\/poudresdenarco.com\/produit\/5-meo-dmt\/\"]}]},{\"@type\":\"ImageObject\",\"inLanguage\":\"sv-SE\",\"@id\":\"https:\/\/poudresdenarco.com\/produit\/5-meo-dmt\/#primaryimage\",\"url\":\"https:\/\/poudresdenarco.com\/wp-content\/uploads\/2024\/10\/5-MEO-DMT.gif\",\"contentUrl\":\"https:\/\/poudresdenarco.com\/wp-content\/uploads\/2024\/10\/5-MEO-DMT.gif\",\"width\":600,\"height\":600,\"caption\":\"5-MEO-DMT\"},{\"@type\":\"BreadcrumbList\",\"@id\":\"https:\/\/poudresdenarco.com\/produit\/5-meo-dmt\/#breadcrumb\",\"itemListElement\":[{\"@type\":\"ListItem\",\"position\":1,\"name\":\"Home\",\"item\":\"https:\/\/poudresdenarco.com\/\"},{\"@type\":\"ListItem\",\"position\":2,\"name\":\"Boutique\",\"item\":\"https:\/\/poudresdenarco.com\/boutique\/\"},{\"@type\":\"ListItem\",\"position\":3,\"name\":\"5-MEO-DMT\"}]},{\"@type\":\"WebSite\",\"@id\":\"https:\/\/poudresdenarco.com\/#website\",\"url\":\"https:\/\/poudresdenarco.com\/\",\"name\":\"Poudresde Narco\",\"description\":\"Acheter de la coca\u00efne et de l&#039;h\u00e9ro\u00efne en ligne\",\"potentialAction\":[{\"@type\":\"SearchAction\",\"target\":{\"@type\":\"EntryPoint\",\"urlTemplate\":\"https:\/\/poudresdenarco.com\/?s={search_term_string}\"},\"query-input\":{\"@type\":\"PropertyValueSpecification\",\"valueRequired\":true,\"valueName\":\"search_term_string\"}}],\"inLanguage\":\"sv-SE\"}]}<\/script>\n<!-- \/ Yoast SEO plugin. -->","yoast_head_json":{"title":"Acheter 5-MeO-DMT | Poudres de Narco\"","description":"Fournisseur de 5-MeO-DMT pour applications scientifiques en laboratoire. Puret\u00e9 et s\u00e9curit\u00e9 garanties pour recherches chez Poudres de Narco.","robots":{"index":"index","follow":"follow","max-snippet":"max-snippet:-1","max-image-preview":"max-image-preview:large","max-video-preview":"max-video-preview:-1"},"canonical":"https:\/\/poudresdenarco.com\/sv\/produkt\/5-meo-dmt\/","og_locale":"sv_SE","og_type":"article","og_title":"Acheter 5-MeO-DMT | Poudres de Narco\"","og_description":"Fournisseur de 5-MeO-DMT pour applications scientifiques en laboratoire. Puret\u00e9 et s\u00e9curit\u00e9 garanties pour recherches chez Poudres de Narco.","og_url":"https:\/\/poudresdenarco.com\/sv\/produkt\/5-meo-dmt\/","og_site_name":"Poudresde Narco","article_modified_time":"2024-11-02T16:24:29+00:00","og_image":[{"width":600,"height":600,"url":"https:\/\/poudresdenarco.com\/wp-content\/uploads\/2024\/10\/5-MEO-DMT.gif","type":"image\/gif"}],"twitter_card":"summary_large_image","twitter_misc":{"Ber\u00e4knad l\u00e4stid":"3 minuter"},"schema":{"@context":"https:\/\/schema.org","@graph":[{"@type":"WebPage","@id":"https:\/\/poudresdenarco.com\/produit\/5-meo-dmt\/","url":"https:\/\/poudresdenarco.com\/produit\/5-meo-dmt\/","name":"Acheter 5-MeO-DMT | Poudres de Narco\"","isPartOf":{"@id":"https:\/\/poudresdenarco.com\/#website"},"primaryImageOfPage":{"@id":"https:\/\/poudresdenarco.com\/produit\/5-meo-dmt\/#primaryimage"},"image":{"@id":"https:\/\/poudresdenarco.com\/produit\/5-meo-dmt\/#primaryimage"},"thumbnailUrl":"https:\/\/poudresdenarco.com\/wp-content\/uploads\/2024\/10\/5-MEO-DMT.gif","datePublished":"2024-10-16T10:51:24+00:00","dateModified":"2024-11-02T16:24:29+00:00","description":"Fournisseur de 5-MeO-DMT pour applications scientifiques en laboratoire. Puret\u00e9 et s\u00e9curit\u00e9 garanties pour recherches chez Poudres de Narco.","breadcrumb":{"@id":"https:\/\/poudresdenarco.com\/produit\/5-meo-dmt\/#breadcrumb"},"inLanguage":"sv-SE","potentialAction":[{"@type":"ReadAction","target":["https:\/\/poudresdenarco.com\/produit\/5-meo-dmt\/"]}]},{"@type":"ImageObject","inLanguage":"sv-SE","@id":"https:\/\/poudresdenarco.com\/produit\/5-meo-dmt\/#primaryimage","url":"https:\/\/poudresdenarco.com\/wp-content\/uploads\/2024\/10\/5-MEO-DMT.gif","contentUrl":"https:\/\/poudresdenarco.com\/wp-content\/uploads\/2024\/10\/5-MEO-DMT.gif","width":600,"height":600,"caption":"5-MEO-DMT"},{"@type":"BreadcrumbList","@id":"https:\/\/poudresdenarco.com\/produit\/5-meo-dmt\/#breadcrumb","itemListElement":[{"@type":"ListItem","position":1,"name":"Home","item":"https:\/\/poudresdenarco.com\/"},{"@type":"ListItem","position":2,"name":"Boutique","item":"https:\/\/poudresdenarco.com\/boutique\/"},{"@type":"ListItem","position":3,"name":"5-MEO-DMT"}]},{"@type":"WebSite","@id":"https:\/\/poudresdenarco.com\/#website","url":"https:\/\/poudresdenarco.com\/","name":"Poudresde Narco","description":"Acheter de la coca\u00efne et de l&#039;h\u00e9ro\u00efne en ligne","potentialAction":[{"@type":"SearchAction","target":{"@type":"EntryPoint","urlTemplate":"https:\/\/poudresdenarco.com\/?s={search_term_string}"},"query-input":{"@type":"PropertyValueSpecification","valueRequired":true,"valueName":"search_term_string"}}],"inLanguage":"sv-SE"}]}},"_links":{"self":[{"href":"https:\/\/poudresdenarco.com\/sv\/wp-json\/wp\/v2\/product\/4756","targetHints":{"allow":["GET"]}}],"collection":[{"href":"https:\/\/poudresdenarco.com\/sv\/wp-json\/wp\/v2\/product"}],"about":[{"href":"https:\/\/poudresdenarco.com\/sv\/wp-json\/wp\/v2\/types\/product"}],"replies":[{"embeddable":true,"href":"https:\/\/poudresdenarco.com\/sv\/wp-json\/wp\/v2\/comments?post=4756"}],"wp:featuredmedia":[{"embeddable":true,"href":"https:\/\/poudresdenarco.com\/sv\/wp-json\/wp\/v2\/media\/6146"}],"wp:attachment":[{"href":"https:\/\/poudresdenarco.com\/sv\/wp-json\/wp\/v2\/media?parent=4756"}],"wp:term":[{"taxonomy":"product_cat","embeddable":true,"href":"https:\/\/poudresdenarco.com\/sv\/wp-json\/wp\/v2\/product_cat?post=4756"},{"taxonomy":"product_tag","embeddable":true,"href":"https:\/\/poudresdenarco.com\/sv\/wp-json\/wp\/v2\/product_tag?post=4756"}],"curies":[{"name":"wp","href":"https:\/\/api.w.org\/{rel}","templated":true}]}}