{"id":4949,"date":"2024-10-16T11:22:27","date_gmt":"2024-10-16T11:22:27","guid":{"rendered":"https:\/\/poudresdenarco.com\/?post_type=product&#038;p=4949"},"modified":"2024-11-02T13:07:39","modified_gmt":"2024-11-02T13:07:39","slug":"2fdck","status":"publish","type":"product","link":"https:\/\/poudresdenarco.com\/sv\/produkt\/2fdck\/","title":{"rendered":"2fdck"},"content":{"rendered":"<h2>K\u00f6p 2FDCK online.<\/h2>\n<p>2-Fluorodeskloroketamin, ibland kallat 2-Fl-2\u2032-Oxo-PCM, Fluoroketamin och <a href=\"https:\/\/poudresdenarco.com\/sv\/produkt\/2fdck\/\">2-FDCK<\/a>\u00e4r ett dissociativt anestesimedel som kan k\u00f6pas online. Det \u00e4r en enkel ketamin i vilken fluor har ersatt klorgruppen. MXPP och 2-fdck, ofta kallad fluoroketamin, \u00e4r i huvudsak utbytbara. Till\u00e4mpningar inom m\u00e4tning och forskning f\u00f6resl\u00e5s f\u00f6r den h\u00e4r artikeln. billig 2fdck till salu<\/p>\n<p>Ett dissociativt narkotiskt medel, 2-FDCK-pulver 2-Fluorodeschloroketamin \u00e4r ocks\u00e5 k\u00e4nt som <a href=\"https:\/\/en.wikipedia.org\/wiki\/2-Fluorodeschloroketamine\">2-Fl-2\u2032-Oxo-PCM<\/a>Fluoroketamin och 2-FDCK. Detta \u00e4r helt enkelt ketamin d\u00e4r fluor har ersatt klorgruppen.<\/p>\n<p>2-Fl-2\u2032-Oxo-PCM, \u00e4ven k\u00e4nt som 2-Fluorodeschloroketamine, 2-FDCK, och felaktigt som 2-Fluroketamine, Fluoroketamine och 2-FK, \u00e4r ett relativt ok\u00e4nt nytt dissociativt medel som tillh\u00f6r arylcyklohexylaminklassen som, n\u00e4r det kontrolleras, uppvisar lugnande, dissociativa och hallucinogena egenskaper. I grund och botten \u00e4r det associerat med arylcyklohexylaminer.<\/p>\n<p>s\u00e5som deskloroketamin och ketamin, och tros ha liknande effekter. K\u00f6p 2FDCK online. <a href=\"https:\/\/poudresdenarco.com\/sv\/\">poudresdenarco<\/a><\/p>\n<h4><strong>K\u00f6p 2-FDCK med h\u00f6g renhet f\u00f6r forskning - Narkotiska pulver<\/strong><\/h4>\n<p>Poudres de Narco \u00e4r en p\u00e5litlig leverant\u00f6r f\u00f6r <strong>2-FDCK forskningskvalitet<\/strong>endast avsedd f\u00f6r <strong>laboratorietill\u00e4mpningar och vetenskapliga studier<\/strong>. V\u00e5r 2-FDCK produceras med rigor\u00f6st kontrollerad renhet, idealisk f\u00f6r kemiska och farmakologiska forskare som letar efter s\u00e4kra, konsekventa produkter.<\/p>\n<h3>Varf\u00f6r v\u00e4lja 2-FDCK fr\u00e5n Poudres de Narco?<\/h3>\n<p>Som <strong>p\u00e5litlig leverant\u00f6r av 2-FDCK<\/strong>Narco Powders garanterar h\u00f6ga standarder f\u00f6r renhet och s\u00e4kerhet f\u00f6r att tillgodose forskarnas behov:<\/p>\n<ul>\n<li><strong>2-FDCK h\u00f6g renhet<\/strong> Varje batch av 2-FDCK \u00e4r noggrant testad och garanterar optimal renhet, vilket \u00e4r avg\u00f6rande f\u00f6r exakta och tillf\u00f6rlitliga resultat.<\/li>\n<li><strong>Konsekvent och s\u00e4ker kvalitet<\/strong> V\u00e5r 2-FDCK \u00e4r utformad f\u00f6r konsekvent prestanda i laboratoriet och uppfyller f\u00f6rv\u00e4ntningarna i analytiska och vetenskapliga studier.<\/li>\n<li><strong>S\u00e4ker onlinebest\u00e4llning<\/strong> : Vi g\u00f6r det enklare att<strong>ink\u00f6p av 2-FDCK f\u00f6r laboratorier<\/strong>med en konfidentiell och korrekt best\u00e4llningsprocess.<\/li>\n<\/ul>\n<h3>2-FDCK anv\u00e4ndningsomr\u00e5den och s\u00e4kerhetsanvisningar<\/h3>\n<p>Le <strong>2-FDCK f\u00f6r forskning<\/strong> \u00e4r utformad f\u00f6r analytiska och vetenskapliga laboratorietill\u00e4mpningar. Poudres de Narco tillhandah\u00e5ller strikta riktlinjer f\u00f6r att s\u00e4kerst\u00e4lla s\u00e4ker och korrekt anv\u00e4ndning:<\/p>\n<ul>\n<li><strong>F\u00f6rvaring och konservering<\/strong> F\u00f6rvara 2-FDCK p\u00e5 en sval, torr plats, skyddad fr\u00e5n direkt ljus.<\/li>\n<li><strong>Hantering med f\u00f6rsiktighets\u00e5tg\u00e4rder<\/strong> Anv\u00e4nd skyddsutrustning (PPE) och arbeta i en v\u00e4l ventilerad milj\u00f6.<\/li>\n<li><strong>Anv\u00e4ndningen \u00e4r strikt reserverad f\u00f6r forskning<\/strong> Denna produkt \u00e4r avsedd f\u00f6r auktoriserade laboratorier och forskare i kontrollerade milj\u00f6er.<\/li>\n<\/ul>\n<h3>Redo att best\u00e4lla din kvalitet 2-FDCK?<\/h3>\n<p>F\u00f6r <strong>k\u00f6pa 2-FDCK med h\u00f6g renhet<\/strong> och dra nytta av en s\u00e4ker och p\u00e5litlig tj\u00e4nst, kontakta Poudres de Narco. <strong>Kontakta oss<\/strong> f\u00f6r en offert eller f\u00f6r mer information om v\u00e5rt utbud av forskningsprodukter.<\/p>\n<p>&nbsp;<\/p>","protected":false},"excerpt":{"rendered":"<p>Achetez 2FDCK en ligne. La 2-Fluorodeschloroketamine, parfois appel\u00e9e 2-Fl-2\u2032-Oxo-PCM, Fluoroketamine et 2-FDCK, est un anesth\u00e9sique dissociatif qui peut \u00eatre achet\u00e9 en ligne. Il s&rsquo;agit d&rsquo;une k\u00e9tamine simple dans laquelle le fluor a remplac\u00e9 le groupe chlore. Le MXPP et le 2-fdck, souvent appel\u00e9s fluoroketamine, sont essentiellement interchangeables. Des applications dans la mesure et la recherche&hellip;<\/p>","protected":false},"featured_media":6154,"comment_status":"closed","ping_status":"closed","template":"","meta":{"_joinchat":[]},"product_cat":[558],"product_tag":[],"class_list":{"0":"post-4949","1":"product","2":"type-product","3":"status-publish","4":"has-post-thumbnail","6":"product_cat-chimiques-de-recherche","8":"first","9":"instock","10":"shipping-taxable","11":"purchasable","12":"product-type-variable","13":"col-xs-6 col-sm-4","14":"col-md-3 col-lg-3","15":"un-4-cols"},"yoast_head":"<!-- This site is optimized with the Yoast SEO plugin v23.8 - https:\/\/yoast.com\/wordpress\/plugins\/seo\/ -->\n<title>Acheter 2-FDCK de Qualit\u00e9 |Poudres de Narco<\/title>\n<meta name=\"description\" content=\"Fournisseur de 2-FDCK de haute puret\u00e9 pour applications de recherche. Qualit\u00e9 fiable pour laboratoires et \u00e9tudes scientifiques chez Poudres de Narco.\" \/>\n<meta name=\"robots\" content=\"index, follow, max-snippet:-1, max-image-preview:large, max-video-preview:-1\" \/>\n<link rel=\"canonical\" href=\"https:\/\/poudresdenarco.com\/sv\/produkt\/2fdck\/\" \/>\n<meta property=\"og:locale\" content=\"sv_SE\" \/>\n<meta property=\"og:type\" content=\"article\" \/>\n<meta property=\"og:title\" content=\"Acheter 2-FDCK de Qualit\u00e9 |Poudres de Narco\" \/>\n<meta property=\"og:description\" content=\"Fournisseur de 2-FDCK de haute puret\u00e9 pour applications de recherche. Qualit\u00e9 fiable pour laboratoires et \u00e9tudes scientifiques chez Poudres de Narco.\" \/>\n<meta property=\"og:url\" content=\"https:\/\/poudresdenarco.com\/sv\/produkt\/2fdck\/\" \/>\n<meta property=\"og:site_name\" content=\"Poudresde Narco\" \/>\n<meta property=\"article:modified_time\" content=\"2024-11-02T13:07:39+00:00\" \/>\n<meta property=\"og:image\" content=\"https:\/\/poudresdenarco.com\/wp-content\/uploads\/2024\/10\/2fdck.gif\" \/>\n\t<meta property=\"og:image:width\" content=\"600\" \/>\n\t<meta property=\"og:image:height\" content=\"600\" \/>\n\t<meta property=\"og:image:type\" content=\"image\/gif\" \/>\n<meta name=\"twitter:card\" content=\"summary_large_image\" \/>\n<meta name=\"twitter:label1\" content=\"Ber\u00e4knad l\u00e4stid\" \/>\n\t<meta name=\"twitter:data1\" content=\"3 minuter\" \/>\n<script type=\"application\/ld+json\" class=\"yoast-schema-graph\">{\"@context\":\"https:\/\/schema.org\",\"@graph\":[{\"@type\":\"WebPage\",\"@id\":\"https:\/\/poudresdenarco.com\/produit\/2fdck\/\",\"url\":\"https:\/\/poudresdenarco.com\/produit\/2fdck\/\",\"name\":\"Acheter 2-FDCK de Qualit\u00e9 |Poudres de Narco\",\"isPartOf\":{\"@id\":\"https:\/\/poudresdenarco.com\/#website\"},\"primaryImageOfPage\":{\"@id\":\"https:\/\/poudresdenarco.com\/produit\/2fdck\/#primaryimage\"},\"image\":{\"@id\":\"https:\/\/poudresdenarco.com\/produit\/2fdck\/#primaryimage\"},\"thumbnailUrl\":\"https:\/\/poudresdenarco.com\/wp-content\/uploads\/2024\/10\/2fdck.gif\",\"datePublished\":\"2024-10-16T11:22:27+00:00\",\"dateModified\":\"2024-11-02T13:07:39+00:00\",\"description\":\"Fournisseur de 2-FDCK de haute puret\u00e9 pour applications de recherche. Qualit\u00e9 fiable pour laboratoires et \u00e9tudes scientifiques chez Poudres de Narco.\",\"breadcrumb\":{\"@id\":\"https:\/\/poudresdenarco.com\/produit\/2fdck\/#breadcrumb\"},\"inLanguage\":\"sv-SE\",\"potentialAction\":[{\"@type\":\"ReadAction\",\"target\":[\"https:\/\/poudresdenarco.com\/produit\/2fdck\/\"]}]},{\"@type\":\"ImageObject\",\"inLanguage\":\"sv-SE\",\"@id\":\"https:\/\/poudresdenarco.com\/produit\/2fdck\/#primaryimage\",\"url\":\"https:\/\/poudresdenarco.com\/wp-content\/uploads\/2024\/10\/2fdck.gif\",\"contentUrl\":\"https:\/\/poudresdenarco.com\/wp-content\/uploads\/2024\/10\/2fdck.gif\",\"width\":600,\"height\":600,\"caption\":\"2fdck\"},{\"@type\":\"BreadcrumbList\",\"@id\":\"https:\/\/poudresdenarco.com\/produit\/2fdck\/#breadcrumb\",\"itemListElement\":[{\"@type\":\"ListItem\",\"position\":1,\"name\":\"Home\",\"item\":\"https:\/\/poudresdenarco.com\/\"},{\"@type\":\"ListItem\",\"position\":2,\"name\":\"Boutique\",\"item\":\"https:\/\/poudresdenarco.com\/boutique\/\"},{\"@type\":\"ListItem\",\"position\":3,\"name\":\"2fdck\"}]},{\"@type\":\"WebSite\",\"@id\":\"https:\/\/poudresdenarco.com\/#website\",\"url\":\"https:\/\/poudresdenarco.com\/\",\"name\":\"Poudresde Narco\",\"description\":\"Acheter de la coca\u00efne et de l&#039;h\u00e9ro\u00efne en ligne\",\"potentialAction\":[{\"@type\":\"SearchAction\",\"target\":{\"@type\":\"EntryPoint\",\"urlTemplate\":\"https:\/\/poudresdenarco.com\/?s={search_term_string}\"},\"query-input\":{\"@type\":\"PropertyValueSpecification\",\"valueRequired\":true,\"valueName\":\"search_term_string\"}}],\"inLanguage\":\"sv-SE\"}]}<\/script>\n<!-- \/ Yoast SEO plugin. -->","yoast_head_json":{"title":"Acheter 2-FDCK de Qualit\u00e9 |Poudres de Narco","description":"Fournisseur de 2-FDCK de haute puret\u00e9 pour applications de recherche. Qualit\u00e9 fiable pour laboratoires et \u00e9tudes scientifiques chez Poudres de Narco.","robots":{"index":"index","follow":"follow","max-snippet":"max-snippet:-1","max-image-preview":"max-image-preview:large","max-video-preview":"max-video-preview:-1"},"canonical":"https:\/\/poudresdenarco.com\/sv\/produkt\/2fdck\/","og_locale":"sv_SE","og_type":"article","og_title":"Acheter 2-FDCK de Qualit\u00e9 |Poudres de Narco","og_description":"Fournisseur de 2-FDCK de haute puret\u00e9 pour applications de recherche. Qualit\u00e9 fiable pour laboratoires et \u00e9tudes scientifiques chez Poudres de Narco.","og_url":"https:\/\/poudresdenarco.com\/sv\/produkt\/2fdck\/","og_site_name":"Poudresde Narco","article_modified_time":"2024-11-02T13:07:39+00:00","og_image":[{"width":600,"height":600,"url":"https:\/\/poudresdenarco.com\/wp-content\/uploads\/2024\/10\/2fdck.gif","type":"image\/gif"}],"twitter_card":"summary_large_image","twitter_misc":{"Ber\u00e4knad l\u00e4stid":"3 minuter"},"schema":{"@context":"https:\/\/schema.org","@graph":[{"@type":"WebPage","@id":"https:\/\/poudresdenarco.com\/produit\/2fdck\/","url":"https:\/\/poudresdenarco.com\/produit\/2fdck\/","name":"Acheter 2-FDCK de Qualit\u00e9 |Poudres de Narco","isPartOf":{"@id":"https:\/\/poudresdenarco.com\/#website"},"primaryImageOfPage":{"@id":"https:\/\/poudresdenarco.com\/produit\/2fdck\/#primaryimage"},"image":{"@id":"https:\/\/poudresdenarco.com\/produit\/2fdck\/#primaryimage"},"thumbnailUrl":"https:\/\/poudresdenarco.com\/wp-content\/uploads\/2024\/10\/2fdck.gif","datePublished":"2024-10-16T11:22:27+00:00","dateModified":"2024-11-02T13:07:39+00:00","description":"Fournisseur de 2-FDCK de haute puret\u00e9 pour applications de recherche. Qualit\u00e9 fiable pour laboratoires et \u00e9tudes scientifiques chez Poudres de Narco.","breadcrumb":{"@id":"https:\/\/poudresdenarco.com\/produit\/2fdck\/#breadcrumb"},"inLanguage":"sv-SE","potentialAction":[{"@type":"ReadAction","target":["https:\/\/poudresdenarco.com\/produit\/2fdck\/"]}]},{"@type":"ImageObject","inLanguage":"sv-SE","@id":"https:\/\/poudresdenarco.com\/produit\/2fdck\/#primaryimage","url":"https:\/\/poudresdenarco.com\/wp-content\/uploads\/2024\/10\/2fdck.gif","contentUrl":"https:\/\/poudresdenarco.com\/wp-content\/uploads\/2024\/10\/2fdck.gif","width":600,"height":600,"caption":"2fdck"},{"@type":"BreadcrumbList","@id":"https:\/\/poudresdenarco.com\/produit\/2fdck\/#breadcrumb","itemListElement":[{"@type":"ListItem","position":1,"name":"Home","item":"https:\/\/poudresdenarco.com\/"},{"@type":"ListItem","position":2,"name":"Boutique","item":"https:\/\/poudresdenarco.com\/boutique\/"},{"@type":"ListItem","position":3,"name":"2fdck"}]},{"@type":"WebSite","@id":"https:\/\/poudresdenarco.com\/#website","url":"https:\/\/poudresdenarco.com\/","name":"Poudresde Narco","description":"Acheter de la coca\u00efne et de l&#039;h\u00e9ro\u00efne en ligne","potentialAction":[{"@type":"SearchAction","target":{"@type":"EntryPoint","urlTemplate":"https:\/\/poudresdenarco.com\/?s={search_term_string}"},"query-input":{"@type":"PropertyValueSpecification","valueRequired":true,"valueName":"search_term_string"}}],"inLanguage":"sv-SE"}]}},"_links":{"self":[{"href":"https:\/\/poudresdenarco.com\/sv\/wp-json\/wp\/v2\/product\/4949","targetHints":{"allow":["GET"]}}],"collection":[{"href":"https:\/\/poudresdenarco.com\/sv\/wp-json\/wp\/v2\/product"}],"about":[{"href":"https:\/\/poudresdenarco.com\/sv\/wp-json\/wp\/v2\/types\/product"}],"replies":[{"embeddable":true,"href":"https:\/\/poudresdenarco.com\/sv\/wp-json\/wp\/v2\/comments?post=4949"}],"wp:featuredmedia":[{"embeddable":true,"href":"https:\/\/poudresdenarco.com\/sv\/wp-json\/wp\/v2\/media\/6154"}],"wp:attachment":[{"href":"https:\/\/poudresdenarco.com\/sv\/wp-json\/wp\/v2\/media?parent=4949"}],"wp:term":[{"taxonomy":"product_cat","embeddable":true,"href":"https:\/\/poudresdenarco.com\/sv\/wp-json\/wp\/v2\/product_cat?post=4949"},{"taxonomy":"product_tag","embeddable":true,"href":"https:\/\/poudresdenarco.com\/sv\/wp-json\/wp\/v2\/product_tag?post=4949"}],"curies":[{"name":"wp","href":"https:\/\/api.w.org\/{rel}","templated":true}]}}