{"id":4950,"date":"2024-10-16T11:22:27","date_gmt":"2024-10-16T11:22:27","guid":{"rendered":"https:\/\/poudresdenarco.com\/?post_type=product&#038;p=4950"},"modified":"2024-12-23T09:56:20","modified_gmt":"2024-12-23T09:56:20","slug":"6apb","status":"publish","type":"product","link":"https:\/\/poudresdenarco.com\/sv\/produkt\/6apb\/","title":{"rendered":"6apb"},"content":{"rendered":"<h2>K\u00f6p 6APB online<\/h2>\n<p>6-(2-aminopropyl) <a href=\"https:\/\/poudresdenarco.com\/sv\/produkt\/6apb\/\">APB 6<\/a>Som en v\u00e4lk\u00e4nd syntetisk entaktogen som tillh\u00f6r de kemiska klasserna fenetylamin och bensofuran, \u00e4r bensofuran (\u00e4ven k\u00e4nd som <a href=\"https:\/\/en.wikipedia.org\/wiki\/6-APB\">6-APB<\/a> eller under varum\u00e4rket Benzofury) ger ett potent och l\u00e5ngvarigt utbud av typiska MDA-liknande entaktogena effekter n\u00e4r de administreras, inklusive sedering, \u00f6kade k\u00e4nslor av empati, k\u00e4rlek och s\u00e4llskaplighet, muskelavslappning, \u00e5ngestlindring och fysisk och kognitiv eufori.<\/p>\n<p>poudresdenarco Forskning<\/p>\n<h3>VI \u00c4R EN GLOBAL LEVERANT\u00d6R AV FORSKNINGSKEMIKALIER<\/h3>\n<p>N\u00e4r det g\u00e4ller<\/p>\n<p>p\u00e5litliga, kontrollerade, verifierade, s\u00e4kra och auktoriserade leverant\u00f6rer av forskningskemikalier<\/p>\n<p>Presentation av <a href=\"https:\/\/poudresdenarco.com\/sv\/\">poudresdenarco<\/a>Vi \u00e4r en v\u00e4lrenommerad leverant\u00f6r av forskningskemikalier som tillhandah\u00e5ller toppmoderna material f\u00f6r dina projekt. Du beh\u00f6ver en leverant\u00f6r som du kan lita p\u00e5 f\u00f6r att leverera \u00e4kta och rena 100 %-kemikalier, och det kan du vara s\u00e4ker p\u00e5 n\u00e4r du arbetar med oss. V\u00e5rt engagemang f\u00f6r excellens och vetenskaplig integritet har gjort oss till en av de mest v\u00e4lrenommerade leverant\u00f6rerna p\u00e5 internetmarknaden, ett rykte vi arbetar h\u00e5rt f\u00f6r att uppr\u00e4tth\u00e5lla och tar p\u00e5 st\u00f6rsta allvar.<\/p>\n<p>V\u00e5ra kunder kan dra nytta av v\u00e5ra olika betalningsalternativ, p\u00e5litliga leveranser och det bredaste urvalet av forskningskemikalier. Med detta tillv\u00e4gag\u00e5ngss\u00e4tt kan vi hj\u00e4lpa ett stort antal forskare p\u00e5 alla kontinenter att hitta de s\u00e4llsynta och lite studerade studiematerialen som ofta har potential att avsev\u00e4rt p\u00e5verka fysikaliska, kemiska, biologiska eller farmaceutiska studier. Vi s\u00f6ker st\u00e4ndigt efter s\u00e4tt att f\u00f6rb\u00e4ttra v\u00e5rt erbjudande och, n\u00e4r s\u00e5 \u00e4r m\u00f6jligt, l\u00e4gga till nya forskningskemikalier till v\u00e5r produktlista f\u00f6r att uppfylla v\u00e5rt m\u00e5l.<\/p>\n<h3><strong>K\u00f6p 6-APB med h\u00f6g renhet f\u00f6r forskning - Narco Powders<\/strong><\/h3>\n<p><strong>Narkotiska pulver<\/strong> \u00e4r din p\u00e5litliga k\u00e4lla f\u00f6r <strong>6-APB h\u00f6g renhet<\/strong>utformad f\u00f6r <strong>vetenskapliga laboratorietill\u00e4mpningar<\/strong>. V\u00e5r 6-APB produceras enligt strikta kvalitetsstandarder, vilket s\u00e4kerst\u00e4ller konsekventa och tillf\u00f6rlitliga resultat f\u00f6r forskare inom kemi och farmakologi.<\/p>\n<h3>Varf\u00f6r k\u00f6pa 6-APB fr\u00e5n Poudres de Narco?<\/h3>\n<p>Som <strong>leverant\u00f6r av 6-APB f\u00f6r forskning<\/strong>, <strong>Narkotiska pulver<\/strong> har \u00e5tagit sig att erbjuda h\u00f6gkvalitativa produkter som \u00e4r skr\u00e4ddarsydda f\u00f6r behoven hos <strong>certifierade laboratorier<\/strong> :<\/p>\n<ul>\n<li><strong>6-APB H\u00f6g renhet f\u00f6r laboratorier<\/strong> Varje batch testas noggrant f\u00f6r att garantera optimal renhet, vilket \u00e4r avg\u00f6rande f\u00f6r specifika vetenskapliga till\u00e4mpningar.<\/li>\n<li><strong>Konsekvent och tillf\u00f6rlitlig kvalitet<\/strong> : V\u00e5r 6-APB \u00e4r formulerad f\u00f6r stabil prestanda och uppfyller kraven f\u00f6r <strong>analytiska laboratoriestudier<\/strong>.<\/li>\n<li><strong>S\u00e4ker onlinebest\u00e4llning<\/strong> : <strong>Narkotiska pulver<\/strong> g\u00f6r det l\u00e4ttare att<strong>k\u00f6pa 6-APB online<\/strong> med en s\u00e4ker best\u00e4llningsprocess utformad f\u00f6r yrkesverksamma inom forskning.<\/li>\n<\/ul>\n<h3>Till\u00e4mpningar och s\u00e4kerhetsinstruktioner<\/h3>\n<p>Le <strong>6-APB f\u00f6r forskning<\/strong> fr\u00e5n <strong>Narkotiska pulver<\/strong> \u00e4r avsedd f\u00f6r <strong>analytiska till\u00e4mpningar och vetenskapliga studier<\/strong>. Vi tillhandah\u00e5ller detaljerade protokoll f\u00f6r s\u00e4ker anv\u00e4ndning och efterlevnad av reglerna:<\/p>\n<ul>\n<li><strong>S\u00e4ker f\u00f6rvaring<\/strong> F\u00f6rvara 6-APB p\u00e5 en sval, torr och ljusskyddad plats.<\/li>\n<li><strong>Hantering med f\u00f6rsiktighets\u00e5tg\u00e4rder<\/strong> Anv\u00e4nd personlig skyddsutrustning (PPE) och arbeta i v\u00e4l ventilerade utrymmen.<\/li>\n<li><strong>Anv\u00e4ndningen \u00e4r strikt reserverad f\u00f6r forskning<\/strong> Denna produkt \u00e4r avsedd f\u00f6r laboratorier och kvalificerade forskare som arbetar i kontrollerade milj\u00f6er.<\/li>\n<\/ul>\n<h3>Best\u00e4ll 6-APB med h\u00f6g renhet f\u00f6r dina vetenskapliga studier<\/h3>\n<p>Med <strong>Narkotiska pulver<\/strong>dra nytta av <strong>tillf\u00f6rlitlig leverans av 6-APB f\u00f6r laboratorietill\u00e4mpningar<\/strong>. <strong>Kontakta oss<\/strong> f\u00f6r en offert eller f\u00f6r att f\u00e5 veta mer om v\u00e5rt sortiment av produkter f\u00f6r vetenskaplig forskning.<\/p>\n<p>&nbsp;<\/p>","protected":false},"excerpt":{"rendered":"<p>Acheter 6APB en ligne 6-(2-aminopropyl) APB 6-En tant qu&rsquo;entactog\u00e8ne synth\u00e9tique bien connu appartenant aux classes chimiques de la ph\u00e9n\u00e9thylamine et du benzofurane, le benzofurane (\u00e9galement connu sous le nom de 6-APB ou sous le nom de marque Benzofury) produit une gamme puissante et durable d&rsquo;effets entactog\u00e8nes typiques de type MDA lorsqu&rsquo;il est administr\u00e9, notamment la&hellip;<\/p>","protected":false},"featured_media":6153,"comment_status":"closed","ping_status":"closed","template":"","meta":{"_joinchat":[]},"product_cat":[558,751],"product_tag":[],"class_list":{"0":"post-4950","1":"product","2":"type-product","3":"status-publish","4":"has-post-thumbnail","6":"product_cat-chimiques-de-recherche","7":"product_cat-stimulants","9":"first","10":"instock","11":"shipping-taxable","12":"purchasable","13":"product-type-variable","14":"col-xs-6 col-sm-4","15":"col-md-3 col-lg-3","16":"un-4-cols"},"yoast_head":"<!-- This site is optimized with the Yoast SEO plugin v23.8 - https:\/\/yoast.com\/wordpress\/plugins\/seo\/ -->\n<title>&quot;Acheter 6-APB | Poudres de Narco&quot;<\/title>\n<meta name=\"description\" content=\"Poudres de Narco, fournisseur de 6-APB pour applications scientifiques en laboratoire. Puret\u00e9 et s\u00e9curit\u00e9 garanties pour recherches scientifiques.\" \/>\n<meta name=\"robots\" content=\"index, follow, max-snippet:-1, max-image-preview:large, max-video-preview:-1\" \/>\n<link rel=\"canonical\" href=\"https:\/\/poudresdenarco.com\/sv\/produkt\/6apb\/\" \/>\n<meta property=\"og:locale\" content=\"sv_SE\" \/>\n<meta property=\"og:type\" content=\"article\" \/>\n<meta property=\"og:title\" content=\"&quot;Acheter 6-APB | Poudres de Narco&quot;\" \/>\n<meta property=\"og:description\" content=\"Poudres de Narco, fournisseur de 6-APB pour applications scientifiques en laboratoire. Puret\u00e9 et s\u00e9curit\u00e9 garanties pour recherches scientifiques.\" \/>\n<meta property=\"og:url\" content=\"https:\/\/poudresdenarco.com\/sv\/produkt\/6apb\/\" \/>\n<meta property=\"og:site_name\" content=\"Poudresde Narco\" \/>\n<meta property=\"article:modified_time\" content=\"2024-12-23T09:56:20+00:00\" \/>\n<meta property=\"og:image\" content=\"https:\/\/poudresdenarco.com\/wp-content\/uploads\/2024\/10\/6apb.gif\" \/>\n\t<meta property=\"og:image:width\" content=\"600\" \/>\n\t<meta property=\"og:image:height\" content=\"600\" \/>\n\t<meta property=\"og:image:type\" content=\"image\/gif\" \/>\n<meta name=\"twitter:card\" content=\"summary_large_image\" \/>\n<meta name=\"twitter:label1\" content=\"Ber\u00e4knad l\u00e4stid\" \/>\n\t<meta name=\"twitter:data1\" content=\"3 minuter\" \/>\n<script type=\"application\/ld+json\" class=\"yoast-schema-graph\">{\"@context\":\"https:\/\/schema.org\",\"@graph\":[{\"@type\":\"WebPage\",\"@id\":\"https:\/\/poudresdenarco.com\/produit\/6apb\/\",\"url\":\"https:\/\/poudresdenarco.com\/produit\/6apb\/\",\"name\":\"\\\"Acheter 6-APB | Poudres de Narco\\\"\",\"isPartOf\":{\"@id\":\"https:\/\/poudresdenarco.com\/#website\"},\"primaryImageOfPage\":{\"@id\":\"https:\/\/poudresdenarco.com\/produit\/6apb\/#primaryimage\"},\"image\":{\"@id\":\"https:\/\/poudresdenarco.com\/produit\/6apb\/#primaryimage\"},\"thumbnailUrl\":\"https:\/\/poudresdenarco.com\/wp-content\/uploads\/2024\/10\/6apb.gif\",\"datePublished\":\"2024-10-16T11:22:27+00:00\",\"dateModified\":\"2024-12-23T09:56:20+00:00\",\"description\":\"Poudres de Narco, fournisseur de 6-APB pour applications scientifiques en laboratoire. Puret\u00e9 et s\u00e9curit\u00e9 garanties pour recherches scientifiques.\",\"breadcrumb\":{\"@id\":\"https:\/\/poudresdenarco.com\/produit\/6apb\/#breadcrumb\"},\"inLanguage\":\"sv-SE\",\"potentialAction\":[{\"@type\":\"ReadAction\",\"target\":[\"https:\/\/poudresdenarco.com\/produit\/6apb\/\"]}]},{\"@type\":\"ImageObject\",\"inLanguage\":\"sv-SE\",\"@id\":\"https:\/\/poudresdenarco.com\/produit\/6apb\/#primaryimage\",\"url\":\"https:\/\/poudresdenarco.com\/wp-content\/uploads\/2024\/10\/6apb.gif\",\"contentUrl\":\"https:\/\/poudresdenarco.com\/wp-content\/uploads\/2024\/10\/6apb.gif\",\"width\":600,\"height\":600,\"caption\":\"6apb\"},{\"@type\":\"BreadcrumbList\",\"@id\":\"https:\/\/poudresdenarco.com\/produit\/6apb\/#breadcrumb\",\"itemListElement\":[{\"@type\":\"ListItem\",\"position\":1,\"name\":\"Home\",\"item\":\"https:\/\/poudresdenarco.com\/\"},{\"@type\":\"ListItem\",\"position\":2,\"name\":\"Boutique\",\"item\":\"https:\/\/poudresdenarco.com\/boutique\/\"},{\"@type\":\"ListItem\",\"position\":3,\"name\":\"6apb\"}]},{\"@type\":\"WebSite\",\"@id\":\"https:\/\/poudresdenarco.com\/#website\",\"url\":\"https:\/\/poudresdenarco.com\/\",\"name\":\"Poudresde Narco\",\"description\":\"Acheter de la coca\u00efne et de l&#039;h\u00e9ro\u00efne en ligne\",\"potentialAction\":[{\"@type\":\"SearchAction\",\"target\":{\"@type\":\"EntryPoint\",\"urlTemplate\":\"https:\/\/poudresdenarco.com\/?s={search_term_string}\"},\"query-input\":{\"@type\":\"PropertyValueSpecification\",\"valueRequired\":true,\"valueName\":\"search_term_string\"}}],\"inLanguage\":\"sv-SE\"}]}<\/script>\n<!-- \/ Yoast SEO plugin. -->","yoast_head_json":{"title":"\"Acheter 6-APB | Poudres de Narco\"","description":"Poudres de Narco, fournisseur de 6-APB pour applications scientifiques en laboratoire. Puret\u00e9 et s\u00e9curit\u00e9 garanties pour recherches scientifiques.","robots":{"index":"index","follow":"follow","max-snippet":"max-snippet:-1","max-image-preview":"max-image-preview:large","max-video-preview":"max-video-preview:-1"},"canonical":"https:\/\/poudresdenarco.com\/sv\/produkt\/6apb\/","og_locale":"sv_SE","og_type":"article","og_title":"\"Acheter 6-APB | Poudres de Narco\"","og_description":"Poudres de Narco, fournisseur de 6-APB pour applications scientifiques en laboratoire. Puret\u00e9 et s\u00e9curit\u00e9 garanties pour recherches scientifiques.","og_url":"https:\/\/poudresdenarco.com\/sv\/produkt\/6apb\/","og_site_name":"Poudresde Narco","article_modified_time":"2024-12-23T09:56:20+00:00","og_image":[{"width":600,"height":600,"url":"https:\/\/poudresdenarco.com\/wp-content\/uploads\/2024\/10\/6apb.gif","type":"image\/gif"}],"twitter_card":"summary_large_image","twitter_misc":{"Ber\u00e4knad l\u00e4stid":"3 minuter"},"schema":{"@context":"https:\/\/schema.org","@graph":[{"@type":"WebPage","@id":"https:\/\/poudresdenarco.com\/produit\/6apb\/","url":"https:\/\/poudresdenarco.com\/produit\/6apb\/","name":"\"Acheter 6-APB | Poudres de Narco\"","isPartOf":{"@id":"https:\/\/poudresdenarco.com\/#website"},"primaryImageOfPage":{"@id":"https:\/\/poudresdenarco.com\/produit\/6apb\/#primaryimage"},"image":{"@id":"https:\/\/poudresdenarco.com\/produit\/6apb\/#primaryimage"},"thumbnailUrl":"https:\/\/poudresdenarco.com\/wp-content\/uploads\/2024\/10\/6apb.gif","datePublished":"2024-10-16T11:22:27+00:00","dateModified":"2024-12-23T09:56:20+00:00","description":"Poudres de Narco, fournisseur de 6-APB pour applications scientifiques en laboratoire. Puret\u00e9 et s\u00e9curit\u00e9 garanties pour recherches scientifiques.","breadcrumb":{"@id":"https:\/\/poudresdenarco.com\/produit\/6apb\/#breadcrumb"},"inLanguage":"sv-SE","potentialAction":[{"@type":"ReadAction","target":["https:\/\/poudresdenarco.com\/produit\/6apb\/"]}]},{"@type":"ImageObject","inLanguage":"sv-SE","@id":"https:\/\/poudresdenarco.com\/produit\/6apb\/#primaryimage","url":"https:\/\/poudresdenarco.com\/wp-content\/uploads\/2024\/10\/6apb.gif","contentUrl":"https:\/\/poudresdenarco.com\/wp-content\/uploads\/2024\/10\/6apb.gif","width":600,"height":600,"caption":"6apb"},{"@type":"BreadcrumbList","@id":"https:\/\/poudresdenarco.com\/produit\/6apb\/#breadcrumb","itemListElement":[{"@type":"ListItem","position":1,"name":"Home","item":"https:\/\/poudresdenarco.com\/"},{"@type":"ListItem","position":2,"name":"Boutique","item":"https:\/\/poudresdenarco.com\/boutique\/"},{"@type":"ListItem","position":3,"name":"6apb"}]},{"@type":"WebSite","@id":"https:\/\/poudresdenarco.com\/#website","url":"https:\/\/poudresdenarco.com\/","name":"Poudresde Narco","description":"Acheter de la coca\u00efne et de l&#039;h\u00e9ro\u00efne en ligne","potentialAction":[{"@type":"SearchAction","target":{"@type":"EntryPoint","urlTemplate":"https:\/\/poudresdenarco.com\/?s={search_term_string}"},"query-input":{"@type":"PropertyValueSpecification","valueRequired":true,"valueName":"search_term_string"}}],"inLanguage":"sv-SE"}]}},"_links":{"self":[{"href":"https:\/\/poudresdenarco.com\/sv\/wp-json\/wp\/v2\/product\/4950","targetHints":{"allow":["GET"]}}],"collection":[{"href":"https:\/\/poudresdenarco.com\/sv\/wp-json\/wp\/v2\/product"}],"about":[{"href":"https:\/\/poudresdenarco.com\/sv\/wp-json\/wp\/v2\/types\/product"}],"replies":[{"embeddable":true,"href":"https:\/\/poudresdenarco.com\/sv\/wp-json\/wp\/v2\/comments?post=4950"}],"wp:featuredmedia":[{"embeddable":true,"href":"https:\/\/poudresdenarco.com\/sv\/wp-json\/wp\/v2\/media\/6153"}],"wp:attachment":[{"href":"https:\/\/poudresdenarco.com\/sv\/wp-json\/wp\/v2\/media?parent=4950"}],"wp:term":[{"taxonomy":"product_cat","embeddable":true,"href":"https:\/\/poudresdenarco.com\/sv\/wp-json\/wp\/v2\/product_cat?post=4950"},{"taxonomy":"product_tag","embeddable":true,"href":"https:\/\/poudresdenarco.com\/sv\/wp-json\/wp\/v2\/product_tag?post=4950"}],"curies":[{"name":"wp","href":"https:\/\/api.w.org\/{rel}","templated":true}]}}