{"id":4951,"date":"2024-10-16T11:22:28","date_gmt":"2024-10-16T11:22:28","guid":{"rendered":"https:\/\/poudresdenarco.com\/?post_type=product&#038;p=4951"},"modified":"2024-11-05T08:42:21","modified_gmt":"2024-11-05T08:42:21","slug":"lsd","status":"publish","type":"product","link":"https:\/\/poudresdenarco.com\/sv\/produkt\/lsd\/","title":{"rendered":"LSD"},"content":{"rendered":"<h2>K\u00f6p LSD-pulver online<\/h2>\n<p>Droppar av <a href=\"https:\/\/poudresdenarco.com\/sv\/produkt\/lsd\/\">LSD<\/a> (lysergsyredietylamid) blottingpapper LSD (lysergsyredietylamid) Saltpulver\/blottingpapper<\/p>\n<h3>C20H25N3O \u00e4r formeln<a href=\"https:\/\/legitgrams.com\/product\/bolivia-cocaine\/\">.<\/a><\/h3>\n<p>IUPAC ID: 6aR,9R-[4,3-fg] N,N-dietyl-7-metyl-4,6,6a,7,8,9-hexahydroindolo-nin-karboxamidkinolin<\/p>\n<p>Bulkdensitet: 323,43 g\/mol<\/p>\n<p>\u00b0C \u00e4r sm\u00e4ltpunkten.<\/p>\n<p>CAS-nummer: 50-37-3<\/p>\n<p>Acid, eller lysergsyradietylamid, \u00e4r en psykedelisk substans som \u00e4r v\u00e4lk\u00e4nd f\u00f6r sina hallucinogena egenskaper. Wikipedia<\/p>\n<p>C20H25N3O \u00e4r formeln.<\/p>\n<p>IUPAC ID: 6aR,9R-[4,3-fg] N,N-dietyl-7-metyl-4,6,6a,7,8,9-hexahydroindolo; Nine-karboxamid kinolin<\/p>\n<p>Bulkdensitet: 323,43 g\/mol<\/p>\n<p>\u00b0C \u00e4r sm\u00e4ltpunkten.<\/p>\n<p>CAS-nummer: 50-37-3<\/p>\n<h3><strong>K\u00f6p LSD med h\u00f6g renhet f\u00f6r forskning - Narco Powders<\/strong><\/h3>\n<p><strong>Narkotiska pulver<\/strong> \u00e4r din p\u00e5litliga leverant\u00f6r av <strong>Forskningskvalitet LSD<\/strong>speciellt utformad f\u00f6r <strong>vetenskapliga laboratorietill\u00e4mpningar<\/strong>. V\u00e5rt LSD produceras enligt strikta renhets- och kvalitetsstandarder, vilket garanterar tillf\u00f6rlitliga resultat f\u00f6r forskare inom kemi och farmakologi.<\/p>\n<h3>Varf\u00f6r v\u00e4lja LSD fr\u00e5n Poudres de Narco?<\/h3>\n<p>Som <strong>leverant\u00f6r av LSD f\u00f6r forskning<\/strong>, <strong>Narkotiska pulver<\/strong> garanterar produkter som har genomg\u00e5tt noggranna tester och som \u00f6verensst\u00e4mmer med <strong>certifierade laboratorier<\/strong> :<\/p>\n<ul>\n<li><strong>LSD med h\u00f6g renhet f\u00f6r laboratorier<\/strong> : Varje parti testas noggrant f\u00f6r att s\u00e4kerst\u00e4lla optimal renhet, vilket \u00e4r viktigt f\u00f6r <strong>specifika vetenskapliga till\u00e4mpningar<\/strong>.<\/li>\n<li><strong>Tillf\u00f6rlitlig och j\u00e4mn kvalitet<\/strong> : V\u00e5r LSD \u00e4r formulerad f\u00f6r att ge stabil och tillf\u00f6rlitlig prestanda, idealisk f\u00f6r <strong>analytiska studier och laboratorieforskning<\/strong>.<\/li>\n<li><strong>S\u00e4ker onlinebest\u00e4llning<\/strong> : <strong>Narkotiska pulver<\/strong> f\u00f6renklar<strong>k\u00f6pa LSD online<\/strong>En s\u00e4ker process som uppfyller de krav som st\u00e4lls av yrkesverksamma inom forskning.<\/li>\n<\/ul>\n<h3>Till\u00e4mpningar och s\u00e4kerhetsinstruktioner<\/h3>\n<p>Le <strong>LSD f\u00f6r forskning<\/strong> fr\u00e5n <strong>Narkotiska pulver<\/strong> \u00e4r avsedd f\u00f6r <strong>analytiska till\u00e4mpningar och vetenskapliga studier<\/strong>. F\u00f6r att s\u00e4kerst\u00e4lla korrekt anv\u00e4ndning tillhandah\u00e5ller vi s\u00e4kerhetsinstruktioner :<\/p>\n<ul>\n<li><strong>S\u00e4ker f\u00f6rvaring<\/strong> F\u00f6rvara LSD p\u00e5 en sval, torr plats borta fr\u00e5n ljus f\u00f6r att bevara dess kvalitet.<\/li>\n<li><strong>Hantering med f\u00f6rsiktighets\u00e5tg\u00e4rder<\/strong> Anv\u00e4nd personlig skyddsutrustning (PPE) och arbeta i en v\u00e4l ventilerad milj\u00f6 f\u00f6r att garantera s\u00e4kerheten.<\/li>\n<li><strong>Anv\u00e4ndningen \u00e4r strikt reserverad f\u00f6r forskning<\/strong> Denna produkt \u00e4r endast avsedd f\u00f6r kvalificerade forskare och certifierade laboratorier.<\/li>\n<\/ul>\n<h3>Best\u00e4ll LSD med h\u00f6g renhet f\u00f6r dina vetenskapliga studier<\/h3>\n<p>Med <strong>Narkotiska pulver<\/strong>dra nytta av <strong>tillf\u00f6rlitlig leverans av LSD f\u00f6r laboratorietill\u00e4mpningar<\/strong>. V\u00e5ra h\u00f6ga kvalitets- och s\u00e4kerhetsstandarder inneb\u00e4r att <strong>Narkotiska pulver<\/strong> det p\u00e5litliga valet f\u00f6r professionella forskare. <strong>Kontakta oss<\/strong> f\u00f6r en offert eller f\u00f6r att f\u00e5 veta mer om v\u00e5rt sortiment av h\u00f6grena produkter f\u00f6r vetenskaplig forskning.<\/p>","protected":false},"excerpt":{"rendered":"<p>Acheter LSD en poudre en ligne Gouttes de LSD (di\u00e9thylamide d&rsquo;acide lysergique) buvard LSD (di\u00e9thylamide d&rsquo;acide lysergique) Poudre de sel\/papier buvard C20H25N3O est la formule. ID IUPAC\u00a0: 6aR,9R- [4,3-fg] N,N-di\u00e9thyl-7-m\u00e9thyl-4,6,6a,7,8,9-hexahydroindolo- Nine-carboxamide quinol\u00e9ine Densit\u00e9 apparente\u00a0: 323,43 g\/mol \u00b0C est le point de fusion. Num\u00e9ro CAS\u00a0: 50-37-3 L&rsquo;acide, ou acide lysergique di\u00e9thylamide, est une substance psych\u00e9d\u00e9lique bien&hellip;<\/p>","protected":false},"featured_media":6172,"comment_status":"closed","ping_status":"closed","template":"","meta":{"_joinchat":[]},"product_cat":[558],"product_tag":[],"class_list":{"0":"post-4951","1":"product","2":"type-product","3":"status-publish","4":"has-post-thumbnail","6":"product_cat-chimiques-de-recherche","8":"first","9":"instock","10":"shipping-taxable","11":"purchasable","12":"product-type-variable","13":"col-xs-6 col-sm-4","14":"col-md-3 col-lg-3","15":"un-4-cols"},"yoast_head":"<!-- This site is optimized with the Yoast SEO plugin v23.8 - https:\/\/yoast.com\/wordpress\/plugins\/seo\/ -->\n<title>Acheter LSD pour la Recherche | Poudres de Narco<\/title>\n<meta name=\"description\" content=\"Fournisseur de LSD pour applications scientifiques en laboratoire. Puret\u00e9 et s\u00e9curit\u00e9 garanties pour recherches avanc\u00e9es chez Poudres de Narco.\" \/>\n<meta name=\"robots\" content=\"index, follow, max-snippet:-1, max-image-preview:large, max-video-preview:-1\" \/>\n<link rel=\"canonical\" href=\"https:\/\/poudresdenarco.com\/sv\/produkt\/lsd\/\" \/>\n<meta property=\"og:locale\" content=\"sv_SE\" \/>\n<meta property=\"og:type\" content=\"article\" \/>\n<meta property=\"og:title\" content=\"Acheter LSD pour la Recherche | Poudres de Narco\" \/>\n<meta property=\"og:description\" content=\"Fournisseur de LSD pour applications scientifiques en laboratoire. Puret\u00e9 et s\u00e9curit\u00e9 garanties pour recherches avanc\u00e9es chez Poudres de Narco.\" \/>\n<meta property=\"og:url\" content=\"https:\/\/poudresdenarco.com\/sv\/produkt\/lsd\/\" \/>\n<meta property=\"og:site_name\" content=\"Poudresde Narco\" \/>\n<meta property=\"article:modified_time\" content=\"2024-11-05T08:42:21+00:00\" \/>\n<meta property=\"og:image\" content=\"https:\/\/poudresdenarco.com\/wp-content\/uploads\/2024\/10\/LSD.gif\" \/>\n\t<meta property=\"og:image:width\" content=\"600\" \/>\n\t<meta property=\"og:image:height\" content=\"600\" \/>\n\t<meta property=\"og:image:type\" content=\"image\/gif\" \/>\n<meta name=\"twitter:card\" content=\"summary_large_image\" \/>\n<meta name=\"twitter:label1\" content=\"Ber\u00e4knad l\u00e4stid\" \/>\n\t<meta name=\"twitter:data1\" content=\"2 minuter\" \/>\n<script type=\"application\/ld+json\" class=\"yoast-schema-graph\">{\"@context\":\"https:\/\/schema.org\",\"@graph\":[{\"@type\":\"WebPage\",\"@id\":\"https:\/\/poudresdenarco.com\/produit\/lsd\/\",\"url\":\"https:\/\/poudresdenarco.com\/produit\/lsd\/\",\"name\":\"Acheter LSD pour la Recherche | Poudres de Narco\",\"isPartOf\":{\"@id\":\"https:\/\/poudresdenarco.com\/#website\"},\"primaryImageOfPage\":{\"@id\":\"https:\/\/poudresdenarco.com\/produit\/lsd\/#primaryimage\"},\"image\":{\"@id\":\"https:\/\/poudresdenarco.com\/produit\/lsd\/#primaryimage\"},\"thumbnailUrl\":\"https:\/\/poudresdenarco.com\/wp-content\/uploads\/2024\/10\/LSD.gif\",\"datePublished\":\"2024-10-16T11:22:28+00:00\",\"dateModified\":\"2024-11-05T08:42:21+00:00\",\"description\":\"Fournisseur de LSD pour applications scientifiques en laboratoire. Puret\u00e9 et s\u00e9curit\u00e9 garanties pour recherches avanc\u00e9es chez Poudres de Narco.\",\"breadcrumb\":{\"@id\":\"https:\/\/poudresdenarco.com\/produit\/lsd\/#breadcrumb\"},\"inLanguage\":\"sv-SE\",\"potentialAction\":[{\"@type\":\"ReadAction\",\"target\":[\"https:\/\/poudresdenarco.com\/produit\/lsd\/\"]}]},{\"@type\":\"ImageObject\",\"inLanguage\":\"sv-SE\",\"@id\":\"https:\/\/poudresdenarco.com\/produit\/lsd\/#primaryimage\",\"url\":\"https:\/\/poudresdenarco.com\/wp-content\/uploads\/2024\/10\/LSD.gif\",\"contentUrl\":\"https:\/\/poudresdenarco.com\/wp-content\/uploads\/2024\/10\/LSD.gif\",\"width\":600,\"height\":600,\"caption\":\"LSD\"},{\"@type\":\"BreadcrumbList\",\"@id\":\"https:\/\/poudresdenarco.com\/produit\/lsd\/#breadcrumb\",\"itemListElement\":[{\"@type\":\"ListItem\",\"position\":1,\"name\":\"Home\",\"item\":\"https:\/\/poudresdenarco.com\/\"},{\"@type\":\"ListItem\",\"position\":2,\"name\":\"Boutique\",\"item\":\"https:\/\/poudresdenarco.com\/boutique\/\"},{\"@type\":\"ListItem\",\"position\":3,\"name\":\"LSD\"}]},{\"@type\":\"WebSite\",\"@id\":\"https:\/\/poudresdenarco.com\/#website\",\"url\":\"https:\/\/poudresdenarco.com\/\",\"name\":\"Poudresde Narco\",\"description\":\"Acheter de la coca\u00efne et de l&#039;h\u00e9ro\u00efne en ligne\",\"potentialAction\":[{\"@type\":\"SearchAction\",\"target\":{\"@type\":\"EntryPoint\",\"urlTemplate\":\"https:\/\/poudresdenarco.com\/?s={search_term_string}\"},\"query-input\":{\"@type\":\"PropertyValueSpecification\",\"valueRequired\":true,\"valueName\":\"search_term_string\"}}],\"inLanguage\":\"sv-SE\"}]}<\/script>\n<!-- \/ Yoast SEO plugin. -->","yoast_head_json":{"title":"Acheter LSD pour la Recherche | Poudres de Narco","description":"Fournisseur de LSD pour applications scientifiques en laboratoire. Puret\u00e9 et s\u00e9curit\u00e9 garanties pour recherches avanc\u00e9es chez Poudres de Narco.","robots":{"index":"index","follow":"follow","max-snippet":"max-snippet:-1","max-image-preview":"max-image-preview:large","max-video-preview":"max-video-preview:-1"},"canonical":"https:\/\/poudresdenarco.com\/sv\/produkt\/lsd\/","og_locale":"sv_SE","og_type":"article","og_title":"Acheter LSD pour la Recherche | Poudres de Narco","og_description":"Fournisseur de LSD pour applications scientifiques en laboratoire. Puret\u00e9 et s\u00e9curit\u00e9 garanties pour recherches avanc\u00e9es chez Poudres de Narco.","og_url":"https:\/\/poudresdenarco.com\/sv\/produkt\/lsd\/","og_site_name":"Poudresde Narco","article_modified_time":"2024-11-05T08:42:21+00:00","og_image":[{"width":600,"height":600,"url":"https:\/\/poudresdenarco.com\/wp-content\/uploads\/2024\/10\/LSD.gif","type":"image\/gif"}],"twitter_card":"summary_large_image","twitter_misc":{"Ber\u00e4knad l\u00e4stid":"2 minuter"},"schema":{"@context":"https:\/\/schema.org","@graph":[{"@type":"WebPage","@id":"https:\/\/poudresdenarco.com\/produit\/lsd\/","url":"https:\/\/poudresdenarco.com\/produit\/lsd\/","name":"Acheter LSD pour la Recherche | Poudres de Narco","isPartOf":{"@id":"https:\/\/poudresdenarco.com\/#website"},"primaryImageOfPage":{"@id":"https:\/\/poudresdenarco.com\/produit\/lsd\/#primaryimage"},"image":{"@id":"https:\/\/poudresdenarco.com\/produit\/lsd\/#primaryimage"},"thumbnailUrl":"https:\/\/poudresdenarco.com\/wp-content\/uploads\/2024\/10\/LSD.gif","datePublished":"2024-10-16T11:22:28+00:00","dateModified":"2024-11-05T08:42:21+00:00","description":"Fournisseur de LSD pour applications scientifiques en laboratoire. Puret\u00e9 et s\u00e9curit\u00e9 garanties pour recherches avanc\u00e9es chez Poudres de Narco.","breadcrumb":{"@id":"https:\/\/poudresdenarco.com\/produit\/lsd\/#breadcrumb"},"inLanguage":"sv-SE","potentialAction":[{"@type":"ReadAction","target":["https:\/\/poudresdenarco.com\/produit\/lsd\/"]}]},{"@type":"ImageObject","inLanguage":"sv-SE","@id":"https:\/\/poudresdenarco.com\/produit\/lsd\/#primaryimage","url":"https:\/\/poudresdenarco.com\/wp-content\/uploads\/2024\/10\/LSD.gif","contentUrl":"https:\/\/poudresdenarco.com\/wp-content\/uploads\/2024\/10\/LSD.gif","width":600,"height":600,"caption":"LSD"},{"@type":"BreadcrumbList","@id":"https:\/\/poudresdenarco.com\/produit\/lsd\/#breadcrumb","itemListElement":[{"@type":"ListItem","position":1,"name":"Home","item":"https:\/\/poudresdenarco.com\/"},{"@type":"ListItem","position":2,"name":"Boutique","item":"https:\/\/poudresdenarco.com\/boutique\/"},{"@type":"ListItem","position":3,"name":"LSD"}]},{"@type":"WebSite","@id":"https:\/\/poudresdenarco.com\/#website","url":"https:\/\/poudresdenarco.com\/","name":"Poudresde Narco","description":"Acheter de la coca\u00efne et de l&#039;h\u00e9ro\u00efne en ligne","potentialAction":[{"@type":"SearchAction","target":{"@type":"EntryPoint","urlTemplate":"https:\/\/poudresdenarco.com\/?s={search_term_string}"},"query-input":{"@type":"PropertyValueSpecification","valueRequired":true,"valueName":"search_term_string"}}],"inLanguage":"sv-SE"}]}},"_links":{"self":[{"href":"https:\/\/poudresdenarco.com\/sv\/wp-json\/wp\/v2\/product\/4951","targetHints":{"allow":["GET"]}}],"collection":[{"href":"https:\/\/poudresdenarco.com\/sv\/wp-json\/wp\/v2\/product"}],"about":[{"href":"https:\/\/poudresdenarco.com\/sv\/wp-json\/wp\/v2\/types\/product"}],"replies":[{"embeddable":true,"href":"https:\/\/poudresdenarco.com\/sv\/wp-json\/wp\/v2\/comments?post=4951"}],"wp:featuredmedia":[{"embeddable":true,"href":"https:\/\/poudresdenarco.com\/sv\/wp-json\/wp\/v2\/media\/6172"}],"wp:attachment":[{"href":"https:\/\/poudresdenarco.com\/sv\/wp-json\/wp\/v2\/media?parent=4951"}],"wp:term":[{"taxonomy":"product_cat","embeddable":true,"href":"https:\/\/poudresdenarco.com\/sv\/wp-json\/wp\/v2\/product_cat?post=4951"},{"taxonomy":"product_tag","embeddable":true,"href":"https:\/\/poudresdenarco.com\/sv\/wp-json\/wp\/v2\/product_tag?post=4951"}],"curies":[{"name":"wp","href":"https:\/\/api.w.org\/{rel}","templated":true}]}}