{"id":5078,"date":"2024-10-16T11:24:40","date_gmt":"2024-10-16T11:24:40","guid":{"rendered":"https:\/\/poudresdenarco.com\/?post_type=product&#038;p=5078"},"modified":"2024-12-23T09:49:33","modified_gmt":"2024-12-23T09:49:33","slug":"adbb","status":"publish","type":"product","link":"https:\/\/poudresdenarco.com\/sv\/produkt\/adbb\/","title":{"rendered":"ADBB"},"content":{"rendered":"<h2><strong>K\u00f6p ADBB med h\u00f6g renhet f\u00f6r forskning <a href=\"https:\/\/cokebricks.com\/product\/5f-emb\/\">&#8211;<\/a> Narkotiska pulver<\/strong><\/h2>\n<p><strong>Narkotiska pulver<\/strong> \u00e4r din p\u00e5litliga leverant\u00f6r av<strong>ADBB kvalitetsforskning<\/strong> (ADB-Butinaca), som utformats s\u00e4rskilt f\u00f6r <strong>vetenskapliga laboratorietill\u00e4mpningar<\/strong>. V\u00e5r ADBB produceras enligt strikta renhets- och kvalitetsstandarder, vilket garanterar tillf\u00f6rlitliga resultat f\u00f6r forskare inom kemi och farmakologi.<a href=\"https:\/\/poudresdenarco.com\/sv\/\"> K\u00f6p ADBB.<\/a><\/p>\n<h3>Varf\u00f6r v\u00e4lja ADBB de Poudres de Narco?<\/h3>\n<p>Som <strong>leverant\u00f6r av ADBB f\u00f6r forskning<\/strong>, <strong>Narkotiska pulver<\/strong> har \u00e5tagit sig att erbjuda noggrant testade produkter som \u00e4r anpassade till kundernas behov. <strong>certifierade laboratorier<\/strong> :<\/p>\n<ul>\n<li><strong>ADBB med h\u00f6g renhet f\u00f6r laboratorier<\/strong> : Varje parti testas noggrant f\u00f6r att s\u00e4kerst\u00e4lla optimal renhet, vilket \u00e4r avg\u00f6rande f\u00f6r <strong>specifika vetenskapliga till\u00e4mpningar<\/strong>.<\/li>\n<li><strong>Konsekvent och tillf\u00f6rlitlig kvalitet<\/strong> V\u00e5r ADBB \u00e4r formulerad f\u00f6r stabil prestanda, idealisk f\u00f6r <strong>analytiska studier och laboratorieforskning<\/strong>.<\/li>\n<li><strong>S\u00e4ker onlinebest\u00e4llning<\/strong> : <strong>Narkotiska pulver<\/strong> erbjuder en f\u00f6renklad process f\u00f6r<strong>k\u00f6pa ADBB online<\/strong>garantera s\u00e4kerhet och efterlevnad f\u00f6r forskningspersonal.<\/li>\n<\/ul>\n<h3>Till\u00e4mpningar och s\u00e4kerhetsinstruktioner<\/h3>\n<p>L'<strong>ADBB f\u00f6r forskning<\/strong> fr\u00e5n <strong>Narkotiska pulver<\/strong> \u00e4r avsedd f\u00f6r <strong>analytiska till\u00e4mpningar och vetenskapliga studier<\/strong>. F\u00f6r att s\u00e4kerst\u00e4lla korrekt och s\u00e4ker anv\u00e4ndning tillhandah\u00e5ller vi s\u00e4kerhetsinstruktioner :<\/p>\n<ul>\n<li><strong>S\u00e4ker f\u00f6rvaring<\/strong> F\u00f6rvara ADBB p\u00e5 en sval, torr och ljusskyddad plats f\u00f6r att bevara dess kvalitet.<\/li>\n<li><strong>Hantering med f\u00f6rsiktighets\u00e5tg\u00e4rder<\/strong> Anv\u00e4nd personlig skyddsutrustning (PPE) och arbeta i en v\u00e4l ventilerad milj\u00f6 f\u00f6r att garantera s\u00e4kerheten.<\/li>\n<li><strong>Anv\u00e4ndningen \u00e4r strikt reserverad f\u00f6r forskning<\/strong> Denna produkt \u00e4r endast avsedd f\u00f6r kvalificerade forskare och certifierade laboratorier.<\/li>\n<\/ul>\n<h3>Best\u00e4ll ADBB med h\u00f6g renhet f\u00f6r dina vetenskapliga studier<\/h3>\n<p>Med <strong>Narkotiska pulver<\/strong>dra nytta av <strong>tillf\u00f6rlitlig leverans av ADBB f\u00f6r laboratorieapplikationer<\/strong>. V\u00e5ra h\u00f6ga kvalitets- och s\u00e4kerhetsstandarder inneb\u00e4r att <strong>Narkotiska pulver<\/strong> det p\u00e5litliga valet f\u00f6r professionella forskare. <strong>Kontakta oss<\/strong> f\u00f6r en offert eller f\u00f6r att f\u00e5 veta mer om v\u00e5rt sortiment av h\u00f6grena produkter f\u00f6r vetenskaplig forskning.<\/p>","protected":false},"excerpt":{"rendered":"<p>Acheter de l&rsquo;ADBB de Haute Puret\u00e9 pour la Recherche &#8211; Poudres de Narco Poudres de Narco est votre fournisseur de confiance pour l&rsquo;ADBB de qualit\u00e9 recherche (ADB-Butinaca), con\u00e7u sp\u00e9cifiquement pour des applications scientifiques en laboratoire. Notre ADBB est produit selon des normes strictes de puret\u00e9 et de qualit\u00e9, garantissant des r\u00e9sultats fiables pour les chercheurs&hellip;<\/p>","protected":false},"featured_media":5104,"comment_status":"open","ping_status":"closed","template":"","meta":{"_joinchat":[]},"product_cat":[558,751],"product_tag":[],"class_list":{"0":"post-5078","1":"product","2":"type-product","3":"status-publish","4":"has-post-thumbnail","6":"product_cat-chimiques-de-recherche","7":"product_cat-stimulants","9":"first","10":"instock","11":"shipping-taxable","12":"purchasable","13":"product-type-variable","14":"col-xs-6 col-sm-4","15":"col-md-3 col-lg-3","16":"un-4-cols"},"yoast_head":"<!-- This site is optimized with the Yoast SEO plugin v23.8 - https:\/\/yoast.com\/wordpress\/plugins\/seo\/ -->\n<title>Achetez ADBB en ligne - ADBB \u00e0 vendre - Commandez ADBB<\/title>\n<meta name=\"description\" content=\"Vous pouvez acheter de l&#039;ADBB en ligne aux meilleurs prix dans notre boutique de m\u00e9dicaments en ligne. Nous proposons de l&#039;ADBB bon march\u00e9 et de haute qualit\u00e9 \u00e0 la vente et proposons une livraison dans le monde entier. Vous pouvez commander de n&#039;importe o\u00f9, \u00e0 tout moment.\" \/>\n<meta name=\"robots\" content=\"index, follow, max-snippet:-1, max-image-preview:large, max-video-preview:-1\" \/>\n<link rel=\"canonical\" href=\"https:\/\/poudresdenarco.com\/sv\/produkt\/adbb\/\" \/>\n<meta property=\"og:locale\" content=\"sv_SE\" \/>\n<meta property=\"og:type\" content=\"article\" \/>\n<meta property=\"og:title\" content=\"Achetez ADBB en ligne - ADBB \u00e0 vendre - Commandez ADBB\" \/>\n<meta property=\"og:description\" content=\"Vous pouvez acheter de l&#039;ADBB en ligne aux meilleurs prix dans notre boutique de m\u00e9dicaments en ligne. Nous proposons de l&#039;ADBB bon march\u00e9 et de haute qualit\u00e9 \u00e0 la vente et proposons une livraison dans le monde entier. Vous pouvez commander de n&#039;importe o\u00f9, \u00e0 tout moment.\" \/>\n<meta property=\"og:url\" content=\"https:\/\/poudresdenarco.com\/sv\/produkt\/adbb\/\" \/>\n<meta property=\"og:site_name\" content=\"Poudresde Narco\" \/>\n<meta property=\"article:modified_time\" content=\"2024-12-23T09:49:33+00:00\" \/>\n<meta property=\"og:image\" content=\"https:\/\/poudresdenarco.com\/wp-content\/uploads\/2024\/10\/ADBB.gif\" \/>\n\t<meta property=\"og:image:width\" content=\"600\" \/>\n\t<meta property=\"og:image:height\" content=\"600\" \/>\n\t<meta property=\"og:image:type\" content=\"image\/gif\" \/>\n<meta name=\"twitter:card\" content=\"summary_large_image\" \/>\n<meta name=\"twitter:label1\" content=\"Ber\u00e4knad l\u00e4stid\" \/>\n\t<meta name=\"twitter:data1\" content=\"2 minuter\" \/>\n<script type=\"application\/ld+json\" class=\"yoast-schema-graph\">{\"@context\":\"https:\/\/schema.org\",\"@graph\":[{\"@type\":\"WebPage\",\"@id\":\"https:\/\/poudresdenarco.com\/produit\/adbb\/\",\"url\":\"https:\/\/poudresdenarco.com\/produit\/adbb\/\",\"name\":\"Achetez ADBB en ligne - ADBB \u00e0 vendre - Commandez ADBB\",\"isPartOf\":{\"@id\":\"https:\/\/poudresdenarco.com\/#website\"},\"primaryImageOfPage\":{\"@id\":\"https:\/\/poudresdenarco.com\/produit\/adbb\/#primaryimage\"},\"image\":{\"@id\":\"https:\/\/poudresdenarco.com\/produit\/adbb\/#primaryimage\"},\"thumbnailUrl\":\"https:\/\/poudresdenarco.com\/wp-content\/uploads\/2024\/10\/ADBB.gif\",\"datePublished\":\"2024-10-16T11:24:40+00:00\",\"dateModified\":\"2024-12-23T09:49:33+00:00\",\"description\":\"Vous pouvez acheter de l'ADBB en ligne aux meilleurs prix dans notre boutique de m\u00e9dicaments en ligne. Nous proposons de l'ADBB bon march\u00e9 et de haute qualit\u00e9 \u00e0 la vente et proposons une livraison dans le monde entier. Vous pouvez commander de n'importe o\u00f9, \u00e0 tout moment.\",\"breadcrumb\":{\"@id\":\"https:\/\/poudresdenarco.com\/produit\/adbb\/#breadcrumb\"},\"inLanguage\":\"sv-SE\",\"potentialAction\":[{\"@type\":\"ReadAction\",\"target\":[\"https:\/\/poudresdenarco.com\/produit\/adbb\/\"]}]},{\"@type\":\"ImageObject\",\"inLanguage\":\"sv-SE\",\"@id\":\"https:\/\/poudresdenarco.com\/produit\/adbb\/#primaryimage\",\"url\":\"https:\/\/poudresdenarco.com\/wp-content\/uploads\/2024\/10\/ADBB.gif\",\"contentUrl\":\"https:\/\/poudresdenarco.com\/wp-content\/uploads\/2024\/10\/ADBB.gif\",\"width\":600,\"height\":600},{\"@type\":\"BreadcrumbList\",\"@id\":\"https:\/\/poudresdenarco.com\/produit\/adbb\/#breadcrumb\",\"itemListElement\":[{\"@type\":\"ListItem\",\"position\":1,\"name\":\"Home\",\"item\":\"https:\/\/poudresdenarco.com\/\"},{\"@type\":\"ListItem\",\"position\":2,\"name\":\"Boutique\",\"item\":\"https:\/\/poudresdenarco.com\/boutique\/\"},{\"@type\":\"ListItem\",\"position\":3,\"name\":\"ADBB\"}]},{\"@type\":\"WebSite\",\"@id\":\"https:\/\/poudresdenarco.com\/#website\",\"url\":\"https:\/\/poudresdenarco.com\/\",\"name\":\"Poudresde Narco\",\"description\":\"Acheter de la coca\u00efne et de l&#039;h\u00e9ro\u00efne en ligne\",\"potentialAction\":[{\"@type\":\"SearchAction\",\"target\":{\"@type\":\"EntryPoint\",\"urlTemplate\":\"https:\/\/poudresdenarco.com\/?s={search_term_string}\"},\"query-input\":{\"@type\":\"PropertyValueSpecification\",\"valueRequired\":true,\"valueName\":\"search_term_string\"}}],\"inLanguage\":\"sv-SE\"}]}<\/script>\n<!-- \/ Yoast SEO plugin. -->","yoast_head_json":{"title":"Achetez ADBB en ligne - ADBB \u00e0 vendre - Commandez ADBB","description":"Vous pouvez acheter de l'ADBB en ligne aux meilleurs prix dans notre boutique de m\u00e9dicaments en ligne. Nous proposons de l'ADBB bon march\u00e9 et de haute qualit\u00e9 \u00e0 la vente et proposons une livraison dans le monde entier. Vous pouvez commander de n'importe o\u00f9, \u00e0 tout moment.","robots":{"index":"index","follow":"follow","max-snippet":"max-snippet:-1","max-image-preview":"max-image-preview:large","max-video-preview":"max-video-preview:-1"},"canonical":"https:\/\/poudresdenarco.com\/sv\/produkt\/adbb\/","og_locale":"sv_SE","og_type":"article","og_title":"Achetez ADBB en ligne - ADBB \u00e0 vendre - Commandez ADBB","og_description":"Vous pouvez acheter de l'ADBB en ligne aux meilleurs prix dans notre boutique de m\u00e9dicaments en ligne. Nous proposons de l'ADBB bon march\u00e9 et de haute qualit\u00e9 \u00e0 la vente et proposons une livraison dans le monde entier. Vous pouvez commander de n'importe o\u00f9, \u00e0 tout moment.","og_url":"https:\/\/poudresdenarco.com\/sv\/produkt\/adbb\/","og_site_name":"Poudresde Narco","article_modified_time":"2024-12-23T09:49:33+00:00","og_image":[{"width":600,"height":600,"url":"https:\/\/poudresdenarco.com\/wp-content\/uploads\/2024\/10\/ADBB.gif","type":"image\/gif"}],"twitter_card":"summary_large_image","twitter_misc":{"Ber\u00e4knad l\u00e4stid":"2 minuter"},"schema":{"@context":"https:\/\/schema.org","@graph":[{"@type":"WebPage","@id":"https:\/\/poudresdenarco.com\/produit\/adbb\/","url":"https:\/\/poudresdenarco.com\/produit\/adbb\/","name":"Achetez ADBB en ligne - ADBB \u00e0 vendre - Commandez ADBB","isPartOf":{"@id":"https:\/\/poudresdenarco.com\/#website"},"primaryImageOfPage":{"@id":"https:\/\/poudresdenarco.com\/produit\/adbb\/#primaryimage"},"image":{"@id":"https:\/\/poudresdenarco.com\/produit\/adbb\/#primaryimage"},"thumbnailUrl":"https:\/\/poudresdenarco.com\/wp-content\/uploads\/2024\/10\/ADBB.gif","datePublished":"2024-10-16T11:24:40+00:00","dateModified":"2024-12-23T09:49:33+00:00","description":"Vous pouvez acheter de l'ADBB en ligne aux meilleurs prix dans notre boutique de m\u00e9dicaments en ligne. Nous proposons de l'ADBB bon march\u00e9 et de haute qualit\u00e9 \u00e0 la vente et proposons une livraison dans le monde entier. Vous pouvez commander de n'importe o\u00f9, \u00e0 tout moment.","breadcrumb":{"@id":"https:\/\/poudresdenarco.com\/produit\/adbb\/#breadcrumb"},"inLanguage":"sv-SE","potentialAction":[{"@type":"ReadAction","target":["https:\/\/poudresdenarco.com\/produit\/adbb\/"]}]},{"@type":"ImageObject","inLanguage":"sv-SE","@id":"https:\/\/poudresdenarco.com\/produit\/adbb\/#primaryimage","url":"https:\/\/poudresdenarco.com\/wp-content\/uploads\/2024\/10\/ADBB.gif","contentUrl":"https:\/\/poudresdenarco.com\/wp-content\/uploads\/2024\/10\/ADBB.gif","width":600,"height":600},{"@type":"BreadcrumbList","@id":"https:\/\/poudresdenarco.com\/produit\/adbb\/#breadcrumb","itemListElement":[{"@type":"ListItem","position":1,"name":"Home","item":"https:\/\/poudresdenarco.com\/"},{"@type":"ListItem","position":2,"name":"Boutique","item":"https:\/\/poudresdenarco.com\/boutique\/"},{"@type":"ListItem","position":3,"name":"ADBB"}]},{"@type":"WebSite","@id":"https:\/\/poudresdenarco.com\/#website","url":"https:\/\/poudresdenarco.com\/","name":"Poudresde Narco","description":"Acheter de la coca\u00efne et de l&#039;h\u00e9ro\u00efne en ligne","potentialAction":[{"@type":"SearchAction","target":{"@type":"EntryPoint","urlTemplate":"https:\/\/poudresdenarco.com\/?s={search_term_string}"},"query-input":{"@type":"PropertyValueSpecification","valueRequired":true,"valueName":"search_term_string"}}],"inLanguage":"sv-SE"}]}},"_links":{"self":[{"href":"https:\/\/poudresdenarco.com\/sv\/wp-json\/wp\/v2\/product\/5078","targetHints":{"allow":["GET"]}}],"collection":[{"href":"https:\/\/poudresdenarco.com\/sv\/wp-json\/wp\/v2\/product"}],"about":[{"href":"https:\/\/poudresdenarco.com\/sv\/wp-json\/wp\/v2\/types\/product"}],"replies":[{"embeddable":true,"href":"https:\/\/poudresdenarco.com\/sv\/wp-json\/wp\/v2\/comments?post=5078"}],"wp:featuredmedia":[{"embeddable":true,"href":"https:\/\/poudresdenarco.com\/sv\/wp-json\/wp\/v2\/media\/5104"}],"wp:attachment":[{"href":"https:\/\/poudresdenarco.com\/sv\/wp-json\/wp\/v2\/media?parent=5078"}],"wp:term":[{"taxonomy":"product_cat","embeddable":true,"href":"https:\/\/poudresdenarco.com\/sv\/wp-json\/wp\/v2\/product_cat?post=5078"},{"taxonomy":"product_tag","embeddable":true,"href":"https:\/\/poudresdenarco.com\/sv\/wp-json\/wp\/v2\/product_tag?post=5078"}],"curies":[{"name":"wp","href":"https:\/\/api.w.org\/{rel}","templated":true}]}}