{"id":5194,"date":"2024-10-16T11:25:36","date_gmt":"2024-10-16T11:25:36","guid":{"rendered":"https:\/\/poudresdenarco.com\/?post_type=product&#038;p=5194"},"modified":"2024-11-04T08:07:07","modified_gmt":"2024-11-04T08:07:07","slug":"lisotonitazene","status":"publish","type":"product","link":"https:\/\/poudresdenarco.com\/sv\/produkt\/lisotonitazene\/","title":{"rendered":"isotonitazene"},"content":{"rendered":"<h2><strong>K\u00f6p Isotonitazene med h\u00f6g renhet f\u00f6r forskning <a href=\"https:\/\/cokebricks.com\/de\/produkt\/5f-mdemb-2201\/\">&#8211;<\/a> Narkotiska pulver<\/strong><\/h2>\n<p><strong>Narkotiska pulver<\/strong> \u00e4r din p\u00e5litliga k\u00e4lla f\u00f6r<strong>Isotonitazene av forskningskvalitet<\/strong>utformad exklusivt f\u00f6r <strong>vetenskapliga laboratorietill\u00e4mpningar<\/strong>. V\u00e5r Isotonitazene produceras enligt rigor\u00f6sa standarder f\u00f6r renhet och kvalitet, vilket ger tillf\u00f6rlitliga resultat f\u00f6r forskare inom kemi och farmakologi Isotonitazene till salu<a href=\"https:\/\/poudresdenarco.com\/sv\/produkt\/4f-pv8\/\">.<\/a><\/p>\n<h3>Varf\u00f6r v\u00e4lja Isotonitazene fr\u00e5n Poudres de Narco?<\/h3>\n<p>Som <strong>leverant\u00f6r av Isotonitazene f\u00f6r forskning<\/strong>, <strong>Narkotiska pulver<\/strong> garanterar produkter som \u00f6verensst\u00e4mmer med <strong>certifierade laboratorier<\/strong> :<\/p>\n<ul>\n<li><strong>Isotonitazene med h\u00f6g renhet f\u00f6r laboratorier<\/strong> : Varje parti testas noggrant f\u00f6r att s\u00e4kerst\u00e4lla optimal renhet, vilket \u00e4r avg\u00f6rande f\u00f6r <strong>vetenskapliga precisionstill\u00e4mpningar<\/strong>.<\/li>\n<li><strong>Konsekvent och tillf\u00f6rlitlig kvalitet<\/strong> : V\u00e5r Isotonitazene \u00e4r formulerad f\u00f6r stabil och tillf\u00f6rlitlig prestanda, anpassad till behoven hos <strong>analytiska laboratoriestudier<\/strong>.<\/li>\n<li><strong>S\u00e4ker onlinebest\u00e4llning<\/strong> : <strong>Narkotiska pulver<\/strong> g\u00f6r det l\u00e4ttare att<strong>k\u00f6pa Isotonitazene online<\/strong>med en s\u00e4ker best\u00e4llningsprocess utformad f\u00f6r yrkesverksamma inom forskning.<\/li>\n<\/ul>\n<h3>Till\u00e4mpningar och s\u00e4kerhetsinstruktioner<\/h3>\n<p>L'<strong>Isotonitazene f\u00f6r forskning<\/strong> fr\u00e5n <strong>Narkotiska pulver<\/strong> \u00e4r s\u00e4rskilt utformad f\u00f6r <strong>analytiska till\u00e4mpningar och vetenskapliga studier<\/strong>. Vi tillhandah\u00e5ller s\u00e4kerhetsinstruktioner f\u00f6r att s\u00e4kerst\u00e4lla korrekt och s\u00e4ker anv\u00e4ndning:<\/p>\n<ul>\n<li><strong>S\u00e4ker f\u00f6rvaring<\/strong> F\u00f6rvara Isotonitazene p\u00e5 en sval, torr plats borta fr\u00e5n ljus f\u00f6r att bevara dess kvalitet.<\/li>\n<li><strong>Hantering med f\u00f6rsiktighets\u00e5tg\u00e4rder<\/strong> Anv\u00e4nd personlig skyddsutrustning (PPE) och arbeta i en v\u00e4l ventilerad milj\u00f6.<\/li>\n<li><strong>Anv\u00e4ndningen \u00e4r strikt reserverad f\u00f6r forskning<\/strong> Denna produkt \u00e4r endast avsedd f\u00f6r kvalificerade forskare och certifierade laboratorier.<\/li>\n<\/ul>\n<h3>Best\u00e4ll Isotonitazene med h\u00f6g renhet f\u00f6r dina vetenskapliga studier<\/h3>\n<p>Med <strong>Narkotiska pulver<\/strong>dra nytta av <strong>tillf\u00f6rlitlig leverans av Isotonitazene f\u00f6r laboratorietill\u00e4mpningar<\/strong>. V\u00e5ra kvalitets- och s\u00e4kerhetsstandarder g\u00f6r <strong>Narkotiska pulver<\/strong> det p\u00e5litliga valet f\u00f6r professionella forskare. <strong>Kontakta oss<\/strong> f\u00f6r en offert eller f\u00f6r att ta reda p\u00e5 mer om v\u00e5rt sortiment av Isotonitazene vetenskapliga forskningsprodukter med h\u00f6g renhet till salu.<\/p>","protected":false},"excerpt":{"rendered":"<p>Acheter de l&rsquo;Isotonitaz\u00e8ne de Haute Puret\u00e9 pour la Recherche &#8211; Poudres de Narco Poudres de Narco est votre source de confiance pour l&rsquo;Isotonitaz\u00e8ne de qualit\u00e9 recherche, con\u00e7u exclusivement pour des applications scientifiques en laboratoire. Notre Isotonitaz\u00e8ne est produit selon des normes rigoureuses de puret\u00e9 et de qualit\u00e9, offrant des r\u00e9sultats fiables pour les chercheurs en&hellip;<\/p>","protected":false},"featured_media":5212,"comment_status":"open","ping_status":"closed","template":"","meta":{"_joinchat":[]},"product_cat":[558],"product_tag":[],"class_list":{"0":"post-5194","1":"product","2":"type-product","3":"status-publish","4":"has-post-thumbnail","6":"product_cat-chimiques-de-recherche","8":"first","9":"instock","10":"shipping-taxable","11":"purchasable","12":"product-type-variable","13":"col-xs-6 col-sm-4","14":"col-md-3 col-lg-3","15":"un-4-cols"},"yoast_head":"<!-- This site is optimized with the Yoast SEO plugin v23.8 - https:\/\/yoast.com\/wordpress\/plugins\/seo\/ -->\n<title>Isotonitaz\u00e8ne \u00e0 vendre - Achetez de l&#039;isotonitaz\u00e8ne en ligne<\/title>\n<meta name=\"description\" content=\"Vous recherchez une source fiable pour acheter de la poudre d&#039;isotonitaz\u00e8ne en ligne ? Votre recherche s&#039;arr\u00eate ici. Commandez de la poudre d&#039;isotonitaz\u00e8ne en ligne dans notre magasin de confiance et profitez d&#039;un processus d&#039;achat transparent adapt\u00e9 \u00e0 vos besoins de recherche. Isotonitaz\u00e8ne \u00e0 vendre\" \/>\n<meta name=\"robots\" content=\"index, follow, max-snippet:-1, max-image-preview:large, max-video-preview:-1\" \/>\n<link rel=\"canonical\" href=\"https:\/\/poudresdenarco.com\/sv\/produkt\/lisotonitazene\/\" \/>\n<meta property=\"og:locale\" content=\"sv_SE\" \/>\n<meta property=\"og:type\" content=\"article\" \/>\n<meta property=\"og:title\" content=\"Isotonitaz\u00e8ne \u00e0 vendre - Achetez de l&#039;isotonitaz\u00e8ne en ligne\" \/>\n<meta property=\"og:description\" content=\"Vous recherchez une source fiable pour acheter de la poudre d&#039;isotonitaz\u00e8ne en ligne ? Votre recherche s&#039;arr\u00eate ici. Commandez de la poudre d&#039;isotonitaz\u00e8ne en ligne dans notre magasin de confiance et profitez d&#039;un processus d&#039;achat transparent adapt\u00e9 \u00e0 vos besoins de recherche. Isotonitaz\u00e8ne \u00e0 vendre\" \/>\n<meta property=\"og:url\" content=\"https:\/\/poudresdenarco.com\/sv\/produkt\/lisotonitazene\/\" \/>\n<meta property=\"og:site_name\" content=\"Poudresde Narco\" \/>\n<meta property=\"article:modified_time\" content=\"2024-11-04T08:07:07+00:00\" \/>\n<meta property=\"og:image\" content=\"https:\/\/poudresdenarco.com\/wp-content\/uploads\/2024\/10\/Asotonitazene.gif\" \/>\n\t<meta property=\"og:image:width\" content=\"600\" \/>\n\t<meta property=\"og:image:height\" content=\"600\" \/>\n\t<meta property=\"og:image:type\" content=\"image\/gif\" \/>\n<meta name=\"twitter:card\" content=\"summary_large_image\" \/>\n<meta name=\"twitter:label1\" content=\"Ber\u00e4knad l\u00e4stid\" \/>\n\t<meta name=\"twitter:data1\" content=\"2 minuter\" \/>\n<script type=\"application\/ld+json\" class=\"yoast-schema-graph\">{\"@context\":\"https:\/\/schema.org\",\"@graph\":[{\"@type\":\"WebPage\",\"@id\":\"https:\/\/poudresdenarco.com\/produit\/lisotonitazene\/\",\"url\":\"https:\/\/poudresdenarco.com\/produit\/lisotonitazene\/\",\"name\":\"Isotonitaz\u00e8ne \u00e0 vendre - Achetez de l'isotonitaz\u00e8ne en ligne\",\"isPartOf\":{\"@id\":\"https:\/\/poudresdenarco.com\/#website\"},\"primaryImageOfPage\":{\"@id\":\"https:\/\/poudresdenarco.com\/produit\/lisotonitazene\/#primaryimage\"},\"image\":{\"@id\":\"https:\/\/poudresdenarco.com\/produit\/lisotonitazene\/#primaryimage\"},\"thumbnailUrl\":\"https:\/\/poudresdenarco.com\/wp-content\/uploads\/2024\/10\/Asotonitazene.gif\",\"datePublished\":\"2024-10-16T11:25:36+00:00\",\"dateModified\":\"2024-11-04T08:07:07+00:00\",\"description\":\"Vous recherchez une source fiable pour acheter de la poudre d'isotonitaz\u00e8ne en ligne ? Votre recherche s'arr\u00eate ici. Commandez de la poudre d'isotonitaz\u00e8ne en ligne dans notre magasin de confiance et profitez d'un processus d'achat transparent adapt\u00e9 \u00e0 vos besoins de recherche. Isotonitaz\u00e8ne \u00e0 vendre\",\"breadcrumb\":{\"@id\":\"https:\/\/poudresdenarco.com\/produit\/lisotonitazene\/#breadcrumb\"},\"inLanguage\":\"sv-SE\",\"potentialAction\":[{\"@type\":\"ReadAction\",\"target\":[\"https:\/\/poudresdenarco.com\/produit\/lisotonitazene\/\"]}]},{\"@type\":\"ImageObject\",\"inLanguage\":\"sv-SE\",\"@id\":\"https:\/\/poudresdenarco.com\/produit\/lisotonitazene\/#primaryimage\",\"url\":\"https:\/\/poudresdenarco.com\/wp-content\/uploads\/2024\/10\/Asotonitazene.gif\",\"contentUrl\":\"https:\/\/poudresdenarco.com\/wp-content\/uploads\/2024\/10\/Asotonitazene.gif\",\"width\":600,\"height\":600},{\"@type\":\"BreadcrumbList\",\"@id\":\"https:\/\/poudresdenarco.com\/produit\/lisotonitazene\/#breadcrumb\",\"itemListElement\":[{\"@type\":\"ListItem\",\"position\":1,\"name\":\"Home\",\"item\":\"https:\/\/poudresdenarco.com\/\"},{\"@type\":\"ListItem\",\"position\":2,\"name\":\"Boutique\",\"item\":\"https:\/\/poudresdenarco.com\/boutique\/\"},{\"@type\":\"ListItem\",\"position\":3,\"name\":\"l&#8217;isotonitaz\u00e8ne\"}]},{\"@type\":\"WebSite\",\"@id\":\"https:\/\/poudresdenarco.com\/#website\",\"url\":\"https:\/\/poudresdenarco.com\/\",\"name\":\"Poudresde Narco\",\"description\":\"Acheter de la coca\u00efne et de l&#039;h\u00e9ro\u00efne en ligne\",\"potentialAction\":[{\"@type\":\"SearchAction\",\"target\":{\"@type\":\"EntryPoint\",\"urlTemplate\":\"https:\/\/poudresdenarco.com\/?s={search_term_string}\"},\"query-input\":{\"@type\":\"PropertyValueSpecification\",\"valueRequired\":true,\"valueName\":\"search_term_string\"}}],\"inLanguage\":\"sv-SE\"}]}<\/script>\n<!-- \/ Yoast SEO plugin. -->","yoast_head_json":{"title":"Isotonitaz\u00e8ne \u00e0 vendre - Achetez de l'isotonitaz\u00e8ne en ligne","description":"Vous recherchez une source fiable pour acheter de la poudre d'isotonitaz\u00e8ne en ligne ? Votre recherche s'arr\u00eate ici. Commandez de la poudre d'isotonitaz\u00e8ne en ligne dans notre magasin de confiance et profitez d'un processus d'achat transparent adapt\u00e9 \u00e0 vos besoins de recherche. Isotonitaz\u00e8ne \u00e0 vendre","robots":{"index":"index","follow":"follow","max-snippet":"max-snippet:-1","max-image-preview":"max-image-preview:large","max-video-preview":"max-video-preview:-1"},"canonical":"https:\/\/poudresdenarco.com\/sv\/produkt\/lisotonitazene\/","og_locale":"sv_SE","og_type":"article","og_title":"Isotonitaz\u00e8ne \u00e0 vendre - Achetez de l'isotonitaz\u00e8ne en ligne","og_description":"Vous recherchez une source fiable pour acheter de la poudre d'isotonitaz\u00e8ne en ligne ? Votre recherche s'arr\u00eate ici. Commandez de la poudre d'isotonitaz\u00e8ne en ligne dans notre magasin de confiance et profitez d'un processus d'achat transparent adapt\u00e9 \u00e0 vos besoins de recherche. Isotonitaz\u00e8ne \u00e0 vendre","og_url":"https:\/\/poudresdenarco.com\/sv\/produkt\/lisotonitazene\/","og_site_name":"Poudresde Narco","article_modified_time":"2024-11-04T08:07:07+00:00","og_image":[{"width":600,"height":600,"url":"https:\/\/poudresdenarco.com\/wp-content\/uploads\/2024\/10\/Asotonitazene.gif","type":"image\/gif"}],"twitter_card":"summary_large_image","twitter_misc":{"Ber\u00e4knad l\u00e4stid":"2 minuter"},"schema":{"@context":"https:\/\/schema.org","@graph":[{"@type":"WebPage","@id":"https:\/\/poudresdenarco.com\/produit\/lisotonitazene\/","url":"https:\/\/poudresdenarco.com\/produit\/lisotonitazene\/","name":"Isotonitaz\u00e8ne \u00e0 vendre - Achetez de l'isotonitaz\u00e8ne en ligne","isPartOf":{"@id":"https:\/\/poudresdenarco.com\/#website"},"primaryImageOfPage":{"@id":"https:\/\/poudresdenarco.com\/produit\/lisotonitazene\/#primaryimage"},"image":{"@id":"https:\/\/poudresdenarco.com\/produit\/lisotonitazene\/#primaryimage"},"thumbnailUrl":"https:\/\/poudresdenarco.com\/wp-content\/uploads\/2024\/10\/Asotonitazene.gif","datePublished":"2024-10-16T11:25:36+00:00","dateModified":"2024-11-04T08:07:07+00:00","description":"Vous recherchez une source fiable pour acheter de la poudre d'isotonitaz\u00e8ne en ligne ? Votre recherche s'arr\u00eate ici. Commandez de la poudre d'isotonitaz\u00e8ne en ligne dans notre magasin de confiance et profitez d'un processus d'achat transparent adapt\u00e9 \u00e0 vos besoins de recherche. Isotonitaz\u00e8ne \u00e0 vendre","breadcrumb":{"@id":"https:\/\/poudresdenarco.com\/produit\/lisotonitazene\/#breadcrumb"},"inLanguage":"sv-SE","potentialAction":[{"@type":"ReadAction","target":["https:\/\/poudresdenarco.com\/produit\/lisotonitazene\/"]}]},{"@type":"ImageObject","inLanguage":"sv-SE","@id":"https:\/\/poudresdenarco.com\/produit\/lisotonitazene\/#primaryimage","url":"https:\/\/poudresdenarco.com\/wp-content\/uploads\/2024\/10\/Asotonitazene.gif","contentUrl":"https:\/\/poudresdenarco.com\/wp-content\/uploads\/2024\/10\/Asotonitazene.gif","width":600,"height":600},{"@type":"BreadcrumbList","@id":"https:\/\/poudresdenarco.com\/produit\/lisotonitazene\/#breadcrumb","itemListElement":[{"@type":"ListItem","position":1,"name":"Home","item":"https:\/\/poudresdenarco.com\/"},{"@type":"ListItem","position":2,"name":"Boutique","item":"https:\/\/poudresdenarco.com\/boutique\/"},{"@type":"ListItem","position":3,"name":"l&#8217;isotonitaz\u00e8ne"}]},{"@type":"WebSite","@id":"https:\/\/poudresdenarco.com\/#website","url":"https:\/\/poudresdenarco.com\/","name":"Poudresde Narco","description":"Acheter de la coca\u00efne et de l&#039;h\u00e9ro\u00efne en ligne","potentialAction":[{"@type":"SearchAction","target":{"@type":"EntryPoint","urlTemplate":"https:\/\/poudresdenarco.com\/?s={search_term_string}"},"query-input":{"@type":"PropertyValueSpecification","valueRequired":true,"valueName":"search_term_string"}}],"inLanguage":"sv-SE"}]}},"_links":{"self":[{"href":"https:\/\/poudresdenarco.com\/sv\/wp-json\/wp\/v2\/product\/5194","targetHints":{"allow":["GET"]}}],"collection":[{"href":"https:\/\/poudresdenarco.com\/sv\/wp-json\/wp\/v2\/product"}],"about":[{"href":"https:\/\/poudresdenarco.com\/sv\/wp-json\/wp\/v2\/types\/product"}],"replies":[{"embeddable":true,"href":"https:\/\/poudresdenarco.com\/sv\/wp-json\/wp\/v2\/comments?post=5194"}],"wp:featuredmedia":[{"embeddable":true,"href":"https:\/\/poudresdenarco.com\/sv\/wp-json\/wp\/v2\/media\/5212"}],"wp:attachment":[{"href":"https:\/\/poudresdenarco.com\/sv\/wp-json\/wp\/v2\/media?parent=5194"}],"wp:term":[{"taxonomy":"product_cat","embeddable":true,"href":"https:\/\/poudresdenarco.com\/sv\/wp-json\/wp\/v2\/product_cat?post=5194"},{"taxonomy":"product_tag","embeddable":true,"href":"https:\/\/poudresdenarco.com\/sv\/wp-json\/wp\/v2\/product_tag?post=5194"}],"curies":[{"name":"wp","href":"https:\/\/api.w.org\/{rel}","templated":true}]}}