{"id":5368,"date":"2024-10-16T11:26:58","date_gmt":"2024-10-16T11:26:58","guid":{"rendered":"https:\/\/poudresdenarco.com\/?post_type=product&#038;p=5368"},"modified":"2024-11-02T15:09:30","modified_gmt":"2024-11-02T15:09:30","slug":"4f-pv8","status":"publish","type":"product","link":"https:\/\/poudresdenarco.com\/sv\/produkt\/4f-pv8\/","title":{"rendered":"4F-PV8"},"content":{"rendered":"<h2><strong>K\u00f6p 4F-PV8 med h\u00f6g renhet f\u00f6r forskning - Narco-pulver<\/strong><\/h2>\n<p>Poudres de Narco \u00e4r en leverant\u00f6r av <strong>4F-PV8 forskningskvalitet<\/strong>utformad exklusivt f\u00f6r <strong>vetenskapliga laboratorietill\u00e4mpningar<\/strong>. V\u00e5r 4F-PV8 produceras enligt strikta renhets- och kvalitetsstandarder, vilket garanterar tillf\u00f6rlitliga resultat f\u00f6r forskare inom kemi och farmakologi. <strong>K\u00f6p 4F-PV8<\/strong><a href=\"https:\/\/k2spices.com\/pt\/categoria-do-produto\/incenso-em-po-k2\/\">.<\/a><\/p>\n<h3>Varf\u00f6r v\u00e4lja 4F-PV8 fr\u00e5n Poudres de Narco?<\/h3>\n<p>Som <strong>leverant\u00f6r av 4F-PV8 f\u00f6r forskning<\/strong>Poudres de Narco garanterar produkter som har testats och uppfyller de h\u00f6gsta kvalitetsstandarderna:<\/p>\n<ul>\n<li><strong>4F-PV8 H\u00f6g renhet<\/strong> Varje batch testas noggrant f\u00f6r att garantera optimal renhet, vilket \u00e4r avg\u00f6rande f\u00f6r exakta experiment.<\/li>\n<li><strong>Konsekvent och tillf\u00f6rlitlig kvalitet<\/strong> V\u00e5r 4F-PV8 \u00e4r formulerad f\u00f6r att ge stabil prestanda i kr\u00e4vande forskningsmilj\u00f6er.<\/li>\n<li><strong>S\u00e4ker onlinebest\u00e4llning<\/strong> : Vi g\u00f6r det enklare att<strong>ink\u00f6p av 4F-PV8 f\u00f6r vetenskapliga till\u00e4mpningar<\/strong> med en s\u00e4ker och konfidentiell best\u00e4llningsprocess<a href=\"https:\/\/poudresdenarco.com\/sv\/produkt\/4f-php\/\">.<\/a><\/li>\n<\/ul>\n<h3>Till\u00e4mpningar och s\u00e4kerhetsinstruktioner<\/h3>\n<p>Le <strong>4F-PV8<\/strong> de Poudres de Narco \u00e4r avsedd f\u00f6r <strong>till\u00e4mpningar f\u00f6r laboratorieforskning<\/strong>. F\u00f6r att s\u00e4kerst\u00e4lla s\u00e4ker och korrekt anv\u00e4ndning tillhandah\u00e5ller vi hanterings- och lagringsprotokoll:<\/p>\n<ul>\n<li><strong>S\u00e4ker f\u00f6rvaring<\/strong> F\u00f6rvara 4F-PV8 p\u00e5 en sval, torr plats, skyddad fr\u00e5n ljus.<\/li>\n<li><strong>Hantering med f\u00f6rsiktighets\u00e5tg\u00e4rder<\/strong> Anv\u00e4nd personlig skyddsutrustning (PPE) och arbeta i v\u00e4l ventilerade utrymmen f\u00f6r att garantera optimala s\u00e4kerhetsf\u00f6rh\u00e5llanden.<\/li>\n<li><strong>Anv\u00e4ndningen \u00e4r strikt reserverad f\u00f6r forskning<\/strong> Denna produkt \u00e4r endast avsedd f\u00f6r certifierade laboratorier och kvalificerade forskare.<\/li>\n<\/ul>\n<h3>Best\u00e4ll 4F-PV8 med h\u00f6g renhet f\u00f6r dina vetenskapliga studier<\/h3>\n<p>Med Poudres de Narco kan du dra nytta av en <strong>tillf\u00f6rlitlig leverans av h\u00f6gkvalitativ 4F-PV8<\/strong> f\u00f6r dina forskningsbehov. <strong>Kontakta oss<\/strong> f\u00f6r en offert eller f\u00f6r att f\u00e5 veta mer om v\u00e5rt sortiment av produkter f\u00f6r laboratorieapplikationer.<\/p>","protected":false},"excerpt":{"rendered":"<p>Acheter du 4F-PV8 de Haute Puret\u00e9 pour la Recherche &#8211; Poudres de Narco Poudres de Narco est un fournisseur de 4F-PV8 de qualit\u00e9 recherche, con\u00e7u exclusivement pour des applications scientifiques en laboratoire. Notre 4F-PV8 est produit selon des normes strictes de puret\u00e9 et de qualit\u00e9, assurant des r\u00e9sultats fiables pour les chercheurs en chimie et&hellip;<\/p>","protected":false},"featured_media":5379,"comment_status":"open","ping_status":"closed","template":"","meta":{"_joinchat":[]},"product_cat":[558],"product_tag":[],"class_list":{"0":"post-5368","1":"product","2":"type-product","3":"status-publish","4":"has-post-thumbnail","6":"product_cat-chimiques-de-recherche","8":"first","9":"instock","10":"shipping-taxable","11":"purchasable","12":"product-type-variable","13":"col-xs-6 col-sm-4","14":"col-md-3 col-lg-3","15":"un-4-cols"},"yoast_head":"<!-- This site is optimized with the Yoast SEO plugin v23.8 - https:\/\/yoast.com\/wordpress\/plugins\/seo\/ -->\n<title>Achetez 4F-PV8 en ligne - 4F-PV8 \u00e0 vendre - Commandez 4F-PV8<\/title>\n<meta name=\"description\" content=\"Vous pouvez acheter du 4F-PV8 en ligne aux meilleurs prix dans notre boutique de m\u00e9dicaments en ligne. Nous proposons du 4F-PV8 bon march\u00e9 et de haute qualit\u00e9 \u00e0 la vente et proposons une livraison dans le monde entier. Vous pouvez commander de n&#039;importe o\u00f9, \u00e0 tout moment.\" \/>\n<meta name=\"robots\" content=\"index, follow, max-snippet:-1, max-image-preview:large, max-video-preview:-1\" \/>\n<link rel=\"canonical\" href=\"https:\/\/poudresdenarco.com\/sv\/produkt\/4f-pv8\/\" \/>\n<meta property=\"og:locale\" content=\"sv_SE\" \/>\n<meta property=\"og:type\" content=\"article\" \/>\n<meta property=\"og:title\" content=\"Achetez 4F-PV8 en ligne - 4F-PV8 \u00e0 vendre - Commandez 4F-PV8\" \/>\n<meta property=\"og:description\" content=\"Vous pouvez acheter du 4F-PV8 en ligne aux meilleurs prix dans notre boutique de m\u00e9dicaments en ligne. Nous proposons du 4F-PV8 bon march\u00e9 et de haute qualit\u00e9 \u00e0 la vente et proposons une livraison dans le monde entier. Vous pouvez commander de n&#039;importe o\u00f9, \u00e0 tout moment.\" \/>\n<meta property=\"og:url\" content=\"https:\/\/poudresdenarco.com\/sv\/produkt\/4f-pv8\/\" \/>\n<meta property=\"og:site_name\" content=\"Poudresde Narco\" \/>\n<meta property=\"article:modified_time\" content=\"2024-11-02T15:09:30+00:00\" \/>\n<meta property=\"og:image\" content=\"https:\/\/poudresdenarco.com\/wp-content\/uploads\/2024\/10\/4FPV8.gif\" \/>\n\t<meta property=\"og:image:width\" content=\"600\" \/>\n\t<meta property=\"og:image:height\" content=\"600\" \/>\n\t<meta property=\"og:image:type\" content=\"image\/gif\" \/>\n<meta name=\"twitter:card\" content=\"summary_large_image\" \/>\n<meta name=\"twitter:label1\" content=\"Ber\u00e4knad l\u00e4stid\" \/>\n\t<meta name=\"twitter:data1\" content=\"2 minuter\" \/>\n<script type=\"application\/ld+json\" class=\"yoast-schema-graph\">{\"@context\":\"https:\/\/schema.org\",\"@graph\":[{\"@type\":\"WebPage\",\"@id\":\"https:\/\/poudresdenarco.com\/produit\/4f-pv8\/\",\"url\":\"https:\/\/poudresdenarco.com\/produit\/4f-pv8\/\",\"name\":\"Achetez 4F-PV8 en ligne - 4F-PV8 \u00e0 vendre - Commandez 4F-PV8\",\"isPartOf\":{\"@id\":\"https:\/\/poudresdenarco.com\/#website\"},\"primaryImageOfPage\":{\"@id\":\"https:\/\/poudresdenarco.com\/produit\/4f-pv8\/#primaryimage\"},\"image\":{\"@id\":\"https:\/\/poudresdenarco.com\/produit\/4f-pv8\/#primaryimage\"},\"thumbnailUrl\":\"https:\/\/poudresdenarco.com\/wp-content\/uploads\/2024\/10\/4FPV8.gif\",\"datePublished\":\"2024-10-16T11:26:58+00:00\",\"dateModified\":\"2024-11-02T15:09:30+00:00\",\"description\":\"Vous pouvez acheter du 4F-PV8 en ligne aux meilleurs prix dans notre boutique de m\u00e9dicaments en ligne. Nous proposons du 4F-PV8 bon march\u00e9 et de haute qualit\u00e9 \u00e0 la vente et proposons une livraison dans le monde entier. Vous pouvez commander de n'importe o\u00f9, \u00e0 tout moment.\",\"breadcrumb\":{\"@id\":\"https:\/\/poudresdenarco.com\/produit\/4f-pv8\/#breadcrumb\"},\"inLanguage\":\"sv-SE\",\"potentialAction\":[{\"@type\":\"ReadAction\",\"target\":[\"https:\/\/poudresdenarco.com\/produit\/4f-pv8\/\"]}]},{\"@type\":\"ImageObject\",\"inLanguage\":\"sv-SE\",\"@id\":\"https:\/\/poudresdenarco.com\/produit\/4f-pv8\/#primaryimage\",\"url\":\"https:\/\/poudresdenarco.com\/wp-content\/uploads\/2024\/10\/4FPV8.gif\",\"contentUrl\":\"https:\/\/poudresdenarco.com\/wp-content\/uploads\/2024\/10\/4FPV8.gif\",\"width\":600,\"height\":600},{\"@type\":\"BreadcrumbList\",\"@id\":\"https:\/\/poudresdenarco.com\/produit\/4f-pv8\/#breadcrumb\",\"itemListElement\":[{\"@type\":\"ListItem\",\"position\":1,\"name\":\"Home\",\"item\":\"https:\/\/poudresdenarco.com\/\"},{\"@type\":\"ListItem\",\"position\":2,\"name\":\"Boutique\",\"item\":\"https:\/\/poudresdenarco.com\/boutique\/\"},{\"@type\":\"ListItem\",\"position\":3,\"name\":\"4F-PV8\"}]},{\"@type\":\"WebSite\",\"@id\":\"https:\/\/poudresdenarco.com\/#website\",\"url\":\"https:\/\/poudresdenarco.com\/\",\"name\":\"Poudresde Narco\",\"description\":\"Acheter de la coca\u00efne et de l&#039;h\u00e9ro\u00efne en ligne\",\"potentialAction\":[{\"@type\":\"SearchAction\",\"target\":{\"@type\":\"EntryPoint\",\"urlTemplate\":\"https:\/\/poudresdenarco.com\/?s={search_term_string}\"},\"query-input\":{\"@type\":\"PropertyValueSpecification\",\"valueRequired\":true,\"valueName\":\"search_term_string\"}}],\"inLanguage\":\"sv-SE\"}]}<\/script>\n<!-- \/ Yoast SEO plugin. -->","yoast_head_json":{"title":"Achetez 4F-PV8 en ligne - 4F-PV8 \u00e0 vendre - Commandez 4F-PV8","description":"Vous pouvez acheter du 4F-PV8 en ligne aux meilleurs prix dans notre boutique de m\u00e9dicaments en ligne. Nous proposons du 4F-PV8 bon march\u00e9 et de haute qualit\u00e9 \u00e0 la vente et proposons une livraison dans le monde entier. Vous pouvez commander de n'importe o\u00f9, \u00e0 tout moment.","robots":{"index":"index","follow":"follow","max-snippet":"max-snippet:-1","max-image-preview":"max-image-preview:large","max-video-preview":"max-video-preview:-1"},"canonical":"https:\/\/poudresdenarco.com\/sv\/produkt\/4f-pv8\/","og_locale":"sv_SE","og_type":"article","og_title":"Achetez 4F-PV8 en ligne - 4F-PV8 \u00e0 vendre - Commandez 4F-PV8","og_description":"Vous pouvez acheter du 4F-PV8 en ligne aux meilleurs prix dans notre boutique de m\u00e9dicaments en ligne. Nous proposons du 4F-PV8 bon march\u00e9 et de haute qualit\u00e9 \u00e0 la vente et proposons une livraison dans le monde entier. Vous pouvez commander de n'importe o\u00f9, \u00e0 tout moment.","og_url":"https:\/\/poudresdenarco.com\/sv\/produkt\/4f-pv8\/","og_site_name":"Poudresde Narco","article_modified_time":"2024-11-02T15:09:30+00:00","og_image":[{"width":600,"height":600,"url":"https:\/\/poudresdenarco.com\/wp-content\/uploads\/2024\/10\/4FPV8.gif","type":"image\/gif"}],"twitter_card":"summary_large_image","twitter_misc":{"Ber\u00e4knad l\u00e4stid":"2 minuter"},"schema":{"@context":"https:\/\/schema.org","@graph":[{"@type":"WebPage","@id":"https:\/\/poudresdenarco.com\/produit\/4f-pv8\/","url":"https:\/\/poudresdenarco.com\/produit\/4f-pv8\/","name":"Achetez 4F-PV8 en ligne - 4F-PV8 \u00e0 vendre - Commandez 4F-PV8","isPartOf":{"@id":"https:\/\/poudresdenarco.com\/#website"},"primaryImageOfPage":{"@id":"https:\/\/poudresdenarco.com\/produit\/4f-pv8\/#primaryimage"},"image":{"@id":"https:\/\/poudresdenarco.com\/produit\/4f-pv8\/#primaryimage"},"thumbnailUrl":"https:\/\/poudresdenarco.com\/wp-content\/uploads\/2024\/10\/4FPV8.gif","datePublished":"2024-10-16T11:26:58+00:00","dateModified":"2024-11-02T15:09:30+00:00","description":"Vous pouvez acheter du 4F-PV8 en ligne aux meilleurs prix dans notre boutique de m\u00e9dicaments en ligne. Nous proposons du 4F-PV8 bon march\u00e9 et de haute qualit\u00e9 \u00e0 la vente et proposons une livraison dans le monde entier. Vous pouvez commander de n'importe o\u00f9, \u00e0 tout moment.","breadcrumb":{"@id":"https:\/\/poudresdenarco.com\/produit\/4f-pv8\/#breadcrumb"},"inLanguage":"sv-SE","potentialAction":[{"@type":"ReadAction","target":["https:\/\/poudresdenarco.com\/produit\/4f-pv8\/"]}]},{"@type":"ImageObject","inLanguage":"sv-SE","@id":"https:\/\/poudresdenarco.com\/produit\/4f-pv8\/#primaryimage","url":"https:\/\/poudresdenarco.com\/wp-content\/uploads\/2024\/10\/4FPV8.gif","contentUrl":"https:\/\/poudresdenarco.com\/wp-content\/uploads\/2024\/10\/4FPV8.gif","width":600,"height":600},{"@type":"BreadcrumbList","@id":"https:\/\/poudresdenarco.com\/produit\/4f-pv8\/#breadcrumb","itemListElement":[{"@type":"ListItem","position":1,"name":"Home","item":"https:\/\/poudresdenarco.com\/"},{"@type":"ListItem","position":2,"name":"Boutique","item":"https:\/\/poudresdenarco.com\/boutique\/"},{"@type":"ListItem","position":3,"name":"4F-PV8"}]},{"@type":"WebSite","@id":"https:\/\/poudresdenarco.com\/#website","url":"https:\/\/poudresdenarco.com\/","name":"Poudresde Narco","description":"Acheter de la coca\u00efne et de l&#039;h\u00e9ro\u00efne en ligne","potentialAction":[{"@type":"SearchAction","target":{"@type":"EntryPoint","urlTemplate":"https:\/\/poudresdenarco.com\/?s={search_term_string}"},"query-input":{"@type":"PropertyValueSpecification","valueRequired":true,"valueName":"search_term_string"}}],"inLanguage":"sv-SE"}]}},"_links":{"self":[{"href":"https:\/\/poudresdenarco.com\/sv\/wp-json\/wp\/v2\/product\/5368","targetHints":{"allow":["GET"]}}],"collection":[{"href":"https:\/\/poudresdenarco.com\/sv\/wp-json\/wp\/v2\/product"}],"about":[{"href":"https:\/\/poudresdenarco.com\/sv\/wp-json\/wp\/v2\/types\/product"}],"replies":[{"embeddable":true,"href":"https:\/\/poudresdenarco.com\/sv\/wp-json\/wp\/v2\/comments?post=5368"}],"wp:featuredmedia":[{"embeddable":true,"href":"https:\/\/poudresdenarco.com\/sv\/wp-json\/wp\/v2\/media\/5379"}],"wp:attachment":[{"href":"https:\/\/poudresdenarco.com\/sv\/wp-json\/wp\/v2\/media?parent=5368"}],"wp:term":[{"taxonomy":"product_cat","embeddable":true,"href":"https:\/\/poudresdenarco.com\/sv\/wp-json\/wp\/v2\/product_cat?post=5368"},{"taxonomy":"product_tag","embeddable":true,"href":"https:\/\/poudresdenarco.com\/sv\/wp-json\/wp\/v2\/product_tag?post=5368"}],"curies":[{"name":"wp","href":"https:\/\/api.w.org\/{rel}","templated":true}]}}