{"id":5369,"date":"2024-10-16T11:26:58","date_gmt":"2024-10-16T11:26:58","guid":{"rendered":"https:\/\/poudresdenarco.com\/?post_type=product&#038;p=5369"},"modified":"2024-12-23T10:06:49","modified_gmt":"2024-12-23T10:06:49","slug":"a-ppp","status":"publish","type":"product","link":"https:\/\/poudresdenarco.com\/sv\/produkt\/a-ppp\/","title":{"rendered":"A-PPP"},"content":{"rendered":"<h2><strong>K\u00f6p A-PPP med h\u00f6g renhet f\u00f6r forskning <a href=\"https:\/\/poudresdenarco.com\/sv\/produkt\/kopa-calypsol-ketamin-500-mg-10-ml\/\">&#8211;<\/a> Narkotiska pulver<\/strong><\/h2>\n<p><strong>Narkotiska pulver<\/strong> \u00e4r en p\u00e5litlig leverant\u00f6r av <strong>A-PPP forskning kvalitet<\/strong>utformad exklusivt f\u00f6r <strong>vetenskapliga laboratorietill\u00e4mpningar<\/strong>. V\u00e5r A-PPP produceras enligt strikta standarder f\u00f6r renhet och kvalitet, vilket garanterar konsekventa resultat f\u00f6r forskare inom kemi och farmakologi K\u00f6p A-PPP<a href=\"https:\/\/cokebricks.com\/product-category\/buy-cocaine-online\/\">.<\/a><\/p>\n<h3>Varf\u00f6r v\u00e4lja A-PPP fr\u00e5n Poudres de Narco?<\/h3>\n<p>Som <strong>p\u00e5litlig A-PPP-leverant\u00f6r<\/strong>, <strong>Narkotiska pulver<\/strong> uppfyller h\u00f6ga kvalitets- och s\u00e4kerhetsstandarder, anpassade till behoven hos <strong>certifierade laboratorier<\/strong> :<\/p>\n<ul>\n<li><strong>A-PPP med h\u00f6g renhet f\u00f6r laboratorier<\/strong> Varje batch testas f\u00f6r att s\u00e4kerst\u00e4lla optimal renhet, vilket \u00e4r avg\u00f6rande f\u00f6r vetenskapliga till\u00e4mpningar med h\u00f6g precision.<\/li>\n<li><strong>Konsekvent och tillf\u00f6rlitlig kvalitet<\/strong> : V\u00e5r A-PPP \u00e4r formulerad f\u00f6r stabil och tillf\u00f6rlitlig prestanda och uppfyller kraven f\u00f6r <strong>analytiska laboratoriestudier<\/strong>.<\/li>\n<li><strong>S\u00e4ker onlinebest\u00e4llning<\/strong> : <strong>Narkotiska pulver<\/strong> f\u00f6renklar<strong>k\u00f6pa A-PPP online<\/strong> med en s\u00e4ker process som uppfyller forskningsstandarder.<\/li>\n<\/ul>\n<h3>Till\u00e4mpningar och s\u00e4kerhetsinstruktioner<\/h3>\n<p>Le <strong>A-PPP f\u00f6r forskning<\/strong> fr\u00e5n <strong>Narkotiska pulver<\/strong> \u00e4r avsedd f\u00f6r <strong>analytiska till\u00e4mpningar och vetenskapliga studier<\/strong>. Vi tillhandah\u00e5ller s\u00e4kerhetsprotokoll f\u00f6r att garantera s\u00e4ker och korrekt anv\u00e4ndning:<\/p>\n<ul>\n<li><strong>S\u00e4ker f\u00f6rvaring<\/strong> F\u00f6rvara A-PPP p\u00e5 en sval, torr och ljusskyddad plats.<\/li>\n<li><strong>Hantering med f\u00f6rsiktighets\u00e5tg\u00e4rder<\/strong> Anv\u00e4nd personlig skyddsutrustning (PPE) och arbeta i ett v\u00e4l ventilerat utrymme.<\/li>\n<li><strong>Anv\u00e4ndningen \u00e4r strikt reserverad f\u00f6r forskning<\/strong> Denna produkt \u00e4r avsedd f\u00f6r laboratorier och kvalificerade forskare som arbetar i kontrollerade milj\u00f6er.<\/li>\n<\/ul>\n<h3>Best\u00e4ll A-PPP med h\u00f6g renhet f\u00f6r dina vetenskapliga studier<\/h3>\n<p>Med <strong>Narkotiska pulver<\/strong>dra nytta av <strong>tillf\u00f6rlitlig leverans av A-PPP f\u00f6r laboratorietill\u00e4mpningar<\/strong>. <strong>Kontakta oss<\/strong> f\u00f6r en offert eller f\u00f6r att f\u00e5 veta mer om v\u00e5rt sortiment av produkter f\u00f6r vetenskaplig forskning K\u00f6p A-PPP.<\/p>\n<hr \/>","protected":false},"excerpt":{"rendered":"<p>Acheter du A-PPP de Haute Puret\u00e9 pour la Recherche &#8211; Poudres de Narco Poudres de Narco est un fournisseur fiable pour le A-PPP de qualit\u00e9 recherche, con\u00e7u exclusivement pour des applications scientifiques en laboratoire. Notre A-PPP est produit selon des normes strictes de puret\u00e9 et de qualit\u00e9, garantissant des r\u00e9sultats constants pour les chercheurs en&hellip;<\/p>","protected":false},"featured_media":5380,"comment_status":"open","ping_status":"closed","template":"","meta":{"_joinchat":[]},"product_cat":[558,751],"product_tag":[],"class_list":{"0":"post-5369","1":"product","2":"type-product","3":"status-publish","4":"has-post-thumbnail","6":"product_cat-chimiques-de-recherche","7":"product_cat-stimulants","9":"first","10":"instock","11":"shipping-taxable","12":"purchasable","13":"product-type-variable","14":"col-xs-6 col-sm-4","15":"col-md-3 col-lg-3","16":"un-4-cols"},"yoast_head":"<!-- This site is optimized with the Yoast SEO plugin v23.8 - https:\/\/yoast.com\/wordpress\/plugins\/seo\/ -->\n<title>Acheter A-PPP en ligne - A-PPP \u00e0 vendre - Commander A-PPP<\/title>\n<meta name=\"description\" content=\"Votre demande d&#039;achat d&#039;A-PPP en ligne peut \u00eatre satisfaite dans notre boutique en ligne car nous avons A-PPP \u00e0 vendre ici. Passez votre commande et obtenez des offres abordables tous les jours. Acheter A-PPP.\" \/>\n<meta name=\"robots\" content=\"index, follow, max-snippet:-1, max-image-preview:large, max-video-preview:-1\" \/>\n<link rel=\"canonical\" href=\"https:\/\/poudresdenarco.com\/sv\/produkt\/a-ppp\/\" \/>\n<meta property=\"og:locale\" content=\"sv_SE\" \/>\n<meta property=\"og:type\" content=\"article\" \/>\n<meta property=\"og:title\" content=\"Acheter A-PPP en ligne - A-PPP \u00e0 vendre - Commander A-PPP\" \/>\n<meta property=\"og:description\" content=\"Votre demande d&#039;achat d&#039;A-PPP en ligne peut \u00eatre satisfaite dans notre boutique en ligne car nous avons A-PPP \u00e0 vendre ici. Passez votre commande et obtenez des offres abordables tous les jours. Acheter A-PPP.\" \/>\n<meta property=\"og:url\" content=\"https:\/\/poudresdenarco.com\/sv\/produkt\/a-ppp\/\" \/>\n<meta property=\"og:site_name\" content=\"Poudresde Narco\" \/>\n<meta property=\"article:modified_time\" content=\"2024-12-23T10:06:49+00:00\" \/>\n<meta property=\"og:image\" content=\"https:\/\/poudresdenarco.com\/wp-content\/uploads\/2024\/10\/A-PPP.gif\" \/>\n\t<meta property=\"og:image:width\" content=\"600\" \/>\n\t<meta property=\"og:image:height\" content=\"600\" \/>\n\t<meta property=\"og:image:type\" content=\"image\/gif\" \/>\n<meta name=\"twitter:card\" content=\"summary_large_image\" \/>\n<meta name=\"twitter:label1\" content=\"Ber\u00e4knad l\u00e4stid\" \/>\n\t<meta name=\"twitter:data1\" content=\"2 minuter\" \/>\n<script type=\"application\/ld+json\" class=\"yoast-schema-graph\">{\"@context\":\"https:\/\/schema.org\",\"@graph\":[{\"@type\":\"WebPage\",\"@id\":\"https:\/\/poudresdenarco.com\/produit\/a-ppp\/\",\"url\":\"https:\/\/poudresdenarco.com\/produit\/a-ppp\/\",\"name\":\"Acheter A-PPP en ligne - A-PPP \u00e0 vendre - Commander A-PPP\",\"isPartOf\":{\"@id\":\"https:\/\/poudresdenarco.com\/#website\"},\"primaryImageOfPage\":{\"@id\":\"https:\/\/poudresdenarco.com\/produit\/a-ppp\/#primaryimage\"},\"image\":{\"@id\":\"https:\/\/poudresdenarco.com\/produit\/a-ppp\/#primaryimage\"},\"thumbnailUrl\":\"https:\/\/poudresdenarco.com\/wp-content\/uploads\/2024\/10\/A-PPP.gif\",\"datePublished\":\"2024-10-16T11:26:58+00:00\",\"dateModified\":\"2024-12-23T10:06:49+00:00\",\"description\":\"Votre demande d'achat d'A-PPP en ligne peut \u00eatre satisfaite dans notre boutique en ligne car nous avons A-PPP \u00e0 vendre ici. Passez votre commande et obtenez des offres abordables tous les jours. Acheter A-PPP.\",\"breadcrumb\":{\"@id\":\"https:\/\/poudresdenarco.com\/produit\/a-ppp\/#breadcrumb\"},\"inLanguage\":\"sv-SE\",\"potentialAction\":[{\"@type\":\"ReadAction\",\"target\":[\"https:\/\/poudresdenarco.com\/produit\/a-ppp\/\"]}]},{\"@type\":\"ImageObject\",\"inLanguage\":\"sv-SE\",\"@id\":\"https:\/\/poudresdenarco.com\/produit\/a-ppp\/#primaryimage\",\"url\":\"https:\/\/poudresdenarco.com\/wp-content\/uploads\/2024\/10\/A-PPP.gif\",\"contentUrl\":\"https:\/\/poudresdenarco.com\/wp-content\/uploads\/2024\/10\/A-PPP.gif\",\"width\":600,\"height\":600},{\"@type\":\"BreadcrumbList\",\"@id\":\"https:\/\/poudresdenarco.com\/produit\/a-ppp\/#breadcrumb\",\"itemListElement\":[{\"@type\":\"ListItem\",\"position\":1,\"name\":\"Home\",\"item\":\"https:\/\/poudresdenarco.com\/\"},{\"@type\":\"ListItem\",\"position\":2,\"name\":\"Boutique\",\"item\":\"https:\/\/poudresdenarco.com\/boutique\/\"},{\"@type\":\"ListItem\",\"position\":3,\"name\":\"A-PPP\"}]},{\"@type\":\"WebSite\",\"@id\":\"https:\/\/poudresdenarco.com\/#website\",\"url\":\"https:\/\/poudresdenarco.com\/\",\"name\":\"Poudresde Narco\",\"description\":\"Acheter de la coca\u00efne et de l&#039;h\u00e9ro\u00efne en ligne\",\"potentialAction\":[{\"@type\":\"SearchAction\",\"target\":{\"@type\":\"EntryPoint\",\"urlTemplate\":\"https:\/\/poudresdenarco.com\/?s={search_term_string}\"},\"query-input\":{\"@type\":\"PropertyValueSpecification\",\"valueRequired\":true,\"valueName\":\"search_term_string\"}}],\"inLanguage\":\"sv-SE\"}]}<\/script>\n<!-- \/ Yoast SEO plugin. -->","yoast_head_json":{"title":"Acheter A-PPP en ligne - A-PPP \u00e0 vendre - Commander A-PPP","description":"Votre demande d'achat d'A-PPP en ligne peut \u00eatre satisfaite dans notre boutique en ligne car nous avons A-PPP \u00e0 vendre ici. Passez votre commande et obtenez des offres abordables tous les jours. Acheter A-PPP.","robots":{"index":"index","follow":"follow","max-snippet":"max-snippet:-1","max-image-preview":"max-image-preview:large","max-video-preview":"max-video-preview:-1"},"canonical":"https:\/\/poudresdenarco.com\/sv\/produkt\/a-ppp\/","og_locale":"sv_SE","og_type":"article","og_title":"Acheter A-PPP en ligne - A-PPP \u00e0 vendre - Commander A-PPP","og_description":"Votre demande d'achat d'A-PPP en ligne peut \u00eatre satisfaite dans notre boutique en ligne car nous avons A-PPP \u00e0 vendre ici. Passez votre commande et obtenez des offres abordables tous les jours. Acheter A-PPP.","og_url":"https:\/\/poudresdenarco.com\/sv\/produkt\/a-ppp\/","og_site_name":"Poudresde Narco","article_modified_time":"2024-12-23T10:06:49+00:00","og_image":[{"width":600,"height":600,"url":"https:\/\/poudresdenarco.com\/wp-content\/uploads\/2024\/10\/A-PPP.gif","type":"image\/gif"}],"twitter_card":"summary_large_image","twitter_misc":{"Ber\u00e4knad l\u00e4stid":"2 minuter"},"schema":{"@context":"https:\/\/schema.org","@graph":[{"@type":"WebPage","@id":"https:\/\/poudresdenarco.com\/produit\/a-ppp\/","url":"https:\/\/poudresdenarco.com\/produit\/a-ppp\/","name":"Acheter A-PPP en ligne - A-PPP \u00e0 vendre - Commander A-PPP","isPartOf":{"@id":"https:\/\/poudresdenarco.com\/#website"},"primaryImageOfPage":{"@id":"https:\/\/poudresdenarco.com\/produit\/a-ppp\/#primaryimage"},"image":{"@id":"https:\/\/poudresdenarco.com\/produit\/a-ppp\/#primaryimage"},"thumbnailUrl":"https:\/\/poudresdenarco.com\/wp-content\/uploads\/2024\/10\/A-PPP.gif","datePublished":"2024-10-16T11:26:58+00:00","dateModified":"2024-12-23T10:06:49+00:00","description":"Votre demande d'achat d'A-PPP en ligne peut \u00eatre satisfaite dans notre boutique en ligne car nous avons A-PPP \u00e0 vendre ici. Passez votre commande et obtenez des offres abordables tous les jours. Acheter A-PPP.","breadcrumb":{"@id":"https:\/\/poudresdenarco.com\/produit\/a-ppp\/#breadcrumb"},"inLanguage":"sv-SE","potentialAction":[{"@type":"ReadAction","target":["https:\/\/poudresdenarco.com\/produit\/a-ppp\/"]}]},{"@type":"ImageObject","inLanguage":"sv-SE","@id":"https:\/\/poudresdenarco.com\/produit\/a-ppp\/#primaryimage","url":"https:\/\/poudresdenarco.com\/wp-content\/uploads\/2024\/10\/A-PPP.gif","contentUrl":"https:\/\/poudresdenarco.com\/wp-content\/uploads\/2024\/10\/A-PPP.gif","width":600,"height":600},{"@type":"BreadcrumbList","@id":"https:\/\/poudresdenarco.com\/produit\/a-ppp\/#breadcrumb","itemListElement":[{"@type":"ListItem","position":1,"name":"Home","item":"https:\/\/poudresdenarco.com\/"},{"@type":"ListItem","position":2,"name":"Boutique","item":"https:\/\/poudresdenarco.com\/boutique\/"},{"@type":"ListItem","position":3,"name":"A-PPP"}]},{"@type":"WebSite","@id":"https:\/\/poudresdenarco.com\/#website","url":"https:\/\/poudresdenarco.com\/","name":"Poudresde Narco","description":"Acheter de la coca\u00efne et de l&#039;h\u00e9ro\u00efne en ligne","potentialAction":[{"@type":"SearchAction","target":{"@type":"EntryPoint","urlTemplate":"https:\/\/poudresdenarco.com\/?s={search_term_string}"},"query-input":{"@type":"PropertyValueSpecification","valueRequired":true,"valueName":"search_term_string"}}],"inLanguage":"sv-SE"}]}},"_links":{"self":[{"href":"https:\/\/poudresdenarco.com\/sv\/wp-json\/wp\/v2\/product\/5369","targetHints":{"allow":["GET"]}}],"collection":[{"href":"https:\/\/poudresdenarco.com\/sv\/wp-json\/wp\/v2\/product"}],"about":[{"href":"https:\/\/poudresdenarco.com\/sv\/wp-json\/wp\/v2\/types\/product"}],"replies":[{"embeddable":true,"href":"https:\/\/poudresdenarco.com\/sv\/wp-json\/wp\/v2\/comments?post=5369"}],"wp:featuredmedia":[{"embeddable":true,"href":"https:\/\/poudresdenarco.com\/sv\/wp-json\/wp\/v2\/media\/5380"}],"wp:attachment":[{"href":"https:\/\/poudresdenarco.com\/sv\/wp-json\/wp\/v2\/media?parent=5369"}],"wp:term":[{"taxonomy":"product_cat","embeddable":true,"href":"https:\/\/poudresdenarco.com\/sv\/wp-json\/wp\/v2\/product_cat?post=5369"},{"taxonomy":"product_tag","embeddable":true,"href":"https:\/\/poudresdenarco.com\/sv\/wp-json\/wp\/v2\/product_tag?post=5369"}],"curies":[{"name":"wp","href":"https:\/\/api.w.org\/{rel}","templated":true}]}}