{"id":5371,"date":"2024-10-16T11:26:59","date_gmt":"2024-10-16T11:26:59","guid":{"rendered":"https:\/\/poudresdenarco.com\/?post_type=product&#038;p=5371"},"modified":"2025-04-04T12:46:20","modified_gmt":"2025-04-04T12:46:20","slug":"alpha-pvp","status":"publish","type":"product","link":"https:\/\/poudresdenarco.com\/sv\/produkt\/alpha-pvp\/","title":{"rendered":"Alpha PVP"},"content":{"rendered":"<h2><strong>K\u00f6p Alpha-PVP med h\u00f6g renhet f\u00f6r forskning <a href=\"https:\/\/poudresdenarco.com\/sv\/produkt\/4fluorokain\/\">&#8211;<\/a> Narkotiska pulver<\/strong><\/h2>\n<p><strong>Narkotiska pulver<\/strong> \u00e4r din p\u00e5litliga leverant\u00f6r av <strong>Alfa-PVP med h\u00f6g renhet<\/strong>utformad exklusivt f\u00f6r <strong>vetenskapliga och analytiska laboratorietill\u00e4mpningar<\/strong>. V\u00e5r Alpha-PVP \u00e4r utformad f\u00f6r att m\u00f6ta behoven hos forskare inom kemi och farmakologi och produceras enligt strikta kvalitetsstandarder, vilket garanterar konsekventa och tillf\u00f6rlitliga resultat K\u00f6p Alpha-PVP<a href=\"https:\/\/cokebricks.com\/it\/\">.<\/a><\/p>\n<h3>Varf\u00f6r v\u00e4lja Alpha-PVP de Poudres de Narco?<\/h3>\n<p>Som <strong>Alpha-PVP leverant\u00f6r f\u00f6r forskning<\/strong>, <strong>Narkotiska pulver<\/strong> garanterar s\u00e4kerhet och renhet f\u00f6r varje parti, vilket \u00e4r avg\u00f6rande f\u00f6r <strong>certifierade laboratorieapplikationer<\/strong> :<\/p>\n<ul>\n<li><strong>Alpha-PVP med h\u00f6g renhet f\u00f6r laboratorier<\/strong> Varje batch av Alpha-PVP testas noggrant f\u00f6r att s\u00e4kerst\u00e4lla optimal renhet, vilket \u00e4r avg\u00f6rande f\u00f6r <strong>analytiska till\u00e4mpningar<\/strong> och precisionsstudier.<\/li>\n<li><strong>Konsekvent kvalitet och tillf\u00f6rlitlighet<\/strong> : V\u00e5r Alpha-PVP \u00e4r formulerad f\u00f6r att leverera konsekvent prestanda, anpassad till kraven i <strong>avancerad laboratorieforskning<\/strong>.<\/li>\n<li><strong>S\u00e4ker onlinebest\u00e4llning<\/strong> : <strong>Narkotiska pulver<\/strong> g\u00f6r det l\u00e4ttare att<strong>k\u00f6pa Alpha-PVP online<\/strong> med en s\u00e4ker, kompatibel process som \u00e4r skr\u00e4ddarsydd f\u00f6r forskningspersonal.<\/li>\n<\/ul>\n<h3>Till\u00e4mpningar och s\u00e4kerhetsinstruktioner<\/h3>\n<p>Le <strong>Alpha-PVP av laboratoriekvalitet<\/strong> fr\u00e5n <strong>Narkotiska pulver<\/strong> \u00e4r s\u00e4rskilt utformad f\u00f6r <strong>vetenskapliga till\u00e4mpningar<\/strong>. F\u00f6r att s\u00e4kerst\u00e4lla korrekt och s\u00e4ker anv\u00e4ndning tillhandah\u00e5ller vi noggranna instruktioner:<\/p>\n<ul>\n<li><strong>S\u00e4ker f\u00f6rvaring<\/strong> F\u00f6rvara Alpha-PVP p\u00e5 en sval, torr plats borta fr\u00e5n ljus f\u00f6r att bevara dess kvalitet.<\/li>\n<li><strong>Hantera med f\u00f6rsiktighet<\/strong> Anv\u00e4nd personlig skyddsutrustning (PPE) och arbeta i en v\u00e4l ventilerad milj\u00f6 f\u00f6r att garantera s\u00e4kerheten.<\/li>\n<li><strong>Anv\u00e4ndningen \u00e4r strikt reserverad f\u00f6r forskning<\/strong> : Denna produkt \u00e4r endast avsedd f\u00f6r kvalificerade forskare och laboratorier som \u00e4r certifierade f\u00f6r <strong>avancerade vetenskapliga studier<\/strong>.<\/li>\n<\/ul>\n<h3>Best\u00e4ll Alpha-PVP med h\u00f6g renhet f\u00f6r dina vetenskapliga studier<\/h3>\n<p>Med <strong>Narkotiska pulver<\/strong>dra nytta av <strong>tillf\u00f6rlitlig leverans av Alpha-PVP f\u00f6r laboratorietill\u00e4mpningar<\/strong>. V\u00e5rt engagemang f\u00f6r kvalitet och s\u00e4kerhet g\u00f6r <strong>Narkotiska pulver<\/strong> det p\u00e5litliga valet f\u00f6r forskare. <strong>Kontakta oss<\/strong> f\u00f6r en offert eller f\u00f6r att f\u00e5 veta mer om v\u00e5rt sortiment av h\u00f6grena produkter f\u00f6r vetenskaplig forskning.<\/p>","protected":false},"excerpt":{"rendered":"<p>Acheter du Alpha-PVP de Haute Puret\u00e9 pour la Recherche &#8211; Poudres de Narco Poudres de Narco est votre fournisseur fiable pour le Alpha-PVP de haute puret\u00e9, destin\u00e9 exclusivement aux applications scientifiques et analytiques en laboratoire. Con\u00e7u pour r\u00e9pondre aux besoins des chercheurs en chimie et en pharmacologie, notre Alpha-PVP est produit selon des normes de&hellip;<\/p>","protected":false},"featured_media":5381,"comment_status":"open","ping_status":"closed","template":"","meta":{"_joinchat":[]},"product_cat":[558],"product_tag":[],"class_list":{"0":"post-5371","1":"product","2":"type-product","3":"status-publish","4":"has-post-thumbnail","6":"product_cat-chimiques-de-recherche","8":"first","9":"instock","10":"shipping-taxable","11":"purchasable","12":"product-type-variable","13":"col-xs-6 col-sm-4","14":"col-md-3 col-lg-3","15":"un-4-cols"},"yoast_head":"<!-- This site is optimized with the Yoast SEO plugin v23.8 - https:\/\/yoast.com\/wordpress\/plugins\/seo\/ -->\n<title>Acheter Alpha-PVP Recherche en Laboratoire | Poudres de Narco<\/title>\n<meta name=\"description\" content=\"Fournisseur de confiance pour Alpha-PVP de qualit\u00e9 laboratoire. Puret\u00e9 et s\u00e9curit\u00e9 garanties pour applications scientifiques chez Poudres de Narco\" \/>\n<meta name=\"robots\" content=\"index, follow, max-snippet:-1, max-image-preview:large, max-video-preview:-1\" \/>\n<link rel=\"canonical\" href=\"https:\/\/poudresdenarco.com\/sv\/produkt\/alpha-pvp\/\" \/>\n<meta property=\"og:locale\" content=\"sv_SE\" \/>\n<meta property=\"og:type\" content=\"article\" \/>\n<meta property=\"og:title\" content=\"Acheter Alpha-PVP Recherche en Laboratoire | Poudres de Narco\" \/>\n<meta property=\"og:description\" content=\"Fournisseur de confiance pour Alpha-PVP de qualit\u00e9 laboratoire. Puret\u00e9 et s\u00e9curit\u00e9 garanties pour applications scientifiques chez Poudres de Narco\" \/>\n<meta property=\"og:url\" content=\"https:\/\/poudresdenarco.com\/sv\/produkt\/alpha-pvp\/\" \/>\n<meta property=\"og:site_name\" content=\"Poudresde Narco\" \/>\n<meta property=\"article:modified_time\" content=\"2025-04-04T12:46:20+00:00\" \/>\n<meta property=\"og:image\" content=\"https:\/\/poudresdenarco.com\/wp-content\/uploads\/2024\/10\/Alpha-pvp-1.gif\" \/>\n\t<meta property=\"og:image:width\" content=\"600\" \/>\n\t<meta property=\"og:image:height\" content=\"600\" \/>\n\t<meta property=\"og:image:type\" content=\"image\/gif\" \/>\n<meta name=\"twitter:card\" content=\"summary_large_image\" \/>\n<meta name=\"twitter:label1\" content=\"Ber\u00e4knad l\u00e4stid\" \/>\n\t<meta name=\"twitter:data1\" content=\"2 minuter\" \/>\n<script type=\"application\/ld+json\" class=\"yoast-schema-graph\">{\"@context\":\"https:\/\/schema.org\",\"@graph\":[{\"@type\":\"WebPage\",\"@id\":\"https:\/\/poudresdenarco.com\/produit\/alpha-pvp\/\",\"url\":\"https:\/\/poudresdenarco.com\/produit\/alpha-pvp\/\",\"name\":\"Acheter Alpha-PVP Recherche en Laboratoire | Poudres de Narco\",\"isPartOf\":{\"@id\":\"https:\/\/poudresdenarco.com\/#website\"},\"primaryImageOfPage\":{\"@id\":\"https:\/\/poudresdenarco.com\/produit\/alpha-pvp\/#primaryimage\"},\"image\":{\"@id\":\"https:\/\/poudresdenarco.com\/produit\/alpha-pvp\/#primaryimage\"},\"thumbnailUrl\":\"https:\/\/poudresdenarco.com\/wp-content\/uploads\/2024\/10\/Alpha-pvp-1.gif\",\"datePublished\":\"2024-10-16T11:26:59+00:00\",\"dateModified\":\"2025-04-04T12:46:20+00:00\",\"description\":\"Fournisseur de confiance pour Alpha-PVP de qualit\u00e9 laboratoire. Puret\u00e9 et s\u00e9curit\u00e9 garanties pour applications scientifiques chez Poudres de Narco\",\"breadcrumb\":{\"@id\":\"https:\/\/poudresdenarco.com\/produit\/alpha-pvp\/#breadcrumb\"},\"inLanguage\":\"sv-SE\",\"potentialAction\":[{\"@type\":\"ReadAction\",\"target\":[\"https:\/\/poudresdenarco.com\/produit\/alpha-pvp\/\"]}]},{\"@type\":\"ImageObject\",\"inLanguage\":\"sv-SE\",\"@id\":\"https:\/\/poudresdenarco.com\/produit\/alpha-pvp\/#primaryimage\",\"url\":\"https:\/\/poudresdenarco.com\/wp-content\/uploads\/2024\/10\/Alpha-pvp-1.gif\",\"contentUrl\":\"https:\/\/poudresdenarco.com\/wp-content\/uploads\/2024\/10\/Alpha-pvp-1.gif\",\"width\":600,\"height\":600},{\"@type\":\"BreadcrumbList\",\"@id\":\"https:\/\/poudresdenarco.com\/produit\/alpha-pvp\/#breadcrumb\",\"itemListElement\":[{\"@type\":\"ListItem\",\"position\":1,\"name\":\"Home\",\"item\":\"https:\/\/poudresdenarco.com\/\"},{\"@type\":\"ListItem\",\"position\":2,\"name\":\"Boutique\",\"item\":\"https:\/\/poudresdenarco.com\/boutique\/\"},{\"@type\":\"ListItem\",\"position\":3,\"name\":\"Alpha PVP\"}]},{\"@type\":\"WebSite\",\"@id\":\"https:\/\/poudresdenarco.com\/#website\",\"url\":\"https:\/\/poudresdenarco.com\/\",\"name\":\"Poudresde Narco\",\"description\":\"Acheter de la coca\u00efne et de l&#039;h\u00e9ro\u00efne en ligne\",\"potentialAction\":[{\"@type\":\"SearchAction\",\"target\":{\"@type\":\"EntryPoint\",\"urlTemplate\":\"https:\/\/poudresdenarco.com\/?s={search_term_string}\"},\"query-input\":{\"@type\":\"PropertyValueSpecification\",\"valueRequired\":true,\"valueName\":\"search_term_string\"}}],\"inLanguage\":\"sv-SE\"}]}<\/script>\n<!-- \/ Yoast SEO plugin. -->","yoast_head_json":{"title":"Acheter Alpha-PVP Recherche en Laboratoire | Poudres de Narco","description":"Fournisseur de confiance pour Alpha-PVP de qualit\u00e9 laboratoire. Puret\u00e9 et s\u00e9curit\u00e9 garanties pour applications scientifiques chez Poudres de Narco","robots":{"index":"index","follow":"follow","max-snippet":"max-snippet:-1","max-image-preview":"max-image-preview:large","max-video-preview":"max-video-preview:-1"},"canonical":"https:\/\/poudresdenarco.com\/sv\/produkt\/alpha-pvp\/","og_locale":"sv_SE","og_type":"article","og_title":"Acheter Alpha-PVP Recherche en Laboratoire | Poudres de Narco","og_description":"Fournisseur de confiance pour Alpha-PVP de qualit\u00e9 laboratoire. Puret\u00e9 et s\u00e9curit\u00e9 garanties pour applications scientifiques chez Poudres de Narco","og_url":"https:\/\/poudresdenarco.com\/sv\/produkt\/alpha-pvp\/","og_site_name":"Poudresde Narco","article_modified_time":"2025-04-04T12:46:20+00:00","og_image":[{"width":600,"height":600,"url":"https:\/\/poudresdenarco.com\/wp-content\/uploads\/2024\/10\/Alpha-pvp-1.gif","type":"image\/gif"}],"twitter_card":"summary_large_image","twitter_misc":{"Ber\u00e4knad l\u00e4stid":"2 minuter"},"schema":{"@context":"https:\/\/schema.org","@graph":[{"@type":"WebPage","@id":"https:\/\/poudresdenarco.com\/produit\/alpha-pvp\/","url":"https:\/\/poudresdenarco.com\/produit\/alpha-pvp\/","name":"Acheter Alpha-PVP Recherche en Laboratoire | Poudres de Narco","isPartOf":{"@id":"https:\/\/poudresdenarco.com\/#website"},"primaryImageOfPage":{"@id":"https:\/\/poudresdenarco.com\/produit\/alpha-pvp\/#primaryimage"},"image":{"@id":"https:\/\/poudresdenarco.com\/produit\/alpha-pvp\/#primaryimage"},"thumbnailUrl":"https:\/\/poudresdenarco.com\/wp-content\/uploads\/2024\/10\/Alpha-pvp-1.gif","datePublished":"2024-10-16T11:26:59+00:00","dateModified":"2025-04-04T12:46:20+00:00","description":"Fournisseur de confiance pour Alpha-PVP de qualit\u00e9 laboratoire. Puret\u00e9 et s\u00e9curit\u00e9 garanties pour applications scientifiques chez Poudres de Narco","breadcrumb":{"@id":"https:\/\/poudresdenarco.com\/produit\/alpha-pvp\/#breadcrumb"},"inLanguage":"sv-SE","potentialAction":[{"@type":"ReadAction","target":["https:\/\/poudresdenarco.com\/produit\/alpha-pvp\/"]}]},{"@type":"ImageObject","inLanguage":"sv-SE","@id":"https:\/\/poudresdenarco.com\/produit\/alpha-pvp\/#primaryimage","url":"https:\/\/poudresdenarco.com\/wp-content\/uploads\/2024\/10\/Alpha-pvp-1.gif","contentUrl":"https:\/\/poudresdenarco.com\/wp-content\/uploads\/2024\/10\/Alpha-pvp-1.gif","width":600,"height":600},{"@type":"BreadcrumbList","@id":"https:\/\/poudresdenarco.com\/produit\/alpha-pvp\/#breadcrumb","itemListElement":[{"@type":"ListItem","position":1,"name":"Home","item":"https:\/\/poudresdenarco.com\/"},{"@type":"ListItem","position":2,"name":"Boutique","item":"https:\/\/poudresdenarco.com\/boutique\/"},{"@type":"ListItem","position":3,"name":"Alpha PVP"}]},{"@type":"WebSite","@id":"https:\/\/poudresdenarco.com\/#website","url":"https:\/\/poudresdenarco.com\/","name":"Poudresde Narco","description":"Acheter de la coca\u00efne et de l&#039;h\u00e9ro\u00efne en ligne","potentialAction":[{"@type":"SearchAction","target":{"@type":"EntryPoint","urlTemplate":"https:\/\/poudresdenarco.com\/?s={search_term_string}"},"query-input":{"@type":"PropertyValueSpecification","valueRequired":true,"valueName":"search_term_string"}}],"inLanguage":"sv-SE"}]}},"_links":{"self":[{"href":"https:\/\/poudresdenarco.com\/sv\/wp-json\/wp\/v2\/product\/5371","targetHints":{"allow":["GET"]}}],"collection":[{"href":"https:\/\/poudresdenarco.com\/sv\/wp-json\/wp\/v2\/product"}],"about":[{"href":"https:\/\/poudresdenarco.com\/sv\/wp-json\/wp\/v2\/types\/product"}],"replies":[{"embeddable":true,"href":"https:\/\/poudresdenarco.com\/sv\/wp-json\/wp\/v2\/comments?post=5371"}],"wp:featuredmedia":[{"embeddable":true,"href":"https:\/\/poudresdenarco.com\/sv\/wp-json\/wp\/v2\/media\/5381"}],"wp:attachment":[{"href":"https:\/\/poudresdenarco.com\/sv\/wp-json\/wp\/v2\/media?parent=5371"}],"wp:term":[{"taxonomy":"product_cat","embeddable":true,"href":"https:\/\/poudresdenarco.com\/sv\/wp-json\/wp\/v2\/product_cat?post=5371"},{"taxonomy":"product_tag","embeddable":true,"href":"https:\/\/poudresdenarco.com\/sv\/wp-json\/wp\/v2\/product_tag?post=5371"}],"curies":[{"name":"wp","href":"https:\/\/api.w.org\/{rel}","templated":true}]}}