{"id":5966,"date":"2024-10-16T11:32:10","date_gmt":"2024-10-16T11:32:10","guid":{"rendered":"https:\/\/poudresdenarco.com\/?post_type=product&#038;p=5966"},"modified":"2024-12-23T09:30:09","modified_gmt":"2024-12-23T09:30:09","slug":"mdpv","status":"publish","type":"product","link":"https:\/\/poudresdenarco.com\/sv\/produkt\/mdpv\/","title":{"rendered":"MDPV"},"content":{"rendered":"<h2><strong>K\u00f6p MDPV med h\u00f6g renhet f\u00f6r forskning - Narco Powders<\/strong><\/h2>\n<p><strong>Narkotiska pulver<\/strong> \u00e4r din p\u00e5litliga k\u00e4lla f\u00f6r <strong>MDPV av forskningskvalitet<\/strong>utformad exklusivt f\u00f6r <strong>vetenskapliga laboratorietill\u00e4mpningar<\/strong>. V\u00e5r MDPV produceras enligt rigor\u00f6sa standarder f\u00f6r renhet och kvalitet, vilket ger tillf\u00f6rlitliga resultat f\u00f6r forskare inom kemi och farmakologi K\u00f6p MDPV .<\/p>\n<h3>Varf\u00f6r v\u00e4lja MDPV de Poudres de Narco?<\/h3>\n<p>Som <strong>MDPV-leverant\u00f6r f\u00f6r forskning<\/strong>, <strong>Narkotiska pulver<\/strong> garanterar produkter som \u00f6verensst\u00e4mmer med <strong>certifierade laboratorier<\/strong> :<\/p>\n<ul>\n<li><strong>MDPV med h\u00f6g renhet f\u00f6r laboratorier<\/strong> : Varje parti testas noggrant f\u00f6r att garantera maximal renhet, vilket \u00e4r viktigt f\u00f6r <strong>vetenskapliga precisionstill\u00e4mpningar<\/strong>.<\/li>\n<li><strong>Konsekvent och tillf\u00f6rlitlig kvalitet<\/strong> : V\u00e5r MDPV \u00e4r formulerad f\u00f6r stabil, tillf\u00f6rlitlig prestanda, anpassad till behoven hos <strong>analytiska laboratoriestudier<\/strong>.<\/li>\n<li><strong>S\u00e4ker onlinebest\u00e4llning<\/strong> : <strong>Narkotiska pulver<\/strong> f\u00f6renklar<strong>k\u00f6pa MDPV online<\/strong>Processen \u00e4r s\u00e4ker och f\u00f6ljer forskningsstandarder.<\/li>\n<\/ul>\n<h3>Till\u00e4mpningar och s\u00e4kerhetsinstruktioner<\/h3>\n<p>Le <strong>MDPV f\u00f6r forskning<\/strong> fr\u00e5n <strong>Narkotiska pulver<\/strong> \u00e4r avsedd f\u00f6r <strong>analytiska till\u00e4mpningar och vetenskapliga studier<\/strong>. F\u00f6r att s\u00e4kerst\u00e4lla en s\u00e4ker och korrekt anv\u00e4ndning tillhandah\u00e5ller vi detaljerade s\u00e4kerhetsinstruktioner:<\/p>\n<ul>\n<li><strong>S\u00e4ker f\u00f6rvaring<\/strong> F\u00f6rvara MDPV p\u00e5 en sval, torr och ljusskyddad plats f\u00f6r att bevara dess kvalitet.<\/li>\n<li><strong>Hantering med f\u00f6rsiktighets\u00e5tg\u00e4rder<\/strong> Anv\u00e4nd personlig skyddsutrustning (PPE) och arbeta i en v\u00e4l ventilerad milj\u00f6 f\u00f6r att garantera s\u00e4kerheten.<\/li>\n<li><strong>Anv\u00e4ndningen \u00e4r strikt reserverad f\u00f6r forskning<\/strong> Denna produkt \u00e4r endast avsedd f\u00f6r kvalificerade forskare och certifierade laboratorier.<\/li>\n<\/ul>\n<h2>K\u00f6p MDPV online<\/h2>\n<p>Le <a href=\"https:\/\/poudresdenarco.com\/sv\/produkt\/mdpv\/\">MDPV<\/a> \u00e4r ocks\u00e5 k\u00e4nd som metylendioxypyrovaleron.<\/p>\n<p>Det \u00e4r ett syntetiskt l\u00e4kemedel som ursprungligen utvecklades 1969.<\/p>\n<p>Detta \u00e4r en typ av \u00e5terupptagsh\u00e4mmare f\u00f6r dopamin- och noradrenalinreceptorer.<\/p>\n<p>Det \u00e4r k\u00e4nt f\u00f6r att fungera som en psykoaktiv substans och f\u00f6r sina stimulerande egenskaper. N\u00e5gra av effekterna av drogen kan vara: \u00f6kad medvetenhet, eufori, \u00f6kad vakenhet och \u00f6kad energi.<\/p>\n<p>Erfarna forskare rekommenderar att man anv\u00e4nder <a href=\"https:\/\/en.wikipedia.org\/wiki\/Methylenedioxypyrovalerone\">MDPV<\/a> j\u00e4mf\u00f6rt med Ritalin, eftersom den f\u00f6rra \u00e4r k\u00e4nd f\u00f6r att vara 4 g\u00e5nger kraftfullare.<\/p>\n<p>L\u00e4kemedlet s\u00e4ljs i allm\u00e4nhet p\u00e5 webbplatser online eller p\u00e5 apotek i form av ett fint kristallint pulver.<\/p>\n<p>Observera att MDPV har funnits under en tid och d\u00e4rf\u00f6r ben\u00e4mns med olika namn, s\u00e5som MDPK, Maddie, Super Coke, Ivory Wave, Peevee, Magic, MTV, Ocean, White Lightening, ScarfaceCharge Plus etc. <a href=\"https:\/\/poudresdenarco.com\/sv\/\">poudresdenarco<\/a><\/p>\n<p>\u00c4ven om psykotropa egenskaper \u00e4r f\u00f6rknippade med drogen, anv\u00e4nder m\u00e5nga m\u00e4nniskor det ocks\u00e5 f\u00f6r rekreations\u00e4ndam\u00e5l.<\/p>\n<h3>N\u00e5gra av de traditionella anv\u00e4ndningsomr\u00e5dena f\u00f6r MDPV \u00e4r f\u00f6ljande:<\/h3>\n<p>Det har anv\u00e4nts f\u00f6r att hj\u00e4lpa patienter att g\u00e5 ner i vikt eftersom l\u00e4kemedlet tenderar att br\u00e4nna fett snabbt.<br \/>\nSom n\u00e4mnts ovan \u00e4r detta l\u00e4kemedel k\u00e4nt f\u00f6r att f\u00f6rb\u00e4ttra sexuell aktivitet, \u00f6ka energireserverna och hj\u00e4lpa patienter att uppn\u00e5 en h\u00f6g upphetsningsniv\u00e5.<br \/>\nObservera att det, precis som f\u00f6r alla andra l\u00e4kemedel, finns rekommenderade doser f\u00f6r MDPV. Detta inneb\u00e4r att \u00f6verdosering kan leda till problem, precis som med andra l\u00e4kemedel.<\/p>\n<p>Du b\u00f6r aldrig \u00f6verskrida den rekommenderade dosen. Det som \u00e4r bra med MDPV \u00e4r att det \u00e4r lagligt i de flesta l\u00e4nder i v\u00e4rlden, till skillnad fr\u00e5n de flesta av dess motsvarigheter. Tack vare dess m\u00e5nga farmaceutiska egenskaper anv\u00e4nder m\u00e5nga forskare det ocks\u00e5 som en kemisk forskningsf\u00f6rening.<\/p>\n<p>\u00c4ven om det i allm\u00e4nhet \u00e4r tillg\u00e4ngligt som ett hydrofilt pulver med en svag lukt, kan det vara vilken f\u00e4rg som helst fr\u00e5n vitt till ljusbrunt. N\u00e5gra av biverkningarna av att anv\u00e4nda MDVP \u00e4r: \u00e5ngest, svaghet, upphetsning, aptitl\u00f6shet, f\u00f6rh\u00f6jt blodtryck och hj\u00e4rtklappning.<\/p>\n<p>En \u00f6verdos kan orsaka hallucinationer och till och med panikattacker. Effekten varar i allm\u00e4nhet cirka 4 timmar. Var f\u00f6rsiktig s\u00e5 att du inte f\u00f6rvarar den utomhus, eftersom kontakt med luften kan \u00e4ndra dess egenskaper.<\/p>\n<h3>Best\u00e4ll MDPV med h\u00f6g renhet f\u00f6r dina vetenskapliga studier<\/h3>\n<p>Med <strong>Narkotiska pulver<\/strong>dra nytta av <strong>tillf\u00f6rlitlig leverans av MDPV f\u00f6r laboratorietill\u00e4mpningar<\/strong>. V\u00e5ra h\u00f6ga kvalitets- och s\u00e4kerhetsstandarder inneb\u00e4r att <strong>Narkotiska pulver<\/strong> det perfekta valet f\u00f6r professionella forskare. <strong>Kontakta oss<\/strong> f\u00f6r en offert eller f\u00f6r att ta reda p\u00e5 mer om v\u00e5rt sortiment av produkter med h\u00f6g renhet f\u00f6r vetenskaplig forskning K\u00f6p MDPV .<\/p>","protected":false},"excerpt":{"rendered":"<p>Acheter du MDPV de Haute Puret\u00e9 pour la Recherche &#8211; Poudres de Narco Poudres de Narco est votre source de confiance pour le MDPV de qualit\u00e9 recherche, con\u00e7u exclusivement pour des applications scientifiques en laboratoire. Notre MDPV est produit selon des normes rigoureuses de puret\u00e9 et de qualit\u00e9, offrant des r\u00e9sultats fiables pour les chercheurs&hellip;<\/p>","protected":false},"featured_media":6173,"comment_status":"open","ping_status":"closed","template":"","meta":{"_joinchat":[]},"product_cat":[558,751],"product_tag":[],"class_list":{"0":"post-5966","1":"product","2":"type-product","3":"status-publish","4":"has-post-thumbnail","6":"product_cat-chimiques-de-recherche","7":"product_cat-stimulants","9":"first","10":"instock","11":"shipping-taxable","12":"purchasable","13":"product-type-variable","14":"col-xs-6 col-sm-4","15":"col-md-3 col-lg-3","16":"un-4-cols"},"yoast_head":"<!-- This site is optimized with the Yoast SEO plugin v23.8 - https:\/\/yoast.com\/wordpress\/plugins\/seo\/ -->\n<title>&quot;Acheter MDPV Puret\u00e9 pour la Recherche | Poudres de Narco&quot;<\/title>\n<meta name=\"description\" content=\"Fournisseur de MDPV pour applications scientifiques en laboratoire. Puret\u00e9 et s\u00e9curit\u00e9 garanties pour recherches avanc\u00e9es chez Poudres de Narco.\" \/>\n<meta name=\"robots\" content=\"index, follow, max-snippet:-1, max-image-preview:large, max-video-preview:-1\" \/>\n<link rel=\"canonical\" href=\"https:\/\/poudresdenarco.com\/sv\/produkt\/mdpv\/\" \/>\n<meta property=\"og:locale\" content=\"sv_SE\" \/>\n<meta property=\"og:type\" content=\"article\" \/>\n<meta property=\"og:title\" content=\"&quot;Acheter MDPV Puret\u00e9 pour la Recherche | Poudres de Narco&quot;\" \/>\n<meta property=\"og:description\" content=\"Fournisseur de MDPV pour applications scientifiques en laboratoire. Puret\u00e9 et s\u00e9curit\u00e9 garanties pour recherches avanc\u00e9es chez Poudres de Narco.\" \/>\n<meta property=\"og:url\" content=\"https:\/\/poudresdenarco.com\/sv\/produkt\/mdpv\/\" \/>\n<meta property=\"og:site_name\" content=\"Poudresde Narco\" \/>\n<meta property=\"article:modified_time\" content=\"2024-12-23T09:30:09+00:00\" \/>\n<meta property=\"og:image\" content=\"https:\/\/poudresdenarco.com\/wp-content\/uploads\/2024\/10\/MDPV-1.gif\" \/>\n\t<meta property=\"og:image:width\" content=\"600\" \/>\n\t<meta property=\"og:image:height\" content=\"600\" \/>\n\t<meta property=\"og:image:type\" content=\"image\/gif\" \/>\n<meta name=\"twitter:card\" content=\"summary_large_image\" \/>\n<meta name=\"twitter:label1\" content=\"Ber\u00e4knad l\u00e4stid\" \/>\n\t<meta name=\"twitter:data1\" content=\"4 minuter\" \/>\n<script type=\"application\/ld+json\" class=\"yoast-schema-graph\">{\"@context\":\"https:\/\/schema.org\",\"@graph\":[{\"@type\":\"WebPage\",\"@id\":\"https:\/\/poudresdenarco.com\/produit\/mdpv\/\",\"url\":\"https:\/\/poudresdenarco.com\/produit\/mdpv\/\",\"name\":\"\\\"Acheter MDPV Puret\u00e9 pour la Recherche | Poudres de Narco\\\"\",\"isPartOf\":{\"@id\":\"https:\/\/poudresdenarco.com\/#website\"},\"primaryImageOfPage\":{\"@id\":\"https:\/\/poudresdenarco.com\/produit\/mdpv\/#primaryimage\"},\"image\":{\"@id\":\"https:\/\/poudresdenarco.com\/produit\/mdpv\/#primaryimage\"},\"thumbnailUrl\":\"https:\/\/poudresdenarco.com\/wp-content\/uploads\/2024\/10\/MDPV-1.gif\",\"datePublished\":\"2024-10-16T11:32:10+00:00\",\"dateModified\":\"2024-12-23T09:30:09+00:00\",\"description\":\"Fournisseur de MDPV pour applications scientifiques en laboratoire. Puret\u00e9 et s\u00e9curit\u00e9 garanties pour recherches avanc\u00e9es chez Poudres de Narco.\",\"breadcrumb\":{\"@id\":\"https:\/\/poudresdenarco.com\/produit\/mdpv\/#breadcrumb\"},\"inLanguage\":\"sv-SE\",\"potentialAction\":[{\"@type\":\"ReadAction\",\"target\":[\"https:\/\/poudresdenarco.com\/produit\/mdpv\/\"]}]},{\"@type\":\"ImageObject\",\"inLanguage\":\"sv-SE\",\"@id\":\"https:\/\/poudresdenarco.com\/produit\/mdpv\/#primaryimage\",\"url\":\"https:\/\/poudresdenarco.com\/wp-content\/uploads\/2024\/10\/MDPV-1.gif\",\"contentUrl\":\"https:\/\/poudresdenarco.com\/wp-content\/uploads\/2024\/10\/MDPV-1.gif\",\"width\":600,\"height\":600,\"caption\":\"MDPV\"},{\"@type\":\"BreadcrumbList\",\"@id\":\"https:\/\/poudresdenarco.com\/produit\/mdpv\/#breadcrumb\",\"itemListElement\":[{\"@type\":\"ListItem\",\"position\":1,\"name\":\"Home\",\"item\":\"https:\/\/poudresdenarco.com\/\"},{\"@type\":\"ListItem\",\"position\":2,\"name\":\"Boutique\",\"item\":\"https:\/\/poudresdenarco.com\/boutique\/\"},{\"@type\":\"ListItem\",\"position\":3,\"name\":\"MDPV\"}]},{\"@type\":\"WebSite\",\"@id\":\"https:\/\/poudresdenarco.com\/#website\",\"url\":\"https:\/\/poudresdenarco.com\/\",\"name\":\"Poudresde Narco\",\"description\":\"Acheter de la coca\u00efne et de l&#039;h\u00e9ro\u00efne en ligne\",\"potentialAction\":[{\"@type\":\"SearchAction\",\"target\":{\"@type\":\"EntryPoint\",\"urlTemplate\":\"https:\/\/poudresdenarco.com\/?s={search_term_string}\"},\"query-input\":{\"@type\":\"PropertyValueSpecification\",\"valueRequired\":true,\"valueName\":\"search_term_string\"}}],\"inLanguage\":\"sv-SE\"}]}<\/script>\n<!-- \/ Yoast SEO plugin. -->","yoast_head_json":{"title":"\"Acheter MDPV Puret\u00e9 pour la Recherche | Poudres de Narco\"","description":"Fournisseur de MDPV pour applications scientifiques en laboratoire. Puret\u00e9 et s\u00e9curit\u00e9 garanties pour recherches avanc\u00e9es chez Poudres de Narco.","robots":{"index":"index","follow":"follow","max-snippet":"max-snippet:-1","max-image-preview":"max-image-preview:large","max-video-preview":"max-video-preview:-1"},"canonical":"https:\/\/poudresdenarco.com\/sv\/produkt\/mdpv\/","og_locale":"sv_SE","og_type":"article","og_title":"\"Acheter MDPV Puret\u00e9 pour la Recherche | Poudres de Narco\"","og_description":"Fournisseur de MDPV pour applications scientifiques en laboratoire. Puret\u00e9 et s\u00e9curit\u00e9 garanties pour recherches avanc\u00e9es chez Poudres de Narco.","og_url":"https:\/\/poudresdenarco.com\/sv\/produkt\/mdpv\/","og_site_name":"Poudresde Narco","article_modified_time":"2024-12-23T09:30:09+00:00","og_image":[{"width":600,"height":600,"url":"https:\/\/poudresdenarco.com\/wp-content\/uploads\/2024\/10\/MDPV-1.gif","type":"image\/gif"}],"twitter_card":"summary_large_image","twitter_misc":{"Ber\u00e4knad l\u00e4stid":"4 minuter"},"schema":{"@context":"https:\/\/schema.org","@graph":[{"@type":"WebPage","@id":"https:\/\/poudresdenarco.com\/produit\/mdpv\/","url":"https:\/\/poudresdenarco.com\/produit\/mdpv\/","name":"\"Acheter MDPV Puret\u00e9 pour la Recherche | Poudres de Narco\"","isPartOf":{"@id":"https:\/\/poudresdenarco.com\/#website"},"primaryImageOfPage":{"@id":"https:\/\/poudresdenarco.com\/produit\/mdpv\/#primaryimage"},"image":{"@id":"https:\/\/poudresdenarco.com\/produit\/mdpv\/#primaryimage"},"thumbnailUrl":"https:\/\/poudresdenarco.com\/wp-content\/uploads\/2024\/10\/MDPV-1.gif","datePublished":"2024-10-16T11:32:10+00:00","dateModified":"2024-12-23T09:30:09+00:00","description":"Fournisseur de MDPV pour applications scientifiques en laboratoire. Puret\u00e9 et s\u00e9curit\u00e9 garanties pour recherches avanc\u00e9es chez Poudres de Narco.","breadcrumb":{"@id":"https:\/\/poudresdenarco.com\/produit\/mdpv\/#breadcrumb"},"inLanguage":"sv-SE","potentialAction":[{"@type":"ReadAction","target":["https:\/\/poudresdenarco.com\/produit\/mdpv\/"]}]},{"@type":"ImageObject","inLanguage":"sv-SE","@id":"https:\/\/poudresdenarco.com\/produit\/mdpv\/#primaryimage","url":"https:\/\/poudresdenarco.com\/wp-content\/uploads\/2024\/10\/MDPV-1.gif","contentUrl":"https:\/\/poudresdenarco.com\/wp-content\/uploads\/2024\/10\/MDPV-1.gif","width":600,"height":600,"caption":"MDPV"},{"@type":"BreadcrumbList","@id":"https:\/\/poudresdenarco.com\/produit\/mdpv\/#breadcrumb","itemListElement":[{"@type":"ListItem","position":1,"name":"Home","item":"https:\/\/poudresdenarco.com\/"},{"@type":"ListItem","position":2,"name":"Boutique","item":"https:\/\/poudresdenarco.com\/boutique\/"},{"@type":"ListItem","position":3,"name":"MDPV"}]},{"@type":"WebSite","@id":"https:\/\/poudresdenarco.com\/#website","url":"https:\/\/poudresdenarco.com\/","name":"Poudresde Narco","description":"Acheter de la coca\u00efne et de l&#039;h\u00e9ro\u00efne en ligne","potentialAction":[{"@type":"SearchAction","target":{"@type":"EntryPoint","urlTemplate":"https:\/\/poudresdenarco.com\/?s={search_term_string}"},"query-input":{"@type":"PropertyValueSpecification","valueRequired":true,"valueName":"search_term_string"}}],"inLanguage":"sv-SE"}]}},"_links":{"self":[{"href":"https:\/\/poudresdenarco.com\/sv\/wp-json\/wp\/v2\/product\/5966","targetHints":{"allow":["GET"]}}],"collection":[{"href":"https:\/\/poudresdenarco.com\/sv\/wp-json\/wp\/v2\/product"}],"about":[{"href":"https:\/\/poudresdenarco.com\/sv\/wp-json\/wp\/v2\/types\/product"}],"replies":[{"embeddable":true,"href":"https:\/\/poudresdenarco.com\/sv\/wp-json\/wp\/v2\/comments?post=5966"}],"wp:featuredmedia":[{"embeddable":true,"href":"https:\/\/poudresdenarco.com\/sv\/wp-json\/wp\/v2\/media\/6173"}],"wp:attachment":[{"href":"https:\/\/poudresdenarco.com\/sv\/wp-json\/wp\/v2\/media?parent=5966"}],"wp:term":[{"taxonomy":"product_cat","embeddable":true,"href":"https:\/\/poudresdenarco.com\/sv\/wp-json\/wp\/v2\/product_cat?post=5966"},{"taxonomy":"product_tag","embeddable":true,"href":"https:\/\/poudresdenarco.com\/sv\/wp-json\/wp\/v2\/product_tag?post=5966"}],"curies":[{"name":"wp","href":"https:\/\/api.w.org\/{rel}","templated":true}]}}