{"id":6004,"date":"2024-10-16T11:32:20","date_gmt":"2024-10-16T11:32:20","guid":{"rendered":"https:\/\/poudresdenarco.com\/?post_type=product&#038;p=6004"},"modified":"2025-12-23T22:04:25","modified_gmt":"2025-12-23T22:04:25","slug":"alpha-php","status":"publish","type":"product","link":"https:\/\/poudresdenarco.com\/sv\/produkt\/alpha-php\/","title":{"rendered":"Alpha-php"},"content":{"rendered":"<h2>K\u00f6p Alpha-PHP online<\/h2>\n<p>PV-7, \u00e4ven k\u00e4nd som \u03b1-PHP, <a href=\"https:\/\/poudresdenarco.com\/sv\/produkt\/alpha-php\/\">alfa-PHP<\/a>, <a href=\"https:\/\/en.wikipedia.org\/wiki\/%CE%91-Pyrrolidinohexiophenone\">\u03b1-pyrrolidinohexanofenon<\/a> eller PV-7, \u00e4r en syntetisk centralstimulerande drog som tillh\u00f6r katinonklassen K\u00f6p Alpha-PHP<a href=\"https:\/\/poudresdenarco.com\/sv\/produkt\/lisotonitazene\/\">.<\/a><\/p>\n<p>13415-86-6 Enligt \u00f6verenskommelse<\/p>\n<p>HCl (13415-59-3)<\/p>\n<p>PubChem CID<\/p>\n<p>102107923<\/p>\n<p>KemSpindel<\/p>\n<p>52084419<\/p>\n<p>UNII 297J9K8A4G<\/p>\n<p>Fysikalisk och kemisk information<\/p>\n<p>Formeln C16H23NO<\/p>\n<p>Molmassa: 245,37 gram per mol<\/p>\n<p>VI \u00c4R EN GLOBAL LEVERANT\u00d6R AV FORSKNINGSKEMIKALIER<br \/>\nBetr\u00e4ffande<\/p>\n<h3><strong>K\u00f6p Alpha-PHP med h\u00f6g renhet f\u00f6r forskning - Narco Powders<\/strong><\/h3>\n<p><strong>Narkotiska pulver<\/strong> \u00e4r din p\u00e5litliga k\u00e4lla f\u00f6r<strong>Alpha-PHP forskningskvalitet<\/strong>utformad exklusivt f\u00f6r <strong>vetenskapliga laboratorietill\u00e4mpningar<\/strong>. V\u00e5r Alpha-PHP produceras enligt strikta standarder f\u00f6r renhet och kvalitet, vilket ger tillf\u00f6rlitliga resultat f\u00f6r forskare inom kemi och farmakologi.<\/p>\n<h3>Varf\u00f6r v\u00e4lja Poudres de Narco Alpha-PHP?<\/h3>\n<p>Som <strong>Alpha-PHP-leverant\u00f6r f\u00f6r forskning<\/strong>, <strong>Narkotiska pulver<\/strong> garanterar h\u00f6gkvalitativa produkter anpassade till <strong>certifierade laboratorier<\/strong> :<\/p>\n<ul>\n<li><strong>Alpha-PHP med h\u00f6g renhet f\u00f6r laboratorier<\/strong> : Varje parti testas noggrant f\u00f6r att s\u00e4kerst\u00e4lla optimal renhet, vilket \u00e4r avg\u00f6rande f\u00f6r <strong>vetenskapliga precisionstill\u00e4mpningar<\/strong>.<\/li>\n<li><strong>Konsekvent och tillf\u00f6rlitlig kvalitet<\/strong> : V\u00e5r Alpha-PHP \u00e4r utformad f\u00f6r stabil prestanda, idealisk f\u00f6r <strong>analytiska studier och laboratorieforskning<\/strong>.<\/li>\n<li><strong>S\u00e4ker onlinebest\u00e4llning<\/strong> : <strong>Narkotiska pulver<\/strong> f\u00f6renklar<strong>k\u00f6pa Alpha-PHP online<\/strong> med en s\u00e4ker process som utformats f\u00f6r yrkesverksamma inom forskning.<\/li>\n<\/ul>\n<h3>Till\u00e4mpningar och s\u00e4kerhetsinstruktioner<\/h3>\n<p>Le <strong>Alpha-PHP f\u00f6r s\u00f6kning<\/strong> fr\u00e5n <strong>Narkotiska pulver<\/strong> \u00e4r avsedd f\u00f6r <strong>analytiska till\u00e4mpningar och vetenskapliga studier<\/strong>. Vi tillhandah\u00e5ller s\u00e4kerhetsinstruktioner f\u00f6r att s\u00e4kerst\u00e4lla korrekt och s\u00e4ker anv\u00e4ndning:<\/p>\n<ul>\n<li><strong>S\u00e4ker f\u00f6rvaring<\/strong> F\u00f6rvara Alpha-PHP p\u00e5 en sval, torr och ljusskyddad plats f\u00f6r att bevara dess kvalitet.<\/li>\n<li><strong>Hantering med f\u00f6rsiktighets\u00e5tg\u00e4rder<\/strong> Anv\u00e4nd personlig skyddsutrustning (PPE) och arbeta i en v\u00e4l ventilerad milj\u00f6 f\u00f6r att garantera s\u00e4kerheten.<\/li>\n<li><strong>Anv\u00e4ndningen \u00e4r strikt reserverad f\u00f6r forskning<\/strong> Denna produkt \u00e4r endast avsedd f\u00f6r kvalificerade forskare och certifierade laboratorier.<\/li>\n<\/ul>\n<h3>Best\u00e4ll Alpha-PHP med h\u00f6g renhet f\u00f6r dina vetenskapliga studier<\/h3>\n<p>Med <strong>Narkotiska pulver<\/strong>dra nytta av <strong>tillf\u00f6rlitlig leverans av Alpha-PHP f\u00f6r laboratorietill\u00e4mpningar<\/strong>. V\u00e5ra h\u00f6ga kvalitets- och s\u00e4kerhetsstandarder inneb\u00e4r att <strong>Narkotiska pulver<\/strong> det perfekta valet f\u00f6r professionella forskare. <strong>Kontakta oss<\/strong> f\u00f6r en offert eller f\u00f6r att f\u00e5 veta mer om v\u00e5rt sortiment av produkter med h\u00f6g renhet f\u00f6r vetenskaplig forskning K\u00f6p Alpha-PHP.<\/p>\n<p>&nbsp;<\/p>","protected":false},"excerpt":{"rendered":"<p>Acheter Alpha-PHP en ligne Le PV-7, \u00e9galement connu sous le nom d&rsquo;\u03b1-PHP, alpha-PHP, \u03b1-pyrrolidinohexanoph\u00e9none ou PV-7, est un m\u00e9dicament stimulant synth\u00e9tique appartenant \u00e0 la classe des cathinones Acheter Alpha-PHP. 13415-86-6 En accord HCl (13415-59-3) CID de PubChem 102107923 ChemSpider 52084419 UNII 297J9K8A4G Informations physiques et chimiques La formule C16H23NO Masse molaire : 245,37 grammes par&hellip;<\/p>","protected":false},"featured_media":6179,"comment_status":"open","ping_status":"closed","template":"","meta":{"_joinchat":[]},"product_cat":[558],"product_tag":[],"class_list":{"0":"post-6004","1":"product","2":"type-product","3":"status-publish","4":"has-post-thumbnail","6":"product_cat-chimiques-de-recherche","8":"first","9":"instock","10":"shipping-taxable","11":"purchasable","12":"product-type-variable","13":"col-xs-6 col-sm-4","14":"col-md-3 col-lg-3","15":"un-4-cols"},"yoast_head":"<!-- This site is optimized with the Yoast SEO plugin v23.8 - https:\/\/yoast.com\/wordpress\/plugins\/seo\/ -->\n<title>Acheter Alpha-PHP pour la Recherche | Poudres de Narco<\/title>\n<meta name=\"description\" content=\"Fournisseur d&#039;Alpha-PHP pour applications scientifiques en laboratoire. Puret\u00e9 et s\u00e9curit\u00e9 garanties pour recherches avanc\u00e9es chez Poudres de Narco. Acheter Alpha-PHP\" \/>\n<meta name=\"robots\" content=\"index, follow, max-snippet:-1, max-image-preview:large, max-video-preview:-1\" \/>\n<link rel=\"canonical\" href=\"https:\/\/poudresdenarco.com\/sv\/produkt\/alpha-php\/\" \/>\n<meta property=\"og:locale\" content=\"sv_SE\" \/>\n<meta property=\"og:type\" content=\"article\" \/>\n<meta property=\"og:title\" content=\"Acheter Alpha-PHP pour la Recherche | Poudres de Narco\" \/>\n<meta property=\"og:description\" content=\"Fournisseur d&#039;Alpha-PHP pour applications scientifiques en laboratoire. Puret\u00e9 et s\u00e9curit\u00e9 garanties pour recherches avanc\u00e9es chez Poudres de Narco. Acheter Alpha-PHP\" \/>\n<meta property=\"og:url\" content=\"https:\/\/poudresdenarco.com\/sv\/produkt\/alpha-php\/\" \/>\n<meta property=\"og:site_name\" content=\"Poudresde Narco\" \/>\n<meta property=\"article:modified_time\" content=\"2025-12-23T22:04:25+00:00\" \/>\n<meta property=\"og:image\" content=\"https:\/\/poudresdenarco.com\/wp-content\/uploads\/2024\/10\/Alpha-php.gif\" \/>\n\t<meta property=\"og:image:width\" content=\"600\" \/>\n\t<meta property=\"og:image:height\" content=\"600\" \/>\n\t<meta property=\"og:image:type\" content=\"image\/gif\" \/>\n<meta name=\"twitter:card\" content=\"summary_large_image\" \/>\n<meta name=\"twitter:label1\" content=\"Ber\u00e4knad l\u00e4stid\" \/>\n\t<meta name=\"twitter:data1\" content=\"2 minuter\" \/>\n<script type=\"application\/ld+json\" class=\"yoast-schema-graph\">{\"@context\":\"https:\/\/schema.org\",\"@graph\":[{\"@type\":\"WebPage\",\"@id\":\"https:\/\/poudresdenarco.com\/produit\/alpha-php\/\",\"url\":\"https:\/\/poudresdenarco.com\/produit\/alpha-php\/\",\"name\":\"Acheter Alpha-PHP pour la Recherche | Poudres de Narco\",\"isPartOf\":{\"@id\":\"https:\/\/poudresdenarco.com\/#website\"},\"primaryImageOfPage\":{\"@id\":\"https:\/\/poudresdenarco.com\/produit\/alpha-php\/#primaryimage\"},\"image\":{\"@id\":\"https:\/\/poudresdenarco.com\/produit\/alpha-php\/#primaryimage\"},\"thumbnailUrl\":\"https:\/\/poudresdenarco.com\/wp-content\/uploads\/2024\/10\/Alpha-php.gif\",\"datePublished\":\"2024-10-16T11:32:20+00:00\",\"dateModified\":\"2025-12-23T22:04:25+00:00\",\"description\":\"Fournisseur d'Alpha-PHP pour applications scientifiques en laboratoire. Puret\u00e9 et s\u00e9curit\u00e9 garanties pour recherches avanc\u00e9es chez Poudres de Narco. Acheter Alpha-PHP\",\"breadcrumb\":{\"@id\":\"https:\/\/poudresdenarco.com\/produit\/alpha-php\/#breadcrumb\"},\"inLanguage\":\"sv-SE\",\"potentialAction\":[{\"@type\":\"ReadAction\",\"target\":[\"https:\/\/poudresdenarco.com\/produit\/alpha-php\/\"]}]},{\"@type\":\"ImageObject\",\"inLanguage\":\"sv-SE\",\"@id\":\"https:\/\/poudresdenarco.com\/produit\/alpha-php\/#primaryimage\",\"url\":\"https:\/\/poudresdenarco.com\/wp-content\/uploads\/2024\/10\/Alpha-php.gif\",\"contentUrl\":\"https:\/\/poudresdenarco.com\/wp-content\/uploads\/2024\/10\/Alpha-php.gif\",\"width\":600,\"height\":600,\"caption\":\"Alpha-php\"},{\"@type\":\"BreadcrumbList\",\"@id\":\"https:\/\/poudresdenarco.com\/produit\/alpha-php\/#breadcrumb\",\"itemListElement\":[{\"@type\":\"ListItem\",\"position\":1,\"name\":\"Home\",\"item\":\"https:\/\/poudresdenarco.com\/\"},{\"@type\":\"ListItem\",\"position\":2,\"name\":\"Boutique\",\"item\":\"https:\/\/poudresdenarco.com\/boutique\/\"},{\"@type\":\"ListItem\",\"position\":3,\"name\":\"Alpha-php\"}]},{\"@type\":\"WebSite\",\"@id\":\"https:\/\/poudresdenarco.com\/#website\",\"url\":\"https:\/\/poudresdenarco.com\/\",\"name\":\"Poudresde Narco\",\"description\":\"Acheter de la coca\u00efne et de l&#039;h\u00e9ro\u00efne en ligne\",\"potentialAction\":[{\"@type\":\"SearchAction\",\"target\":{\"@type\":\"EntryPoint\",\"urlTemplate\":\"https:\/\/poudresdenarco.com\/?s={search_term_string}\"},\"query-input\":{\"@type\":\"PropertyValueSpecification\",\"valueRequired\":true,\"valueName\":\"search_term_string\"}}],\"inLanguage\":\"sv-SE\"}]}<\/script>\n<!-- \/ Yoast SEO plugin. -->","yoast_head_json":{"title":"Acheter Alpha-PHP pour la Recherche | Poudres de Narco","description":"Fournisseur d'Alpha-PHP pour applications scientifiques en laboratoire. Puret\u00e9 et s\u00e9curit\u00e9 garanties pour recherches avanc\u00e9es chez Poudres de Narco. Acheter Alpha-PHP","robots":{"index":"index","follow":"follow","max-snippet":"max-snippet:-1","max-image-preview":"max-image-preview:large","max-video-preview":"max-video-preview:-1"},"canonical":"https:\/\/poudresdenarco.com\/sv\/produkt\/alpha-php\/","og_locale":"sv_SE","og_type":"article","og_title":"Acheter Alpha-PHP pour la Recherche | Poudres de Narco","og_description":"Fournisseur d'Alpha-PHP pour applications scientifiques en laboratoire. Puret\u00e9 et s\u00e9curit\u00e9 garanties pour recherches avanc\u00e9es chez Poudres de Narco. Acheter Alpha-PHP","og_url":"https:\/\/poudresdenarco.com\/sv\/produkt\/alpha-php\/","og_site_name":"Poudresde Narco","article_modified_time":"2025-12-23T22:04:25+00:00","og_image":[{"width":600,"height":600,"url":"https:\/\/poudresdenarco.com\/wp-content\/uploads\/2024\/10\/Alpha-php.gif","type":"image\/gif"}],"twitter_card":"summary_large_image","twitter_misc":{"Ber\u00e4knad l\u00e4stid":"2 minuter"},"schema":{"@context":"https:\/\/schema.org","@graph":[{"@type":"WebPage","@id":"https:\/\/poudresdenarco.com\/produit\/alpha-php\/","url":"https:\/\/poudresdenarco.com\/produit\/alpha-php\/","name":"Acheter Alpha-PHP pour la Recherche | Poudres de Narco","isPartOf":{"@id":"https:\/\/poudresdenarco.com\/#website"},"primaryImageOfPage":{"@id":"https:\/\/poudresdenarco.com\/produit\/alpha-php\/#primaryimage"},"image":{"@id":"https:\/\/poudresdenarco.com\/produit\/alpha-php\/#primaryimage"},"thumbnailUrl":"https:\/\/poudresdenarco.com\/wp-content\/uploads\/2024\/10\/Alpha-php.gif","datePublished":"2024-10-16T11:32:20+00:00","dateModified":"2025-12-23T22:04:25+00:00","description":"Fournisseur d'Alpha-PHP pour applications scientifiques en laboratoire. Puret\u00e9 et s\u00e9curit\u00e9 garanties pour recherches avanc\u00e9es chez Poudres de Narco. Acheter Alpha-PHP","breadcrumb":{"@id":"https:\/\/poudresdenarco.com\/produit\/alpha-php\/#breadcrumb"},"inLanguage":"sv-SE","potentialAction":[{"@type":"ReadAction","target":["https:\/\/poudresdenarco.com\/produit\/alpha-php\/"]}]},{"@type":"ImageObject","inLanguage":"sv-SE","@id":"https:\/\/poudresdenarco.com\/produit\/alpha-php\/#primaryimage","url":"https:\/\/poudresdenarco.com\/wp-content\/uploads\/2024\/10\/Alpha-php.gif","contentUrl":"https:\/\/poudresdenarco.com\/wp-content\/uploads\/2024\/10\/Alpha-php.gif","width":600,"height":600,"caption":"Alpha-php"},{"@type":"BreadcrumbList","@id":"https:\/\/poudresdenarco.com\/produit\/alpha-php\/#breadcrumb","itemListElement":[{"@type":"ListItem","position":1,"name":"Home","item":"https:\/\/poudresdenarco.com\/"},{"@type":"ListItem","position":2,"name":"Boutique","item":"https:\/\/poudresdenarco.com\/boutique\/"},{"@type":"ListItem","position":3,"name":"Alpha-php"}]},{"@type":"WebSite","@id":"https:\/\/poudresdenarco.com\/#website","url":"https:\/\/poudresdenarco.com\/","name":"Poudresde Narco","description":"Acheter de la coca\u00efne et de l&#039;h\u00e9ro\u00efne en ligne","potentialAction":[{"@type":"SearchAction","target":{"@type":"EntryPoint","urlTemplate":"https:\/\/poudresdenarco.com\/?s={search_term_string}"},"query-input":{"@type":"PropertyValueSpecification","valueRequired":true,"valueName":"search_term_string"}}],"inLanguage":"sv-SE"}]}},"_links":{"self":[{"href":"https:\/\/poudresdenarco.com\/sv\/wp-json\/wp\/v2\/product\/6004","targetHints":{"allow":["GET"]}}],"collection":[{"href":"https:\/\/poudresdenarco.com\/sv\/wp-json\/wp\/v2\/product"}],"about":[{"href":"https:\/\/poudresdenarco.com\/sv\/wp-json\/wp\/v2\/types\/product"}],"replies":[{"embeddable":true,"href":"https:\/\/poudresdenarco.com\/sv\/wp-json\/wp\/v2\/comments?post=6004"}],"wp:featuredmedia":[{"embeddable":true,"href":"https:\/\/poudresdenarco.com\/sv\/wp-json\/wp\/v2\/media\/6179"}],"wp:attachment":[{"href":"https:\/\/poudresdenarco.com\/sv\/wp-json\/wp\/v2\/media?parent=6004"}],"wp:term":[{"taxonomy":"product_cat","embeddable":true,"href":"https:\/\/poudresdenarco.com\/sv\/wp-json\/wp\/v2\/product_cat?post=6004"},{"taxonomy":"product_tag","embeddable":true,"href":"https:\/\/poudresdenarco.com\/sv\/wp-json\/wp\/v2\/product_tag?post=6004"}],"curies":[{"name":"wp","href":"https:\/\/api.w.org\/{rel}","templated":true}]}}