{"id":6005,"date":"2024-10-16T11:32:20","date_gmt":"2024-10-16T11:32:20","guid":{"rendered":"https:\/\/poudresdenarco.com\/?post_type=product&#038;p=6005"},"modified":"2024-12-23T09:43:19","modified_gmt":"2024-12-23T09:43:19","slug":"flualprazolam","status":"publish","type":"product","link":"https:\/\/poudresdenarco.com\/sv\/produkt\/flualprazolam\/","title":{"rendered":"Flualprazolam"},"content":{"rendered":"<h1><strong>K\u00f6p Flualprazolam med h\u00f6g renhet f\u00f6r forskning <a href=\"https:\/\/cokebricks.com\/de\/shop\/\">&#8211;<\/a> Narkotiska pulver<\/strong><\/h1>\n<p><strong>Narkotiska pulver<\/strong> \u00e4r din p\u00e5litliga leverant\u00f6r av <strong>Flualprazolam forskningskvalitet<\/strong>utformad exklusivt f\u00f6r <strong>vetenskapliga laboratorietill\u00e4mpningar<\/strong>. V\u00e5r Flualprazolam produceras enligt strikta standarder f\u00f6r renhet och kvalitet, vilket s\u00e4kerst\u00e4ller tillf\u00f6rlitliga resultat f\u00f6r forskare inom kemi och farmakologi K\u00f6p Flualprazolam\u00a0<a href=\"https:\/\/poudresdenarco.com\/sv\/produkt\/ghb\/\">.<\/a><\/p>\n<h3>Varf\u00f6r v\u00e4lja Flualprazolam fr\u00e5n Poudres de Narco?<\/h3>\n<p>Som <strong>leverant\u00f6r av Flualprazolam f\u00f6r forskning<\/strong>, <strong>Narkotiska pulver<\/strong> garanterar produkter av h\u00f6g kvalitet, anpassade till <strong>certifierade laboratorier<\/strong> :<\/p>\n<ul>\n<li><strong>Flualprazolam med h\u00f6g renhet f\u00f6r laboratorier<\/strong> : Varje parti testas noggrant f\u00f6r att s\u00e4kerst\u00e4lla optimal renhet, vilket \u00e4r avg\u00f6rande f\u00f6r <strong>vetenskapliga precisionstill\u00e4mpningar<\/strong>.<\/li>\n<li><strong>Konsekvent och tillf\u00f6rlitlig kvalitet<\/strong> : V\u00e5r Flualprazolam \u00e4r formulerad f\u00f6r stabil och tillf\u00f6rlitlig prestanda, anpassad till behoven hos <strong>analytiska laboratoriestudier<\/strong>.<\/li>\n<li><strong>S\u00e4ker onlinebest\u00e4llning<\/strong> : <strong>Narkotiska pulver<\/strong> erbjuder en f\u00f6renklad process f\u00f6r<strong>k\u00f6pa Flualprazolam online<\/strong>garantera s\u00e4kerhet och efterlevnad f\u00f6r forskningspersonal.<\/li>\n<\/ul>\n<h3>Till\u00e4mpningar och s\u00e4kerhetsinstruktioner<\/h3>\n<p>Le <strong>Flualprazolam f\u00f6r forskning<\/strong> fr\u00e5n <strong>Narkotiska pulver<\/strong> \u00e4r avsedd f\u00f6r <strong>analytiska till\u00e4mpningar och vetenskapliga studier<\/strong>. F\u00f6r att s\u00e4kerst\u00e4lla korrekt anv\u00e4ndning tillhandah\u00e5ller vi s\u00e4kerhetsprotokoll:<\/p>\n<ul>\n<li><strong>S\u00e4ker f\u00f6rvaring<\/strong> F\u00f6rvara Flualprazolam p\u00e5 en sval, torr plats borta fr\u00e5n ljus f\u00f6r att bevara dess kvalitet.<\/li>\n<li><strong>Hantering med f\u00f6rsiktighets\u00e5tg\u00e4rder<\/strong> Anv\u00e4nd personlig skyddsutrustning (PPE) och arbeta i en v\u00e4l ventilerad milj\u00f6.<\/li>\n<li><strong>Anv\u00e4ndningen \u00e4r strikt reserverad f\u00f6r forskning<\/strong> : Denna produkt \u00e4r endast avsedd f\u00f6r kvalificerade forskare och laboratorier som \u00e4r certifierade f\u00f6r <strong>avancerade vetenskapliga studier<\/strong>.<\/li>\n<\/ul>\n<h4>Best\u00e4ll Flualprazolam med h\u00f6g renhet f\u00f6r dina vetenskapliga studier<\/h4>\n<p>Med <strong>Narkotiska pulver<\/strong>du drar nytta av <strong>tillf\u00f6rlitlig leverans av Flualprazolam f\u00f6r laboratorietill\u00e4mpningar<\/strong>. V\u00e5ra h\u00f6ga kvalitets- och s\u00e4kerhetsstandarder inneb\u00e4r att <strong>Narkotiska pulver<\/strong> det perfekta valet f\u00f6r professionella forskare. <strong>Kontakta oss<\/strong> f\u00f6r en offert eller f\u00f6r att f\u00e5 veta mer om v\u00e5rt sortiment av h\u00f6grena produkter f\u00f6r vetenskaplig forskning.<\/p>\n<h4>Hur fungerar flubromazepam?<\/h4>\n<p>Le <a href=\"https:\/\/en.wikipedia.org\/wiki\/Flualprazolam\">flubromazepam<\/a> \u00e4r ett pr\u00f6vningsl\u00e4kemedel som tillh\u00f6r triazolobensodiazepinfamiljen. Det \u00e4r ett derivat av bensodiazepiner.<br \/>\nAktuell forskning fokuserar p\u00e5 strukturella effekter som \u00e4r j\u00e4mf\u00f6rbara med pyrazolam, trots att de \u00e4r s\u00e4llsynta. Det liknar ocks\u00e5 andra bensodiazepiner. Inom bensodiazepinfamiljen klassificeras det som ett depressivt medel i den psykotropa klassen. P\u00e5 grund av ers\u00e4ttningarna av brom och fluor p\u00e5 dess skelett fick forskningskemikalien detta namn.<\/p>\n<p>* Observera att <a href=\"https:\/\/poudresdenarco.com\/sv\/produkt\/flualprazolam\/\">flubromazepam<\/a> f\u00e5r endast anv\u00e4ndas f\u00f6r forsknings\u00e4ndam\u00e5l och f\u00e5r inte konsumeras av m\u00e4nniskor.<\/p>\n<p>Kemisk sammans\u00e4ttning av flubromazepam<br \/>\nFullst\u00e4ndigt namn: C15H10BrFN2O (symbol) iso-flubromazepam, ett bensodiazepinderivat<\/p>\n<p>Molmassa (g\/mol): 333,160<\/p>\n<p>98 % renhet<\/p>\n<p>Anv\u00e4nd l\u00e4mplig personlig skyddsutrustning (skyddsglas\u00f6gon, mask och overall) f\u00f6r att t\u00e4cka utsatta hudomr\u00e5den n\u00e4r du arbetar med flubromazepam.<\/p>\n<p>* Viktig anm\u00e4rkning: F\u00f6r optimal h\u00e5llbarhet, f\u00f6rvara alltid p\u00e5 en sval, torr plats. Denna produkt \u00e4r endast avsedd f\u00f6r r\u00e4ttsmedicinsk anv\u00e4ndning och forskning. Den \u00e4r d\u00e4rf\u00f6r INTE avsedd f\u00f6r in vivo-experiment av n\u00e5got slag p\u00e5 djur eller andra levande varelser, eller f\u00f6r m\u00e4nsklig konsumtion.<\/p>\n<h3>Var kan jag k\u00f6pa den?<\/h3>\n<p>Flubromazepamer med laboratorierenhet finns tillg\u00e4ngliga fr\u00e5n poudresdenarco. Den b\u00e4sta k\u00e4llan att k\u00f6pa forskningskemikalier \u00e4r poudresdenarco. Observera att k\u00f6p av Flubromazepam fr\u00e5n <a href=\"https:\/\/poudresdenarco.com\/sv\/\">poudresdenarco<\/a> kr\u00e4ver att du \u00e4r minst arton \u00e5r gammal. Alla kommersiella forskningskemikalier \u00e4r inte avsedda f\u00f6r konsumtion; snarare ska de endast anv\u00e4ndas i forskning och laboratorieexperiment K\u00f6p Flualprazolam .<\/p>","protected":false},"excerpt":{"rendered":"<p>Acheter du Flualprazolam de Haute Puret\u00e9 pour la Recherche &#8211; Poudres de Narco Poudres de Narco est votre fournisseur de confiance pour le Flualprazolam de qualit\u00e9 recherche, con\u00e7u exclusivement pour des applications scientifiques en laboratoire. Notre Flualprazolam est produit selon des normes rigoureuses de puret\u00e9 et de qualit\u00e9, assurant des r\u00e9sultats fiables pour les chercheurs&hellip;<\/p>","protected":false},"featured_media":6178,"comment_status":"open","ping_status":"closed","template":"","meta":{"_joinchat":[]},"product_cat":[558,751],"product_tag":[],"class_list":{"0":"post-6005","1":"product","2":"type-product","3":"status-publish","4":"has-post-thumbnail","6":"product_cat-chimiques-de-recherche","7":"product_cat-stimulants","9":"first","10":"instock","11":"shipping-taxable","12":"purchasable","13":"product-type-variable","14":"col-xs-6 col-sm-4","15":"col-md-3 col-lg-3","16":"un-4-cols"},"yoast_head":"<!-- This site is optimized with the Yoast SEO plugin v23.8 - https:\/\/yoast.com\/wordpress\/plugins\/seo\/ -->\n<title>Acheter Flualprazolam Pur pour Recherche | Poudres de Narco<\/title>\n<meta name=\"description\" content=\"Flualprazolam de haute puret\u00e9 pour laboratoires. Fournisseur fiable pour applications scientifiques chez Poudres de Narco.\" \/>\n<meta name=\"robots\" content=\"index, follow, max-snippet:-1, max-image-preview:large, max-video-preview:-1\" \/>\n<link rel=\"canonical\" href=\"https:\/\/poudresdenarco.com\/sv\/produkt\/flualprazolam\/\" \/>\n<meta property=\"og:locale\" content=\"sv_SE\" \/>\n<meta property=\"og:type\" content=\"article\" \/>\n<meta property=\"og:title\" content=\"Acheter Flualprazolam Pur pour Recherche | Poudres de Narco\" \/>\n<meta property=\"og:description\" content=\"Flualprazolam de haute puret\u00e9 pour laboratoires. Fournisseur fiable pour applications scientifiques chez Poudres de Narco.\" \/>\n<meta property=\"og:url\" content=\"https:\/\/poudresdenarco.com\/sv\/produkt\/flualprazolam\/\" \/>\n<meta property=\"og:site_name\" content=\"Poudresde Narco\" \/>\n<meta property=\"article:modified_time\" content=\"2024-12-23T09:43:19+00:00\" \/>\n<meta property=\"og:image\" content=\"https:\/\/poudresdenarco.com\/wp-content\/uploads\/2024\/10\/Flualprazolam.gif\" \/>\n\t<meta property=\"og:image:width\" content=\"600\" \/>\n\t<meta property=\"og:image:height\" content=\"600\" \/>\n\t<meta property=\"og:image:type\" content=\"image\/gif\" \/>\n<meta name=\"twitter:card\" content=\"summary_large_image\" \/>\n<meta name=\"twitter:label1\" content=\"Ber\u00e4knad l\u00e4stid\" \/>\n\t<meta name=\"twitter:data1\" content=\"3 minuter\" \/>\n<script type=\"application\/ld+json\" class=\"yoast-schema-graph\">{\"@context\":\"https:\/\/schema.org\",\"@graph\":[{\"@type\":\"WebPage\",\"@id\":\"https:\/\/poudresdenarco.com\/produit\/flualprazolam\/\",\"url\":\"https:\/\/poudresdenarco.com\/produit\/flualprazolam\/\",\"name\":\"Acheter Flualprazolam Pur pour Recherche | Poudres de Narco\",\"isPartOf\":{\"@id\":\"https:\/\/poudresdenarco.com\/#website\"},\"primaryImageOfPage\":{\"@id\":\"https:\/\/poudresdenarco.com\/produit\/flualprazolam\/#primaryimage\"},\"image\":{\"@id\":\"https:\/\/poudresdenarco.com\/produit\/flualprazolam\/#primaryimage\"},\"thumbnailUrl\":\"https:\/\/poudresdenarco.com\/wp-content\/uploads\/2024\/10\/Flualprazolam.gif\",\"datePublished\":\"2024-10-16T11:32:20+00:00\",\"dateModified\":\"2024-12-23T09:43:19+00:00\",\"description\":\"Flualprazolam de haute puret\u00e9 pour laboratoires. Fournisseur fiable pour applications scientifiques chez Poudres de Narco.\",\"breadcrumb\":{\"@id\":\"https:\/\/poudresdenarco.com\/produit\/flualprazolam\/#breadcrumb\"},\"inLanguage\":\"sv-SE\",\"potentialAction\":[{\"@type\":\"ReadAction\",\"target\":[\"https:\/\/poudresdenarco.com\/produit\/flualprazolam\/\"]}]},{\"@type\":\"ImageObject\",\"inLanguage\":\"sv-SE\",\"@id\":\"https:\/\/poudresdenarco.com\/produit\/flualprazolam\/#primaryimage\",\"url\":\"https:\/\/poudresdenarco.com\/wp-content\/uploads\/2024\/10\/Flualprazolam.gif\",\"contentUrl\":\"https:\/\/poudresdenarco.com\/wp-content\/uploads\/2024\/10\/Flualprazolam.gif\",\"width\":600,\"height\":600,\"caption\":\"Flualprazolam\"},{\"@type\":\"BreadcrumbList\",\"@id\":\"https:\/\/poudresdenarco.com\/produit\/flualprazolam\/#breadcrumb\",\"itemListElement\":[{\"@type\":\"ListItem\",\"position\":1,\"name\":\"Home\",\"item\":\"https:\/\/poudresdenarco.com\/\"},{\"@type\":\"ListItem\",\"position\":2,\"name\":\"Boutique\",\"item\":\"https:\/\/poudresdenarco.com\/boutique\/\"},{\"@type\":\"ListItem\",\"position\":3,\"name\":\"Flualprazolam\"}]},{\"@type\":\"WebSite\",\"@id\":\"https:\/\/poudresdenarco.com\/#website\",\"url\":\"https:\/\/poudresdenarco.com\/\",\"name\":\"Poudresde Narco\",\"description\":\"Acheter de la coca\u00efne et de l&#039;h\u00e9ro\u00efne en ligne\",\"potentialAction\":[{\"@type\":\"SearchAction\",\"target\":{\"@type\":\"EntryPoint\",\"urlTemplate\":\"https:\/\/poudresdenarco.com\/?s={search_term_string}\"},\"query-input\":{\"@type\":\"PropertyValueSpecification\",\"valueRequired\":true,\"valueName\":\"search_term_string\"}}],\"inLanguage\":\"sv-SE\"}]}<\/script>\n<!-- \/ Yoast SEO plugin. -->","yoast_head_json":{"title":"Acheter Flualprazolam Pur pour Recherche | Poudres de Narco","description":"Flualprazolam de haute puret\u00e9 pour laboratoires. Fournisseur fiable pour applications scientifiques chez Poudres de Narco.","robots":{"index":"index","follow":"follow","max-snippet":"max-snippet:-1","max-image-preview":"max-image-preview:large","max-video-preview":"max-video-preview:-1"},"canonical":"https:\/\/poudresdenarco.com\/sv\/produkt\/flualprazolam\/","og_locale":"sv_SE","og_type":"article","og_title":"Acheter Flualprazolam Pur pour Recherche | Poudres de Narco","og_description":"Flualprazolam de haute puret\u00e9 pour laboratoires. Fournisseur fiable pour applications scientifiques chez Poudres de Narco.","og_url":"https:\/\/poudresdenarco.com\/sv\/produkt\/flualprazolam\/","og_site_name":"Poudresde Narco","article_modified_time":"2024-12-23T09:43:19+00:00","og_image":[{"width":600,"height":600,"url":"https:\/\/poudresdenarco.com\/wp-content\/uploads\/2024\/10\/Flualprazolam.gif","type":"image\/gif"}],"twitter_card":"summary_large_image","twitter_misc":{"Ber\u00e4knad l\u00e4stid":"3 minuter"},"schema":{"@context":"https:\/\/schema.org","@graph":[{"@type":"WebPage","@id":"https:\/\/poudresdenarco.com\/produit\/flualprazolam\/","url":"https:\/\/poudresdenarco.com\/produit\/flualprazolam\/","name":"Acheter Flualprazolam Pur pour Recherche | Poudres de Narco","isPartOf":{"@id":"https:\/\/poudresdenarco.com\/#website"},"primaryImageOfPage":{"@id":"https:\/\/poudresdenarco.com\/produit\/flualprazolam\/#primaryimage"},"image":{"@id":"https:\/\/poudresdenarco.com\/produit\/flualprazolam\/#primaryimage"},"thumbnailUrl":"https:\/\/poudresdenarco.com\/wp-content\/uploads\/2024\/10\/Flualprazolam.gif","datePublished":"2024-10-16T11:32:20+00:00","dateModified":"2024-12-23T09:43:19+00:00","description":"Flualprazolam de haute puret\u00e9 pour laboratoires. Fournisseur fiable pour applications scientifiques chez Poudres de Narco.","breadcrumb":{"@id":"https:\/\/poudresdenarco.com\/produit\/flualprazolam\/#breadcrumb"},"inLanguage":"sv-SE","potentialAction":[{"@type":"ReadAction","target":["https:\/\/poudresdenarco.com\/produit\/flualprazolam\/"]}]},{"@type":"ImageObject","inLanguage":"sv-SE","@id":"https:\/\/poudresdenarco.com\/produit\/flualprazolam\/#primaryimage","url":"https:\/\/poudresdenarco.com\/wp-content\/uploads\/2024\/10\/Flualprazolam.gif","contentUrl":"https:\/\/poudresdenarco.com\/wp-content\/uploads\/2024\/10\/Flualprazolam.gif","width":600,"height":600,"caption":"Flualprazolam"},{"@type":"BreadcrumbList","@id":"https:\/\/poudresdenarco.com\/produit\/flualprazolam\/#breadcrumb","itemListElement":[{"@type":"ListItem","position":1,"name":"Home","item":"https:\/\/poudresdenarco.com\/"},{"@type":"ListItem","position":2,"name":"Boutique","item":"https:\/\/poudresdenarco.com\/boutique\/"},{"@type":"ListItem","position":3,"name":"Flualprazolam"}]},{"@type":"WebSite","@id":"https:\/\/poudresdenarco.com\/#website","url":"https:\/\/poudresdenarco.com\/","name":"Poudresde Narco","description":"Acheter de la coca\u00efne et de l&#039;h\u00e9ro\u00efne en ligne","potentialAction":[{"@type":"SearchAction","target":{"@type":"EntryPoint","urlTemplate":"https:\/\/poudresdenarco.com\/?s={search_term_string}"},"query-input":{"@type":"PropertyValueSpecification","valueRequired":true,"valueName":"search_term_string"}}],"inLanguage":"sv-SE"}]}},"_links":{"self":[{"href":"https:\/\/poudresdenarco.com\/sv\/wp-json\/wp\/v2\/product\/6005","targetHints":{"allow":["GET"]}}],"collection":[{"href":"https:\/\/poudresdenarco.com\/sv\/wp-json\/wp\/v2\/product"}],"about":[{"href":"https:\/\/poudresdenarco.com\/sv\/wp-json\/wp\/v2\/types\/product"}],"replies":[{"embeddable":true,"href":"https:\/\/poudresdenarco.com\/sv\/wp-json\/wp\/v2\/comments?post=6005"}],"wp:featuredmedia":[{"embeddable":true,"href":"https:\/\/poudresdenarco.com\/sv\/wp-json\/wp\/v2\/media\/6178"}],"wp:attachment":[{"href":"https:\/\/poudresdenarco.com\/sv\/wp-json\/wp\/v2\/media?parent=6005"}],"wp:term":[{"taxonomy":"product_cat","embeddable":true,"href":"https:\/\/poudresdenarco.com\/sv\/wp-json\/wp\/v2\/product_cat?post=6005"},{"taxonomy":"product_tag","embeddable":true,"href":"https:\/\/poudresdenarco.com\/sv\/wp-json\/wp\/v2\/product_tag?post=6005"}],"curies":[{"name":"wp","href":"https:\/\/api.w.org\/{rel}","templated":true}]}}