{"id":6044,"date":"2024-10-16T11:32:31","date_gmt":"2024-10-16T11:32:31","guid":{"rendered":"https:\/\/poudresdenarco.com\/?post_type=product&#038;p=6044"},"modified":"2026-01-23T08:05:46","modified_gmt":"2026-01-23T08:05:46","slug":"mdphp-free-base","status":"publish","type":"product","link":"https:\/\/poudresdenarco.com\/sv\/produkt\/mdphp-free-base\/","title":{"rendered":"Mdphp fri bas"},"content":{"rendered":"<h2>K\u00f6p MDPHP Free-Base online<\/h2>\n<p>K\u00f6p <a href=\"https:\/\/poudresdenarco.com\/sv\/produkt\/mdphp-free-base\/\">MDPHP<\/a> \u00e4r en n\u00e4ra sl\u00e4kting till ett mer k\u00e4nt stimulerande medel, MDPV, som ursprungligen utvecklades av ett tyskt l\u00e4kemedelsf\u00f6retag p\u00e5 1960-talet K\u00f6p MDPHP Free-Bas<a href=\"https:\/\/cokebricks.com\/de\/produkt\/etizolam\/\">.<\/a><\/p>\n<p>\u00c4ven k\u00e4nd som (3\u2032,4\u2032-metylendioxi a-pyrrolidinohexiofenon) eller \"Monkey Dust\", fungerar MDPHP som en noradrenalin- och dopamin\u00e5terupptagsh\u00e4mmare (NDRI) och liknar i sitt hydrokloridtillst\u00e5nd (HCL) ett mycket fint kristallint pulver. En betydande m\u00e4ngd information om MDPHP och dess effekter rapporteras i studier som finns p\u00e5 olika internetforum och vetenskapliga studier, men n\u00e4r det g\u00e4ller dess framtida laglighet och eventuella inf\u00f6rande i opiumlagen \u00e4r det fortfarande oklart. F\u00f6r n\u00e4rvarande \u00e4r det fortfarande lagligt i stora delar av Europa, s\u00e5 p\u00e5 Chemical Planet \u00e4r vi glada att kunna erbjuda MDPHP-pulver av laboratoriekvalitet f\u00f6r forsknings\u00e4ndam\u00e5l. Ytterligare teknisk information listas nedan f\u00f6r ditt n\u00f6je att titta p\u00e5!<\/p>\n<p>IUPAC-namn: 3\u2032,4\u2032-metylendioxy-\u03b1-pyrrolidinohexiofenon<\/p>\n<p>CAS-nummer: 776994-64-0<\/p>\n<p>Form: fri bas<\/p>\n<p>NMR-analys: C17H23NO3<\/p>\n<p>S\u00e4kerhets\u00e5tg\u00e4rder<\/p>\n<p>Det \u00e4r tillr\u00e5dligt att anv\u00e4nda handskar, skyddsglas\u00f6gon och andningsskydd vid hantering av MDPHP-pulver i laboratoriet; det \u00e4r ett fint pulver som l\u00e4tt kan bli luftburet och inandas av misstag.<\/p>\n<p>I h\u00e4ndelse av oavsiktlig exponering \u00e4r det l\u00e4mpligt att visa produktetiketten (som inneh\u00e5ller IUPAC- och CAS-information) f\u00f6r sjukv\u00e5rdspersonal.<\/p>\n<p>Oavsiktlig kontakt med \u00f6gonen ska behandlas omedelbart genom att sk\u00f6lja med rikligt med vatten efter att kontaktlinserna tagits ut.<\/p>\n<h3><strong>K\u00f6p fri bas MDPHP med h\u00f6g renhet f\u00f6r forskning - Narco-pulver<\/strong><\/h3>\n<p><strong>Narkotiska pulver<\/strong> \u00e4r din p\u00e5litliga leverant\u00f6r av <strong>MDPHP Free-Base kvalitetsforskning<\/strong>speciellt utformad f\u00f6r <strong>vetenskapliga laboratorietill\u00e4mpningar<\/strong>. V\u00e5r MDPHP Free-Base produceras enligt strikta renhets- och kvalitetsstandarder, vilket garanterar tillf\u00f6rlitliga resultat f\u00f6r forskare inom kemi och farmakologi, K\u00f6p MDPHP Free-Base.<\/p>\n<h3>Varf\u00f6r v\u00e4lja MDPHP Free-Base de Poudres de Narco?<\/h3>\n<p>Som <strong>leverant\u00f6r av MDPHP Free-Base f\u00f6r forskning<\/strong>, <strong>Narkotiska pulver<\/strong> garanterar rigor\u00f6st testade produkter som uppfyller kraven i <strong>certifierade laboratorier<\/strong> :<\/p>\n<ul>\n<li><strong>Fri bas MDPHP med h\u00f6g renhet f\u00f6r laboratorier<\/strong> : Varje parti testas noggrant f\u00f6r att s\u00e4kerst\u00e4lla optimal renhet, vilket \u00e4r avg\u00f6rande f\u00f6r <strong>vetenskapliga precisionstill\u00e4mpningar<\/strong>.<\/li>\n<li><strong>Konsekvent och tillf\u00f6rlitlig kvalitet<\/strong> : V\u00e5r MDPHP med fri bas \u00e4r formulerad f\u00f6r att ge stabil, tillf\u00f6rlitlig prestanda f\u00f6r <strong>analytiska laboratoriestudier<\/strong>.<\/li>\n<li><strong>S\u00e4ker onlinebest\u00e4llning<\/strong> : <strong>Narkotiska pulver<\/strong> erbjuder en s\u00e4ker och f\u00f6renklad process f\u00f6r<strong>k\u00f6pa MDPHP Free-Base online<\/strong>garantera s\u00e4kerhet och efterlevnad f\u00f6r forskningspersonal.<\/li>\n<\/ul>\n<h3>Till\u00e4mpningar och s\u00e4kerhetsinstruktioner<\/h3>\n<p>Le <strong>MDPHP Free-Base f\u00f6r s\u00f6kning<\/strong> fr\u00e5n <strong>Narkotiska pulver<\/strong> \u00e4r utformad f\u00f6r <strong>analytiska till\u00e4mpningar och vetenskapliga studier<\/strong>. F\u00f6r att s\u00e4kerst\u00e4lla en s\u00e4ker och korrekt anv\u00e4ndning tillhandah\u00e5ller vi detaljerade s\u00e4kerhetsinstruktioner:<\/p>\n<ul>\n<li><strong>S\u00e4ker f\u00f6rvaring<\/strong> F\u00f6rvara MDPHP Free-Base p\u00e5 en sval, torr och ljusskyddad plats f\u00f6r att bevara dess kvalitet.<\/li>\n<li><strong>Hantering med f\u00f6rsiktighets\u00e5tg\u00e4rder<\/strong> Anv\u00e4nd personlig skyddsutrustning (PPE) och arbeta i en v\u00e4l ventilerad milj\u00f6 f\u00f6r att garantera s\u00e4kerheten.<\/li>\n<li><strong>Anv\u00e4ndningen \u00e4r strikt reserverad f\u00f6r forskning<\/strong> Denna produkt \u00e4r endast avsedd f\u00f6r kvalificerade forskare och certifierade laboratorier.<\/li>\n<\/ul>\n<h3>Best\u00e4ll fri-bas MDPHP med h\u00f6g renhet f\u00f6r dina vetenskapliga studier<\/h3>\n<p>Med <strong>Narkotiska pulver<\/strong>dra nytta av <strong>tillf\u00f6rlitlig leverans av MDPHP med fri bas f\u00f6r laboratorietill\u00e4mpningar<\/strong>. V\u00e5ra h\u00f6ga kvalitets- och s\u00e4kerhetsstandarder inneb\u00e4r att <strong>Narkotiska pulver<\/strong> det p\u00e5litliga valet f\u00f6r professionella forskare. <strong>Kontakta oss<\/strong> f\u00f6r en offert eller f\u00f6r att f\u00e5 veta mer om v\u00e5rt sortiment av h\u00f6grena produkter f\u00f6r vetenskaplig forskning.<\/p>\n<hr \/>\n<h3>Var kan jag k\u00f6pa MDPHP?<\/h3>\n<p>Vid <a href=\"https:\/\/poudresdenarco.com\/sv\/\">PulverDenarco<\/a>Vi \u00e4r stolta \u00f6ver att kunna erbjuda MDPHP av h\u00f6gsta kvalitet f\u00f6r laboratoriebruk. PoudresDenarco \u00e4r det f\u00f6rsta alternativet f\u00f6r dem som vill k\u00f6pa forskningskemikalier. Vi testar noggrant alla v\u00e5ra inventarier med GC MS innan vi sl\u00e4pper dem till f\u00f6rs\u00e4ljning.<\/p>\n<p>Observera att du m\u00e5ste vara 18 \u00e5r eller \u00e4ldre f\u00f6r att k\u00f6pa <a href=\"https:\/\/en.wikipedia.org\/wiki\/MDPHP\">MDPHP<\/a> fr\u00e5n PoudresDenarco. Alla forskningskemikalier som s\u00e4ljs \u00e4r endast avsedda f\u00f6r anv\u00e4ndning i laboratorieforskning och \u00e4r absolut inte avsedda f\u00f6r m\u00e4nsklig konsumtion.<\/p>\n<h3>\u00c4r MDPHP lagligt?<\/h3>\n<p>N\u00e4r det g\u00e4ller MDPHP:s laglighet rekommenderar vi starkt att du h\u00e4nvisar till l\u00e4mplig lagstiftning i det land d\u00e4r du \u00e4r bosatt\/leveransadress.<\/p>\n<p>Vi g\u00f6r allt vi kan f\u00f6r att minimera risken f\u00f6r v\u00e5ra kunder genom v\u00e5ra aktiva fraktrestriktioner.<\/p>\n<p>Lagstiftningen f\u00f6r\u00e4ndras dock st\u00e4ndigt \u00f6ver hela v\u00e4rlden och PoudresDenarco kan inte ta ansvar f\u00f6r eventuella komplikationer. I slut\u00e4ndan \u00e4r det k\u00f6parens ansvar att se till att produkten inte strider mot n\u00e5gra lagar eller lagstiftning p\u00e5 destinationsorten f\u00f6r f\u00f6rs\u00e4ndelsen K\u00f6p MDPHP Free-Bas.<\/p>","protected":false},"excerpt":{"rendered":"<p>Acheter MDPHP Free-Base en ligne Acheter MDPHP est un proche parent d&rsquo;un stimulant plus connu, le MDPV, qui a \u00e9t\u00e9 d\u00e9velopp\u00e9 \u00e0 l&rsquo;origine par une soci\u00e9t\u00e9 pharmaceutique allemande dans les ann\u00e9es 1960 Acheter MDPHP Free-Bas. \u00c9galement connu sous le nom de (3&prime;,4&prime;-m\u00e9thyl\u00e8nedioxy-\u03b1-pyrrolidinohexioph\u00e9none) ou \u00ab Monkey Dust \u00bb, le MDPHP agit comme un inhibiteur de la&hellip;<\/p>","protected":false},"featured_media":6195,"comment_status":"open","ping_status":"closed","template":"","meta":{"_joinchat":[]},"product_cat":[558],"product_tag":[],"class_list":{"0":"post-6044","1":"product","2":"type-product","3":"status-publish","4":"has-post-thumbnail","6":"product_cat-chimiques-de-recherche","8":"first","9":"instock","10":"shipping-taxable","11":"purchasable","12":"product-type-variable","13":"col-xs-6 col-sm-4","14":"col-md-3 col-lg-3","15":"un-4-cols"},"yoast_head":"<!-- This site is optimized with the Yoast SEO plugin v23.8 - https:\/\/yoast.com\/wordpress\/plugins\/seo\/ -->\n<title>Acheter MDPHP Free-Base | Poudres de Narco<\/title>\n<meta name=\"description\" content=\"Fournisseur de MDPHP Free-Base pour applications scientifiques en laboratoire. Puret\u00e9 et s\u00e9curit\u00e9 garanties pour recherches avanc\u00e9es chez Poudres de Narco. Acheter MDPHP Free-Bas\" \/>\n<meta name=\"robots\" content=\"index, follow, max-snippet:-1, max-image-preview:large, max-video-preview:-1\" \/>\n<link rel=\"canonical\" href=\"https:\/\/poudresdenarco.com\/sv\/produkt\/mdphp-free-base\/\" \/>\n<meta property=\"og:locale\" content=\"sv_SE\" \/>\n<meta property=\"og:type\" content=\"article\" \/>\n<meta property=\"og:title\" content=\"Acheter MDPHP Free-Base | Poudres de Narco\" \/>\n<meta property=\"og:description\" content=\"Fournisseur de MDPHP Free-Base pour applications scientifiques en laboratoire. Puret\u00e9 et s\u00e9curit\u00e9 garanties pour recherches avanc\u00e9es chez Poudres de Narco. Acheter MDPHP Free-Bas\" \/>\n<meta property=\"og:url\" content=\"https:\/\/poudresdenarco.com\/sv\/produkt\/mdphp-free-base\/\" \/>\n<meta property=\"og:site_name\" content=\"Poudresde Narco\" \/>\n<meta property=\"article:modified_time\" content=\"2026-01-23T08:05:46+00:00\" \/>\n<meta property=\"og:image\" content=\"https:\/\/poudresdenarco.com\/wp-content\/uploads\/2024\/10\/Mdphp-free-base.gif\" \/>\n\t<meta property=\"og:image:width\" content=\"600\" \/>\n\t<meta property=\"og:image:height\" content=\"600\" \/>\n\t<meta property=\"og:image:type\" content=\"image\/gif\" \/>\n<meta name=\"twitter:card\" content=\"summary_large_image\" \/>\n<meta name=\"twitter:label1\" content=\"Ber\u00e4knad l\u00e4stid\" \/>\n\t<meta name=\"twitter:data1\" content=\"4 minuter\" \/>\n<script type=\"application\/ld+json\" class=\"yoast-schema-graph\">{\"@context\":\"https:\/\/schema.org\",\"@graph\":[{\"@type\":\"WebPage\",\"@id\":\"https:\/\/poudresdenarco.com\/produit\/mdphp-free-base\/\",\"url\":\"https:\/\/poudresdenarco.com\/produit\/mdphp-free-base\/\",\"name\":\"Acheter MDPHP Free-Base | Poudres de Narco\",\"isPartOf\":{\"@id\":\"https:\/\/poudresdenarco.com\/#website\"},\"primaryImageOfPage\":{\"@id\":\"https:\/\/poudresdenarco.com\/produit\/mdphp-free-base\/#primaryimage\"},\"image\":{\"@id\":\"https:\/\/poudresdenarco.com\/produit\/mdphp-free-base\/#primaryimage\"},\"thumbnailUrl\":\"https:\/\/poudresdenarco.com\/wp-content\/uploads\/2024\/10\/Mdphp-free-base.gif\",\"datePublished\":\"2024-10-16T11:32:31+00:00\",\"dateModified\":\"2026-01-23T08:05:46+00:00\",\"description\":\"Fournisseur de MDPHP Free-Base pour applications scientifiques en laboratoire. Puret\u00e9 et s\u00e9curit\u00e9 garanties pour recherches avanc\u00e9es chez Poudres de Narco. Acheter MDPHP Free-Bas\",\"breadcrumb\":{\"@id\":\"https:\/\/poudresdenarco.com\/produit\/mdphp-free-base\/#breadcrumb\"},\"inLanguage\":\"sv-SE\",\"potentialAction\":[{\"@type\":\"ReadAction\",\"target\":[\"https:\/\/poudresdenarco.com\/produit\/mdphp-free-base\/\"]}]},{\"@type\":\"ImageObject\",\"inLanguage\":\"sv-SE\",\"@id\":\"https:\/\/poudresdenarco.com\/produit\/mdphp-free-base\/#primaryimage\",\"url\":\"https:\/\/poudresdenarco.com\/wp-content\/uploads\/2024\/10\/Mdphp-free-base.gif\",\"contentUrl\":\"https:\/\/poudresdenarco.com\/wp-content\/uploads\/2024\/10\/Mdphp-free-base.gif\",\"width\":600,\"height\":600,\"caption\":\"Mdphp-free-base\"},{\"@type\":\"BreadcrumbList\",\"@id\":\"https:\/\/poudresdenarco.com\/produit\/mdphp-free-base\/#breadcrumb\",\"itemListElement\":[{\"@type\":\"ListItem\",\"position\":1,\"name\":\"Home\",\"item\":\"https:\/\/poudresdenarco.com\/\"},{\"@type\":\"ListItem\",\"position\":2,\"name\":\"Boutique\",\"item\":\"https:\/\/poudresdenarco.com\/boutique\/\"},{\"@type\":\"ListItem\",\"position\":3,\"name\":\"Mdphp free-base\"}]},{\"@type\":\"WebSite\",\"@id\":\"https:\/\/poudresdenarco.com\/#website\",\"url\":\"https:\/\/poudresdenarco.com\/\",\"name\":\"Poudresde Narco\",\"description\":\"Acheter de la coca\u00efne et de l&#039;h\u00e9ro\u00efne en ligne\",\"potentialAction\":[{\"@type\":\"SearchAction\",\"target\":{\"@type\":\"EntryPoint\",\"urlTemplate\":\"https:\/\/poudresdenarco.com\/?s={search_term_string}\"},\"query-input\":{\"@type\":\"PropertyValueSpecification\",\"valueRequired\":true,\"valueName\":\"search_term_string\"}}],\"inLanguage\":\"sv-SE\"}]}<\/script>\n<!-- \/ Yoast SEO plugin. -->","yoast_head_json":{"title":"Acheter MDPHP Free-Base | Poudres de Narco","description":"Fournisseur de MDPHP Free-Base pour applications scientifiques en laboratoire. Puret\u00e9 et s\u00e9curit\u00e9 garanties pour recherches avanc\u00e9es chez Poudres de Narco. Acheter MDPHP Free-Bas","robots":{"index":"index","follow":"follow","max-snippet":"max-snippet:-1","max-image-preview":"max-image-preview:large","max-video-preview":"max-video-preview:-1"},"canonical":"https:\/\/poudresdenarco.com\/sv\/produkt\/mdphp-free-base\/","og_locale":"sv_SE","og_type":"article","og_title":"Acheter MDPHP Free-Base | Poudres de Narco","og_description":"Fournisseur de MDPHP Free-Base pour applications scientifiques en laboratoire. Puret\u00e9 et s\u00e9curit\u00e9 garanties pour recherches avanc\u00e9es chez Poudres de Narco. Acheter MDPHP Free-Bas","og_url":"https:\/\/poudresdenarco.com\/sv\/produkt\/mdphp-free-base\/","og_site_name":"Poudresde Narco","article_modified_time":"2026-01-23T08:05:46+00:00","og_image":[{"width":600,"height":600,"url":"https:\/\/poudresdenarco.com\/wp-content\/uploads\/2024\/10\/Mdphp-free-base.gif","type":"image\/gif"}],"twitter_card":"summary_large_image","twitter_misc":{"Ber\u00e4knad l\u00e4stid":"4 minuter"},"schema":{"@context":"https:\/\/schema.org","@graph":[{"@type":"WebPage","@id":"https:\/\/poudresdenarco.com\/produit\/mdphp-free-base\/","url":"https:\/\/poudresdenarco.com\/produit\/mdphp-free-base\/","name":"Acheter MDPHP Free-Base | Poudres de Narco","isPartOf":{"@id":"https:\/\/poudresdenarco.com\/#website"},"primaryImageOfPage":{"@id":"https:\/\/poudresdenarco.com\/produit\/mdphp-free-base\/#primaryimage"},"image":{"@id":"https:\/\/poudresdenarco.com\/produit\/mdphp-free-base\/#primaryimage"},"thumbnailUrl":"https:\/\/poudresdenarco.com\/wp-content\/uploads\/2024\/10\/Mdphp-free-base.gif","datePublished":"2024-10-16T11:32:31+00:00","dateModified":"2026-01-23T08:05:46+00:00","description":"Fournisseur de MDPHP Free-Base pour applications scientifiques en laboratoire. Puret\u00e9 et s\u00e9curit\u00e9 garanties pour recherches avanc\u00e9es chez Poudres de Narco. Acheter MDPHP Free-Bas","breadcrumb":{"@id":"https:\/\/poudresdenarco.com\/produit\/mdphp-free-base\/#breadcrumb"},"inLanguage":"sv-SE","potentialAction":[{"@type":"ReadAction","target":["https:\/\/poudresdenarco.com\/produit\/mdphp-free-base\/"]}]},{"@type":"ImageObject","inLanguage":"sv-SE","@id":"https:\/\/poudresdenarco.com\/produit\/mdphp-free-base\/#primaryimage","url":"https:\/\/poudresdenarco.com\/wp-content\/uploads\/2024\/10\/Mdphp-free-base.gif","contentUrl":"https:\/\/poudresdenarco.com\/wp-content\/uploads\/2024\/10\/Mdphp-free-base.gif","width":600,"height":600,"caption":"Mdphp-free-base"},{"@type":"BreadcrumbList","@id":"https:\/\/poudresdenarco.com\/produit\/mdphp-free-base\/#breadcrumb","itemListElement":[{"@type":"ListItem","position":1,"name":"Home","item":"https:\/\/poudresdenarco.com\/"},{"@type":"ListItem","position":2,"name":"Boutique","item":"https:\/\/poudresdenarco.com\/boutique\/"},{"@type":"ListItem","position":3,"name":"Mdphp free-base"}]},{"@type":"WebSite","@id":"https:\/\/poudresdenarco.com\/#website","url":"https:\/\/poudresdenarco.com\/","name":"Poudresde Narco","description":"Acheter de la coca\u00efne et de l&#039;h\u00e9ro\u00efne en ligne","potentialAction":[{"@type":"SearchAction","target":{"@type":"EntryPoint","urlTemplate":"https:\/\/poudresdenarco.com\/?s={search_term_string}"},"query-input":{"@type":"PropertyValueSpecification","valueRequired":true,"valueName":"search_term_string"}}],"inLanguage":"sv-SE"}]}},"_links":{"self":[{"href":"https:\/\/poudresdenarco.com\/sv\/wp-json\/wp\/v2\/product\/6044","targetHints":{"allow":["GET"]}}],"collection":[{"href":"https:\/\/poudresdenarco.com\/sv\/wp-json\/wp\/v2\/product"}],"about":[{"href":"https:\/\/poudresdenarco.com\/sv\/wp-json\/wp\/v2\/types\/product"}],"replies":[{"embeddable":true,"href":"https:\/\/poudresdenarco.com\/sv\/wp-json\/wp\/v2\/comments?post=6044"}],"wp:featuredmedia":[{"embeddable":true,"href":"https:\/\/poudresdenarco.com\/sv\/wp-json\/wp\/v2\/media\/6195"}],"wp:attachment":[{"href":"https:\/\/poudresdenarco.com\/sv\/wp-json\/wp\/v2\/media?parent=6044"}],"wp:term":[{"taxonomy":"product_cat","embeddable":true,"href":"https:\/\/poudresdenarco.com\/sv\/wp-json\/wp\/v2\/product_cat?post=6044"},{"taxonomy":"product_tag","embeddable":true,"href":"https:\/\/poudresdenarco.com\/sv\/wp-json\/wp\/v2\/product_tag?post=6044"}],"curies":[{"name":"wp","href":"https:\/\/api.w.org\/{rel}","templated":true}]}}