{"id":6088,"date":"2024-10-16T11:32:47","date_gmt":"2024-10-16T11:32:47","guid":{"rendered":"https:\/\/poudresdenarco.com\/?post_type=product&#038;p=6088"},"modified":"2025-06-10T07:21:27","modified_gmt":"2025-06-10T07:21:27","slug":"7-abf","status":"publish","type":"product","link":"https:\/\/poudresdenarco.com\/sv\/produkt\/7-abf\/","title":{"rendered":"7-ABF"},"content":{"rendered":"<h2>K\u00f6p 7-ABF online<\/h2>\n<p>Vi \u00e4r glada att kunna presentera v\u00e5r ledande forskningskemikalie, 7-ABF.<\/p>\n<p>Le <a href=\"https:\/\/poudresdenarco.com\/sv\/produkt\/7-abf\/\">7-ABF<\/a> \u00e4r en unik f\u00f6rening som har uppm\u00e4rksammats av forskare f\u00f6r sina potentiella till\u00e4mpningar i vetenskapliga studier. Den tillh\u00f6r en specialiserad klass av forskningskemikalier och erbjuder sp\u00e4nnande m\u00f6jligheter f\u00f6r en m\u00e4ngd olika forsknings\u00e4ndam\u00e5l.<\/p>\n<p>V\u00e5r 7-ABF \u00e4r noggrant syntetiserad f\u00f6r att s\u00e4kerst\u00e4lla exceptionell renhet och kvalitet. Denna forskningskemikalie ger forskare en p\u00e5litlig och konsekvent k\u00e4lla f\u00f6r sina experiment och unders\u00f6kningar.<\/p>\n<p>Forskarna rapporterade att 7-ABF kan ha intressanta egenskaper, vilket potentiellt kan p\u00e5verka vissa biologiska processer och v\u00e4gar. Det \u00e4r dock viktigt att notera att denna produkt \u00e4r strikt avsedd f\u00f6r forsknings\u00e4ndam\u00e5l och inte f\u00e5r anv\u00e4ndas f\u00f6r konsumtion.<\/p>\n<p>P\u00e5 PoudresDenarco \u00e4r kundn\u00f6jdhet och s\u00e4kerhet v\u00e5ra h\u00f6gsta prioriteringar. Vi erbjuder diskret leverans \u00f6ver hela v\u00e4rlden f\u00f6r att skydda din integritet och komfort. V\u00e5ra produkter genomg\u00e5r rigor\u00f6sa tester f\u00f6r att s\u00e4kerst\u00e4lla att de uppfyller de h\u00f6gsta standarderna f\u00f6r kvalitet och \u00e4kthet.<\/p>\n<p>Kom ih\u00e5g att hantera alla forskningskemikalier p\u00e5 ett ansvarsfullt s\u00e4tt och i enlighet med lokala f\u00f6reskrifter och riktlinjer. Tillr\u00e4cklig laboratorieutrustning och expertis \u00e4r avg\u00f6rande n\u00e4r du arbetar med <a href=\"https:\/\/en.wikipedia.org\/wiki\/ABF_Freight_System\">7-ABF<\/a>.<\/p>\n<p>Frig\u00f6r potentialen i din forskning med 7-ABF fr\u00e5n <a href=\"https:\/\/poudresdenarco.com\/sv\/\">PulverDenarco<\/a>. Best\u00e4ll nu och p\u00e5b\u00f6rja din vetenskapliga resa med fullt f\u00f6rtroende!<\/p>\n<h3><strong>K\u00f6p 7-ABF med h\u00f6g renhet f\u00f6r forskning - Narco Powders<\/strong><\/h3>\n<p><strong>Narkotiska pulver<\/strong> \u00e4r din p\u00e5litliga k\u00e4lla f\u00f6r <strong>7-ABF forskningskvalitet<\/strong>utformad exklusivt f\u00f6r <strong>vetenskapliga laboratorietill\u00e4mpningar<\/strong>. V\u00e5r 7-ABF produceras enligt strikta renhets- och kvalitetsstandarder, vilket s\u00e4kerst\u00e4ller tillf\u00f6rlitliga resultat f\u00f6r forskare inom kemi och farmakologi.<\/p>\n<h3>Varf\u00f6r k\u00f6pa 7-ABF fr\u00e5n Poudres de Narco?<\/h3>\n<p>Som <strong>p\u00e5litlig leverant\u00f6r av 7-ABF<\/strong>, <strong>Narkotiska pulver<\/strong> har \u00e5tagit sig att erbjuda h\u00f6gkvalitativa produkter som \u00e4r skr\u00e4ddarsydda f\u00f6r behoven hos <strong>certifierade laboratorier<\/strong> :<\/p>\n<ul>\n<li><strong>7-ABF H\u00f6g renhet f\u00f6r laboratorier<\/strong> Varje batch testas noggrant f\u00f6r att garantera optimal renhet, vilket \u00e4r avg\u00f6rande f\u00f6r specifika vetenskapliga till\u00e4mpningar.<\/li>\n<li><strong>Konsekvent och tillf\u00f6rlitlig kvalitet<\/strong> : V\u00e5r 7-ABF \u00e4r formulerad f\u00f6r stabil prestanda, anpassad till <strong>analytiska laboratoriestudier<\/strong>.<\/li>\n<li><strong>S\u00e4ker onlinebest\u00e4llning<\/strong> : <strong>Narkotiska pulver<\/strong> g\u00f6r det l\u00e4ttare att<strong>k\u00f6pa 7-ABF online<\/strong> med en s\u00e4ker best\u00e4llningsprocess som uppfyller kraven f\u00f6r professionell forskning.<\/li>\n<\/ul>\n<h3>Till\u00e4mpningar och s\u00e4kerhetsinstruktioner<\/h3>\n<p>Le <strong>7-ABF f\u00f6r forskning<\/strong> fr\u00e5n <strong>Narkotiska pulver<\/strong> \u00e4r avsedd f\u00f6r <strong>analytiska till\u00e4mpningar och vetenskapliga studier<\/strong>. Vi tillhandah\u00e5ller s\u00e4kerhetsprotokoll f\u00f6r att s\u00e4kerst\u00e4lla korrekt anv\u00e4ndning :<\/p>\n<ul>\n<li><strong>S\u00e4ker f\u00f6rvaring<\/strong> F\u00f6rvara 7-ABF p\u00e5 en sval, torr och ljusskyddad plats.<\/li>\n<li><strong>Hantering med f\u00f6rsiktighets\u00e5tg\u00e4rder<\/strong> Anv\u00e4nd personlig skyddsutrustning (PPE) och arbeta i en v\u00e4l ventilerad milj\u00f6.<\/li>\n<li><strong>Anv\u00e4ndningen \u00e4r strikt reserverad f\u00f6r forskning<\/strong> Denna produkt \u00e4r endast avsedd f\u00f6r kvalificerade forskare och certifierade laboratorier.<\/li>\n<\/ul>\n<h3>Best\u00e4ll 7-ABF med h\u00f6g renhet f\u00f6r dina vetenskapliga studier<\/h3>\n<p>Med <strong>Narkotiska pulver<\/strong>du drar nytta av <strong>tillf\u00f6rlitlig leverans av 7-ABF f\u00f6r laboratorietill\u00e4mpningar<\/strong>. <strong>Kontakta oss<\/strong> f\u00f6r en offert eller f\u00f6r att f\u00e5 veta mer om v\u00e5rt sortiment av produkter f\u00f6r vetenskaplig forskning.<\/p>","protected":false},"excerpt":{"rendered":"<p>Acheter 7-ABF en ligne Nous sommes ravis de vous pr\u00e9senter notre produit chimique de recherche de pointe, le 7-ABF. Le 7-ABF est un compos\u00e9 unique qui a attir\u00e9 l&rsquo;attention des chercheurs pour ses applications potentielles dans les \u00e9tudes scientifiques. Il appartient \u00e0 une classe sp\u00e9cialis\u00e9e de produits chimiques de recherche et offre des possibilit\u00e9s intrigantes&hellip;<\/p>","protected":false},"featured_media":6210,"comment_status":"open","ping_status":"closed","template":"","meta":{"_joinchat":[]},"product_cat":[558],"product_tag":[],"class_list":{"0":"post-6088","1":"product","2":"type-product","3":"status-publish","4":"has-post-thumbnail","6":"product_cat-chimiques-de-recherche","8":"first","9":"instock","10":"shipping-taxable","11":"purchasable","12":"product-type-variable","13":"col-xs-6 col-sm-4","14":"col-md-3 col-lg-3","15":"un-4-cols"},"yoast_head":"<!-- This site is optimized with the Yoast SEO plugin v23.8 - https:\/\/yoast.com\/wordpress\/plugins\/seo\/ -->\n<title>&quot;Acheter 7-ABF pour de Recherche | Poudres de Narco&quot;<\/title>\n<meta name=\"description\" content=\"Fournisseur de 7-ABF pour applications scientifiques en laboratoire. Puret\u00e9 et s\u00e9curit\u00e9 garanties pour recherches chez Poudres de Narco.\" \/>\n<meta name=\"robots\" content=\"index, follow, max-snippet:-1, max-image-preview:large, max-video-preview:-1\" \/>\n<link rel=\"canonical\" href=\"https:\/\/poudresdenarco.com\/sv\/produkt\/7-abf\/\" \/>\n<meta property=\"og:locale\" content=\"sv_SE\" \/>\n<meta property=\"og:type\" content=\"article\" \/>\n<meta property=\"og:title\" content=\"&quot;Acheter 7-ABF pour de Recherche | Poudres de Narco&quot;\" \/>\n<meta property=\"og:description\" content=\"Fournisseur de 7-ABF pour applications scientifiques en laboratoire. Puret\u00e9 et s\u00e9curit\u00e9 garanties pour recherches chez Poudres de Narco.\" \/>\n<meta property=\"og:url\" content=\"https:\/\/poudresdenarco.com\/sv\/produkt\/7-abf\/\" \/>\n<meta property=\"og:site_name\" content=\"Poudresde Narco\" \/>\n<meta property=\"article:modified_time\" content=\"2025-06-10T07:21:27+00:00\" \/>\n<meta property=\"og:image\" content=\"https:\/\/poudresdenarco.com\/wp-content\/uploads\/2024\/10\/7-ABF.gif\" \/>\n\t<meta property=\"og:image:width\" content=\"600\" \/>\n\t<meta property=\"og:image:height\" content=\"600\" \/>\n\t<meta property=\"og:image:type\" content=\"image\/gif\" \/>\n<meta name=\"twitter:card\" content=\"summary_large_image\" \/>\n<meta name=\"twitter:label1\" content=\"Ber\u00e4knad l\u00e4stid\" \/>\n\t<meta name=\"twitter:data1\" content=\"3 minuter\" \/>\n<script type=\"application\/ld+json\" class=\"yoast-schema-graph\">{\"@context\":\"https:\/\/schema.org\",\"@graph\":[{\"@type\":\"WebPage\",\"@id\":\"https:\/\/poudresdenarco.com\/produit\/7-abf\/\",\"url\":\"https:\/\/poudresdenarco.com\/produit\/7-abf\/\",\"name\":\"\\\"Acheter 7-ABF pour de Recherche | Poudres de Narco\\\"\",\"isPartOf\":{\"@id\":\"https:\/\/poudresdenarco.com\/#website\"},\"primaryImageOfPage\":{\"@id\":\"https:\/\/poudresdenarco.com\/produit\/7-abf\/#primaryimage\"},\"image\":{\"@id\":\"https:\/\/poudresdenarco.com\/produit\/7-abf\/#primaryimage\"},\"thumbnailUrl\":\"https:\/\/poudresdenarco.com\/wp-content\/uploads\/2024\/10\/7-ABF.gif\",\"datePublished\":\"2024-10-16T11:32:47+00:00\",\"dateModified\":\"2025-06-10T07:21:27+00:00\",\"description\":\"Fournisseur de 7-ABF pour applications scientifiques en laboratoire. Puret\u00e9 et s\u00e9curit\u00e9 garanties pour recherches chez Poudres de Narco.\",\"breadcrumb\":{\"@id\":\"https:\/\/poudresdenarco.com\/produit\/7-abf\/#breadcrumb\"},\"inLanguage\":\"sv-SE\",\"potentialAction\":[{\"@type\":\"ReadAction\",\"target\":[\"https:\/\/poudresdenarco.com\/produit\/7-abf\/\"]}]},{\"@type\":\"ImageObject\",\"inLanguage\":\"sv-SE\",\"@id\":\"https:\/\/poudresdenarco.com\/produit\/7-abf\/#primaryimage\",\"url\":\"https:\/\/poudresdenarco.com\/wp-content\/uploads\/2024\/10\/7-ABF.gif\",\"contentUrl\":\"https:\/\/poudresdenarco.com\/wp-content\/uploads\/2024\/10\/7-ABF.gif\",\"width\":600,\"height\":600,\"caption\":\"7-ABF\"},{\"@type\":\"BreadcrumbList\",\"@id\":\"https:\/\/poudresdenarco.com\/produit\/7-abf\/#breadcrumb\",\"itemListElement\":[{\"@type\":\"ListItem\",\"position\":1,\"name\":\"Home\",\"item\":\"https:\/\/poudresdenarco.com\/\"},{\"@type\":\"ListItem\",\"position\":2,\"name\":\"Boutique\",\"item\":\"https:\/\/poudresdenarco.com\/boutique\/\"},{\"@type\":\"ListItem\",\"position\":3,\"name\":\"7-ABF\"}]},{\"@type\":\"WebSite\",\"@id\":\"https:\/\/poudresdenarco.com\/#website\",\"url\":\"https:\/\/poudresdenarco.com\/\",\"name\":\"Poudresde Narco\",\"description\":\"Acheter de la coca\u00efne et de l&#039;h\u00e9ro\u00efne en ligne\",\"potentialAction\":[{\"@type\":\"SearchAction\",\"target\":{\"@type\":\"EntryPoint\",\"urlTemplate\":\"https:\/\/poudresdenarco.com\/?s={search_term_string}\"},\"query-input\":{\"@type\":\"PropertyValueSpecification\",\"valueRequired\":true,\"valueName\":\"search_term_string\"}}],\"inLanguage\":\"sv-SE\"}]}<\/script>\n<!-- \/ Yoast SEO plugin. -->","yoast_head_json":{"title":"\"Acheter 7-ABF pour de Recherche | Poudres de Narco\"","description":"Fournisseur de 7-ABF pour applications scientifiques en laboratoire. Puret\u00e9 et s\u00e9curit\u00e9 garanties pour recherches chez Poudres de Narco.","robots":{"index":"index","follow":"follow","max-snippet":"max-snippet:-1","max-image-preview":"max-image-preview:large","max-video-preview":"max-video-preview:-1"},"canonical":"https:\/\/poudresdenarco.com\/sv\/produkt\/7-abf\/","og_locale":"sv_SE","og_type":"article","og_title":"\"Acheter 7-ABF pour de Recherche | Poudres de Narco\"","og_description":"Fournisseur de 7-ABF pour applications scientifiques en laboratoire. Puret\u00e9 et s\u00e9curit\u00e9 garanties pour recherches chez Poudres de Narco.","og_url":"https:\/\/poudresdenarco.com\/sv\/produkt\/7-abf\/","og_site_name":"Poudresde Narco","article_modified_time":"2025-06-10T07:21:27+00:00","og_image":[{"width":600,"height":600,"url":"https:\/\/poudresdenarco.com\/wp-content\/uploads\/2024\/10\/7-ABF.gif","type":"image\/gif"}],"twitter_card":"summary_large_image","twitter_misc":{"Ber\u00e4knad l\u00e4stid":"3 minuter"},"schema":{"@context":"https:\/\/schema.org","@graph":[{"@type":"WebPage","@id":"https:\/\/poudresdenarco.com\/produit\/7-abf\/","url":"https:\/\/poudresdenarco.com\/produit\/7-abf\/","name":"\"Acheter 7-ABF pour de Recherche | Poudres de Narco\"","isPartOf":{"@id":"https:\/\/poudresdenarco.com\/#website"},"primaryImageOfPage":{"@id":"https:\/\/poudresdenarco.com\/produit\/7-abf\/#primaryimage"},"image":{"@id":"https:\/\/poudresdenarco.com\/produit\/7-abf\/#primaryimage"},"thumbnailUrl":"https:\/\/poudresdenarco.com\/wp-content\/uploads\/2024\/10\/7-ABF.gif","datePublished":"2024-10-16T11:32:47+00:00","dateModified":"2025-06-10T07:21:27+00:00","description":"Fournisseur de 7-ABF pour applications scientifiques en laboratoire. Puret\u00e9 et s\u00e9curit\u00e9 garanties pour recherches chez Poudres de Narco.","breadcrumb":{"@id":"https:\/\/poudresdenarco.com\/produit\/7-abf\/#breadcrumb"},"inLanguage":"sv-SE","potentialAction":[{"@type":"ReadAction","target":["https:\/\/poudresdenarco.com\/produit\/7-abf\/"]}]},{"@type":"ImageObject","inLanguage":"sv-SE","@id":"https:\/\/poudresdenarco.com\/produit\/7-abf\/#primaryimage","url":"https:\/\/poudresdenarco.com\/wp-content\/uploads\/2024\/10\/7-ABF.gif","contentUrl":"https:\/\/poudresdenarco.com\/wp-content\/uploads\/2024\/10\/7-ABF.gif","width":600,"height":600,"caption":"7-ABF"},{"@type":"BreadcrumbList","@id":"https:\/\/poudresdenarco.com\/produit\/7-abf\/#breadcrumb","itemListElement":[{"@type":"ListItem","position":1,"name":"Home","item":"https:\/\/poudresdenarco.com\/"},{"@type":"ListItem","position":2,"name":"Boutique","item":"https:\/\/poudresdenarco.com\/boutique\/"},{"@type":"ListItem","position":3,"name":"7-ABF"}]},{"@type":"WebSite","@id":"https:\/\/poudresdenarco.com\/#website","url":"https:\/\/poudresdenarco.com\/","name":"Poudresde Narco","description":"Acheter de la coca\u00efne et de l&#039;h\u00e9ro\u00efne en ligne","potentialAction":[{"@type":"SearchAction","target":{"@type":"EntryPoint","urlTemplate":"https:\/\/poudresdenarco.com\/?s={search_term_string}"},"query-input":{"@type":"PropertyValueSpecification","valueRequired":true,"valueName":"search_term_string"}}],"inLanguage":"sv-SE"}]}},"_links":{"self":[{"href":"https:\/\/poudresdenarco.com\/sv\/wp-json\/wp\/v2\/product\/6088","targetHints":{"allow":["GET"]}}],"collection":[{"href":"https:\/\/poudresdenarco.com\/sv\/wp-json\/wp\/v2\/product"}],"about":[{"href":"https:\/\/poudresdenarco.com\/sv\/wp-json\/wp\/v2\/types\/product"}],"replies":[{"embeddable":true,"href":"https:\/\/poudresdenarco.com\/sv\/wp-json\/wp\/v2\/comments?post=6088"}],"wp:featuredmedia":[{"embeddable":true,"href":"https:\/\/poudresdenarco.com\/sv\/wp-json\/wp\/v2\/media\/6210"}],"wp:attachment":[{"href":"https:\/\/poudresdenarco.com\/sv\/wp-json\/wp\/v2\/media?parent=6088"}],"wp:term":[{"taxonomy":"product_cat","embeddable":true,"href":"https:\/\/poudresdenarco.com\/sv\/wp-json\/wp\/v2\/product_cat?post=6088"},{"taxonomy":"product_tag","embeddable":true,"href":"https:\/\/poudresdenarco.com\/sv\/wp-json\/wp\/v2\/product_tag?post=6088"}],"curies":[{"name":"wp","href":"https:\/\/api.w.org\/{rel}","templated":true}]}}