{"id":6089,"date":"2024-10-16T11:32:47","date_gmt":"2024-10-16T11:32:47","guid":{"rendered":"https:\/\/poudresdenarco.com\/?post_type=product&#038;p=6089"},"modified":"2025-05-27T08:47:38","modified_gmt":"2025-05-27T08:47:38","slug":"5-meo-mipt","status":"publish","type":"product","link":"https:\/\/poudresdenarco.com\/sv\/produkt\/5-meo-mipt\/","title":{"rendered":"5-MEO-MIPT"},"content":{"rendered":"<h2>5-MeO-MiPT<\/h2>\n<p>Vous pouvez acheter des granul\u00e9s de <a href=\"https:\/\/poudresdenarco.com\/sv\/produkt\/5-meo-mipt\/\">5-MeO-MiPT 10 mg<\/a> en ligne.<br \/>\nMoins connu que le 5-MeO-MiPT et le Moxy, le 5-m\u00e9thoxy-N-m\u00e9thyl-N-isopropyltryptamine est une tryptamine psych\u00e9d\u00e9lique. Chimiquement parlant, le 5-MeO-MiPT est une tryptamine comparable au 5-MeO-DMT et au 5-MeO-DiPT. Il agit sur les r\u00e9cepteurs de la s\u00e9rotonine dans le cerveau pour procurer un high euphorique. En 1985, David Repke et Alexander Shulgin ont publi\u00e9 les premiers articles d\u00e9crivant la synth\u00e8se et les effets pharmacologiques du 5-MeO-MiPT.<\/p>\n<h3>5-MeO-MiPT accessible.<\/h3>\n<p>Le meilleur site pour acheter des granul\u00e9s de <a href=\"https:\/\/en.wikipedia.org\/wiki\/5-MeO-MiPT\">5-MeO-MiPT<\/a> 10 mg est ici. Selon la quantit\u00e9 que vous souhaitez, vous pouvez acheter ici des pastilles de 5-MeO-MiPT 10 mg de la meilleure qualit\u00e9 en quantit\u00e9s de 5, 10, 25, 50, 100 ou 250.<\/p>\n<h3>Conditions de stockage du 5-MeO-MiPT.<\/h3>\n<p>Conservez vos pastilles de 5-MeO-MiPT 10 mg \u00e0 l&rsquo;abri de la lumi\u00e8re directe du soleil d\u00e8s que vous les recevez. \u00c9tant donn\u00e9 que les lysergamides sont extr\u00eamement sensibles aux rayons UV (principalement au soleil), aux environnements secs et \u00e0 une temp\u00e9rature ambiante maximale de 20 \u00e0 25 degr\u00e9s Celsius, cela est particuli\u00e8rement crucial. Si le maintien de la qualit\u00e9 des pastilles de 5-MeO-MiPT 10 mg pendant une p\u00e9riode prolong\u00e9e est votre objectif, PoudresDenarco sugg\u00e8re d&rsquo;investir dans une machine \u00e0 sceller sous vide. N&rsquo;oubliez pas de nous demander si vous avez des questions ou des inqui\u00e9tudes \u00e0 ce sujet.<\/p>\n<h3>Prendre soin de vos pastilles de 10-MeO-MiPT.<\/h3>\n<p>Nous vous conseillons vivement de porter des gants et un masque pour plus de s\u00e9curit\u00e9 lors de la manipulation de vos pastilles de 5-MeO-MiPT 10 mg.<\/p>\n<h3>O\u00f9 puis-je me procurer des pastilles de 10 mg de 5-MeO-MiPT\u00a0?<\/h3>\n<p>Vous pouvez acheter des produits chimiques de recherche, tels que les pastilles de 10 mg de 5-MeO-MiPT, sur notre site Web, <a href=\"https:\/\/poudresdenarco.com\/sv\/\">PulverDenarco<\/a>. Nous \u00e9valuons et analysons toutes nos substances de recherche avant de les proposer \u00e0 la vente. C&rsquo;est la seule m\u00e9thode pour garantir les pastilles de 10 mg de 5-MeO-MiPT de la plus haute qualit\u00e9. N&rsquo;h\u00e9sitez pas \u00e0 nous contacter si vous avez besoin des r\u00e9sultats ou d&rsquo;une autre assistance. Les pastilles de 10 mg de 5-MeO-MiPT sont \u00e9galement propos\u00e9es sous forme de poudre (HCl). Pour savoir si nous en avons, consultez notre catalogue.<\/p>\n<h3>\u00c0 PoudresDenarco\u00a0: Pourquoi acheter chez eux\u00a0?<\/h3>\n<p>En plus d&rsquo;\u00eatre l&rsquo;un des d\u00e9taillants des produits Lizard Labs, Lizard Labs poss\u00e8de et exploite \u00e9galement PoudresDenarco. Nous pouvons vous garantir un excellent service et des produits chimiques de recherche \u00e0 certains des meilleurs prix disponibles, car nous sommes dans cette entreprise depuis plus de dix ans.<\/p>\n<h3>Exigences particuli\u00e8res pour l&rsquo;achat de granul\u00e9s de 10 milligrammes de 5-MeO-MiPT.<\/h3>\n<p>C&rsquo;est ici que vous pouvez acheter des granul\u00e9s de 5-MeO-MiPT 10 mg en ligne, mais avant de pouvoir le faire, vous devez avoir au moins dix-huit ans et accepter toutes les conditions g\u00e9n\u00e9rales qui sont \u00e9nonc\u00e9es \u00e0 la fois sur notre site Web et pendant le processus de paiement. De plus, nous proposons exclusivement des substances de recherche pour les tests ou les applications en laboratoire. Si vous remplissez chacune de ces conditions pr\u00e9alables, remplissez et signez simplement le formulaire.<\/p>","protected":false},"excerpt":{"rendered":"<p>5-MeO-MiPT Vous pouvez acheter des granul\u00e9s de 5-MeO-MiPT 10 mg en ligne. Moins connu que le 5-MeO-MiPT et le Moxy, le 5-m\u00e9thoxy-N-m\u00e9thyl-N-isopropyltryptamine est une tryptamine psych\u00e9d\u00e9lique. Chimiquement parlant, le 5-MeO-MiPT est une tryptamine comparable au 5-MeO-DMT et au 5-MeO-DiPT. Il agit sur les r\u00e9cepteurs de la s\u00e9rotonine dans le cerveau pour procurer un high euphorique.&hellip;<\/p>","protected":false},"featured_media":6209,"comment_status":"open","ping_status":"closed","template":"","meta":{"_joinchat":[]},"product_cat":[558],"product_tag":[],"class_list":{"0":"post-6089","1":"product","2":"type-product","3":"status-publish","4":"has-post-thumbnail","6":"product_cat-chimiques-de-recherche","8":"first","9":"instock","10":"shipping-taxable","11":"purchasable","12":"product-type-variable","13":"col-xs-6 col-sm-4","14":"col-md-3 col-lg-3","15":"un-4-cols"},"yoast_head":"<!-- This site is optimized with the Yoast SEO plugin v23.8 - https:\/\/yoast.com\/wordpress\/plugins\/seo\/ -->\n<title>5-MeO-MiPT Puret\u00e9 pour la Recherche | Poudres de Narco<\/title>\n<meta name=\"description\" content=\"Fournisseur de 5-MeO-MiPT pour applications scientifiques en laboratoire. Puret\u00e9 et s\u00e9curit\u00e9 garanties pour recherches avanc\u00e9es chez Poudres de Narco\" \/>\n<meta name=\"robots\" content=\"index, follow, max-snippet:-1, max-image-preview:large, max-video-preview:-1\" \/>\n<link rel=\"canonical\" href=\"https:\/\/poudresdenarco.com\/sv\/produkt\/5-meo-mipt\/\" \/>\n<meta property=\"og:locale\" content=\"sv_SE\" \/>\n<meta property=\"og:type\" content=\"article\" \/>\n<meta property=\"og:title\" content=\"5-MeO-MiPT Puret\u00e9 pour la Recherche | Poudres de Narco\" \/>\n<meta property=\"og:description\" content=\"Fournisseur de 5-MeO-MiPT pour applications scientifiques en laboratoire. Puret\u00e9 et s\u00e9curit\u00e9 garanties pour recherches avanc\u00e9es chez Poudres de Narco\" \/>\n<meta property=\"og:url\" content=\"https:\/\/poudresdenarco.com\/sv\/produkt\/5-meo-mipt\/\" \/>\n<meta property=\"og:site_name\" content=\"Poudresde Narco\" \/>\n<meta property=\"article:modified_time\" content=\"2025-05-27T08:47:38+00:00\" \/>\n<meta property=\"og:image\" content=\"https:\/\/poudresdenarco.com\/wp-content\/uploads\/2024\/10\/5-MEO-MIPT-1.gif\" \/>\n\t<meta property=\"og:image:width\" content=\"600\" \/>\n\t<meta property=\"og:image:height\" content=\"600\" \/>\n\t<meta property=\"og:image:type\" content=\"image\/gif\" \/>\n<meta name=\"twitter:card\" content=\"summary_large_image\" \/>\n<meta name=\"twitter:label1\" content=\"Ber\u00e4knad l\u00e4stid\" \/>\n\t<meta name=\"twitter:data1\" content=\"3 minuter\" \/>\n<script type=\"application\/ld+json\" class=\"yoast-schema-graph\">{\"@context\":\"https:\/\/schema.org\",\"@graph\":[{\"@type\":\"WebPage\",\"@id\":\"https:\/\/poudresdenarco.com\/produit\/5-meo-mipt\/\",\"url\":\"https:\/\/poudresdenarco.com\/produit\/5-meo-mipt\/\",\"name\":\"5-MeO-MiPT Puret\u00e9 pour la Recherche | Poudres de Narco\",\"isPartOf\":{\"@id\":\"https:\/\/poudresdenarco.com\/#website\"},\"primaryImageOfPage\":{\"@id\":\"https:\/\/poudresdenarco.com\/produit\/5-meo-mipt\/#primaryimage\"},\"image\":{\"@id\":\"https:\/\/poudresdenarco.com\/produit\/5-meo-mipt\/#primaryimage\"},\"thumbnailUrl\":\"https:\/\/poudresdenarco.com\/wp-content\/uploads\/2024\/10\/5-MEO-MIPT-1.gif\",\"datePublished\":\"2024-10-16T11:32:47+00:00\",\"dateModified\":\"2025-05-27T08:47:38+00:00\",\"description\":\"Fournisseur de 5-MeO-MiPT pour applications scientifiques en laboratoire. Puret\u00e9 et s\u00e9curit\u00e9 garanties pour recherches avanc\u00e9es chez Poudres de Narco\",\"breadcrumb\":{\"@id\":\"https:\/\/poudresdenarco.com\/produit\/5-meo-mipt\/#breadcrumb\"},\"inLanguage\":\"sv-SE\",\"potentialAction\":[{\"@type\":\"ReadAction\",\"target\":[\"https:\/\/poudresdenarco.com\/produit\/5-meo-mipt\/\"]}]},{\"@type\":\"ImageObject\",\"inLanguage\":\"sv-SE\",\"@id\":\"https:\/\/poudresdenarco.com\/produit\/5-meo-mipt\/#primaryimage\",\"url\":\"https:\/\/poudresdenarco.com\/wp-content\/uploads\/2024\/10\/5-MEO-MIPT-1.gif\",\"contentUrl\":\"https:\/\/poudresdenarco.com\/wp-content\/uploads\/2024\/10\/5-MEO-MIPT-1.gif\",\"width\":600,\"height\":600,\"caption\":\"5-MEO-MIPT\"},{\"@type\":\"BreadcrumbList\",\"@id\":\"https:\/\/poudresdenarco.com\/produit\/5-meo-mipt\/#breadcrumb\",\"itemListElement\":[{\"@type\":\"ListItem\",\"position\":1,\"name\":\"Home\",\"item\":\"https:\/\/poudresdenarco.com\/\"},{\"@type\":\"ListItem\",\"position\":2,\"name\":\"Boutique\",\"item\":\"https:\/\/poudresdenarco.com\/boutique\/\"},{\"@type\":\"ListItem\",\"position\":3,\"name\":\"5-MEO-MIPT\"}]},{\"@type\":\"WebSite\",\"@id\":\"https:\/\/poudresdenarco.com\/#website\",\"url\":\"https:\/\/poudresdenarco.com\/\",\"name\":\"Poudresde Narco\",\"description\":\"Acheter de la coca\u00efne et de l&#039;h\u00e9ro\u00efne en ligne\",\"potentialAction\":[{\"@type\":\"SearchAction\",\"target\":{\"@type\":\"EntryPoint\",\"urlTemplate\":\"https:\/\/poudresdenarco.com\/?s={search_term_string}\"},\"query-input\":{\"@type\":\"PropertyValueSpecification\",\"valueRequired\":true,\"valueName\":\"search_term_string\"}}],\"inLanguage\":\"sv-SE\"}]}<\/script>\n<!-- \/ Yoast SEO plugin. -->","yoast_head_json":{"title":"5-MeO-MiPT Puret\u00e9 pour la Recherche | Poudres de Narco","description":"Fournisseur de 5-MeO-MiPT pour applications scientifiques en laboratoire. Puret\u00e9 et s\u00e9curit\u00e9 garanties pour recherches avanc\u00e9es chez Poudres de Narco","robots":{"index":"index","follow":"follow","max-snippet":"max-snippet:-1","max-image-preview":"max-image-preview:large","max-video-preview":"max-video-preview:-1"},"canonical":"https:\/\/poudresdenarco.com\/sv\/produkt\/5-meo-mipt\/","og_locale":"sv_SE","og_type":"article","og_title":"5-MeO-MiPT Puret\u00e9 pour la Recherche | Poudres de Narco","og_description":"Fournisseur de 5-MeO-MiPT pour applications scientifiques en laboratoire. Puret\u00e9 et s\u00e9curit\u00e9 garanties pour recherches avanc\u00e9es chez Poudres de Narco","og_url":"https:\/\/poudresdenarco.com\/sv\/produkt\/5-meo-mipt\/","og_site_name":"Poudresde Narco","article_modified_time":"2025-05-27T08:47:38+00:00","og_image":[{"width":600,"height":600,"url":"https:\/\/poudresdenarco.com\/wp-content\/uploads\/2024\/10\/5-MEO-MIPT-1.gif","type":"image\/gif"}],"twitter_card":"summary_large_image","twitter_misc":{"Ber\u00e4knad l\u00e4stid":"3 minuter"},"schema":{"@context":"https:\/\/schema.org","@graph":[{"@type":"WebPage","@id":"https:\/\/poudresdenarco.com\/produit\/5-meo-mipt\/","url":"https:\/\/poudresdenarco.com\/produit\/5-meo-mipt\/","name":"5-MeO-MiPT Puret\u00e9 pour la Recherche | Poudres de Narco","isPartOf":{"@id":"https:\/\/poudresdenarco.com\/#website"},"primaryImageOfPage":{"@id":"https:\/\/poudresdenarco.com\/produit\/5-meo-mipt\/#primaryimage"},"image":{"@id":"https:\/\/poudresdenarco.com\/produit\/5-meo-mipt\/#primaryimage"},"thumbnailUrl":"https:\/\/poudresdenarco.com\/wp-content\/uploads\/2024\/10\/5-MEO-MIPT-1.gif","datePublished":"2024-10-16T11:32:47+00:00","dateModified":"2025-05-27T08:47:38+00:00","description":"Fournisseur de 5-MeO-MiPT pour applications scientifiques en laboratoire. Puret\u00e9 et s\u00e9curit\u00e9 garanties pour recherches avanc\u00e9es chez Poudres de Narco","breadcrumb":{"@id":"https:\/\/poudresdenarco.com\/produit\/5-meo-mipt\/#breadcrumb"},"inLanguage":"sv-SE","potentialAction":[{"@type":"ReadAction","target":["https:\/\/poudresdenarco.com\/produit\/5-meo-mipt\/"]}]},{"@type":"ImageObject","inLanguage":"sv-SE","@id":"https:\/\/poudresdenarco.com\/produit\/5-meo-mipt\/#primaryimage","url":"https:\/\/poudresdenarco.com\/wp-content\/uploads\/2024\/10\/5-MEO-MIPT-1.gif","contentUrl":"https:\/\/poudresdenarco.com\/wp-content\/uploads\/2024\/10\/5-MEO-MIPT-1.gif","width":600,"height":600,"caption":"5-MEO-MIPT"},{"@type":"BreadcrumbList","@id":"https:\/\/poudresdenarco.com\/produit\/5-meo-mipt\/#breadcrumb","itemListElement":[{"@type":"ListItem","position":1,"name":"Home","item":"https:\/\/poudresdenarco.com\/"},{"@type":"ListItem","position":2,"name":"Boutique","item":"https:\/\/poudresdenarco.com\/boutique\/"},{"@type":"ListItem","position":3,"name":"5-MEO-MIPT"}]},{"@type":"WebSite","@id":"https:\/\/poudresdenarco.com\/#website","url":"https:\/\/poudresdenarco.com\/","name":"Poudresde Narco","description":"Acheter de la coca\u00efne et de l&#039;h\u00e9ro\u00efne en ligne","potentialAction":[{"@type":"SearchAction","target":{"@type":"EntryPoint","urlTemplate":"https:\/\/poudresdenarco.com\/?s={search_term_string}"},"query-input":{"@type":"PropertyValueSpecification","valueRequired":true,"valueName":"search_term_string"}}],"inLanguage":"sv-SE"}]}},"_links":{"self":[{"href":"https:\/\/poudresdenarco.com\/sv\/wp-json\/wp\/v2\/product\/6089","targetHints":{"allow":["GET"]}}],"collection":[{"href":"https:\/\/poudresdenarco.com\/sv\/wp-json\/wp\/v2\/product"}],"about":[{"href":"https:\/\/poudresdenarco.com\/sv\/wp-json\/wp\/v2\/types\/product"}],"replies":[{"embeddable":true,"href":"https:\/\/poudresdenarco.com\/sv\/wp-json\/wp\/v2\/comments?post=6089"}],"wp:featuredmedia":[{"embeddable":true,"href":"https:\/\/poudresdenarco.com\/sv\/wp-json\/wp\/v2\/media\/6209"}],"wp:attachment":[{"href":"https:\/\/poudresdenarco.com\/sv\/wp-json\/wp\/v2\/media?parent=6089"}],"wp:term":[{"taxonomy":"product_cat","embeddable":true,"href":"https:\/\/poudresdenarco.com\/sv\/wp-json\/wp\/v2\/product_cat?post=6089"},{"taxonomy":"product_tag","embeddable":true,"href":"https:\/\/poudresdenarco.com\/sv\/wp-json\/wp\/v2\/product_tag?post=6089"}],"curies":[{"name":"wp","href":"https:\/\/api.w.org\/{rel}","templated":true}]}}