{"id":6129,"date":"2024-10-16T11:32:57","date_gmt":"2024-10-16T11:32:57","guid":{"rendered":"https:\/\/poudresdenarco.com\/?post_type=product&#038;p=6129"},"modified":"2026-05-01T02:30:23","modified_gmt":"2026-05-01T02:30:23","slug":"5-meo-dalt","status":"publish","type":"product","link":"https:\/\/poudresdenarco.com\/sv\/produkt\/5-meo-dalt\/","title":{"rendered":"5-MEO-DALT"},"content":{"rendered":"<h2><strong>K\u00f6pa 5-MeO-DALT f\u00f6r forskning <a href=\"https:\/\/poudresdenarco.com\/sv\/produkt\/3cl\/\">&#8211;<\/a> Narkotiska pulver<\/strong><\/h2>\n<p>Poudres de Narco \u00e4r din p\u00e5litliga leverant\u00f6r av <strong>5-MeO-DALT med h\u00f6g renhet<\/strong>. Avsedd uteslutande f\u00f6r <strong>vetenskapliga och laboratoriem\u00e4ssiga till\u00e4mpningar<\/strong>V\u00e5r 5-MeO-DALT uppfyller de strikta standarder som kr\u00e4vs f\u00f6r djupg\u00e5ende kemiska studier och analyser. Genom att v\u00e4lja v\u00e5r produkt f\u00e5r du tillg\u00e5ng till en <strong>leverant\u00f6r av 5-MeO-DALT f\u00f6r forskning<\/strong> \u00f6verensst\u00e4mmer med kvalitets- och s\u00e4kerhetsstandarder, K\u00f6p 5-MeO-DALT\u00a0<a href=\"https:\/\/k2spices.com\/nl\/\">.<\/a><\/p>\n<h3>Varf\u00f6r v\u00e4lja 5-MeO-DALT fr\u00e5n Poudres de Narco?<\/h3>\n<p>Som <strong>5-MeO-DALT dispenser f\u00f6r vetenskapliga till\u00e4mpningar<\/strong>Poudres de Narco s\u00e4kerst\u00e4ller att varje parti uppfyller de h\u00f6ga kvalitets- och renhetsstandarder som kr\u00e4vs f\u00f6r laboratoriestudier:<\/p>\n<ul>\n<li><strong>H\u00f6g renhet<\/strong> V\u00e5r 5-MeO-DALT \u00e4r testad f\u00f6r att garantera optimal renhet, vilket \u00e4r avg\u00f6rande f\u00f6r tillf\u00f6rlitliga forskningsresultat.<\/li>\n<li><strong>Efterlevnad och s\u00e4kerhet<\/strong> : Speciellt utformad f\u00f6r <strong>godk\u00e4nda laboratorier<\/strong>v\u00e5r produkt \u00e4r strikt f\u00f6r <strong>s\u00f6kanv\u00e4ndning<\/strong>.<\/li>\n<li><strong>S\u00e4ker onlinebest\u00e4llning<\/strong> : Vi g\u00f6r det enklare att<strong>ink\u00f6p av 5-MeO-DALT f\u00f6r forsknings\u00e4ndam\u00e5l<\/strong>med en konfidentiell och s\u00e4ker best\u00e4llningsprocess.<\/li>\n<\/ul>\n<h3>Forskningstill\u00e4mpningar av 5-MeO-DALT<\/h3>\n<p>Le <strong>5-MeO-DALT<\/strong> de Poudres de Narco anv\u00e4nds i olika <strong>kemiska studier och laboratorieanalyser<\/strong>. Forskare kan f\u00f6rlita sig p\u00e5 v\u00e5r produkt f\u00f6r applikationer som :<\/p>\n<ul>\n<li><strong>Kemisk analys<\/strong> F\u00f6r kontrollerade laboratorieexperiment.<\/li>\n<li><strong>Studier av sammans\u00e4ttningar<\/strong> F\u00f6r forskare inom kemi och farmakologi.<\/li>\n<li><strong>Tester och kvalitetskontroller<\/strong> F\u00f6r yrkesverksamma som beh\u00f6ver precision i sitt vetenskapliga arbete.<\/li>\n<\/ul>\n<p><strong>\u00c4r du redo att best\u00e4lla din kvalitet 5-MeO-DALT?<\/strong> Lita p\u00e5 Poudres de Narco f\u00f6r en p\u00e5litlig och kompatibel leverans. <strong>Kontakta oss<\/strong> f\u00f6r mer information eller f\u00f6r att g\u00f6ra en s\u00e4ker best\u00e4llning.<\/p>","protected":false},"excerpt":{"rendered":"<p>Acheter du 5-MeO-DALT pour la Recherche &#8211; Poudres de Narco Poudres de Narco est votre fournisseur de confiance pour le 5-MeO-DALT de haute puret\u00e9. Destin\u00e9 exclusivement \u00e0 des applications scientifiques et de laboratoire, notre 5-MeO-DALT r\u00e9pond aux normes rigoureuses requises pour des \u00e9tudes et analyses chimiques approfondies. En choisissant notre produit, vous acc\u00e9dez \u00e0 un&hellip;<\/p>","protected":false},"featured_media":6211,"comment_status":"open","ping_status":"closed","template":"","meta":{"_joinchat":[]},"product_cat":[558],"product_tag":[],"class_list":{"0":"post-6129","1":"product","2":"type-product","3":"status-publish","4":"has-post-thumbnail","6":"product_cat-chimiques-de-recherche","8":"first","9":"instock","10":"shipping-taxable","11":"purchasable","12":"product-type-variable","13":"col-xs-6 col-sm-4","14":"col-md-3 col-lg-3","15":"un-4-cols"},"yoast_head":"<!-- This site is optimized with the Yoast SEO plugin v23.8 - https:\/\/yoast.com\/wordpress\/plugins\/seo\/ -->\n<title>Acheter 5-MeO-DALT de Qualit\u00e9 | Poudres de Narco<\/title>\n<meta name=\"description\" content=\"de 5-MeO-DALT pour la recherche scientifique. Achetez du 5-MeO-DALT de haute puret\u00e9 chez Poudres de Narco pour des applications de laboratoire.\" \/>\n<meta name=\"robots\" content=\"index, follow, max-snippet:-1, max-image-preview:large, max-video-preview:-1\" \/>\n<link rel=\"canonical\" href=\"https:\/\/poudresdenarco.com\/sv\/produkt\/5-meo-dalt\/\" \/>\n<meta property=\"og:locale\" content=\"sv_SE\" \/>\n<meta property=\"og:type\" content=\"article\" \/>\n<meta property=\"og:title\" content=\"Acheter 5-MeO-DALT de Qualit\u00e9 | Poudres de Narco\" \/>\n<meta property=\"og:description\" content=\"de 5-MeO-DALT pour la recherche scientifique. Achetez du 5-MeO-DALT de haute puret\u00e9 chez Poudres de Narco pour des applications de laboratoire.\" \/>\n<meta property=\"og:url\" content=\"https:\/\/poudresdenarco.com\/sv\/produkt\/5-meo-dalt\/\" \/>\n<meta property=\"og:site_name\" content=\"Poudresde Narco\" \/>\n<meta property=\"article:modified_time\" content=\"2026-05-01T02:30:23+00:00\" \/>\n<meta property=\"og:image\" content=\"https:\/\/poudresdenarco.com\/wp-content\/uploads\/2024\/10\/5-MEO-DALT-1.gif\" \/>\n\t<meta property=\"og:image:width\" content=\"600\" \/>\n\t<meta property=\"og:image:height\" content=\"600\" \/>\n\t<meta property=\"og:image:type\" content=\"image\/gif\" \/>\n<meta name=\"twitter:card\" content=\"summary_large_image\" \/>\n<meta name=\"twitter:label1\" content=\"Ber\u00e4knad l\u00e4stid\" \/>\n\t<meta name=\"twitter:data1\" content=\"2 minuter\" \/>\n<script type=\"application\/ld+json\" class=\"yoast-schema-graph\">{\"@context\":\"https:\/\/schema.org\",\"@graph\":[{\"@type\":\"WebPage\",\"@id\":\"https:\/\/poudresdenarco.com\/produit\/5-meo-dalt\/\",\"url\":\"https:\/\/poudresdenarco.com\/produit\/5-meo-dalt\/\",\"name\":\"Acheter 5-MeO-DALT de Qualit\u00e9 | Poudres de Narco\",\"isPartOf\":{\"@id\":\"https:\/\/poudresdenarco.com\/#website\"},\"primaryImageOfPage\":{\"@id\":\"https:\/\/poudresdenarco.com\/produit\/5-meo-dalt\/#primaryimage\"},\"image\":{\"@id\":\"https:\/\/poudresdenarco.com\/produit\/5-meo-dalt\/#primaryimage\"},\"thumbnailUrl\":\"https:\/\/poudresdenarco.com\/wp-content\/uploads\/2024\/10\/5-MEO-DALT-1.gif\",\"datePublished\":\"2024-10-16T11:32:57+00:00\",\"dateModified\":\"2026-05-01T02:30:23+00:00\",\"description\":\"de 5-MeO-DALT pour la recherche scientifique. Achetez du 5-MeO-DALT de haute puret\u00e9 chez Poudres de Narco pour des applications de laboratoire.\",\"breadcrumb\":{\"@id\":\"https:\/\/poudresdenarco.com\/produit\/5-meo-dalt\/#breadcrumb\"},\"inLanguage\":\"sv-SE\",\"potentialAction\":[{\"@type\":\"ReadAction\",\"target\":[\"https:\/\/poudresdenarco.com\/produit\/5-meo-dalt\/\"]}]},{\"@type\":\"ImageObject\",\"inLanguage\":\"sv-SE\",\"@id\":\"https:\/\/poudresdenarco.com\/produit\/5-meo-dalt\/#primaryimage\",\"url\":\"https:\/\/poudresdenarco.com\/wp-content\/uploads\/2024\/10\/5-MEO-DALT-1.gif\",\"contentUrl\":\"https:\/\/poudresdenarco.com\/wp-content\/uploads\/2024\/10\/5-MEO-DALT-1.gif\",\"width\":600,\"height\":600,\"caption\":\"5-MEO-DALT\"},{\"@type\":\"BreadcrumbList\",\"@id\":\"https:\/\/poudresdenarco.com\/produit\/5-meo-dalt\/#breadcrumb\",\"itemListElement\":[{\"@type\":\"ListItem\",\"position\":1,\"name\":\"Home\",\"item\":\"https:\/\/poudresdenarco.com\/\"},{\"@type\":\"ListItem\",\"position\":2,\"name\":\"Boutique\",\"item\":\"https:\/\/poudresdenarco.com\/boutique\/\"},{\"@type\":\"ListItem\",\"position\":3,\"name\":\"5-MEO-DALT\"}]},{\"@type\":\"WebSite\",\"@id\":\"https:\/\/poudresdenarco.com\/#website\",\"url\":\"https:\/\/poudresdenarco.com\/\",\"name\":\"Poudresde Narco\",\"description\":\"Acheter de la coca\u00efne et de l&#039;h\u00e9ro\u00efne en ligne\",\"potentialAction\":[{\"@type\":\"SearchAction\",\"target\":{\"@type\":\"EntryPoint\",\"urlTemplate\":\"https:\/\/poudresdenarco.com\/?s={search_term_string}\"},\"query-input\":{\"@type\":\"PropertyValueSpecification\",\"valueRequired\":true,\"valueName\":\"search_term_string\"}}],\"inLanguage\":\"sv-SE\"}]}<\/script>\n<!-- \/ Yoast SEO plugin. -->","yoast_head_json":{"title":"Acheter 5-MeO-DALT de Qualit\u00e9 | Poudres de Narco","description":"de 5-MeO-DALT pour la recherche scientifique. Achetez du 5-MeO-DALT de haute puret\u00e9 chez Poudres de Narco pour des applications de laboratoire.","robots":{"index":"index","follow":"follow","max-snippet":"max-snippet:-1","max-image-preview":"max-image-preview:large","max-video-preview":"max-video-preview:-1"},"canonical":"https:\/\/poudresdenarco.com\/sv\/produkt\/5-meo-dalt\/","og_locale":"sv_SE","og_type":"article","og_title":"Acheter 5-MeO-DALT de Qualit\u00e9 | Poudres de Narco","og_description":"de 5-MeO-DALT pour la recherche scientifique. Achetez du 5-MeO-DALT de haute puret\u00e9 chez Poudres de Narco pour des applications de laboratoire.","og_url":"https:\/\/poudresdenarco.com\/sv\/produkt\/5-meo-dalt\/","og_site_name":"Poudresde Narco","article_modified_time":"2026-05-01T02:30:23+00:00","og_image":[{"width":600,"height":600,"url":"https:\/\/poudresdenarco.com\/wp-content\/uploads\/2024\/10\/5-MEO-DALT-1.gif","type":"image\/gif"}],"twitter_card":"summary_large_image","twitter_misc":{"Ber\u00e4knad l\u00e4stid":"2 minuter"},"schema":{"@context":"https:\/\/schema.org","@graph":[{"@type":"WebPage","@id":"https:\/\/poudresdenarco.com\/produit\/5-meo-dalt\/","url":"https:\/\/poudresdenarco.com\/produit\/5-meo-dalt\/","name":"Acheter 5-MeO-DALT de Qualit\u00e9 | Poudres de Narco","isPartOf":{"@id":"https:\/\/poudresdenarco.com\/#website"},"primaryImageOfPage":{"@id":"https:\/\/poudresdenarco.com\/produit\/5-meo-dalt\/#primaryimage"},"image":{"@id":"https:\/\/poudresdenarco.com\/produit\/5-meo-dalt\/#primaryimage"},"thumbnailUrl":"https:\/\/poudresdenarco.com\/wp-content\/uploads\/2024\/10\/5-MEO-DALT-1.gif","datePublished":"2024-10-16T11:32:57+00:00","dateModified":"2026-05-01T02:30:23+00:00","description":"de 5-MeO-DALT pour la recherche scientifique. Achetez du 5-MeO-DALT de haute puret\u00e9 chez Poudres de Narco pour des applications de laboratoire.","breadcrumb":{"@id":"https:\/\/poudresdenarco.com\/produit\/5-meo-dalt\/#breadcrumb"},"inLanguage":"sv-SE","potentialAction":[{"@type":"ReadAction","target":["https:\/\/poudresdenarco.com\/produit\/5-meo-dalt\/"]}]},{"@type":"ImageObject","inLanguage":"sv-SE","@id":"https:\/\/poudresdenarco.com\/produit\/5-meo-dalt\/#primaryimage","url":"https:\/\/poudresdenarco.com\/wp-content\/uploads\/2024\/10\/5-MEO-DALT-1.gif","contentUrl":"https:\/\/poudresdenarco.com\/wp-content\/uploads\/2024\/10\/5-MEO-DALT-1.gif","width":600,"height":600,"caption":"5-MEO-DALT"},{"@type":"BreadcrumbList","@id":"https:\/\/poudresdenarco.com\/produit\/5-meo-dalt\/#breadcrumb","itemListElement":[{"@type":"ListItem","position":1,"name":"Home","item":"https:\/\/poudresdenarco.com\/"},{"@type":"ListItem","position":2,"name":"Boutique","item":"https:\/\/poudresdenarco.com\/boutique\/"},{"@type":"ListItem","position":3,"name":"5-MEO-DALT"}]},{"@type":"WebSite","@id":"https:\/\/poudresdenarco.com\/#website","url":"https:\/\/poudresdenarco.com\/","name":"Poudresde Narco","description":"Acheter de la coca\u00efne et de l&#039;h\u00e9ro\u00efne en ligne","potentialAction":[{"@type":"SearchAction","target":{"@type":"EntryPoint","urlTemplate":"https:\/\/poudresdenarco.com\/?s={search_term_string}"},"query-input":{"@type":"PropertyValueSpecification","valueRequired":true,"valueName":"search_term_string"}}],"inLanguage":"sv-SE"}]}},"_links":{"self":[{"href":"https:\/\/poudresdenarco.com\/sv\/wp-json\/wp\/v2\/product\/6129","targetHints":{"allow":["GET"]}}],"collection":[{"href":"https:\/\/poudresdenarco.com\/sv\/wp-json\/wp\/v2\/product"}],"about":[{"href":"https:\/\/poudresdenarco.com\/sv\/wp-json\/wp\/v2\/types\/product"}],"replies":[{"embeddable":true,"href":"https:\/\/poudresdenarco.com\/sv\/wp-json\/wp\/v2\/comments?post=6129"}],"wp:featuredmedia":[{"embeddable":true,"href":"https:\/\/poudresdenarco.com\/sv\/wp-json\/wp\/v2\/media\/6211"}],"wp:attachment":[{"href":"https:\/\/poudresdenarco.com\/sv\/wp-json\/wp\/v2\/media?parent=6129"}],"wp:term":[{"taxonomy":"product_cat","embeddable":true,"href":"https:\/\/poudresdenarco.com\/sv\/wp-json\/wp\/v2\/product_cat?post=6129"},{"taxonomy":"product_tag","embeddable":true,"href":"https:\/\/poudresdenarco.com\/sv\/wp-json\/wp\/v2\/product_tag?post=6129"}],"curies":[{"name":"wp","href":"https:\/\/api.w.org\/{rel}","templated":true}]}}