{"id":6224,"date":"2024-10-18T05:40:22","date_gmt":"2024-10-18T05:40:22","guid":{"rendered":"https:\/\/poudresdenarco.com\/?post_type=product&#038;p=6224"},"modified":"2026-05-03T08:18:58","modified_gmt":"2026-05-03T08:18:58","slug":"gbl","status":"publish","type":"product","link":"https:\/\/poudresdenarco.com\/sv\/produkt\/gbl\/","title":{"rendered":"Gbl"},"content":{"rendered":"<h2><strong>K\u00f6p GBL online <a href=\"https:\/\/poudresdenarco.com\/sv\/produktkategori-2\/kopa-crystal-meth-online\/\">|<\/a> Gamma-butyrolakton av h\u00f6g kvalitet till salu<\/strong><\/h2>\n<p>Du \u00e4r intresserad av att <strong>k\u00f6pa GBL online<\/strong> ? V\u00e5r plattform erbjuder <strong>GBL p\u00e5 rea<\/strong> idealisk f\u00f6r industriella till\u00e4mpningar som kemisk tillverkning, f\u00e4rgborttagning och professionell reng\u00f6ring. Vi \u00e4r en leverant\u00f6r av <strong>GBL<\/strong> erbjuder Gamma-butyrolakton av h\u00f6gsta kvalitet f\u00f6r att tillgodose dina industriella behov p\u00e5 ett s\u00e4kert och effektivt s\u00e4tt.<a href=\"https:\/\/k2spices.com\/product-category\/liquid-k2-on-paper\/\">.<\/a><\/p>\n<h3>Vad \u00e4r GBL?<\/h3>\n<p>La <strong>Gamma-butyrolakton (GBL)<\/strong> \u00e4r ett kraftfullt l\u00f6sningsmedel som anv\u00e4nds i en m\u00e4ngd olika branscher f\u00f6r sin m\u00e5ngsidighet och effektivitet. Oavsett om du beh\u00f6ver en <strong>GBL-reng\u00f6rare<\/strong> f\u00f6r industriella ytor, ett l\u00f6sningsmedel f\u00f6r <strong>kemisk tillverkning<\/strong>GBL ger tillf\u00f6rlitliga och h\u00f6gpresterande resultat. Vanliga anv\u00e4ndningsomr\u00e5den \u00e4r :<\/p>\n<ul>\n<li><strong>Kemisk tillverkning<\/strong> GBL anv\u00e4nds i stor utstr\u00e4ckning som l\u00f6sningsmedel vid syntes av l\u00e4kemedel och specialkemikalier.<\/li>\n<li><strong>Reng\u00f6ring och borttagning av f\u00e4rg<\/strong> GBL \u00e4r k\u00e4nt f\u00f6r sin effektivitet och anv\u00e4nds i industriella milj\u00f6er f\u00f6r reng\u00f6ring och borttagning av f\u00e4rg.<\/li>\n<li><strong>L\u00f6ser upp lim och harts<\/strong> GBL \u00e4r effektivt n\u00e4r det g\u00e4ller att l\u00f6sa upp lim, vilket g\u00f6r det popul\u00e4rt f\u00f6r g\u00f6r-det-sj\u00e4lv-projekt och industriella reparationer.<\/li>\n<\/ul>\n<h3>Var kan jag k\u00f6pa GBL<\/h3>\n<p>Om du undrar <strong>Var kan man k\u00f6pa GBL<\/strong>Vi f\u00f6rst\u00e5r vikten av tillf\u00f6rlitlighet och kvalitet, s\u00e4rskilt n\u00e4r du letar efter en snabb och p\u00e5litlig tj\u00e4nst. Vi f\u00f6rst\u00e5r vikten av tillf\u00f6rlitlighet och kvalitet, s\u00e4rskilt n\u00e4r det g\u00e4ller <strong>anv\u00e4ndning av GBL<\/strong> i kr\u00e4vande industriella processer. Du kan <strong>k\u00f6pa GBL<\/strong> till oss med tillf\u00f6rsikt, i vetskap om att du kommer att f\u00e5 en produkt som uppfyller branschens strikta standarder.<\/p>\n<h3>Pris och tillg\u00e4nglighet f\u00f6r GBL<\/h3>\n<p>V\u00e5r <strong>GBL-pris<\/strong> V\u00e5ra konkurrenskraftiga priser garanterar v\u00e4rde utan att kompromissa med kvaliteten. Kolla in v\u00e5r webbplats f\u00f6r specialerbjudanden p\u00e5 grossistk\u00f6p och bulkleveranser av GBL. Vi arbetar f\u00f6r att erbjuda transparent priss\u00e4ttning och p\u00e5litlig leverans till kunder \u00f6ver hela v\u00e4rlden, och st\u00f6djer branscher fr\u00e5n tillverkning till reng\u00f6ring.<\/p>\n<h3>GBL:s r\u00e4ttsliga status<\/h3>\n<p>Det \u00e4r viktigt att f\u00f6rst\u00e5 <strong>GBL:s r\u00e4ttsliga status<\/strong> i ditt omr\u00e5de. GBL regleras som en prekursordrog i flera jurisdiktioner, inklusive USA och EU, p\u00e5 grund av dess potential f\u00f6r missbruk. V\u00e5rt team f\u00f6ljer alla efterlevnadsprotokoll f\u00f6r att s\u00e4kerst\u00e4lla att v\u00e5ra <strong>GBL p\u00e5 rea<\/strong> \u00e4r strikt reserverad f\u00f6r legitimt industriellt bruk och distribueras endast till beh\u00f6riga personer och f\u00f6retag.<\/p>\n<h3>Varf\u00f6r v\u00e4lja v\u00e5rt f\u00f6retag som GBL-leverant\u00f6r?<\/h3>\n<ul>\n<li><strong>Garanterad kvalitet<\/strong> Varje parti GBL som vi levererar genomg\u00e5r rigor\u00f6sa kvalitetstester f\u00f6r att uppfylla industristandarder.<\/li>\n<li><strong>P\u00e5litlig leverant\u00f6r<\/strong> : V\u00e5rt rykte som leverant\u00f6r av <strong>GBL<\/strong> bygger p\u00e5 tillf\u00f6rlitlighet, \u00f6ppenhet och kundn\u00f6jdhet.<\/li>\n<li><strong>Dedikerad support<\/strong> : Om du har n\u00e5gra fr\u00e5gor om <strong>anv\u00e4ndning av GBL<\/strong> eller lagstadgade krav finns v\u00e5rt team h\u00e4r f\u00f6r att hj\u00e4lpa till.<\/li>\n<\/ul>\n<p>K\u00f6p <strong>Gamma-butyrolakton (GBL)<\/strong> fr\u00e5n en p\u00e5litlig leverant\u00f6r. V\u00e5r f\u00f6renklade best\u00e4llningsprocess, dedikerade support och fokus p\u00e5 kvalitet g\u00f6r oss till det sj\u00e4lvklara valet f\u00f6r GBL:s industriella applikationer.<\/p>","protected":false},"excerpt":{"rendered":"<p>Acheter du GBL en Ligne | Gamma-Butyrolactone de Haute Qualit\u00e9 en Vente Vous cherchez \u00e0 acheter du GBL en ligne ? Notre plateforme propose du GBL en vente de haute puret\u00e9, id\u00e9al pour des applications industrielles telles que la fabrication de produits chimiques, le d\u00e9capage de peinture et le nettoyage professionnel. Nous sommes un fournisseur&hellip;<\/p>","protected":false},"featured_media":6299,"comment_status":"open","ping_status":"closed","template":"","meta":{"_joinchat":[]},"product_cat":[558],"product_tag":[],"class_list":{"0":"post-6224","1":"product","2":"type-product","3":"status-publish","4":"has-post-thumbnail","6":"product_cat-chimiques-de-recherche","8":"first","9":"instock","10":"shipping-taxable","11":"purchasable","12":"product-type-variable","13":"col-xs-6 col-sm-4","14":"col-md-3 col-lg-3","15":"un-4-cols"},"yoast_head":"<!-- This site is optimized with the Yoast SEO plugin v23.8 - https:\/\/yoast.com\/wordpress\/plugins\/seo\/ -->\n<title>Acheter du GBL en Ligne | Gamma-Butyrolactone de Qualit\u00e9<\/title>\n<meta name=\"description\" content=\"Vous cherchez un fournisseur fiable de GBL ? Achetez de la Gamma-Butyrolactone (GBL) de haute qualit\u00e9 en ligne pour des applications industrielles Acheter GBL en ligne.\" \/>\n<meta name=\"robots\" content=\"index, follow, max-snippet:-1, max-image-preview:large, max-video-preview:-1\" \/>\n<link rel=\"canonical\" href=\"https:\/\/poudresdenarco.com\/sv\/produkt\/gbl\/\" \/>\n<meta property=\"og:locale\" content=\"sv_SE\" \/>\n<meta property=\"og:type\" content=\"article\" \/>\n<meta property=\"og:title\" content=\"Acheter du GBL en Ligne | Gamma-Butyrolactone de Qualit\u00e9\" \/>\n<meta property=\"og:description\" content=\"Vous cherchez un fournisseur fiable de GBL ? Achetez de la Gamma-Butyrolactone (GBL) de haute qualit\u00e9 en ligne pour des applications industrielles Acheter GBL en ligne.\" \/>\n<meta property=\"og:url\" content=\"https:\/\/poudresdenarco.com\/sv\/produkt\/gbl\/\" \/>\n<meta property=\"og:site_name\" content=\"Poudresde Narco\" \/>\n<meta property=\"article:modified_time\" content=\"2026-05-03T08:18:58+00:00\" \/>\n<meta property=\"og:image\" content=\"https:\/\/poudresdenarco.com\/wp-content\/uploads\/2024\/10\/GBL-1.gif\" \/>\n\t<meta property=\"og:image:width\" content=\"600\" \/>\n\t<meta property=\"og:image:height\" content=\"600\" \/>\n\t<meta property=\"og:image:type\" content=\"image\/gif\" \/>\n<meta name=\"twitter:card\" content=\"summary_large_image\" \/>\n<meta name=\"twitter:label1\" content=\"Ber\u00e4knad l\u00e4stid\" \/>\n\t<meta name=\"twitter:data1\" content=\"3 minuter\" \/>\n<script type=\"application\/ld+json\" class=\"yoast-schema-graph\">{\"@context\":\"https:\/\/schema.org\",\"@graph\":[{\"@type\":\"WebPage\",\"@id\":\"https:\/\/poudresdenarco.com\/produit\/gbl\/\",\"url\":\"https:\/\/poudresdenarco.com\/produit\/gbl\/\",\"name\":\"Acheter du GBL en Ligne | Gamma-Butyrolactone de Qualit\u00e9\",\"isPartOf\":{\"@id\":\"https:\/\/poudresdenarco.com\/#website\"},\"primaryImageOfPage\":{\"@id\":\"https:\/\/poudresdenarco.com\/produit\/gbl\/#primaryimage\"},\"image\":{\"@id\":\"https:\/\/poudresdenarco.com\/produit\/gbl\/#primaryimage\"},\"thumbnailUrl\":\"https:\/\/poudresdenarco.com\/wp-content\/uploads\/2024\/10\/GBL-1.gif\",\"datePublished\":\"2024-10-18T05:40:22+00:00\",\"dateModified\":\"2026-05-03T08:18:58+00:00\",\"description\":\"Vous cherchez un fournisseur fiable de GBL ? Achetez de la Gamma-Butyrolactone (GBL) de haute qualit\u00e9 en ligne pour des applications industrielles Acheter GBL en ligne.\",\"breadcrumb\":{\"@id\":\"https:\/\/poudresdenarco.com\/produit\/gbl\/#breadcrumb\"},\"inLanguage\":\"sv-SE\",\"potentialAction\":[{\"@type\":\"ReadAction\",\"target\":[\"https:\/\/poudresdenarco.com\/produit\/gbl\/\"]}]},{\"@type\":\"ImageObject\",\"inLanguage\":\"sv-SE\",\"@id\":\"https:\/\/poudresdenarco.com\/produit\/gbl\/#primaryimage\",\"url\":\"https:\/\/poudresdenarco.com\/wp-content\/uploads\/2024\/10\/GBL-1.gif\",\"contentUrl\":\"https:\/\/poudresdenarco.com\/wp-content\/uploads\/2024\/10\/GBL-1.gif\",\"width\":600,\"height\":600,\"caption\":\"Acheter GBL en ligne\"},{\"@type\":\"BreadcrumbList\",\"@id\":\"https:\/\/poudresdenarco.com\/produit\/gbl\/#breadcrumb\",\"itemListElement\":[{\"@type\":\"ListItem\",\"position\":1,\"name\":\"Home\",\"item\":\"https:\/\/poudresdenarco.com\/\"},{\"@type\":\"ListItem\",\"position\":2,\"name\":\"Boutique\",\"item\":\"https:\/\/poudresdenarco.com\/boutique\/\"},{\"@type\":\"ListItem\",\"position\":3,\"name\":\"Gbl\"}]},{\"@type\":\"WebSite\",\"@id\":\"https:\/\/poudresdenarco.com\/#website\",\"url\":\"https:\/\/poudresdenarco.com\/\",\"name\":\"Poudresde Narco\",\"description\":\"Acheter de la coca\u00efne et de l&#039;h\u00e9ro\u00efne en ligne\",\"potentialAction\":[{\"@type\":\"SearchAction\",\"target\":{\"@type\":\"EntryPoint\",\"urlTemplate\":\"https:\/\/poudresdenarco.com\/?s={search_term_string}\"},\"query-input\":{\"@type\":\"PropertyValueSpecification\",\"valueRequired\":true,\"valueName\":\"search_term_string\"}}],\"inLanguage\":\"sv-SE\"}]}<\/script>\n<!-- \/ Yoast SEO plugin. -->","yoast_head_json":{"title":"Acheter du GBL en Ligne | Gamma-Butyrolactone de Qualit\u00e9","description":"Vous cherchez un fournisseur fiable de GBL ? Achetez de la Gamma-Butyrolactone (GBL) de haute qualit\u00e9 en ligne pour des applications industrielles Acheter GBL en ligne.","robots":{"index":"index","follow":"follow","max-snippet":"max-snippet:-1","max-image-preview":"max-image-preview:large","max-video-preview":"max-video-preview:-1"},"canonical":"https:\/\/poudresdenarco.com\/sv\/produkt\/gbl\/","og_locale":"sv_SE","og_type":"article","og_title":"Acheter du GBL en Ligne | Gamma-Butyrolactone de Qualit\u00e9","og_description":"Vous cherchez un fournisseur fiable de GBL ? Achetez de la Gamma-Butyrolactone (GBL) de haute qualit\u00e9 en ligne pour des applications industrielles Acheter GBL en ligne.","og_url":"https:\/\/poudresdenarco.com\/sv\/produkt\/gbl\/","og_site_name":"Poudresde Narco","article_modified_time":"2026-05-03T08:18:58+00:00","og_image":[{"width":600,"height":600,"url":"https:\/\/poudresdenarco.com\/wp-content\/uploads\/2024\/10\/GBL-1.gif","type":"image\/gif"}],"twitter_card":"summary_large_image","twitter_misc":{"Ber\u00e4knad l\u00e4stid":"3 minuter"},"schema":{"@context":"https:\/\/schema.org","@graph":[{"@type":"WebPage","@id":"https:\/\/poudresdenarco.com\/produit\/gbl\/","url":"https:\/\/poudresdenarco.com\/produit\/gbl\/","name":"Acheter du GBL en Ligne | Gamma-Butyrolactone de Qualit\u00e9","isPartOf":{"@id":"https:\/\/poudresdenarco.com\/#website"},"primaryImageOfPage":{"@id":"https:\/\/poudresdenarco.com\/produit\/gbl\/#primaryimage"},"image":{"@id":"https:\/\/poudresdenarco.com\/produit\/gbl\/#primaryimage"},"thumbnailUrl":"https:\/\/poudresdenarco.com\/wp-content\/uploads\/2024\/10\/GBL-1.gif","datePublished":"2024-10-18T05:40:22+00:00","dateModified":"2026-05-03T08:18:58+00:00","description":"Vous cherchez un fournisseur fiable de GBL ? Achetez de la Gamma-Butyrolactone (GBL) de haute qualit\u00e9 en ligne pour des applications industrielles Acheter GBL en ligne.","breadcrumb":{"@id":"https:\/\/poudresdenarco.com\/produit\/gbl\/#breadcrumb"},"inLanguage":"sv-SE","potentialAction":[{"@type":"ReadAction","target":["https:\/\/poudresdenarco.com\/produit\/gbl\/"]}]},{"@type":"ImageObject","inLanguage":"sv-SE","@id":"https:\/\/poudresdenarco.com\/produit\/gbl\/#primaryimage","url":"https:\/\/poudresdenarco.com\/wp-content\/uploads\/2024\/10\/GBL-1.gif","contentUrl":"https:\/\/poudresdenarco.com\/wp-content\/uploads\/2024\/10\/GBL-1.gif","width":600,"height":600,"caption":"Acheter GBL en ligne"},{"@type":"BreadcrumbList","@id":"https:\/\/poudresdenarco.com\/produit\/gbl\/#breadcrumb","itemListElement":[{"@type":"ListItem","position":1,"name":"Home","item":"https:\/\/poudresdenarco.com\/"},{"@type":"ListItem","position":2,"name":"Boutique","item":"https:\/\/poudresdenarco.com\/boutique\/"},{"@type":"ListItem","position":3,"name":"Gbl"}]},{"@type":"WebSite","@id":"https:\/\/poudresdenarco.com\/#website","url":"https:\/\/poudresdenarco.com\/","name":"Poudresde Narco","description":"Acheter de la coca\u00efne et de l&#039;h\u00e9ro\u00efne en ligne","potentialAction":[{"@type":"SearchAction","target":{"@type":"EntryPoint","urlTemplate":"https:\/\/poudresdenarco.com\/?s={search_term_string}"},"query-input":{"@type":"PropertyValueSpecification","valueRequired":true,"valueName":"search_term_string"}}],"inLanguage":"sv-SE"}]}},"_links":{"self":[{"href":"https:\/\/poudresdenarco.com\/sv\/wp-json\/wp\/v2\/product\/6224","targetHints":{"allow":["GET"]}}],"collection":[{"href":"https:\/\/poudresdenarco.com\/sv\/wp-json\/wp\/v2\/product"}],"about":[{"href":"https:\/\/poudresdenarco.com\/sv\/wp-json\/wp\/v2\/types\/product"}],"replies":[{"embeddable":true,"href":"https:\/\/poudresdenarco.com\/sv\/wp-json\/wp\/v2\/comments?post=6224"}],"wp:featuredmedia":[{"embeddable":true,"href":"https:\/\/poudresdenarco.com\/sv\/wp-json\/wp\/v2\/media\/6299"}],"wp:attachment":[{"href":"https:\/\/poudresdenarco.com\/sv\/wp-json\/wp\/v2\/media?parent=6224"}],"wp:term":[{"taxonomy":"product_cat","embeddable":true,"href":"https:\/\/poudresdenarco.com\/sv\/wp-json\/wp\/v2\/product_cat?post=6224"},{"taxonomy":"product_tag","embeddable":true,"href":"https:\/\/poudresdenarco.com\/sv\/wp-json\/wp\/v2\/product_tag?post=6224"}],"curies":[{"name":"wp","href":"https:\/\/api.w.org\/{rel}","templated":true}]}}