{"id":6226,"date":"2024-10-18T05:40:28","date_gmt":"2024-10-18T05:40:28","guid":{"rendered":"https:\/\/poudresdenarco.com\/?post_type=product&#038;p=6226"},"modified":"2026-01-17T03:00:31","modified_gmt":"2026-01-17T03:00:31","slug":"fentanyl","status":"publish","type":"product","link":"https:\/\/poudresdenarco.com\/sv\/produkt\/fentanyl\/","title":{"rendered":"Fentanyl"},"content":{"rendered":"<div class=\"flex max-w-full flex-col flex-grow\">\n<div class=\"min-h-8 text-message flex w-full flex-col items-end gap-2 whitespace-normal break-words [.text-message+&amp;]:mt-5\" dir=\"auto\" data-message-author-role=\"assistant\" data-message-id=\"cd93b966-aa26-4387-b278-805577f36b37\" data-message-model-slug=\"gpt-4o\">\n<div class=\"flex w-full flex-col gap-1 empty:hidden first:pt-[3px]\">\n<div class=\"markdown prose w-full break-words dark:prose-invert light\">\n<h2><strong>K\u00f6p Fentanyl av farmaceutisk kvalitet <a href=\"https:\/\/poudresdenarco.com\/sv\/produktkategori-2\/kopa-kokain-online\/\">\u2013<\/a> Godk\u00e4nd leverant\u00f6r Narco Powders<\/strong><\/h2>\n<p>K\u00f6p Fentanyl, Narco Powders \u00e4r din <strong>godk\u00e4nd leverant\u00f6r av fentanyl<\/strong>erbjudande <strong>fentanyl av farmaceutisk kvalitet<\/strong> f\u00f6r medicinska till\u00e4mpningar och forskning. V\u00e5ra <strong>Medicinsk fentanyl<\/strong> uppfyller de str\u00e4ngaste renhets- och s\u00e4kerhetsstandarderna, vilket \u00e4r viktigt f\u00f6r <strong>klinisk sm\u00e4rtlindring<\/strong> och andra industriella och farmaceutiska anv\u00e4ndningsomr\u00e5den<a href=\"https:\/\/legitgrams.com\/de\/shop\/\">.<\/a><\/p>\n<h3>Varf\u00f6r k\u00f6pa Fentanyl fr\u00e5n Poudres de Narco?<\/h3>\n<p>V\u00e4lj en <strong>auktoriserad distribut\u00f6r av fentanyl<\/strong> \u00e4r avg\u00f6rande f\u00f6r att s\u00e4kerst\u00e4lla s\u00e4kerheten och \u00f6verensst\u00e4mmelsen f\u00f6r varje best\u00e4llning. N\u00e4r du k\u00f6per fr\u00e5n Poudres de Narco drar du nytta av :<\/p>\n<ul>\n<li><strong>\u00d6verl\u00e4gsen kvalitet<\/strong> Ren, p\u00e5litlig fentanyl, avg\u00f6rande f\u00f6r konsekventa resultat i <strong>farmaceutisk anv\u00e4ndning<\/strong>.<\/li>\n<li><strong>Maximal s\u00e4kerhet<\/strong> : Vi levererar <strong>s\u00e4kerhetsprotokoll f\u00f6r hantering och f\u00f6rvaring av fentanyl<\/strong>f\u00f6r att garantera s\u00e4ker anv\u00e4ndning.<\/li>\n<li><strong>L\u00f6sningar f\u00f6r partihandel<\/strong> : V\u00e5r <strong>grossist fentanyl f\u00f6r sjukhus<\/strong> och <strong>apotek<\/strong> garantera en tillf\u00f6rlitlig leverans till ett konkurrenskraftigt pris.<\/li>\n<\/ul>\n<h3>Till\u00e4mpningar och s\u00e4kerhet<\/h3>\n<p>Le <strong>fentanyl f\u00f6r farmaceutiskt bruk<\/strong> som vi distribuerar anv\u00e4nds i en rad olika sammanhang:<\/p>\n<ul>\n<li><strong>Klinik<\/strong> Kontrollerad, snabb sm\u00e4rtlindring p\u00e5 v\u00e5rdinr\u00e4ttningar.<\/li>\n<li><strong>L\u00e4kemedel<\/strong> Tillverkning av h\u00f6gprecisionsl\u00e4kemedel.<\/li>\n<li><strong>Forskning och industri<\/strong> Laboratoriestudier och farmakologiska pr\u00f6vningar som kr\u00e4ver en ren produkt.<\/li>\n<\/ul>\n<p>Vi s\u00e4kerst\u00e4ller efterlevnad genom v\u00e5ra <strong>CAS-nummer f\u00f6r fentanyl (7664-39-3)<\/strong>garanterar en \u00e4kta produkt av h\u00f6g kvalitet.<\/p>\n<h3>\u00c4r du redo att best\u00e4lla?<\/h3>\n<p>F\u00f6r att k\u00f6pa fentanyl p\u00e5 ett s\u00e4kert s\u00e4tt, kontakta Narco Powders idag. Vi \u00e4r en <strong>leverant\u00f6r av fentanyl med h\u00f6g renhetsgrad<\/strong>dedikerade till att tillhandah\u00e5lla tillf\u00f6rlitliga och s\u00e4kra l\u00f6sningar f\u00f6r alla dina aff\u00e4rsbehov.<\/p>\n<\/div>\n<\/div>\n<\/div>\n<\/div>\n<div class=\"mb-2 flex gap-3 empty:hidden -ml-2\">\n<div class=\"items-center justify-start rounded-xl p-1 flex\">\n<div class=\"flex items-center\"><\/div>\n<\/div>\n<\/div>","protected":false},"excerpt":{"rendered":"<p>Fentanyl \u00e4r en syntetisk opioid. Det anv\u00e4nds f\u00f6r att lindra sv\u00e5r akut och kronisk sm\u00e4rta inom anestesi, intensivv\u00e5rd, akutmedicin och sm\u00e4rtbehandling i \u00f6ppenv\u00e5rd. Det anv\u00e4nds i form av injektioner, pl\u00e5ster, n\u00e4sspray och genom absorption via buckalslemhinnan.<\/p>","protected":false},"featured_media":6301,"comment_status":"open","ping_status":"closed","template":"","meta":{"_joinchat":[]},"product_cat":[558],"product_tag":[],"class_list":{"0":"post-6226","1":"product","2":"type-product","3":"status-publish","4":"has-post-thumbnail","6":"product_cat-chimiques-de-recherche","8":"first","9":"instock","10":"shipping-taxable","11":"purchasable","12":"product-type-variable","13":"col-xs-6 col-sm-4","14":"col-md-3 col-lg-3","15":"un-4-cols"},"yoast_head":"<!-- This site is optimized with the Yoast SEO plugin v23.8 - https:\/\/yoast.com\/wordpress\/plugins\/seo\/ -->\n<title>Acheter Fentanyl Pharmaceutique | Poudres de Narco<\/title>\n<meta name=\"description\" content=\"&quot;Poudres de Narco propose du fentanyl de qualit\u00e9 pharmaceutique pour des applications m\u00e9dicales et industrielles. Achat s\u00e9curis\u00e9 avec protocoles de s\u00e9curit\u00e9.\" \/>\n<meta name=\"robots\" content=\"index, follow, max-snippet:-1, max-image-preview:large, max-video-preview:-1\" \/>\n<link rel=\"canonical\" href=\"https:\/\/poudresdenarco.com\/sv\/produkt\/fentanyl\/\" \/>\n<meta property=\"og:locale\" content=\"sv_SE\" \/>\n<meta property=\"og:type\" content=\"article\" \/>\n<meta property=\"og:title\" content=\"Acheter Fentanyl Pharmaceutique | Poudres de Narco\" \/>\n<meta property=\"og:description\" content=\"&quot;Poudres de Narco propose du fentanyl de qualit\u00e9 pharmaceutique pour des applications m\u00e9dicales et industrielles. Achat s\u00e9curis\u00e9 avec protocoles de s\u00e9curit\u00e9.\" \/>\n<meta property=\"og:url\" content=\"https:\/\/poudresdenarco.com\/sv\/produkt\/fentanyl\/\" \/>\n<meta property=\"og:site_name\" content=\"Poudresde Narco\" \/>\n<meta property=\"article:modified_time\" content=\"2026-01-17T03:00:31+00:00\" \/>\n<meta property=\"og:image\" content=\"https:\/\/poudresdenarco.com\/wp-content\/uploads\/2024\/10\/Fentanyl.gif\" \/>\n\t<meta property=\"og:image:width\" content=\"600\" \/>\n\t<meta property=\"og:image:height\" content=\"600\" \/>\n\t<meta property=\"og:image:type\" content=\"image\/gif\" \/>\n<meta name=\"twitter:card\" content=\"summary_large_image\" \/>\n<meta name=\"twitter:label1\" content=\"Ber\u00e4knad l\u00e4stid\" \/>\n\t<meta name=\"twitter:data1\" content=\"2 minuter\" \/>\n<script type=\"application\/ld+json\" class=\"yoast-schema-graph\">{\"@context\":\"https:\/\/schema.org\",\"@graph\":[{\"@type\":\"WebPage\",\"@id\":\"https:\/\/poudresdenarco.com\/produit\/fentanyl\/\",\"url\":\"https:\/\/poudresdenarco.com\/produit\/fentanyl\/\",\"name\":\"Acheter Fentanyl Pharmaceutique | Poudres de Narco\",\"isPartOf\":{\"@id\":\"https:\/\/poudresdenarco.com\/#website\"},\"primaryImageOfPage\":{\"@id\":\"https:\/\/poudresdenarco.com\/produit\/fentanyl\/#primaryimage\"},\"image\":{\"@id\":\"https:\/\/poudresdenarco.com\/produit\/fentanyl\/#primaryimage\"},\"thumbnailUrl\":\"https:\/\/poudresdenarco.com\/wp-content\/uploads\/2024\/10\/Fentanyl.gif\",\"datePublished\":\"2024-10-18T05:40:28+00:00\",\"dateModified\":\"2026-01-17T03:00:31+00:00\",\"description\":\"\\\"Poudres de Narco propose du fentanyl de qualit\u00e9 pharmaceutique pour des applications m\u00e9dicales et industrielles. Achat s\u00e9curis\u00e9 avec protocoles de s\u00e9curit\u00e9.\",\"breadcrumb\":{\"@id\":\"https:\/\/poudresdenarco.com\/produit\/fentanyl\/#breadcrumb\"},\"inLanguage\":\"sv-SE\",\"potentialAction\":[{\"@type\":\"ReadAction\",\"target\":[\"https:\/\/poudresdenarco.com\/produit\/fentanyl\/\"]}]},{\"@type\":\"ImageObject\",\"inLanguage\":\"sv-SE\",\"@id\":\"https:\/\/poudresdenarco.com\/produit\/fentanyl\/#primaryimage\",\"url\":\"https:\/\/poudresdenarco.com\/wp-content\/uploads\/2024\/10\/Fentanyl.gif\",\"contentUrl\":\"https:\/\/poudresdenarco.com\/wp-content\/uploads\/2024\/10\/Fentanyl.gif\",\"width\":600,\"height\":600,\"caption\":\"Fentanyl\"},{\"@type\":\"BreadcrumbList\",\"@id\":\"https:\/\/poudresdenarco.com\/produit\/fentanyl\/#breadcrumb\",\"itemListElement\":[{\"@type\":\"ListItem\",\"position\":1,\"name\":\"Home\",\"item\":\"https:\/\/poudresdenarco.com\/\"},{\"@type\":\"ListItem\",\"position\":2,\"name\":\"Boutique\",\"item\":\"https:\/\/poudresdenarco.com\/boutique\/\"},{\"@type\":\"ListItem\",\"position\":3,\"name\":\"Fentanyl\"}]},{\"@type\":\"WebSite\",\"@id\":\"https:\/\/poudresdenarco.com\/#website\",\"url\":\"https:\/\/poudresdenarco.com\/\",\"name\":\"Poudresde Narco\",\"description\":\"Acheter de la coca\u00efne et de l&#039;h\u00e9ro\u00efne en ligne\",\"potentialAction\":[{\"@type\":\"SearchAction\",\"target\":{\"@type\":\"EntryPoint\",\"urlTemplate\":\"https:\/\/poudresdenarco.com\/?s={search_term_string}\"},\"query-input\":{\"@type\":\"PropertyValueSpecification\",\"valueRequired\":true,\"valueName\":\"search_term_string\"}}],\"inLanguage\":\"sv-SE\"}]}<\/script>\n<!-- \/ Yoast SEO plugin. -->","yoast_head_json":{"title":"Acheter Fentanyl Pharmaceutique | Poudres de Narco","description":"\"Poudres de Narco propose du fentanyl de qualit\u00e9 pharmaceutique pour des applications m\u00e9dicales et industrielles. Achat s\u00e9curis\u00e9 avec protocoles de s\u00e9curit\u00e9.","robots":{"index":"index","follow":"follow","max-snippet":"max-snippet:-1","max-image-preview":"max-image-preview:large","max-video-preview":"max-video-preview:-1"},"canonical":"https:\/\/poudresdenarco.com\/sv\/produkt\/fentanyl\/","og_locale":"sv_SE","og_type":"article","og_title":"Acheter Fentanyl Pharmaceutique | Poudres de Narco","og_description":"\"Poudres de Narco propose du fentanyl de qualit\u00e9 pharmaceutique pour des applications m\u00e9dicales et industrielles. Achat s\u00e9curis\u00e9 avec protocoles de s\u00e9curit\u00e9.","og_url":"https:\/\/poudresdenarco.com\/sv\/produkt\/fentanyl\/","og_site_name":"Poudresde Narco","article_modified_time":"2026-01-17T03:00:31+00:00","og_image":[{"width":600,"height":600,"url":"https:\/\/poudresdenarco.com\/wp-content\/uploads\/2024\/10\/Fentanyl.gif","type":"image\/gif"}],"twitter_card":"summary_large_image","twitter_misc":{"Ber\u00e4knad l\u00e4stid":"2 minuter"},"schema":{"@context":"https:\/\/schema.org","@graph":[{"@type":"WebPage","@id":"https:\/\/poudresdenarco.com\/produit\/fentanyl\/","url":"https:\/\/poudresdenarco.com\/produit\/fentanyl\/","name":"Acheter Fentanyl Pharmaceutique | Poudres de Narco","isPartOf":{"@id":"https:\/\/poudresdenarco.com\/#website"},"primaryImageOfPage":{"@id":"https:\/\/poudresdenarco.com\/produit\/fentanyl\/#primaryimage"},"image":{"@id":"https:\/\/poudresdenarco.com\/produit\/fentanyl\/#primaryimage"},"thumbnailUrl":"https:\/\/poudresdenarco.com\/wp-content\/uploads\/2024\/10\/Fentanyl.gif","datePublished":"2024-10-18T05:40:28+00:00","dateModified":"2026-01-17T03:00:31+00:00","description":"\"Poudres de Narco propose du fentanyl de qualit\u00e9 pharmaceutique pour des applications m\u00e9dicales et industrielles. Achat s\u00e9curis\u00e9 avec protocoles de s\u00e9curit\u00e9.","breadcrumb":{"@id":"https:\/\/poudresdenarco.com\/produit\/fentanyl\/#breadcrumb"},"inLanguage":"sv-SE","potentialAction":[{"@type":"ReadAction","target":["https:\/\/poudresdenarco.com\/produit\/fentanyl\/"]}]},{"@type":"ImageObject","inLanguage":"sv-SE","@id":"https:\/\/poudresdenarco.com\/produit\/fentanyl\/#primaryimage","url":"https:\/\/poudresdenarco.com\/wp-content\/uploads\/2024\/10\/Fentanyl.gif","contentUrl":"https:\/\/poudresdenarco.com\/wp-content\/uploads\/2024\/10\/Fentanyl.gif","width":600,"height":600,"caption":"Fentanyl"},{"@type":"BreadcrumbList","@id":"https:\/\/poudresdenarco.com\/produit\/fentanyl\/#breadcrumb","itemListElement":[{"@type":"ListItem","position":1,"name":"Home","item":"https:\/\/poudresdenarco.com\/"},{"@type":"ListItem","position":2,"name":"Boutique","item":"https:\/\/poudresdenarco.com\/boutique\/"},{"@type":"ListItem","position":3,"name":"Fentanyl"}]},{"@type":"WebSite","@id":"https:\/\/poudresdenarco.com\/#website","url":"https:\/\/poudresdenarco.com\/","name":"Poudresde Narco","description":"Acheter de la coca\u00efne et de l&#039;h\u00e9ro\u00efne en ligne","potentialAction":[{"@type":"SearchAction","target":{"@type":"EntryPoint","urlTemplate":"https:\/\/poudresdenarco.com\/?s={search_term_string}"},"query-input":{"@type":"PropertyValueSpecification","valueRequired":true,"valueName":"search_term_string"}}],"inLanguage":"sv-SE"}]}},"_links":{"self":[{"href":"https:\/\/poudresdenarco.com\/sv\/wp-json\/wp\/v2\/product\/6226","targetHints":{"allow":["GET"]}}],"collection":[{"href":"https:\/\/poudresdenarco.com\/sv\/wp-json\/wp\/v2\/product"}],"about":[{"href":"https:\/\/poudresdenarco.com\/sv\/wp-json\/wp\/v2\/types\/product"}],"replies":[{"embeddable":true,"href":"https:\/\/poudresdenarco.com\/sv\/wp-json\/wp\/v2\/comments?post=6226"}],"wp:featuredmedia":[{"embeddable":true,"href":"https:\/\/poudresdenarco.com\/sv\/wp-json\/wp\/v2\/media\/6301"}],"wp:attachment":[{"href":"https:\/\/poudresdenarco.com\/sv\/wp-json\/wp\/v2\/media?parent=6226"}],"wp:term":[{"taxonomy":"product_cat","embeddable":true,"href":"https:\/\/poudresdenarco.com\/sv\/wp-json\/wp\/v2\/product_cat?post=6226"},{"taxonomy":"product_tag","embeddable":true,"href":"https:\/\/poudresdenarco.com\/sv\/wp-json\/wp\/v2\/product_tag?post=6226"}],"curies":[{"name":"wp","href":"https:\/\/api.w.org\/{rel}","templated":true}]}}